{"id":38022,"date":"2025-09-08T13:04:17","date_gmt":"2025-09-08T13:04:17","guid":{"rendered":"https:\/\/ledsteplight.com\/import-placeholder-for-37156\/"},"modified":"2026-01-19T02:15:14","modified_gmt":"2026-01-19T02:15:14","slug":"low-voltage-led-landscape-lighting-motion-sensor-ground-light","status":"publish","type":"product","link":"https:\/\/ledsteplight.com\/fi\/low-voltage-led-landscape-lighting-motion-sensor-ground-light\/","title":{"rendered":"Matala j\u00e4nnite LED-maisemavalaisimet | Liikkeentunnistimella varustettu maanalainen valo"},"content":{"rendered":"<table data-start=\"123\" data-end=\"992\">\n<thead data-start=\"123\" data-end=\"182\">\n<tr data-start=\"123\" data-end=\"182\">\n<th data-start=\"123\" data-end=\"144\">M\u00e4\u00e4ritys<\/th>\n<th data-start=\"144\" data-end=\"182\">Yksityiskohdat<\/th>\n<\/tr>\n<\/thead>\n<tbody data-start=\"240\" data-end=\"992\">\n<tr data-start=\"240\" data-end=\"297\">\n<td><strong data-start=\"242\" data-end=\"251\">Teho<\/strong><\/td>\n<td>3W \/ 5W<\/td>\n<\/tr>\n<tr data-start=\"298\" data-end=\"355\">\n<td><strong data-start=\"300\" data-end=\"316\">Valonl\u00e4hde<\/strong><\/td>\n<td><strong><a href=\"https:\/\/ledsteplight.com\/fi\/cree-bridgelux-chip-ip65-led-fixture-for-garden-facade-lighting\/\" class=\"waam-auto-link\" title=\"CREE LED\">CREE LED<\/a><\/strong><\/td>\n<\/tr>\n<tr data-start=\"356\" data-end=\"413\">\n<td><strong data-start=\"358\" data-end=\"375\">Sy\u00f6tt\u00f6j\u00e4nnite<\/strong><\/td>\n<td>AC85-265V \/ DC12V \/ DC24V<\/td>\n<\/tr>\n<tr data-start=\"414\" data-end=\"471\">\n<td><strong data-start=\"416\" data-end=\"437\"><strong><a href=\"https:\/\/ledsteplight.com\/fi\/dm36b-pro-honeycomb-anti-glare-led-in-ground-light-ip67-24v-dc\/\" class=\"waam-auto-link\" title=\"V\u00e4ril\u00e4mp\u00f6tila\">V\u00e4ril\u00e4mp\u00f6tila<\/a><\/strong><\/strong><\/td>\n<td>3000K \/ 4000K \/ 6000K<\/td>\n<\/tr>\n<tr data-start=\"472\" data-end=\"527\">\n<td><strong data-start=\"474\" data-end=\"497\">L\u00e4p\u00e4isyteho<\/strong><\/td>\n<td>90-110LM\/W<\/td>\n<\/tr>\n<tr data-start=\"528\" data-end=\"585\">\n<td><strong data-start=\"530\" data-end=\"544\">S\u00e4teen kulma<\/strong><\/td>\n<td>30\u00b0 \/ 45\u00b0<\/td>\n<\/tr>\n<tr data-start=\"586\" data-end=\"645\">\n<td><strong data-start=\"588\" data-end=\"600\">Materiaali<\/strong><\/td>\n<td>Valukovainen alumiini + karkaistu lasi<\/td>\n<\/tr>\n<tr data-start=\"646\" data-end=\"703\">\n<td><strong data-start=\"648\" data-end=\"661\">IP-luokitus<\/strong><\/td>\n<td>IP67 (Vesitiivis ja p\u00f6lytiivis)<\/td>\n<\/tr>\n<tr data-start=\"704\" data-end=\"761\">\n<td><strong data-start=\"706\" data-end=\"729\">Asennustapa<\/strong><\/td>\n<td>Maahan upotettu \/ upotettu<\/td>\n<\/tr>\n<tr data-start=\"762\" data-end=\"819\">\n<td><strong data-start=\"764\" data-end=\"776\">Kestoik\u00e4<\/strong><\/td>\n<td>40 000 tuntia<\/td>\n<\/tr>\n<tr data-start=\"820\" data-end=\"877\">\n<td><strong data-start=\"822\" data-end=\"830\">Koko<\/strong><\/td>\n<td>Halkaisija 70mm<\/td>\n<\/tr>\n<tr data-start=\"878\" data-end=\"934\">\n<td><strong data-start=\"880\" data-end=\"898\">Sertifikaatit<\/strong><\/td>\n<td>CE, RoHS<\/td>\n<\/tr>\n<tr data-start=\"935\" data-end=\"992\">\n<td><strong data-start=\"937\" data-end=\"949\">Takuu<\/strong><\/td>\n<td>3 vuotta<\/td>\n<\/tr>\n<\/tbody>\n<\/table>\n<p data-path-to-node=\"14\">\n<ul data-path-to-node=\"16\">\n<li>\n<p data-path-to-node=\"16,0,0\"><b>\u00c4lyk\u00e4s liikkeentunnistusteknologia:<\/b> Suunniteltu reagoivaksi <b>maanalainen valaistus<\/b> ratkaisuksi, anturi aktivoi valon vain tarvittaessa. T\u00e4m\u00e4 on t\u00e4ydellinen pimeiden k\u00e4yt\u00e4vien valaisemiseen tai <b><strong><a href=\"https:\/\/ledsteplight.com\/fi\/30w-linear-in-ground-light-narrow-frame-outdoor-led-floor-lamp\/\" class=\"waam-auto-link\" title=\"ajotien maavaloiksi\">ajotien maavaloiksi<\/a><\/strong><\/b> ohjaamaan ajoneuvoasi turvallisesti y\u00f6ll\u00e4.<\/p>\n<\/li>\n<li>\n<p data-path-to-node=\"16,1,0\"><b>IP67-vesi- ja kest\u00e4v\u00e4:<\/b> Rakennettu raskaasta valukovasta alumiinista ja karkaistusta lasista, n\u00e4m\u00e4 <b>ulkok\u00e4yt\u00f6n lattialamput<\/b> ovat t\u00e4ysin tiivistettyj\u00e4 sadetta, lunta ja p\u00f6ly\u00e4 vastaan. Ne t\u00e4ytt\u00e4v\u00e4t korkeat vaatimukset <b>vesitiiviyden <strong><a href=\"https:\/\/ledsteplight.com\/fi\/mistakes-to-avoid-when-installing-in-ground-driveway-lights\/\" class=\"waam-auto-link\" title=\"maisemavalaisimet\">maisemavalaisimet<\/a><\/strong><\/b>, varmistaen pitk\u00e4ik\u00e4isyyden jopa ankarissa olosuhteissa.<\/p>\n<\/li>\n<li>\n<p data-path-to-node=\"16,2,0\"><b>Monipuoliset j\u00e4nnitevaihtoehdot:<\/b> Olitpa p\u00e4ivitt\u00e4m\u00e4ss\u00e4 olemassa olevaa j\u00e4rjestelm\u00e4\u00e4 tai aloittamassa uutta, tarjoamme sy\u00f6tteet AC85-265V tai <b>matalan j\u00e4nnitteen <strong><a href=\"https:\/\/ledsteplight.com\/fi\/the-ultimate-guide-to-led-landscape-lighting-design-installation-and-costs\/\" class=\"waam-auto-link\" title=\"LED-maisemavalaistuksella\">LED-maisemavalaistuksella<\/a><\/strong><\/b> (DC12V\/24V). T\u00e4m\u00e4 joustavuus tekee niist\u00e4 turvallisemman vaihtoehdon korkeaj\u00e4nnitej\u00e4rjestelmille ja luotettavamman kuin perus <b>aurinkokent\u00e4n valot<\/b>.<\/p>\n<\/li>\n<li>\n<p data-path-to-node=\"16,3,0\"><b>Premium CREE LED:<\/b> Varustettu 3W\/5W CREE -valonl\u00e4hteell\u00e4, joka tarjoaa 90-110LM\/W tehokkuuden. Valitse 3000K, 4000K tai 6000K sopimaan <b>nykyaikainen <strong><a href=\"https:\/\/ledsteplight.com\/fi\/low-voltage-landscape-lighting-effective-outdoor-solutions\/\" class=\"waam-auto-link\" title=\"maisemavalaisimet\">maisemavalaisimet<\/a><\/strong><\/b> suunnittelua.<\/p>\n<\/li>\n<\/ul>\n<p data-path-to-node=\"18\">N\u00e4m\u00e4 <b>valot maassa<\/b> ovat monipuolisia eri sovelluksiin:<\/p>\n<ul data-path-to-node=\"19\">\n<li>\n<p data-path-to-node=\"19,0,0\"><b>Polun turvallisuus:<\/b> Asenna kuten <b>polkuvalaistus<\/b> puutarhureiteen.<\/p>\n<\/li>\n<li>\n<p data-path-to-node=\"19,1,0\"><b>Terassi ja askel:<\/b> K\u00e4yt\u00e4 upotettuina <b>askelmaavalaisimina<\/b> est\u00e4m\u00e4\u00e4n kompastumisvaara.<\/p>\n<\/li>\n<li>\n<p data-path-to-node=\"19,2,0\"><b>Ajotiet:<\/b> Kest\u00e4v\u00e4 rakenne mahdollistaa niiden toimimisen <b>maapohjaisissa ajotievaloissasi<\/b>.<\/p>\n<\/li>\n<li>\n<p data-path-to-node=\"19,3,0\"><b><strong><a href=\"https:\/\/ledsteplight.com\/fi\/decoration\/\" class=\"waam-auto-link\" title=\"Korostusvalaistus\">Korostusvalaistus<\/a><\/strong>:<\/b> T\u00e4ydellinen kuten <b>maisemavalaisimiin<\/b> korostamaan arkkitehtonisia seini\u00e4 tai puita.<\/p>\n<\/li>\n<\/ul>","protected":false},"excerpt":{"rendered":"<p>Osta IP67-vesitiivis liiketunnistimella varustetut maavalaisimet. Korkealaatuiset 3W\/5W CREE LED ulkoilmak\u00e4yt\u00f6n lattialamput askelmille, ajoteille ja maisemareittien valaistukseen. Saatavilla 12V\/24V-vaihtoehtoja.<\/p>","protected":false},"featured_media":37243,"comment_status":"open","ping_status":"closed","template":"","meta":[],"product_brand":[],"product_cat":[100,426,427,428,439,429,440,430,441,431,442,443,432,433,444,464,445,446,101,434,435,436,437],"product_tag":[103,76,111,77,110,109,104],"class_list":{"0":"post-38022","1":"product","2":"type-product","3":"status-publish","4":"has-post-thumbnail","6":"product_cat-aluminum-ground-light","7":"product_cat-ceiling-recessed","8":"product_cat-ceiling-surface","9":"product_cat-ceiling-suspended","10":"product_cat-commercial","11":"product_cat-drivers","12":"product_cat-education","13":"product_cat-freestanding-light","14":"product_cat-hospitality","15":"product_cat-industrial","16":"product_cat-infrastructure","17":"product_cat-landscape","18":"product_cat-landscaping","19":"product_cat-linear","20":"product_cat-office","21":"product_cat-c-outdoor-lighting","22":"product_cat-residential","23":"product_cat-retail","24":"product_cat-sensor-ground-light","25":"product_cat-table-lamp","26":"product_cat-track","27":"product_cat-wall-recessed","28":"product_cat-wall-surface","29":"product_tag-aluminum-ground-light","30":"product_tag-aluminum-housing","31":"product_tag-garden-lighting","32":"product_tag-ground-light","33":"product_tag-landscape-light","34":"product_tag-led-fixture","35":"product_tag-sensor-ground-light","37":"first","38":"instock","39":"shipping-taxable","40":"product-type-simple"},"_links":{"self":[{"href":"https:\/\/ledsteplight.com\/fi\/wp-json\/wp\/v2\/product\/38022","targetHints":{"allow":["GET"]}}],"collection":[{"href":"https:\/\/ledsteplight.com\/fi\/wp-json\/wp\/v2\/product"}],"about":[{"href":"https:\/\/ledsteplight.com\/fi\/wp-json\/wp\/v2\/types\/product"}],"replies":[{"embeddable":true,"href":"https:\/\/ledsteplight.com\/fi\/wp-json\/wp\/v2\/comments?post=38022"}],"version-history":[{"count":3,"href":"https:\/\/ledsteplight.com\/fi\/wp-json\/wp\/v2\/product\/38022\/revisions"}],"predecessor-version":[{"id":38640,"href":"https:\/\/ledsteplight.com\/fi\/wp-json\/wp\/v2\/product\/38022\/revisions\/38640"}],"wp:featuredmedia":[{"embeddable":true,"href":"https:\/\/ledsteplight.com\/fi\/wp-json\/wp\/v2\/media\/37243"}],"wp:attachment":[{"href":"https:\/\/ledsteplight.com\/fi\/wp-json\/wp\/v2\/media?parent=38022"}],"wp:term":[{"taxonomy":"product_brand","embeddable":true,"href":"https:\/\/ledsteplight.com\/fi\/wp-json\/wp\/v2\/product_brand?post=38022"},{"taxonomy":"product_cat","embeddable":true,"href":"https:\/\/ledsteplight.com\/fi\/wp-json\/wp\/v2\/product_cat?post=38022"},{"taxonomy":"product_tag","embeddable":true,"href":"https:\/\/ledsteplight.com\/fi\/wp-json\/wp\/v2\/product_tag?post=38022"}],"curies":[{"name":"wp","href":"https:\/\/api.w.org\/{rel}","templated":true}]}}