{"id":38024,"date":"2025-09-08T13:04:17","date_gmt":"2025-09-08T13:04:17","guid":{"rendered":"https:\/\/ledsteplight.com\/import-placeholder-for-37170\/"},"modified":"2026-01-19T02:15:13","modified_gmt":"2026-01-19T02:15:13","slug":"mg-mz198-surface-mounted-outdoor-led-ground-light-ip54-waterproof","status":"publish","type":"product","link":"https:\/\/ledsteplight.com\/fi\/mg-mz198-surface-mounted-outdoor-led-ground-light-ip54-waterproof\/","title":{"rendered":"MG-MZ198 Pintaan asennettava ulkona LED-maahanvalo | IP54-vesitiivis"},"content":{"rendered":"<table data-start=\"119\" data-end=\"1387\">\n<thead data-start=\"119\" data-end=\"194\">\n<tr data-start=\"119\" data-end=\"194\">\n<th data-start=\"119\" data-end=\"144\">M\u00e4\u00e4ritys<\/th>\n<th data-start=\"144\" data-end=\"194\">Yksityiskohdat<\/th>\n<\/tr>\n<\/thead>\n<tbody data-start=\"270\" data-end=\"1387\">\n<tr data-start=\"270\" data-end=\"344\">\n<td><strong data-start=\"272\" data-end=\"289\">Tuotemalli<\/strong><\/td>\n<td>MG-MZ198<\/td>\n<\/tr>\n<tr data-start=\"345\" data-end=\"419\">\n<td><strong data-start=\"347\" data-end=\"363\">Tuotteen koko<\/strong><\/td>\n<td>L198 \u00d7 W88 \u00d7 H32mm<\/td>\n<\/tr>\n<tr data-start=\"420\" data-end=\"494\">\n<td><strong data-start=\"422\" data-end=\"434\">Leikkauskoko<\/strong><\/td>\n<td>Pintaan asennettava<\/td>\n<\/tr>\n<tr data-start=\"495\" data-end=\"569\">\n<td><strong data-start=\"497\" data-end=\"513\">Valonl\u00e4hde<\/strong><\/td>\n<td>COB LED<\/td>\n<\/tr>\n<tr data-start=\"570\" data-end=\"644\">\n<td><strong data-start=\"572\" data-end=\"593\"><strong><a href=\"https:\/\/ledsteplight.com\/fi\/dm36b-pro-honeycomb-anti-glare-led-in-ground-light-ip67-24v-dc\/\" class=\"waam-auto-link\" title=\"S\u00e4hk\u00f6nkulutus\">S\u00e4hk\u00f6nkulutus<\/a><\/strong><\/strong><\/td>\n<td>5W (300mA)<\/td>\n<\/tr>\n<tr data-start=\"645\" data-end=\"718\">\n<td><strong data-start=\"647\" data-end=\"657\">Paino<\/strong><\/td>\n<td>0,65kg<\/td>\n<\/tr>\n<tr data-start=\"719\" data-end=\"793\">\n<td><strong data-start=\"721\" data-end=\"741\">Vaihtovirran sy\u00f6tt\u00f6j\u00e4nnite<\/strong><\/td>\n<td>100-240V, 50~60Hz<\/td>\n<\/tr>\n<tr data-start=\"794\" data-end=\"867\">\n<td><strong data-start=\"796\" data-end=\"806\">Ohjain<\/strong><\/td>\n<td>CAIJIE<\/td>\n<\/tr>\n<tr data-start=\"868\" data-end=\"941\">\n<td><strong data-start=\"870\" data-end=\"889\">Heijastimen kulma<\/strong><\/td>\n<td>Ei saatavilla<\/td>\n<\/tr>\n<tr data-start=\"942\" data-end=\"1016\">\n<td><strong data-start=\"944\" data-end=\"965\">V\u00e4ril\u00e4mp\u00f6tila<\/strong><\/td>\n<td>3000K, 4000K, 5700K<\/td>\n<\/tr>\n<tr data-start=\"1017\" data-end=\"1090\">\n<td><strong data-start=\"1019\" data-end=\"1038\">Yhteystyyppi<\/strong><\/td>\n<td>Ei saatavilla<\/td>\n<\/tr>\n<tr data-start=\"1091\" data-end=\"1163\">\n<td><strong data-start=\"1093\" data-end=\"1105\">Materiaali<\/strong><\/td>\n<td>Alumiini<\/td>\n<\/tr>\n<tr data-start=\"1164\" data-end=\"1238\">\n<td><strong data-start=\"1166\" data-end=\"1186\">Saatavilla v\u00e4rej\u00e4<\/strong><\/td>\n<td>Valkoinen, Musta, Vaaleanharmaa<\/td>\n<\/tr>\n<tr data-start=\"1239\" data-end=\"1313\">\n<td><strong data-start=\"1241\" data-end=\"1254\">IP-luokitus<\/strong><\/td>\n<td>IP54 (Vesitiivis ja p\u00f6lytiivis)<\/td>\n<\/tr>\n<tr data-start=\"1314\" data-end=\"1387\">\n<td><strong data-start=\"1316\" data-end=\"1339\">Asennustapa<\/strong><\/td>\n<td>Pintaan asennettava<\/td>\n<\/tr>\n<\/tbody>\n<\/table>\n<p><strong data-start=\"341\" data-end=\"353\">MG-MZ198<\/strong> on <strong data-start=\"359\" data-end=\"414\">ulkok\u00e4ytt\u00f6\u00f6n tarkoitettu pintaan asennettava vedenkest\u00e4v\u00e4 LED <strong><a href=\"https:\/\/ledsteplight.com\/fi\/cree-bridgelux-chip-ip65-led-fixture-for-garden-facade-lighting\/\" class=\"waam-auto-link\" title=\"maavalaisin\">maavalaisin<\/a><\/strong><\/strong> suunniteltu polkujen, puutarhojen, julkisivujen, pihojen ja arkkitehtuurin tarpeisiin <strong><a href=\"https:\/\/ledsteplight.com\/fi\/mistakes-to-avoid-when-installing-in-ground-driveway-lights\/\" class=\"waam-auto-link\" title=\"maisemavalaisimet\">maisemavalaisimet<\/a><\/strong>. With a <strong data-start=\"513\" data-end=\"527\"><strong><a href=\"https:\/\/ledsteplight.com\/fi\/5w-led-in-ground-lights-ip65-waterproof-outdoor-driveway-garden-floor-lighting\/\" class=\"waam-auto-link\" title=\"5W COB LED\">5W COB LED<\/a><\/strong><\/strong>, kest\u00e4v\u00e4 alumiinikuori, ja <strong data-start=\"559\" data-end=\"578\">IP54-suojaus<\/strong>, se tarjoaa vakaan <strong><a href=\"https:\/\/ledsteplight.com\/fi\/pir-sensor-step-light-top-advantages-for-safety\/\" class=\"waam-auto-link\" title=\"valaistuksen luomiseksi\">valaistuksen luomiseksi<\/a><\/strong> ulkoilmaymp\u00e4rist\u00f6ihin s\u00e4ilytt\u00e4en samalla kapean, modernin muodon.<\/p>","protected":false},"excerpt":{"rendered":"<p data-start=\"3726\" data-end=\"4038\">MG-MZ198 on pinta-asennettava ulkoilman LED-maahanvalo, jossa on 5W COB LED, IP54-suojaus ja kest\u00e4v\u00e4 alumiinikotelo\u2014t\u00e4ydellinen polkujen, puutarhojen ja maisemavalaisimien k\u00e4ytt\u00f6\u00f6n.<\/p>","protected":false},"featured_media":37247,"comment_status":"open","ping_status":"closed","template":"","meta":[],"product_brand":[],"product_cat":[100,426,427,428,439,429,440,430,73,441,431,442,443,432,433,444,112,464,445,446,130,434,435,436,437],"product_tag":[103,76,77,113,78,131,83],"class_list":{"0":"post-38024","1":"product","2":"type-product","3":"status-publish","4":"has-post-thumbnail","6":"product_cat-aluminum-ground-light","7":"product_cat-ceiling-recessed","8":"product_cat-ceiling-surface","9":"product_cat-ceiling-suspended","10":"product_cat-commercial","11":"product_cat-drivers","12":"product_cat-education","13":"product_cat-freestanding-light","14":"product_cat-ground-light","15":"product_cat-hospitality","16":"product_cat-industrial","17":"product_cat-infrastructure","18":"product_cat-landscape","19":"product_cat-landscaping","20":"product_cat-linear","21":"product_cat-office","22":"product_cat-outdoor-ground-light","23":"product_cat-c-outdoor-lighting","24":"product_cat-residential","25":"product_cat-retail","26":"product_cat-surface-mount-ground-light","27":"product_cat-table-lamp","28":"product_cat-track","29":"product_cat-wall-recessed","30":"product_cat-wall-surface","31":"product_tag-aluminum-ground-light","32":"product_tag-aluminum-housing","33":"product_tag-ground-light","34":"product_tag-outdoor-ground-light","35":"product_tag-outdoor-lighting","36":"product_tag-surface-mount-ground-light","37":"product_tag-waterproof-fixture","39":"first","40":"instock","41":"shipping-taxable","42":"product-type-simple"},"_links":{"self":[{"href":"https:\/\/ledsteplight.com\/fi\/wp-json\/wp\/v2\/product\/38024","targetHints":{"allow":["GET"]}}],"collection":[{"href":"https:\/\/ledsteplight.com\/fi\/wp-json\/wp\/v2\/product"}],"about":[{"href":"https:\/\/ledsteplight.com\/fi\/wp-json\/wp\/v2\/types\/product"}],"replies":[{"embeddable":true,"href":"https:\/\/ledsteplight.com\/fi\/wp-json\/wp\/v2\/comments?post=38024"}],"version-history":[{"count":3,"href":"https:\/\/ledsteplight.com\/fi\/wp-json\/wp\/v2\/product\/38024\/revisions"}],"predecessor-version":[{"id":38626,"href":"https:\/\/ledsteplight.com\/fi\/wp-json\/wp\/v2\/product\/38024\/revisions\/38626"}],"wp:featuredmedia":[{"embeddable":true,"href":"https:\/\/ledsteplight.com\/fi\/wp-json\/wp\/v2\/media\/37247"}],"wp:attachment":[{"href":"https:\/\/ledsteplight.com\/fi\/wp-json\/wp\/v2\/media?parent=38024"}],"wp:term":[{"taxonomy":"product_brand","embeddable":true,"href":"https:\/\/ledsteplight.com\/fi\/wp-json\/wp\/v2\/product_brand?post=38024"},{"taxonomy":"product_cat","embeddable":true,"href":"https:\/\/ledsteplight.com\/fi\/wp-json\/wp\/v2\/product_cat?post=38024"},{"taxonomy":"product_tag","embeddable":true,"href":"https:\/\/ledsteplight.com\/fi\/wp-json\/wp\/v2\/product_tag?post=38024"}],"curies":[{"name":"wp","href":"https:\/\/api.w.org\/{rel}","templated":true}]}}