{"id":38025,"date":"2025-09-08T13:04:17","date_gmt":"2025-09-08T13:04:17","guid":{"rendered":"https:\/\/ledsteplight.com\/import-placeholder-for-37171\/"},"modified":"2026-01-19T02:15:13","modified_gmt":"2026-01-19T02:15:13","slug":"mg-sn028b-aluminum-86-type-step-light-1w-led-recessed-indoor-stair-light","status":"publish","type":"product","link":"https:\/\/ledsteplight.com\/fi\/mg-sn028b-aluminum-86-type-step-light-1w-led-recessed-indoor-stair-light\/","title":{"rendered":"MG-SN028B Alumiini 86 -tyypin askelvalo \u2013 1W LED upotettava sis\u00e4k\u00e4yt\u00f6n portaiden valo"},"content":{"rendered":"<table data-start=\"120\" data-end=\"1225\">\n<thead data-start=\"120\" data-end=\"183\">\n<tr data-start=\"120\" data-end=\"183\">\n<th data-start=\"120\" data-end=\"145\">M\u00e4\u00e4ritys<\/th>\n<th data-start=\"145\" data-end=\"183\">Yksityiskohdat<\/th>\n<\/tr>\n<\/thead>\n<tbody data-start=\"245\" data-end=\"1225\">\n<tr data-start=\"245\" data-end=\"305\">\n<td><strong data-start=\"247\" data-end=\"264\">Tuotemalli<\/strong><\/td>\n<td>MG-SN028B<\/td>\n<\/tr>\n<tr data-start=\"306\" data-end=\"366\">\n<td><strong data-start=\"308\" data-end=\"324\">Tuotteen koko<\/strong><\/td>\n<td>L86 \u00d7 W86 \u00d7 K30mm<\/td>\n<\/tr>\n<tr data-start=\"367\" data-end=\"431\">\n<td><strong data-start=\"369\" data-end=\"381\">Leikkauskoko<\/strong><\/td>\n<td>Yleinen Standardi 86 Upotusrasia<\/td>\n<\/tr>\n<tr data-start=\"432\" data-end=\"492\">\n<td><strong data-start=\"434\" data-end=\"454\">Toiminton\u00e4pp\u00e4in<\/strong><\/td>\n<td>Kytkimen hallinta<\/td>\n<\/tr>\n<tr data-start=\"493\" data-end=\"553\">\n<td><strong data-start=\"495\" data-end=\"511\">Valonl\u00e4hde<\/strong><\/td>\n<td>Epistar 3014 LED<\/td>\n<\/tr>\n<tr data-start=\"554\" data-end=\"614\">\n<td><strong data-start=\"556\" data-end=\"577\"><strong><a href=\"https:\/\/ledsteplight.com\/fi\/dm36b-pro-honeycomb-anti-glare-led-in-ground-light-ip67-24v-dc\/\" class=\"waam-auto-link\" title=\"S\u00e4hk\u00f6nkulutus\">S\u00e4hk\u00f6nkulutus<\/a><\/strong><\/strong><\/td>\n<td>1W (300mA)<\/td>\n<\/tr>\n<tr data-start=\"615\" data-end=\"675\">\n<td><strong data-start=\"617\" data-end=\"627\">Paino<\/strong><\/td>\n<td>0.40kg<\/td>\n<\/tr>\n<tr data-start=\"676\" data-end=\"736\">\n<td><strong data-start=\"678\" data-end=\"698\">Vaihtovirran sy\u00f6tt\u00f6j\u00e4nnite<\/strong><\/td>\n<td>100-240V, 50~60Hz<\/td>\n<\/tr>\n<tr data-start=\"737\" data-end=\"797\">\n<td><strong data-start=\"739\" data-end=\"749\">Ohjain<\/strong><\/td>\n<td>CAIJIE<\/td>\n<\/tr>\n<tr data-start=\"798\" data-end=\"859\">\n<td><strong data-start=\"800\" data-end=\"819\">Heijastimen kulma<\/strong><\/td>\n<td>Ei saatavilla<\/td>\n<\/tr>\n<tr data-start=\"860\" data-end=\"920\">\n<td><strong data-start=\"862\" data-end=\"883\">V\u00e4ril\u00e4mp\u00f6tila<\/strong><\/td>\n<td>3000K, 4000K, 5700K<\/td>\n<\/tr>\n<tr data-start=\"921\" data-end=\"982\">\n<td><strong data-start=\"923\" data-end=\"942\">Yhteystyyppi<\/strong><\/td>\n<td>Ei saatavilla<\/td>\n<\/tr>\n<tr data-start=\"983\" data-end=\"1043\">\n<td><strong data-start=\"985\" data-end=\"997\">Materiaali<\/strong><\/td>\n<td>Alumiini<\/td>\n<\/tr>\n<tr data-start=\"1044\" data-end=\"1104\">\n<td><strong data-start=\"1046\" data-end=\"1066\">Saatavilla v\u00e4rej\u00e4<\/strong><\/td>\n<td>Valkoinen, Musta, Hopea<\/td>\n<\/tr>\n<tr data-start=\"1105\" data-end=\"1164\">\n<td><strong data-start=\"1107\" data-end=\"1120\">IP-luokitus<\/strong><\/td>\n<td>IP20 (Sis\u00e4k\u00e4ytt\u00f6\u00f6n)<\/td>\n<\/tr>\n<tr data-start=\"1165\" data-end=\"1225\">\n<td><strong data-start=\"1167\" data-end=\"1190\">Asennustapa<\/strong><\/td>\n<td>Upotettu asennus<\/td>\n<\/tr>\n<\/tbody>\n<\/table>\n<p data-start=\"547\" data-end=\"868\"><strong data-start=\"551\" data-end=\"592\">MG-SN028B Alumiininen 86 Tyypin Porrasvalo<\/strong> on suunniteltu tyylikk\u00e4\u00e4seen ja tehokkaaseen sis\u00e4valaistukseen. Valmistettu kest\u00e4v\u00e4st\u00e4 alumiinikehikosta ja yhteensopiva yleisen 86 upotetun sein\u00e4laatikon kanssa, t\u00e4m\u00e4 <strong><a href=\"https:\/\/ledsteplight.com\/fi\/pir-sensor-step-light-top-advantages-for-safety\/\" class=\"waam-auto-link\" title=\"upotettava askelvalo\">upotettava askelvalo<\/a><\/strong> tarjoaa pehme\u00e4\u00e4, miellytt\u00e4v\u00e4\u00e4 valaistusta portaikkoihin, k\u00e4yt\u00e4viin ja asuin- tai liiketiloihin.<\/p>\n<p data-start=\"870\" data-end=\"1213\">Varustettu luotettavalla <strong data-start=\"895\" data-end=\"915\">Epistar 3014 LED<\/strong>, t\u00e4m\u00e4 valaisin kuluttaa vain <strong data-start=\"944\" data-end=\"950\">1W<\/strong>, tarjoten energiatehokkuutta s\u00e4ilytt\u00e4en samalla vakaan ja pitk\u00e4ik\u00e4isen valotehon. Saatavana v\u00e4reiss\u00e4 <strong data-start=\"1052\" data-end=\"1080\">Valkoinen, Musta ja Hopea<\/strong>, minimalistinen muotoilu sulautuu saumattomasti moderneihin sis\u00e4tiloihin. Sen <strong data-start=\"1153\" data-end=\"1168\">IP20-luokitus<\/strong>tekee siit\u00e4 sopivan kaikkiin sis\u00e4tilojen sovelluksiin.<\/p>","protected":false},"excerpt":{"rendered":"<p data-start=\"3018\" data-end=\"3294\">Kest\u00e4v\u00e4 alumiininen 86-tyypin askelvalo energiatehokkaalla LEDill\u00e4. Ihanteellinen sis\u00e4- ja ulkotasanteille, k\u00e4yt\u00e4ville ja poluille. Helppo asentaa ja moderni muotoilu.<\/p>","protected":false},"featured_media":37038,"comment_status":"closed","ping_status":"closed","template":"","meta":[],"product_brand":[],"product_cat":[100,426,427,428,439,429,440,430,441,431,442,443,432,433,444,464,445,446,434,435,436,437],"product_tag":[103,76,111,110,109,115],"class_list":{"0":"post-38025","1":"product","2":"type-product","3":"status-publish","4":"has-post-thumbnail","6":"product_cat-aluminum-ground-light","7":"product_cat-ceiling-recessed","8":"product_cat-ceiling-surface","9":"product_cat-ceiling-suspended","10":"product_cat-commercial","11":"product_cat-drivers","12":"product_cat-education","13":"product_cat-freestanding-light","14":"product_cat-hospitality","15":"product_cat-industrial","16":"product_cat-infrastructure","17":"product_cat-landscape","18":"product_cat-landscaping","19":"product_cat-linear","20":"product_cat-office","21":"product_cat-c-outdoor-lighting","22":"product_cat-residential","23":"product_cat-retail","24":"product_cat-table-lamp","25":"product_cat-track","26":"product_cat-wall-recessed","27":"product_cat-wall-surface","28":"product_tag-aluminum-ground-light","29":"product_tag-aluminum-housing","30":"product_tag-garden-lighting","31":"product_tag-landscape-light","32":"product_tag-led-fixture","33":"product_tag-recessed-light","35":"first","36":"instock","37":"shipping-taxable","38":"product-type-simple"},"_links":{"self":[{"href":"https:\/\/ledsteplight.com\/fi\/wp-json\/wp\/v2\/product\/38025","targetHints":{"allow":["GET"]}}],"collection":[{"href":"https:\/\/ledsteplight.com\/fi\/wp-json\/wp\/v2\/product"}],"about":[{"href":"https:\/\/ledsteplight.com\/fi\/wp-json\/wp\/v2\/types\/product"}],"replies":[{"embeddable":true,"href":"https:\/\/ledsteplight.com\/fi\/wp-json\/wp\/v2\/comments?post=38025"}],"version-history":[{"count":3,"href":"https:\/\/ledsteplight.com\/fi\/wp-json\/wp\/v2\/product\/38025\/revisions"}],"predecessor-version":[{"id":38627,"href":"https:\/\/ledsteplight.com\/fi\/wp-json\/wp\/v2\/product\/38025\/revisions\/38627"}],"wp:featuredmedia":[{"embeddable":true,"href":"https:\/\/ledsteplight.com\/fi\/wp-json\/wp\/v2\/media\/37038"}],"wp:attachment":[{"href":"https:\/\/ledsteplight.com\/fi\/wp-json\/wp\/v2\/media?parent=38025"}],"wp:term":[{"taxonomy":"product_brand","embeddable":true,"href":"https:\/\/ledsteplight.com\/fi\/wp-json\/wp\/v2\/product_brand?post=38025"},{"taxonomy":"product_cat","embeddable":true,"href":"https:\/\/ledsteplight.com\/fi\/wp-json\/wp\/v2\/product_cat?post=38025"},{"taxonomy":"product_tag","embeddable":true,"href":"https:\/\/ledsteplight.com\/fi\/wp-json\/wp\/v2\/product_tag?post=38025"}],"curies":[{"name":"wp","href":"https:\/\/api.w.org\/{rel}","templated":true}]}}