{"id":38026,"date":"2025-09-08T13:04:17","date_gmt":"2025-09-08T13:04:17","guid":{"rendered":"https:\/\/ledsteplight.com\/import-placeholder-for-37172\/"},"modified":"2026-01-19T02:15:12","modified_gmt":"2026-01-19T02:15:12","slug":"ip65-motion-activated-ground-light-ac85-265v-recessed","status":"publish","type":"product","link":"https:\/\/ledsteplight.com\/fi\/ip65-motion-activated-ground-light-ac85-265v-recessed\/","title":{"rendered":"IP65 Liikkeest\u00e4 aktivoitu maavalaisin | AC85-265V upotettava"},"content":{"rendered":"<table data-start=\"45\" data-end=\"980\">\n<thead data-start=\"45\" data-end=\"116\">\n<tr data-start=\"45\" data-end=\"116\">\n<th data-start=\"45\" data-end=\"70\"><strong data-start=\"47\" data-end=\"60\">Parametri<\/strong><\/th>\n<th data-start=\"70\" data-end=\"116\"><strong data-start=\"72\" data-end=\"83\">Yksityiskohdat<\/strong><\/th>\n<\/tr>\n<\/thead>\n<tbody data-start=\"189\" data-end=\"980\">\n<tr data-start=\"189\" data-end=\"260\">\n<td><strong data-start=\"191\" data-end=\"200\">Teho<\/strong><\/td>\n<td>45W<\/td>\n<\/tr>\n<tr data-start=\"261\" data-end=\"332\">\n<td><strong data-start=\"263\" data-end=\"279\">Valonl\u00e4hde<\/strong><\/td>\n<td>LED<\/td>\n<\/tr>\n<tr data-start=\"333\" data-end=\"404\">\n<td><strong data-start=\"335\" data-end=\"352\">Sy\u00f6tt\u00f6j\u00e4nnite<\/strong><\/td>\n<td>AC85-265V<\/td>\n<\/tr>\n<tr data-start=\"405\" data-end=\"476\">\n<td><strong data-start=\"407\" data-end=\"428\"><strong><a href=\"https:\/\/ledsteplight.com\/fi\/dm36b-pro-honeycomb-anti-glare-led-in-ground-light-ip67-24v-dc\/\" class=\"waam-auto-link\" title=\"V\u00e4ril\u00e4mp\u00f6tila\">V\u00e4ril\u00e4mp\u00f6tila<\/a><\/strong><\/strong><\/td>\n<td>3000K (L\u00e4mmin valkoinen) \/ 6000K (Viile\u00e4 valkoinen)<\/td>\n<\/tr>\n<tr data-start=\"477\" data-end=\"548\">\n<td><strong data-start=\"479\" data-end=\"496\">Luminanssi<\/strong><\/td>\n<td>100-120LM\/W<\/td>\n<\/tr>\n<tr data-start=\"549\" data-end=\"620\">\n<td><strong data-start=\"551\" data-end=\"565\">S\u00e4teen kulma<\/strong><\/td>\n<td>120\u00b0<\/td>\n<\/tr>\n<tr data-start=\"621\" data-end=\"692\">\n<td><strong data-start=\"623\" data-end=\"635\">Materiaali<\/strong><\/td>\n<td>Valualumiini<\/td>\n<\/tr>\n<tr data-start=\"693\" data-end=\"764\">\n<td><strong data-start=\"695\" data-end=\"708\">IP-luokitus<\/strong><\/td>\n<td>IP65 (Vesitiivis ja p\u00f6lytiivis)<\/td>\n<\/tr>\n<tr data-start=\"765\" data-end=\"836\">\n<td><strong data-start=\"767\" data-end=\"779\">Kestoik\u00e4<\/strong><\/td>\n<td>40 000 tuntia<\/td>\n<\/tr>\n<tr data-start=\"837\" data-end=\"908\">\n<td><strong data-start=\"839\" data-end=\"862\">Asennustapa<\/strong><\/td>\n<td>Upotettu kiinnitys<\/td>\n<\/tr>\n<tr data-start=\"909\" data-end=\"980\">\n<td><strong data-start=\"911\" data-end=\"923\">Takuu<\/strong><\/td>\n<td>3 vuotta<\/td>\n<\/tr>\n<\/tbody>\n<\/table>\n<p data-path-to-node=\"10\"><b>Tuotteen yleiskatsaus<\/b> Paranna kiinteist\u00f6si turvallisuutta ja ulkon\u00e4k\u00f6\u00e4 t\u00e4ll\u00e4 <b>GYD013-45A Villa Py\u00f6re\u00e4 <strong><a href=\"https:\/\/ledsteplight.com\/fi\/pir-sensor-step-light-top-advantages-for-safety\/\" class=\"waam-auto-link\" title=\"Liikeanturi\">Liikeanturi<\/a><\/strong> LED-maadoitusvalo<\/b>. T\u00e4m\u00e4 tehokas <b>45W maavalaisin<\/b> yhdist\u00e4\u00e4 korkean valotehon \u00e4lykk\u00e4\u00e4seen tunnistustekniikkaan, mik\u00e4 tekee siit\u00e4 t\u00e4ydellisen ratkaisun <b><strong><a href=\"https:\/\/ledsteplight.com\/fi\/30w-linear-in-ground-light-narrow-frame-outdoor-led-floor-lamp\/\" class=\"waam-auto-link\" title=\"ajotien maavaloiksi\">ajotien maavaloiksi<\/a><\/strong><\/b> ja korkealuokkaisten huviloiden sis\u00e4\u00e4nk\u00e4ynteihin.<\/p>\n<p data-path-to-node=\"11\"><b>\u00c4lyk\u00e4s liiketunnistus ja suuri teho<\/b> Toisin kuin tavalliset valaisimet, t\u00e4ss\u00e4 <b><strong><a href=\"https:\/\/ledsteplight.com\/fi\/5w-led-in-ground-lights-ip65-waterproof-outdoor-driveway-garden-floor-lighting\/\" class=\"waam-auto-link\" title=\"ulkotason maavalaisuun\">ulkotason maavalaisuun<\/a><\/strong><\/b> on sis\u00e4\u00e4nrakennettu liiketunnistin. Se syttyy automaattisesti, kun liikett\u00e4 havaitaan, mik\u00e4 tarjoaa mukavuutta pys\u00e4k\u00f6intiin ja parantaa kotisi turvallisuutta. Tehokkaan <b>100-120LM\/W<\/b> 45W LEDin ansiosta valo tuottaa kirkkaan 120\u00b0 valokeilan, joka on paljon parempi kuin tyypilliset <b>polkuvalaistus<\/b>.<\/p>\n<p data-path-to-node=\"12\"><b>Kest\u00e4v\u00e4 ja vedenpit\u00e4v\u00e4 rakenne<\/b> Suunniteltu ankariin ymp\u00e4rist\u00f6ihin, <b>valumuovialumiini<\/b> kotelo takaa erinomaisen l\u00e4mm\u00f6npoiston. Luokiteltu <b>IP65 vedenpit\u00e4v\u00e4<\/b>, n\u00e4m\u00e4 <b>maavalot<\/b> ovat t\u00e4ysin suojattuja sade- ja p\u00f6lylt\u00e4. The <b>uppoasennus<\/b> suunnittelu mahdollistaa saumattoman asennuksen betoniin tai kiviin.<\/p>","protected":false},"excerpt":{"rendered":"<p data-start=\"4243\" data-end=\"4628\">Tukkumyynti 45W LED-maanalainen valo liiketunnistimella. AC85-265V, IP65 alumiinikuori. Kest\u00e4vi\u00e4 ulkok\u00e4ytt\u00f6\u00f6n tarkoitettuja lattialamppuja maisema- ja pys\u00e4k\u00f6intialueille.<\/p>","protected":false},"featured_media":37248,"comment_status":"closed","ping_status":"closed","template":"","meta":[],"product_brand":[],"product_cat":[105,100,426,427,428,439,429,440,430,441,431,442,443,432,433,444,112,464,445,446,106,101,434,435,436,437],"product_tag":[107,103,76,77,113,78,108,104],"class_list":{"0":"post-38026","1":"product","2":"type-product","3":"status-publish","4":"has-post-thumbnail","6":"product_cat-015-series","7":"product_cat-aluminum-ground-light","8":"product_cat-ceiling-recessed","9":"product_cat-ceiling-surface","10":"product_cat-ceiling-suspended","11":"product_cat-commercial","12":"product_cat-drivers","13":"product_cat-education","14":"product_cat-freestanding-light","15":"product_cat-hospitality","16":"product_cat-industrial","17":"product_cat-infrastructure","18":"product_cat-landscape","19":"product_cat-landscaping","20":"product_cat-linear","21":"product_cat-office","22":"product_cat-outdoor-ground-light","23":"product_cat-c-outdoor-lighting","24":"product_cat-residential","25":"product_cat-retail","26":"product_cat-round-ground-light","27":"product_cat-sensor-ground-light","28":"product_cat-table-lamp","29":"product_cat-track","30":"product_cat-wall-recessed","31":"product_cat-wall-surface","32":"product_tag-015-series","33":"product_tag-aluminum-ground-light","34":"product_tag-aluminum-housing","35":"product_tag-ground-light","36":"product_tag-outdoor-ground-light","37":"product_tag-outdoor-lighting","38":"product_tag-round-ground-light","39":"product_tag-sensor-ground-light","41":"first","42":"instock","43":"featured","44":"shipping-taxable","45":"product-type-simple"},"_links":{"self":[{"href":"https:\/\/ledsteplight.com\/fi\/wp-json\/wp\/v2\/product\/38026","targetHints":{"allow":["GET"]}}],"collection":[{"href":"https:\/\/ledsteplight.com\/fi\/wp-json\/wp\/v2\/product"}],"about":[{"href":"https:\/\/ledsteplight.com\/fi\/wp-json\/wp\/v2\/types\/product"}],"replies":[{"embeddable":true,"href":"https:\/\/ledsteplight.com\/fi\/wp-json\/wp\/v2\/comments?post=38026"}],"version-history":[{"count":3,"href":"https:\/\/ledsteplight.com\/fi\/wp-json\/wp\/v2\/product\/38026\/revisions"}],"predecessor-version":[{"id":38628,"href":"https:\/\/ledsteplight.com\/fi\/wp-json\/wp\/v2\/product\/38026\/revisions\/38628"}],"wp:featuredmedia":[{"embeddable":true,"href":"https:\/\/ledsteplight.com\/fi\/wp-json\/wp\/v2\/media\/37248"}],"wp:attachment":[{"href":"https:\/\/ledsteplight.com\/fi\/wp-json\/wp\/v2\/media?parent=38026"}],"wp:term":[{"taxonomy":"product_brand","embeddable":true,"href":"https:\/\/ledsteplight.com\/fi\/wp-json\/wp\/v2\/product_brand?post=38026"},{"taxonomy":"product_cat","embeddable":true,"href":"https:\/\/ledsteplight.com\/fi\/wp-json\/wp\/v2\/product_cat?post=38026"},{"taxonomy":"product_tag","embeddable":true,"href":"https:\/\/ledsteplight.com\/fi\/wp-json\/wp\/v2\/product_tag?post=38026"}],"curies":[{"name":"wp","href":"https:\/\/api.w.org\/{rel}","templated":true}]}}