{"id":38028,"date":"2025-09-08T13:04:17","date_gmt":"2025-09-08T13:04:17","guid":{"rendered":"https:\/\/ledsteplight.com\/import-placeholder-for-37174\/"},"modified":"2026-01-19T02:15:11","modified_gmt":"2026-01-19T02:15:11","slug":"00wb11036-frameless-led-ground-light-strip-10w-12w-ip65","status":"publish","type":"product","link":"https:\/\/ledsteplight.com\/fi\/00wb11036-frameless-led-ground-light-strip-10w-12w-ip65\/","title":{"rendered":"00WB11036 Kehykset\u00f6n LED-maahanvalaisinnauha | 10W\/12W IP65"},"content":{"rendered":"<table data-start=\"121\" data-end=\"988\">\n<thead data-start=\"121\" data-end=\"180\">\n<tr data-start=\"121\" data-end=\"180\">\n<th data-start=\"121\" data-end=\"142\">M\u00e4\u00e4ritys<\/th>\n<th data-start=\"142\" data-end=\"180\">Yksityiskohdat<\/th>\n<\/tr>\n<\/thead>\n<tbody data-start=\"238\" data-end=\"988\">\n<tr data-start=\"238\" data-end=\"295\">\n<td><strong data-start=\"240\" data-end=\"249\">Teho<\/strong><\/td>\n<td>10W \/ 12W<\/td>\n<\/tr>\n<tr data-start=\"296\" data-end=\"353\">\n<td><strong data-start=\"298\" data-end=\"314\">Valonl\u00e4hde<\/strong><\/td>\n<td>COB LED<\/td>\n<\/tr>\n<tr data-start=\"354\" data-end=\"412\">\n<td><strong data-start=\"356\" data-end=\"373\">Sy\u00f6tt\u00f6j\u00e4nnite<\/strong><\/td>\n<td>AC85-265V<\/td>\n<\/tr>\n<tr data-start=\"413\" data-end=\"470\">\n<td><strong data-start=\"415\" data-end=\"436\"><strong><a href=\"https:\/\/ledsteplight.com\/fi\/dm36b-pro-honeycomb-anti-glare-led-in-ground-light-ip67-24v-dc\/\" class=\"waam-auto-link\" title=\"V\u00e4ril\u00e4mp\u00f6tila\">V\u00e4ril\u00e4mp\u00f6tila<\/a><\/strong><\/strong><\/td>\n<td>3000K \/ 4000K \/ 6000K<\/td>\n<\/tr>\n<tr data-start=\"471\" data-end=\"526\">\n<td><strong data-start=\"473\" data-end=\"496\">L\u00e4p\u00e4isyteho<\/strong><\/td>\n<td>90-110LM\/W<\/td>\n<\/tr>\n<tr data-start=\"527\" data-end=\"584\">\n<td><strong data-start=\"529\" data-end=\"543\">S\u00e4teen kulma<\/strong><\/td>\n<td>24\u00b0 \/ 36\u00b0<\/td>\n<\/tr>\n<tr data-start=\"585\" data-end=\"642\">\n<td><strong data-start=\"587\" data-end=\"599\">Materiaali<\/strong><\/td>\n<td>Valualumiini<\/td>\n<\/tr>\n<tr data-start=\"643\" data-end=\"700\">\n<td><strong data-start=\"645\" data-end=\"658\">IP-luokitus<\/strong><\/td>\n<td>IP65 (Vesitiivis ja p\u00f6lytiivis)<\/td>\n<\/tr>\n<tr data-start=\"701\" data-end=\"757\">\n<td><strong data-start=\"703\" data-end=\"726\">Asennustapa<\/strong><\/td>\n<td>Sein\u00e4kiinnitteinen<\/td>\n<\/tr>\n<tr data-start=\"758\" data-end=\"815\">\n<td><strong data-start=\"760\" data-end=\"772\">Kestoik\u00e4<\/strong><\/td>\n<td>40 000 tuntia<\/td>\n<\/tr>\n<tr data-start=\"816\" data-end=\"873\">\n<td><strong data-start=\"818\" data-end=\"826\">Koko<\/strong><\/td>\n<td>110mm x 36mm<\/td>\n<\/tr>\n<tr data-start=\"874\" data-end=\"930\">\n<td><strong data-start=\"876\" data-end=\"894\">Sertifikaatit<\/strong><\/td>\n<td>CE, RoHS<\/td>\n<\/tr>\n<tr data-start=\"931\" data-end=\"988\">\n<td><strong data-start=\"933\" data-end=\"945\">Takuu<\/strong><\/td>\n<td>3 vuotta<\/td>\n<\/tr>\n<\/tbody>\n<\/table>\n<p data-start=\"438\" data-end=\"909\">00WB11036 Kehykset\u00f6n LED <strong><a href=\"https:\/\/ledsteplight.com\/fi\/5w-led-in-ground-lights-ip65-waterproof-outdoor-driveway-garden-floor-lighting\/\" class=\"waam-auto-link\" title=\"Maavalaisin\">Maavalaisin<\/a><\/strong> Nauha on suunniteltu puhtaaseen, <strong><a href=\"https:\/\/ledsteplight.com\/fi\/cree-bridgelux-chip-ip65-led-fixture-for-garden-facade-lighting\/\" class=\"waam-auto-link\" title=\"moderniin ulkovalaistukseen\">moderniin ulkovalaistukseen<\/a><\/strong> projekteihin. K\u00e4ytt\u00e4m\u00e4ll\u00e4 tehokasta COB LEDi\u00e4 se tuottaa kohdistetun 24\u00b0 tai 36\u00b0 valokeilan v\u00e4ril\u00e4mp\u00f6tilavaihtoehdoilla 3000K, 4000K ja 6000K. Sen kompakti 110\u00d736mm muoto tekee siit\u00e4 sopivan polkujen reunoille, sein\u00e4asennukseen <strong><a href=\"https:\/\/ledsteplight.com\/fi\/decoration\/\" class=\"waam-auto-link\" title=\"korostusvalaistusta\">korostusvalaistusta<\/a><\/strong>ja nykyaikaisiin maisemasuunnitelmiin. Painevalettu alumiinirunko ja IP65-vedenpit\u00e4vyys takaavat vakaan suorituskyvyn ulkoymp\u00e4rist\u00f6iss\u00e4.<\/p>\n<p data-start=\"911\" data-end=\"1238\" data-is-last-node=\"\" data-is-only-node=\"\">Valmistajana tarjoamme sek\u00e4 10W ett\u00e4 12W vaihtoehtoja, jotka ovat yhteensopivia AC85-265V laajavirtaj\u00e4nnitteen kanssa ja joiden k\u00e4ytt\u00f6ik\u00e4 on 40 000 tuntia. Laite on CE- ja RoHS-sertifioitu, suunniteltu pitk\u00e4aikaiseen kest\u00e4vyyteen ja takaa 3 vuoden takuun.<\/p>","protected":false},"excerpt":{"rendered":"<p data-start=\"3124\" data-end=\"3463\">Riviton 10W\/12W LED-maahan asennettava valonauha COB LED:ll\u00e4, IP65-luokitus ja 3000K\u20136000K-vaihtoehdot. Ihanteellinen ulkona maahan asennettavaksi valaistukseksi ja maisemaprojekteihin. Tehdas suoraan toimitus.<\/p>","protected":false},"featured_media":37258,"comment_status":"open","ping_status":"closed","template":"","meta":[],"product_brand":[],"product_cat":[100,426,427,428,439,429,440,118,430,73,441,431,442,443,432,433,444,464,445,446,434,435,436,437],"product_tag":[103,76,119,77,109,114,115],"class_list":{"0":"post-38028","1":"product","2":"type-product","3":"status-publish","4":"has-post-thumbnail","6":"product_cat-aluminum-ground-light","7":"product_cat-ceiling-recessed","8":"product_cat-ceiling-surface","9":"product_cat-ceiling-suspended","10":"product_cat-commercial","11":"product_cat-drivers","12":"product_cat-education","13":"product_cat-frameless-ground-light","14":"product_cat-freestanding-light","15":"product_cat-ground-light","16":"product_cat-hospitality","17":"product_cat-industrial","18":"product_cat-infrastructure","19":"product_cat-landscape","20":"product_cat-landscaping","21":"product_cat-linear","22":"product_cat-office","23":"product_cat-c-outdoor-lighting","24":"product_cat-residential","25":"product_cat-retail","26":"product_cat-table-lamp","27":"product_cat-track","28":"product_cat-wall-recessed","29":"product_cat-wall-surface","30":"product_tag-aluminum-ground-light","31":"product_tag-aluminum-housing","32":"product_tag-frameless-ground-light","33":"product_tag-ground-light","34":"product_tag-led-fixture","35":"product_tag-pathway-light","36":"product_tag-recessed-light","38":"first","39":"instock","40":"shipping-taxable","41":"product-type-simple"},"_links":{"self":[{"href":"https:\/\/ledsteplight.com\/fi\/wp-json\/wp\/v2\/product\/38028","targetHints":{"allow":["GET"]}}],"collection":[{"href":"https:\/\/ledsteplight.com\/fi\/wp-json\/wp\/v2\/product"}],"about":[{"href":"https:\/\/ledsteplight.com\/fi\/wp-json\/wp\/v2\/types\/product"}],"replies":[{"embeddable":true,"href":"https:\/\/ledsteplight.com\/fi\/wp-json\/wp\/v2\/comments?post=38028"}],"version-history":[{"count":3,"href":"https:\/\/ledsteplight.com\/fi\/wp-json\/wp\/v2\/product\/38028\/revisions"}],"predecessor-version":[{"id":38630,"href":"https:\/\/ledsteplight.com\/fi\/wp-json\/wp\/v2\/product\/38028\/revisions\/38630"}],"wp:featuredmedia":[{"embeddable":true,"href":"https:\/\/ledsteplight.com\/fi\/wp-json\/wp\/v2\/media\/37258"}],"wp:attachment":[{"href":"https:\/\/ledsteplight.com\/fi\/wp-json\/wp\/v2\/media?parent=38028"}],"wp:term":[{"taxonomy":"product_brand","embeddable":true,"href":"https:\/\/ledsteplight.com\/fi\/wp-json\/wp\/v2\/product_brand?post=38028"},{"taxonomy":"product_cat","embeddable":true,"href":"https:\/\/ledsteplight.com\/fi\/wp-json\/wp\/v2\/product_cat?post=38028"},{"taxonomy":"product_tag","embeddable":true,"href":"https:\/\/ledsteplight.com\/fi\/wp-json\/wp\/v2\/product_tag?post=38028"}],"curies":[{"name":"wp","href":"https:\/\/api.w.org\/{rel}","templated":true}]}}