{"id":38029,"date":"2025-09-08T13:04:17","date_gmt":"2025-09-08T13:04:17","guid":{"rendered":"https:\/\/ledsteplight.com\/import-placeholder-for-37175\/"},"modified":"2026-01-19T02:15:11","modified_gmt":"2026-01-19T02:15:11","slug":"60w-led-recessed-outdoor-ground-fixture-ip65-waterproof-landscape-uplight","status":"publish","type":"product","link":"https:\/\/ledsteplight.com\/fi\/60w-led-recessed-outdoor-ground-fixture-ip65-waterproof-landscape-uplight\/","title":{"rendered":"60W LED upotettava ulkok\u00e4ytt\u00f6inen maavalaisin | IP65-vesitiivis maisemavalaisin"},"content":{"rendered":"<table data-start=\"40\" data-end=\"975\">\n<thead data-start=\"40\" data-end=\"111\">\n<tr data-start=\"40\" data-end=\"111\">\n<th data-start=\"40\" data-end=\"65\"><strong data-start=\"42\" data-end=\"55\">Parametri<\/strong><\/th>\n<th data-start=\"65\" data-end=\"111\"><strong data-start=\"67\" data-end=\"78\">Yksityiskohdat<\/strong><\/th>\n<\/tr>\n<\/thead>\n<tbody data-start=\"184\" data-end=\"975\">\n<tr data-start=\"184\" data-end=\"255\">\n<td><strong data-start=\"186\" data-end=\"195\">Teho<\/strong><\/td>\n<td>60W<\/td>\n<\/tr>\n<tr data-start=\"256\" data-end=\"327\">\n<td><strong data-start=\"258\" data-end=\"274\">Valonl\u00e4hde<\/strong><\/td>\n<td>LED<\/td>\n<\/tr>\n<tr data-start=\"328\" data-end=\"399\">\n<td><strong data-start=\"330\" data-end=\"347\">Sy\u00f6tt\u00f6j\u00e4nnite<\/strong><\/td>\n<td>AC85-265V<\/td>\n<\/tr>\n<tr data-start=\"400\" data-end=\"471\">\n<td><strong data-start=\"402\" data-end=\"423\"><strong><a href=\"https:\/\/ledsteplight.com\/fi\/dm36b-pro-honeycomb-anti-glare-led-in-ground-light-ip67-24v-dc\/\" class=\"waam-auto-link\" title=\"V\u00e4ril\u00e4mp\u00f6tila\">V\u00e4ril\u00e4mp\u00f6tila<\/a><\/strong><\/strong><\/td>\n<td>3000K (L\u00e4mmin valkoinen) \/ 6000K (Viile\u00e4 valkoinen)<\/td>\n<\/tr>\n<tr data-start=\"472\" data-end=\"543\">\n<td><strong data-start=\"474\" data-end=\"491\">Luminanssi<\/strong><\/td>\n<td>120-130LM\/W<\/td>\n<\/tr>\n<tr data-start=\"544\" data-end=\"615\">\n<td><strong data-start=\"546\" data-end=\"560\">S\u00e4teen kulma<\/strong><\/td>\n<td>120\u00b0<\/td>\n<\/tr>\n<tr data-start=\"616\" data-end=\"687\">\n<td><strong data-start=\"618\" data-end=\"630\">Materiaali<\/strong><\/td>\n<td>Valualumiini<\/td>\n<\/tr>\n<tr data-start=\"688\" data-end=\"759\">\n<td><strong data-start=\"690\" data-end=\"703\">IP-luokitus<\/strong><\/td>\n<td>IP65 (Vesitiivis ja p\u00f6lytiivis)<\/td>\n<\/tr>\n<tr data-start=\"760\" data-end=\"831\">\n<td><strong data-start=\"762\" data-end=\"774\">Kestoik\u00e4<\/strong><\/td>\n<td>40 000 tuntia<\/td>\n<\/tr>\n<tr data-start=\"832\" data-end=\"903\">\n<td><strong data-start=\"834\" data-end=\"857\">Asennustapa<\/strong><\/td>\n<td>Upotettu kiinnitys<\/td>\n<\/tr>\n<tr data-start=\"904\" data-end=\"975\">\n<td><strong data-start=\"906\" data-end=\"918\">Takuu<\/strong><\/td>\n<td>3 vuotta<\/td>\n<\/tr>\n<\/tbody>\n<\/table>\n<p data-start=\"606\" data-end=\"1020\"><strong data-start=\"610\" data-end=\"645\">DM70 Anti-Glare In-Ground Light<\/strong> on korkeasuorituskykyinen ulkok\u00e4ytt\u00f6\u00f6n tarkoitettu <strong><a href=\"https:\/\/ledsteplight.com\/fi\/design-trends\/\" class=\"waam-auto-link\" title=\"valaistuslaitteisto\">valaistuslaitteisto<\/a><\/strong> suunniteltu ammattilaismaisille maisema- ja arkkitehtuurisovelluksille. Ominaisuuksiltaan tehokas <strong data-start=\"782\" data-end=\"793\">60W LED<\/strong> ja vaikuttavalla <strong data-start=\"813\" data-end=\"828\">120\u2013130LM\/W<\/strong> valotehokkuudella, t\u00e4m\u00e4 yl\u00f6svalaisin tarjoaa kirkkaan mutta miellytt\u00e4v\u00e4n valaistuksen ilman h\u00e4ik\u00e4isy\u00e4 \u2014 t\u00e4ydellinen teiden, puutarhojen, ajotieten, rakennusten julkisivujen ja ulkoalueiden korostamiseen.<\/p>\n<p data-start=\"1022\" data-end=\"1392\">Vahvasta <strong data-start=\"1040\" data-end=\"1061\">valumuovialumiini<\/strong> ja luokitellusta <strong data-start=\"1072\" data-end=\"1080\">IP65<\/strong>kest\u00e4v\u00e4 DM70 kest\u00e4\u00e4 sadetta, kosteutta, p\u00f6ly\u00e4 ja ankaria ulko-olosuhteita. Sen <strong data-start=\"1160\" data-end=\"1188\">uppoasennusdesign<\/strong> takaa siistin, modernin ulkon\u00e4\u00f6n ja tarjoaa vakaan maavalaistuksen. Saatavilla <strong data-start=\"1271\" data-end=\"1291\">3000K l\u00e4mmin valkoinen<\/strong> ja <strong data-start=\"1296\" data-end=\"1316\">6000K viile\u00e4 valkoinen<\/strong>, mik\u00e4 tarjoaa joustavia v\u00e4rivaihtoehtoja erilaisten maisemien tunnelmien sopimiseksi.<\/p>\n<p data-start=\"1394\" data-end=\"1581\">Pitk\u00e4ll\u00e4 <strong data-start=\"1406\" data-end=\"1430\">40 000 tunnin k\u00e4ytt\u00f6i\u00e4ll\u00e4<\/strong> ja tuettuna <strong data-start=\"1447\" data-end=\"1466\">3 vuoden takuun<\/strong>, DM70 tarjoaa luotettavuutta ja pitk\u00e4aikaista arvoa asuin-, liike- ja <strong><a href=\"https:\/\/ledsteplight.com\/fi\/cree-bridgelux-chip-ip65-led-fixture-for-garden-facade-lighting\/\" class=\"waam-auto-link\" title=\"arkkitehtuurista valaistusta\">arkkitehtuurista valaistusta<\/a><\/strong> projekteihin.<\/p>","protected":false},"excerpt":{"rendered":"<p>DM70 60W h\u00e4ik\u00e4isysuojattu maavalo tarjoaa korkeatehoisen LED-tuoton, IP65-vesieristyksen ja upotetun asennuksen\u2014t\u00e4ydellinen polkujen, puutarhojen ja arkkitehtuurin valaistukseen.<\/p>","protected":false},"featured_media":37263,"comment_status":"open","ping_status":"closed","template":"","meta":[],"product_brand":[],"product_cat":[100,426,427,428,439,429,440,430,441,126,431,442,443,432,433,444,112,464,445,446,106,434,435,436,437],"product_tag":[103,76,77,127,113,78,108],"class_list":{"0":"post-38029","1":"product","2":"type-product","3":"status-publish","4":"has-post-thumbnail","6":"product_cat-aluminum-ground-light","7":"product_cat-ceiling-recessed","8":"product_cat-ceiling-surface","9":"product_cat-ceiling-suspended","10":"product_cat-commercial","11":"product_cat-drivers","12":"product_cat-education","13":"product_cat-freestanding-light","14":"product_cat-hospitality","15":"product_cat-in-ground-light","16":"product_cat-industrial","17":"product_cat-infrastructure","18":"product_cat-landscape","19":"product_cat-landscaping","20":"product_cat-linear","21":"product_cat-office","22":"product_cat-outdoor-ground-light","23":"product_cat-c-outdoor-lighting","24":"product_cat-residential","25":"product_cat-retail","26":"product_cat-round-ground-light","27":"product_cat-table-lamp","28":"product_cat-track","29":"product_cat-wall-recessed","30":"product_cat-wall-surface","31":"product_tag-aluminum-ground-light","32":"product_tag-aluminum-housing","33":"product_tag-ground-light","34":"product_tag-in-ground-light","35":"product_tag-outdoor-ground-light","36":"product_tag-outdoor-lighting","37":"product_tag-round-ground-light","39":"first","40":"instock","41":"shipping-taxable","42":"product-type-simple"},"_links":{"self":[{"href":"https:\/\/ledsteplight.com\/fi\/wp-json\/wp\/v2\/product\/38029","targetHints":{"allow":["GET"]}}],"collection":[{"href":"https:\/\/ledsteplight.com\/fi\/wp-json\/wp\/v2\/product"}],"about":[{"href":"https:\/\/ledsteplight.com\/fi\/wp-json\/wp\/v2\/types\/product"}],"replies":[{"embeddable":true,"href":"https:\/\/ledsteplight.com\/fi\/wp-json\/wp\/v2\/comments?post=38029"}],"version-history":[{"count":3,"href":"https:\/\/ledsteplight.com\/fi\/wp-json\/wp\/v2\/product\/38029\/revisions"}],"predecessor-version":[{"id":38631,"href":"https:\/\/ledsteplight.com\/fi\/wp-json\/wp\/v2\/product\/38029\/revisions\/38631"}],"wp:featuredmedia":[{"embeddable":true,"href":"https:\/\/ledsteplight.com\/fi\/wp-json\/wp\/v2\/media\/37263"}],"wp:attachment":[{"href":"https:\/\/ledsteplight.com\/fi\/wp-json\/wp\/v2\/media?parent=38029"}],"wp:term":[{"taxonomy":"product_brand","embeddable":true,"href":"https:\/\/ledsteplight.com\/fi\/wp-json\/wp\/v2\/product_brand?post=38029"},{"taxonomy":"product_cat","embeddable":true,"href":"https:\/\/ledsteplight.com\/fi\/wp-json\/wp\/v2\/product_cat?post=38029"},{"taxonomy":"product_tag","embeddable":true,"href":"https:\/\/ledsteplight.com\/fi\/wp-json\/wp\/v2\/product_tag?post=38029"}],"curies":[{"name":"wp","href":"https:\/\/api.w.org\/{rel}","templated":true}]}}