{"id":38030,"date":"2025-09-08T13:04:17","date_gmt":"2025-09-08T13:04:17","guid":{"rendered":"https:\/\/ledsteplight.com\/import-placeholder-for-37176\/"},"modified":"2026-01-19T02:15:10","modified_gmt":"2026-01-19T02:15:10","slug":"6w-anti-glare-in-ground-light-dm60-ip65-outdoor-driveway-patio-lighting","status":"publish","type":"product","link":"https:\/\/ledsteplight.com\/fi\/6w-anti-glare-in-ground-light-dm60-ip65-outdoor-driveway-patio-lighting\/","title":{"rendered":"6W h\u00e4ik\u00e4isysuojattu maanalainen valo (DM60) | IP65 ulkok\u00e4ytt\u00f6\u00f6n ajotielle ja patioon"},"content":{"rendered":"<h3 data-start=\"84\" data-end=\"116\"><\/h3>\n<table data-start=\"118\" data-end=\"902\">\n<thead data-start=\"118\" data-end=\"174\">\n<tr data-start=\"118\" data-end=\"174\">\n<th data-start=\"118\" data-end=\"137\">M\u00e4\u00e4ritys<\/th>\n<th data-start=\"137\" data-end=\"174\">Yksityiskohdat<\/th>\n<\/tr>\n<\/thead>\n<tbody data-start=\"230\" data-end=\"902\">\n<tr data-start=\"230\" data-end=\"285\">\n<td><strong data-start=\"232\" data-end=\"241\">Teho<\/strong><\/td>\n<td>6W<\/td>\n<\/tr>\n<tr data-start=\"286\" data-end=\"342\">\n<td><strong data-start=\"288\" data-end=\"304\">Valonl\u00e4hde<\/strong><\/td>\n<td>COB<\/td>\n<\/tr>\n<tr data-start=\"343\" data-end=\"399\">\n<td><strong data-start=\"345\" data-end=\"362\">Sy\u00f6tt\u00f6j\u00e4nnite<\/strong><\/td>\n<td>AC85<\/td>\n<\/tr>\n<tr data-start=\"400\" data-end=\"455\">\n<td><strong data-start=\"402\" data-end=\"423\"><strong><a href=\"https:\/\/ledsteplight.com\/fi\/dm36b-pro-honeycomb-anti-glare-led-in-ground-light-ip67-24v-dc\/\" class=\"waam-auto-link\" title=\"V\u00e4ril\u00e4mp\u00f6tila\">V\u00e4ril\u00e4mp\u00f6tila<\/a><\/strong><\/strong><\/td>\n<td>3000<\/td>\n<\/tr>\n<tr data-start=\"456\" data-end=\"510\">\n<td><strong data-start=\"458\" data-end=\"481\">L\u00e4p\u00e4isyteho<\/strong><\/td>\n<td>9<\/td>\n<\/tr>\n<tr data-start=\"511\" data-end=\"566\">\n<td><strong data-start=\"513\" data-end=\"525\">Materiaali<\/strong><\/td>\n<td>Alumiiniseos<\/td>\n<\/tr>\n<tr data-start=\"567\" data-end=\"622\">\n<td><strong data-start=\"569\" data-end=\"582\">IP-luokitus<\/strong><\/td>\n<td>IP65 (Vesitiivis ja p\u00f6lytiivis)<\/td>\n<\/tr>\n<tr data-start=\"623\" data-end=\"678\">\n<td><strong data-start=\"625\" data-end=\"648\">Asennustapa<\/strong><\/td>\n<td>Upotettu kiinnitys<\/td>\n<\/tr>\n<tr data-start=\"679\" data-end=\"734\">\n<td><strong data-start=\"681\" data-end=\"693\">Kestoik\u00e4<\/strong><\/td>\n<td>40 000 tuntia<\/td>\n<\/tr>\n<tr data-start=\"735\" data-end=\"790\">\n<td><strong data-start=\"737\" data-end=\"745\">Koko<\/strong><\/td>\n<td>Halkaisija 60mm<\/td>\n<\/tr>\n<tr data-start=\"791\" data-end=\"846\">\n<td><strong data-start=\"793\" data-end=\"811\">Sertifikaatit<\/strong><\/td>\n<td>CE, RoHS<\/td>\n<\/tr>\n<tr data-start=\"847\" data-end=\"902\">\n<td><strong data-start=\"849\" data-end=\"861\">Takuu<\/strong><\/td>\n<td>3 vuotta<\/td>\n<\/tr>\n<\/tbody>\n<\/table>\n<p data-path-to-node=\"15\">Nosta ulkotilasi uudelle tasolle DM60 6W Anti-Glare -valaisimella <b>In-<strong><a href=\"https:\/\/ledsteplight.com\/fi\/cree-bridgelux-chip-ip65-led-fixture-for-garden-facade-lighting\/\" class=\"waam-auto-link\" title=\"Maavalaisin\">Maavalaisin<\/a><\/strong><\/b>, erityisesti suunniteltu turvallisuutta, kest\u00e4vyytt\u00e4 ja korkealaatuista estetiikkaa varten. T\u00e4ydellinen vilkkaisiin alueisiin, t\u00e4m\u00e4 upotettu COB-valaistus tarjoaa tehokkaan, kohdistetun <strong><a href=\"https:\/\/ledsteplight.com\/fi\/pir-sensor-step-light-top-advantages-for-safety\/\" class=\"waam-auto-link\" title=\"valaistuksen luomiseksi\">valaistuksen luomiseksi<\/a><\/strong> ilman kovaa h\u00e4ik\u00e4isy\u00e4, joka voi heikent\u00e4\u00e4 maisemaa.<\/p>\n<p data-path-to-node=\"16\">\n<h4><b>Keskeiset ominaisuudet ja edut:<\/b><\/h4>\n<p>&nbsp;<\/p>\n<ul data-path-to-node=\"17\">\n<li>\n<p data-path-to-node=\"17,0,0\"><b>H\u00e4ik\u00e4isysuojaussuunnittelu:<\/b> Varustettu syv\u00e4lle upotetulla COB-valonl\u00e4hteell\u00e4, joka v\u00e4hent\u00e4\u00e4 silmien rasitusta ja valosaastetta, tehden siit\u00e4 ihanteellisen patioihin, k\u00e4velyteihin ja istuma-alueisiin.<\/p>\n<\/li>\n<li>\n<p data-path-to-node=\"17,1,0\"><b>Kest\u00e4v\u00e4 s\u00e4\u00e4olosuhteille:<\/b> Korkean <b>IP65<\/b> luokituksen omaava alumiiniseoskotelo on t\u00e4ysin suojattu p\u00f6lylt\u00e4 ja suihkuvedelt\u00e4, mik\u00e4 takaa luotettavan ja pitk\u00e4aikaisen suorituskyvyn <b><strong><a href=\"https:\/\/ledsteplight.com\/fi\/5w-led-in-ground-lights-ip65-waterproof-outdoor-driveway-garden-floor-lighting\/\" class=\"waam-auto-link\" title=\"ulkotason maavalaisuun\">ulkotason maavalaisuun<\/a><\/strong><\/b>.<\/p>\n<\/li>\n<li>\n<p data-path-to-node=\"17,2,0\"><b>Suora asennus:<\/b> Toimii saumattomasti <b>AC85V<\/b> sy\u00f6tt\u00f6j\u00e4nnitteell\u00e4, mik\u00e4 poistaa tarpeen erilliselle muuntajalle tai matalaj\u00e4nnitekaapelointij\u00e4rjestelm\u00e4lle, helpottaen asennusta.<\/p>\n<\/li>\n<li>\n<p data-path-to-node=\"17,3,0\"><b>El\u00e4v\u00e4, l\u00e4mmin valo:<\/b> 6W COB-l\u00e4hde tuottaa 3000K l\u00e4mpim\u00e4n valkoisen valon, luoden kutsuvan ja hienostuneen ilmapiirin <b>maisemareitin valaistusta<\/b>.<\/p>\n<\/li>\n<li>\n<p data-path-to-node=\"17,4,0\"><b>Pitk\u00e4ik\u00e4inen laatu:<\/b> Varmistettu 40 000 tunnin k\u00e4ytt\u00f6ik\u00e4 ja 3 vuoden takuu, DM60 tarjoaa huoltovapaata <b>maanalainen valaistus<\/b> voit luottaa.<\/p>\n<\/li>\n<\/ul>","protected":false},"excerpt":{"rendered":"<p><b>DM60 6W Anti-Glare LED Maahan Asennettava Valo<\/b> tarjoaa parempaa <b>ulkotason maavalaisuun<\/b> IP65-suojauksella <b>vesitiiviyden<\/b> alumiininen runko. T\u00e4ydellinen <b>ajotien maavaloiksi<\/b> ja polkujen valaisuun. AC85V sy\u00f6tt\u00f6 helppoon asennukseen. Osta kest\u00e4v\u00e4t <b>maahan asennettava valo<\/b> asennukset 3 vuoden takuu<\/p>","protected":false},"featured_media":37268,"comment_status":"open","ping_status":"closed","template":"","meta":[],"product_brand":[],"product_cat":[100,426,427,428,439,429,440,430,441,126,431,442,443,432,433,444,112,464,445,446,106,434,435,436,437],"product_tag":[103,76,77,127,113,78,108],"class_list":{"0":"post-38030","1":"product","2":"type-product","3":"status-publish","4":"has-post-thumbnail","6":"product_cat-aluminum-ground-light","7":"product_cat-ceiling-recessed","8":"product_cat-ceiling-surface","9":"product_cat-ceiling-suspended","10":"product_cat-commercial","11":"product_cat-drivers","12":"product_cat-education","13":"product_cat-freestanding-light","14":"product_cat-hospitality","15":"product_cat-in-ground-light","16":"product_cat-industrial","17":"product_cat-infrastructure","18":"product_cat-landscape","19":"product_cat-landscaping","20":"product_cat-linear","21":"product_cat-office","22":"product_cat-outdoor-ground-light","23":"product_cat-c-outdoor-lighting","24":"product_cat-residential","25":"product_cat-retail","26":"product_cat-round-ground-light","27":"product_cat-table-lamp","28":"product_cat-track","29":"product_cat-wall-recessed","30":"product_cat-wall-surface","31":"product_tag-aluminum-ground-light","32":"product_tag-aluminum-housing","33":"product_tag-ground-light","34":"product_tag-in-ground-light","35":"product_tag-outdoor-ground-light","36":"product_tag-outdoor-lighting","37":"product_tag-round-ground-light","39":"first","40":"instock","41":"shipping-taxable","42":"product-type-simple"},"_links":{"self":[{"href":"https:\/\/ledsteplight.com\/fi\/wp-json\/wp\/v2\/product\/38030","targetHints":{"allow":["GET"]}}],"collection":[{"href":"https:\/\/ledsteplight.com\/fi\/wp-json\/wp\/v2\/product"}],"about":[{"href":"https:\/\/ledsteplight.com\/fi\/wp-json\/wp\/v2\/types\/product"}],"replies":[{"embeddable":true,"href":"https:\/\/ledsteplight.com\/fi\/wp-json\/wp\/v2\/comments?post=38030"}],"version-history":[{"count":3,"href":"https:\/\/ledsteplight.com\/fi\/wp-json\/wp\/v2\/product\/38030\/revisions"}],"predecessor-version":[{"id":38632,"href":"https:\/\/ledsteplight.com\/fi\/wp-json\/wp\/v2\/product\/38030\/revisions\/38632"}],"wp:featuredmedia":[{"embeddable":true,"href":"https:\/\/ledsteplight.com\/fi\/wp-json\/wp\/v2\/media\/37268"}],"wp:attachment":[{"href":"https:\/\/ledsteplight.com\/fi\/wp-json\/wp\/v2\/media?parent=38030"}],"wp:term":[{"taxonomy":"product_brand","embeddable":true,"href":"https:\/\/ledsteplight.com\/fi\/wp-json\/wp\/v2\/product_brand?post=38030"},{"taxonomy":"product_cat","embeddable":true,"href":"https:\/\/ledsteplight.com\/fi\/wp-json\/wp\/v2\/product_cat?post=38030"},{"taxonomy":"product_tag","embeddable":true,"href":"https:\/\/ledsteplight.com\/fi\/wp-json\/wp\/v2\/product_tag?post=38030"}],"curies":[{"name":"wp","href":"https:\/\/api.w.org\/{rel}","templated":true}]}}