{"id":38031,"date":"2025-09-08T13:04:17","date_gmt":"2025-09-08T13:04:17","guid":{"rendered":"https:\/\/ledsteplight.com\/import-placeholder-for-37177\/"},"modified":"2026-01-19T02:15:10","modified_gmt":"2026-01-19T02:15:10","slug":"00cx-series-smart-motion-sensor-led-stair-hallway-light-recessed-indoor-step-lighting","status":"publish","type":"product","link":"https:\/\/ledsteplight.com\/fi\/00cx-series-smart-motion-sensor-led-stair-hallway-light-recessed-indoor-step-lighting\/","title":{"rendered":"00CX-sarja \u00e4lyk\u00e4s liiketunnistimella varustettu LED-portaikko ja k\u00e4yt\u00e4v\u00e4valo | Upotettava sis\u00e4tilojen askelvalo"},"content":{"rendered":"<table data-start=\"123\" data-end=\"1504\">\n<thead data-start=\"123\" data-end=\"198\">\n<tr data-start=\"123\" data-end=\"198\">\n<th data-start=\"123\" data-end=\"148\">M\u00e4\u00e4ritys<\/th>\n<th data-start=\"148\" data-end=\"198\">Yksityiskohdat<\/th>\n<\/tr>\n<\/thead>\n<tbody data-start=\"274\" data-end=\"1504\">\n<tr data-start=\"274\" data-end=\"348\">\n<td><strong data-start=\"276\" data-end=\"293\">Tuotemalli<\/strong><\/td>\n<td>MG-CX-sarja<\/td>\n<\/tr>\n<tr data-start=\"349\" data-end=\"423\">\n<td><strong data-start=\"351\" data-end=\"367\">Tuotteen koko<\/strong><\/td>\n<td>L87 \u00d7 S87 \u00d7 K30mm<\/td>\n<\/tr>\n<tr data-start=\"424\" data-end=\"498\">\n<td><strong data-start=\"426\" data-end=\"438\">Leikkauskoko<\/strong><\/td>\n<td>86 upotettava laatikko<\/td>\n<\/tr>\n<tr data-start=\"499\" data-end=\"572\">\n<td><strong data-start=\"501\" data-end=\"521\">Toiminton\u00e4pp\u00e4in<\/strong><\/td>\n<td><strong><a href=\"https:\/\/ledsteplight.com\/fi\/pir-sensor-step-light-top-advantages-for-safety\/\" class=\"waam-auto-link\" title=\"Liikeanturi\">Liikeanturi<\/a><\/strong> \/ Liike- ja valosensori<\/td>\n<\/tr>\n<tr data-start=\"573\" data-end=\"647\">\n<td><strong data-start=\"575\" data-end=\"591\">Valonl\u00e4hde<\/strong><\/td>\n<td>OSRAM LED (RA &gt;90)<\/td>\n<\/tr>\n<tr data-start=\"648\" data-end=\"722\">\n<td><strong data-start=\"650\" data-end=\"671\"><strong><a href=\"https:\/\/ledsteplight.com\/fi\/dm36b-pro-honeycomb-anti-glare-led-in-ground-light-ip67-24v-dc\/\" class=\"waam-auto-link\" title=\"S\u00e4hk\u00f6nkulutus\">S\u00e4hk\u00f6nkulutus<\/a><\/strong><\/strong><\/td>\n<td>2W (600mA)<\/td>\n<\/tr>\n<tr data-start=\"723\" data-end=\"796\">\n<td><strong data-start=\"725\" data-end=\"735\">Paino<\/strong><\/td>\n<td>0,5kg<\/td>\n<\/tr>\n<tr data-start=\"797\" data-end=\"871\">\n<td><strong data-start=\"799\" data-end=\"819\">Vaihtovirran sy\u00f6tt\u00f6j\u00e4nnite<\/strong><\/td>\n<td>100-240V, 50~60Hz<\/td>\n<\/tr>\n<tr data-start=\"872\" data-end=\"945\">\n<td><strong data-start=\"874\" data-end=\"884\">Ohjain<\/strong><\/td>\n<td>Sis\u00e4\u00e4nrakennettu<\/td>\n<\/tr>\n<tr data-start=\"946\" data-end=\"1019\">\n<td><strong data-start=\"948\" data-end=\"967\">Heijastimen kulma<\/strong><\/td>\n<td>Ei saatavilla<\/td>\n<\/tr>\n<tr data-start=\"1020\" data-end=\"1094\">\n<td><strong data-start=\"1022\" data-end=\"1043\">V\u00e4ril\u00e4mp\u00f6tila<\/strong><\/td>\n<td>3000K, 4000K, 5700K<\/td>\n<\/tr>\n<tr data-start=\"1095\" data-end=\"1168\">\n<td><strong data-start=\"1097\" data-end=\"1116\">Yhteystyyppi<\/strong><\/td>\n<td>Ei saatavilla<\/td>\n<\/tr>\n<tr data-start=\"1169\" data-end=\"1241\">\n<td><strong data-start=\"1171\" data-end=\"1183\">Materiaali<\/strong><\/td>\n<td>Alumiini<\/td>\n<\/tr>\n<tr data-start=\"1242\" data-end=\"1357\">\n<td><strong data-start=\"1244\" data-end=\"1264\">Saatavilla v\u00e4rej\u00e4<\/strong><\/td>\n<td>Matta valkoinen, harjattu musta, harjattu hopea <em data-start=\"1311\" data-end=\"1353\">(Harjattu kulta \/ harjattu harmaa r\u00e4\u00e4t\u00e4l\u00f6it\u00e4viss\u00e4)<\/em><\/td>\n<\/tr>\n<tr data-start=\"1358\" data-end=\"1431\">\n<td><strong data-start=\"1360\" data-end=\"1373\">IP-luokitus<\/strong><\/td>\n<td>IP20 (Sis\u00e4k\u00e4ytt\u00f6\u00f6n)<\/td>\n<\/tr>\n<tr data-start=\"1432\" data-end=\"1504\">\n<td><strong data-start=\"1434\" data-end=\"1457\">Asennustapa<\/strong><\/td>\n<td>Upotettu asennus<\/td>\n<\/tr>\n<\/tbody>\n<\/table>\n<p>&nbsp;<\/p>\n<p data-start=\"606\" data-end=\"1028\">00CX-sarjan \u00e4lyk\u00e4s liikesensori LED <strong><a href=\"https:\/\/ledsteplight.com\/fi\/cree-bridgelux-chip-ip65-led-fixture-for-garden-facade-lighting\/\" class=\"waam-auto-link\" title=\"Maavalaisin\">Maavalaisin<\/a><\/strong> on suunniteltu tarjoamaan turvallista, hienovaraista polkuvalaistusta sis\u00e4tiloissa. Siin\u00e4 on integroitu liikesensori, jossa on valinnaisena valon\u00e4k\u00f6tilassa, joka kytkeytyy automaattisesti p\u00e4\u00e4lle liikkeen havaitessa. OSRAM LED -l\u00e4hde tarjoaa pehme\u00e4n, miellytt\u00e4v\u00e4n valaistuksen korkealla CRI-arvolla (RA&gt;90), mik\u00e4 tekee valosta luonnollisen ja silmille miellytt\u00e4v\u00e4n v\u00e4h\u00e4isess\u00e4 valossa.<\/p>\n<p data-start=\"1030\" data-end=\"1437\">Kompakti upotettu muotoilu, joka sopii standardiin 86-laatikkoon, asentuu siististi portaan nousuihin, k\u00e4yt\u00e4v\u00e4n seiniin tai listoja pitkin. Alumiininen kotelo tarjoaa korkealaatuisen, modernin viimeistelyn, saatavana matta valkoisena, harjattuna mustana, harjattuna hopeana ja r\u00e4\u00e4t\u00e4l\u00f6it\u00e4viss\u00e4 vaihtoehdoissa. Ihanteellinen asuinportaikkoihin, hotellien k\u00e4yt\u00e4viin, teattereihin, kerrostalojen portaisiin ja muihin matalan tason ohjausvalaistuksen sovelluksiin.<\/p>","protected":false},"excerpt":{"rendered":"<p data-start=\"4009\" data-end=\"4283\">Sis\u00e4tilojen liikkeentunnistimella varustettu LED-askelvalo k\u00e4yt\u00e4viin ja portaikkoihin. Upotettu muotoilu, pehme\u00e4 ohjausvalaistus, korkea CRI OSRAM LED ja moderni alumiinipinta.<\/p>","protected":false},"featured_media":37272,"comment_status":"open","ping_status":"closed","template":"","meta":[],"product_brand":[],"product_cat":[116,99,100,426,427,428,439,429,440,430,441,431,442,443,432,433,444,464,445,446,101,434,435,436,437],"product_tag":[117,102,103,76,77,110,109,104],"class_list":{"0":"post-38031","1":"product","2":"type-product","3":"status-publish","4":"has-post-thumbnail","6":"product_cat-038-series","7":"product_cat-039-series","8":"product_cat-aluminum-ground-light","9":"product_cat-ceiling-recessed","10":"product_cat-ceiling-surface","11":"product_cat-ceiling-suspended","12":"product_cat-commercial","13":"product_cat-drivers","14":"product_cat-education","15":"product_cat-freestanding-light","16":"product_cat-hospitality","17":"product_cat-industrial","18":"product_cat-infrastructure","19":"product_cat-landscape","20":"product_cat-landscaping","21":"product_cat-linear","22":"product_cat-office","23":"product_cat-c-outdoor-lighting","24":"product_cat-residential","25":"product_cat-retail","26":"product_cat-sensor-ground-light","27":"product_cat-table-lamp","28":"product_cat-track","29":"product_cat-wall-recessed","30":"product_cat-wall-surface","31":"product_tag-038-series","32":"product_tag-039-series","33":"product_tag-aluminum-ground-light","34":"product_tag-aluminum-housing","35":"product_tag-ground-light","36":"product_tag-landscape-light","37":"product_tag-led-fixture","38":"product_tag-sensor-ground-light","40":"first","41":"instock","42":"shipping-taxable","43":"product-type-simple"},"_links":{"self":[{"href":"https:\/\/ledsteplight.com\/fi\/wp-json\/wp\/v2\/product\/38031","targetHints":{"allow":["GET"]}}],"collection":[{"href":"https:\/\/ledsteplight.com\/fi\/wp-json\/wp\/v2\/product"}],"about":[{"href":"https:\/\/ledsteplight.com\/fi\/wp-json\/wp\/v2\/types\/product"}],"replies":[{"embeddable":true,"href":"https:\/\/ledsteplight.com\/fi\/wp-json\/wp\/v2\/comments?post=38031"}],"version-history":[{"count":3,"href":"https:\/\/ledsteplight.com\/fi\/wp-json\/wp\/v2\/product\/38031\/revisions"}],"predecessor-version":[{"id":38633,"href":"https:\/\/ledsteplight.com\/fi\/wp-json\/wp\/v2\/product\/38031\/revisions\/38633"}],"wp:featuredmedia":[{"embeddable":true,"href":"https:\/\/ledsteplight.com\/fi\/wp-json\/wp\/v2\/media\/37272"}],"wp:attachment":[{"href":"https:\/\/ledsteplight.com\/fi\/wp-json\/wp\/v2\/media?parent=38031"}],"wp:term":[{"taxonomy":"product_brand","embeddable":true,"href":"https:\/\/ledsteplight.com\/fi\/wp-json\/wp\/v2\/product_brand?post=38031"},{"taxonomy":"product_cat","embeddable":true,"href":"https:\/\/ledsteplight.com\/fi\/wp-json\/wp\/v2\/product_cat?post=38031"},{"taxonomy":"product_tag","embeddable":true,"href":"https:\/\/ledsteplight.com\/fi\/wp-json\/wp\/v2\/product_tag?post=38031"}],"curies":[{"name":"wp","href":"https:\/\/api.w.org\/{rel}","templated":true}]}}