{"id":38032,"date":"2025-09-08T13:04:17","date_gmt":"2025-09-08T13:04:17","guid":{"rendered":"https:\/\/ledsteplight.com\/import-placeholder-for-37190\/"},"modified":"2026-01-19T02:15:10","modified_gmt":"2026-01-19T02:15:10","slug":"0086-box-recessed-led-step-ground-light-ip67-outdoor-stair-lighting","status":"publish","type":"product","link":"https:\/\/ledsteplight.com\/fi\/0086-box-recessed-led-step-ground-light-ip67-outdoor-stair-lighting\/","title":{"rendered":"0086 Box Upotettava LED-askel- ja maavalo | IP67 Ulko-askelvalaistus"},"content":{"rendered":"<blockquote>\n<table data-start=\"97\" data-end=\"983\">\n<thead data-start=\"97\" data-end=\"156\">\n<tr data-start=\"97\" data-end=\"156\">\n<th data-start=\"97\" data-end=\"118\">M\u00e4\u00e4ritys<\/th>\n<th data-start=\"118\" data-end=\"156\">Yksityiskohdat<\/th>\n<\/tr>\n<\/thead>\n<tbody data-start=\"214\" data-end=\"983\">\n<tr data-start=\"214\" data-end=\"272\">\n<td><strong data-start=\"216\" data-end=\"225\">Teho<\/strong><\/td>\n<td>3W \/ 5W \/ 7W<\/td>\n<\/tr>\n<tr data-start=\"273\" data-end=\"331\">\n<td><strong data-start=\"275\" data-end=\"291\">Valonl\u00e4hde<\/strong><\/td>\n<td>Korkean Tehokkuuden LED<\/td>\n<\/tr>\n<tr data-start=\"332\" data-end=\"390\">\n<td><strong data-start=\"334\" data-end=\"351\">Sy\u00f6tt\u00f6j\u00e4nnite<\/strong><\/td>\n<td>AC85-265V \/ DC12V \/ DC24V<\/td>\n<\/tr>\n<tr data-start=\"391\" data-end=\"448\">\n<td><strong data-start=\"393\" data-end=\"414\"><strong><a href=\"https:\/\/ledsteplight.com\/fi\/dm36b-pro-honeycomb-anti-glare-led-in-ground-light-ip67-24v-dc\/\" class=\"waam-auto-link\" title=\"V\u00e4ril\u00e4mp\u00f6tila\">V\u00e4ril\u00e4mp\u00f6tila<\/a><\/strong><\/strong><\/td>\n<td>3000K \/ 4000K \/ 6000K<\/td>\n<\/tr>\n<tr data-start=\"449\" data-end=\"504\">\n<td><strong data-start=\"451\" data-end=\"474\">L\u00e4p\u00e4isyteho<\/strong><\/td>\n<td>90-110LM\/W<\/td>\n<\/tr>\n<tr data-start=\"505\" data-end=\"563\">\n<td><strong data-start=\"507\" data-end=\"521\">S\u00e4teen kulma<\/strong><\/td>\n<td>30\u00b0 \/ 45\u00b0 \/ 60\u00b0<\/td>\n<\/tr>\n<tr data-start=\"564\" data-end=\"630\">\n<td><strong data-start=\"566\" data-end=\"578\">Materiaali<\/strong><\/td>\n<td>Valumuottipuhallettu alumiini + Ruostumaton ter\u00e4s kansi<\/td>\n<\/tr>\n<tr data-start=\"631\" data-end=\"688\">\n<td><strong data-start=\"633\" data-end=\"646\">IP-luokitus<\/strong><\/td>\n<td>IP67 (Vesitiivis ja p\u00f6lytiivis)<\/td>\n<\/tr>\n<tr data-start=\"689\" data-end=\"752\">\n<td><strong data-start=\"691\" data-end=\"714\">Asennustapa<\/strong><\/td>\n<td>0086-tyypin laatikko upotettu kiinnitys<\/td>\n<\/tr>\n<tr data-start=\"753\" data-end=\"810\">\n<td><strong data-start=\"755\" data-end=\"767\">Kestoik\u00e4<\/strong><\/td>\n<td>40 000 tuntia<\/td>\n<\/tr>\n<tr data-start=\"811\" data-end=\"868\">\n<td><strong data-start=\"813\" data-end=\"821\">Koko<\/strong><\/td>\n<td>Standardi 0086-laatikko yhteensopiva<\/td>\n<\/tr>\n<tr data-start=\"869\" data-end=\"925\">\n<td><strong data-start=\"871\" data-end=\"889\">Sertifikaatit<\/strong><\/td>\n<td>CE, RoHS<\/td>\n<\/tr>\n<tr data-start=\"926\" data-end=\"983\">\n<td><strong data-start=\"928\" data-end=\"940\">Takuu<\/strong><\/td>\n<td>3 vuotta<\/td>\n<\/tr>\n<\/tbody>\n<\/table>\n<p data-start=\"518\" data-end=\"904\">0086 Typpilaatikko Upotettu LED <strong><a href=\"https:\/\/ledsteplight.com\/fi\/cree-bridgelux-chip-ip65-led-fixture-for-garden-facade-lighting\/\" class=\"waam-auto-link\" title=\"Maavalaisin\">Maavalaisin<\/a><\/strong> on suunniteltu puhtaaseen, matalan profiilin valaistukseen portaiden, k\u00e4velyteiden ja ulkoisten arkkitehtonisten tilojen yhteydess\u00e4. Se on suunniteltu sopimaan standardiin 86-luukun asennuskokoon, tarjoten turvallisen ja tasaisen asennuksen ilman lis\u00e4leikkauksia tai muokkauksia. Valaisimessa k\u00e4ytet\u00e4\u00e4n korkeatehokasta LED-sirua ja se tuottaa vakaan, tasaisen valaistuksen erinomaisella valoteholla.<\/p>\n<p data-start=\"906\" data-end=\"1341\">Valmistettu valumuottipuhalletusta alumiinista ruostumattoman ter\u00e4skannen kanssa, t\u00e4m\u00e4 valo on suunniteltu pitk\u00e4aikaiseen ulkok\u00e4ytt\u00f6\u00f6n. IP67-vesitiivis luokitus kest\u00e4\u00e4 helposti sadetta, p\u00f6ly\u00e4 ja p\u00e4ivitt\u00e4ist\u00e4 kulutusta. Saatavilla useissa watteissa, v\u00e4ril\u00e4mp\u00f6tiloissa ja s\u00e4teen kulmissa, se soveltuu hyvin asuin- ja kaupallisiin projekteihin\u2014mukaan lukien huviloita, kerrostalojen portaikkoja, hotellien k\u00e4velytiet\u00e4, puutarhapolkuja, uima-altaan vierustoja ja maiseman sis\u00e4\u00e4nk\u00e4yntej\u00e4.<\/p>\n<\/blockquote>","protected":false},"excerpt":{"rendered":"<p data-start=\"3132\" data-end=\"3491\">Upotus-LED-portas- ja maavalaisin 0086-kotelon asennukseen. IP67-vesitiivis, useita wattilukemia ja s\u00e4teenkulmia. Ihanteellinen ulkoportaisiin, k\u00e4velyteihin ja arkkitehtuurivalaisuun.<\/p>","protected":false},"featured_media":37273,"comment_status":"open","ping_status":"closed","template":"","meta":[],"product_brand":[],"product_cat":[116,99,100,426,427,428,439,429,440,430,441,431,442,443,432,433,444,464,445,446,434,435,436,437],"product_tag":[117,102,103,76,77,110,114,115],"class_list":{"0":"post-38032","1":"product","2":"type-product","3":"status-publish","4":"has-post-thumbnail","6":"product_cat-038-series","7":"product_cat-039-series","8":"product_cat-aluminum-ground-light","9":"product_cat-ceiling-recessed","10":"product_cat-ceiling-surface","11":"product_cat-ceiling-suspended","12":"product_cat-commercial","13":"product_cat-drivers","14":"product_cat-education","15":"product_cat-freestanding-light","16":"product_cat-hospitality","17":"product_cat-industrial","18":"product_cat-infrastructure","19":"product_cat-landscape","20":"product_cat-landscaping","21":"product_cat-linear","22":"product_cat-office","23":"product_cat-c-outdoor-lighting","24":"product_cat-residential","25":"product_cat-retail","26":"product_cat-table-lamp","27":"product_cat-track","28":"product_cat-wall-recessed","29":"product_cat-wall-surface","30":"product_tag-038-series","31":"product_tag-039-series","32":"product_tag-aluminum-ground-light","33":"product_tag-aluminum-housing","34":"product_tag-ground-light","35":"product_tag-landscape-light","36":"product_tag-pathway-light","37":"product_tag-recessed-light","39":"first","40":"instock","41":"shipping-taxable","42":"product-type-simple"},"_links":{"self":[{"href":"https:\/\/ledsteplight.com\/fi\/wp-json\/wp\/v2\/product\/38032","targetHints":{"allow":["GET"]}}],"collection":[{"href":"https:\/\/ledsteplight.com\/fi\/wp-json\/wp\/v2\/product"}],"about":[{"href":"https:\/\/ledsteplight.com\/fi\/wp-json\/wp\/v2\/types\/product"}],"replies":[{"embeddable":true,"href":"https:\/\/ledsteplight.com\/fi\/wp-json\/wp\/v2\/comments?post=38032"}],"version-history":[{"count":3,"href":"https:\/\/ledsteplight.com\/fi\/wp-json\/wp\/v2\/product\/38032\/revisions"}],"predecessor-version":[{"id":38634,"href":"https:\/\/ledsteplight.com\/fi\/wp-json\/wp\/v2\/product\/38032\/revisions\/38634"}],"wp:featuredmedia":[{"embeddable":true,"href":"https:\/\/ledsteplight.com\/fi\/wp-json\/wp\/v2\/media\/37273"}],"wp:attachment":[{"href":"https:\/\/ledsteplight.com\/fi\/wp-json\/wp\/v2\/media?parent=38032"}],"wp:term":[{"taxonomy":"product_brand","embeddable":true,"href":"https:\/\/ledsteplight.com\/fi\/wp-json\/wp\/v2\/product_brand?post=38032"},{"taxonomy":"product_cat","embeddable":true,"href":"https:\/\/ledsteplight.com\/fi\/wp-json\/wp\/v2\/product_cat?post=38032"},{"taxonomy":"product_tag","embeddable":true,"href":"https:\/\/ledsteplight.com\/fi\/wp-json\/wp\/v2\/product_tag?post=38032"}],"curies":[{"name":"wp","href":"https:\/\/api.w.org\/{rel}","templated":true}]}}