{"id":38033,"date":"2025-09-08T13:04:17","date_gmt":"2025-09-08T13:04:17","guid":{"rendered":"https:\/\/ledsteplight.com\/import-placeholder-for-37191\/"},"modified":"2026-01-19T02:14:24","modified_gmt":"2026-01-19T02:14:24","slug":"outdoor-pir-motion-sensor-led-security-spotlight-15w-ip65-wall-light","status":"publish","type":"product","link":"https:\/\/ledsteplight.com\/fi\/outdoor-pir-motion-sensor-led-security-spotlight-15w-ip65-wall-light\/","title":{"rendered":"Ulkona PIR Liikeanturi LED Turvavalaisin | 15W IP65 Sein\u00e4nvalo"},"content":{"rendered":"<table data-start=\"45\" data-end=\"980\">\n<thead data-start=\"45\" data-end=\"116\">\n<tr data-start=\"45\" data-end=\"116\">\n<th data-start=\"45\" data-end=\"70\"><strong data-start=\"47\" data-end=\"60\">Parametri<\/strong><\/th>\n<th data-start=\"70\" data-end=\"116\"><strong data-start=\"72\" data-end=\"83\">Yksityiskohdat<\/strong><\/th>\n<\/tr>\n<\/thead>\n<tbody data-start=\"189\" data-end=\"980\">\n<tr data-start=\"189\" data-end=\"260\">\n<td><strong data-start=\"191\" data-end=\"200\">Teho<\/strong><\/td>\n<td>15W<\/td>\n<\/tr>\n<tr data-start=\"261\" data-end=\"332\">\n<td><strong data-start=\"263\" data-end=\"279\">Valonl\u00e4hde<\/strong><\/td>\n<td>LED<\/td>\n<\/tr>\n<tr data-start=\"333\" data-end=\"404\">\n<td><strong data-start=\"335\" data-end=\"352\">Sy\u00f6tt\u00f6j\u00e4nnite<\/strong><\/td>\n<td>AC85-265V<\/td>\n<\/tr>\n<tr data-start=\"405\" data-end=\"476\">\n<td><strong data-start=\"407\" data-end=\"428\"><strong><a href=\"https:\/\/ledsteplight.com\/fi\/dm36b-pro-honeycomb-anti-glare-led-in-ground-light-ip67-24v-dc\/\" class=\"waam-auto-link\" title=\"V\u00e4ril\u00e4mp\u00f6tila\">V\u00e4ril\u00e4mp\u00f6tila<\/a><\/strong><\/strong><\/td>\n<td>3000K (L\u00e4mmin valkoinen) \/ 6000K (Viile\u00e4 valkoinen)<\/td>\n<\/tr>\n<tr data-start=\"477\" data-end=\"548\">\n<td><strong data-start=\"479\" data-end=\"496\">Luminanssi<\/strong><\/td>\n<td>100-110LM\/W<\/td>\n<\/tr>\n<tr data-start=\"549\" data-end=\"620\">\n<td><strong data-start=\"551\" data-end=\"565\">S\u00e4teen kulma<\/strong><\/td>\n<td>120\u00b0<\/td>\n<\/tr>\n<tr data-start=\"621\" data-end=\"692\">\n<td><strong data-start=\"623\" data-end=\"635\">Materiaali<\/strong><\/td>\n<td>Valualumiini<\/td>\n<\/tr>\n<tr data-start=\"693\" data-end=\"764\">\n<td><strong data-start=\"695\" data-end=\"708\">IP-luokitus<\/strong><\/td>\n<td>IP65 (Vesitiivis ja p\u00f6lytiivis)<\/td>\n<\/tr>\n<tr data-start=\"765\" data-end=\"836\">\n<td><strong data-start=\"767\" data-end=\"779\">Kestoik\u00e4<\/strong><\/td>\n<td>40 000 tuntia<\/td>\n<\/tr>\n<tr data-start=\"837\" data-end=\"908\">\n<td><strong data-start=\"839\" data-end=\"862\">Asennustapa<\/strong><\/td>\n<td>Pintakytkent\u00e4<\/td>\n<\/tr>\n<tr data-start=\"909\" data-end=\"980\">\n<td><strong data-start=\"911\" data-end=\"923\">Takuu<\/strong><\/td>\n<td>3 vuotta<\/td>\n<\/tr>\n<\/tbody>\n<\/table>\n<p data-start=\"611\" data-end=\"928\">MG-TSD01-GYD <strong><a href=\"https:\/\/ledsteplight.com\/fi\/pir-sensor-step-light-top-advantages-for-safety\/\" class=\"waam-auto-link\" title=\"liiketunnistimelta\">liiketunnistimelta<\/a><\/strong> MG-TSD01-GYD liiketunnistimella varustettu liiketunnistinspotlight tarjoaa luotettavaa valaistusta ulko- ja polkualueille, rakennusten sis\u00e4\u00e4nk\u00e4ynneille, pys\u00e4k\u00f6intialueille ja rajaturvallisuustiloihin. Sis\u00e4\u00e4nrakennetun PIR-tunnistimen ansiosta valo syttyy automaattisesti, kun liikett\u00e4 havaitaan, ja sammuu, kun alue on vapaa, mik\u00e4 auttaa v\u00e4hent\u00e4m\u00e4\u00e4n tarpeetonta energiankulutusta.<\/p>\n<p data-start=\"930\" data-end=\"1295\">Valmistettu painoalumiinista, IP65-luokituksella, t\u00e4m\u00e4 valaisin on suunniteltu kest\u00e4m\u00e4\u00e4n sadetta, p\u00f6ly\u00e4 ja p\u00e4ivitt\u00e4ist\u00e4 ulkok\u00e4ytt\u00f6\u00e4. Laaja 120\u00b0 s\u00e4dekeh\u00e4 tarjoaa laajan valon, mik\u00e4 tekee siit\u00e4 sopivan sek\u00e4 asuin- ett\u00e4 liikerakennuksiin. Saatavilla l\u00e4mpim\u00e4n ja viile\u00e4n valkoisina vaihtoehtoina, on helppo yhdist\u00e4\u00e4 <strong><a href=\"https:\/\/ledsteplight.com\/fi\/cree-bridgelux-chip-ip65-led-fixture-for-garden-facade-lighting\/\" class=\"waam-auto-link\" title=\"arkkitehtuurista valaistusta\">arkkitehtuurista valaistusta<\/a><\/strong> tyylien ja projektivaatimusten kanssa.<\/p>\n<p data-start=\"930\" data-end=\"1295\">","protected":false},"excerpt":{"rendered":"<p data-start=\"4269\" data-end=\"4615\">15W ulkok\u00e4ytt\u00f6\u00f6n tarkoitettu liiketunnistimellinen LED-spotlight IP65-sadevesitiivis suunnittelu. Ihanteellinen rakennusten sis\u00e4\u00e4nk\u00e4ynneille, k\u00e4velyteille ja turvavalaisuun. Kest\u00e4v\u00e4 valukalustettu alumiinikotelo energians\u00e4\u00e4st\u00f6automatiikalla.<\/p>","protected":false},"featured_media":37285,"comment_status":"open","ping_status":"closed","template":"","meta":[],"product_brand":[],"product_cat":[426,427,428,439,429,440,430,441,431,442,443,432,433,444,464,445,446,434,435,436,437],"product_tag":[111,110,109,114,115],"class_list":{"0":"post-38033","1":"product","2":"type-product","3":"status-publish","4":"has-post-thumbnail","6":"product_cat-ceiling-recessed","7":"product_cat-ceiling-surface","8":"product_cat-ceiling-suspended","9":"product_cat-commercial","10":"product_cat-drivers","11":"product_cat-education","12":"product_cat-freestanding-light","13":"product_cat-hospitality","14":"product_cat-industrial","15":"product_cat-infrastructure","16":"product_cat-landscape","17":"product_cat-landscaping","18":"product_cat-linear","19":"product_cat-office","20":"product_cat-c-outdoor-lighting","21":"product_cat-residential","22":"product_cat-retail","23":"product_cat-table-lamp","24":"product_cat-track","25":"product_cat-wall-recessed","26":"product_cat-wall-surface","27":"product_tag-garden-lighting","28":"product_tag-landscape-light","29":"product_tag-led-fixture","30":"product_tag-pathway-light","31":"product_tag-recessed-light","33":"first","34":"instock","35":"shipping-taxable","36":"product-type-simple"},"_links":{"self":[{"href":"https:\/\/ledsteplight.com\/fi\/wp-json\/wp\/v2\/product\/38033","targetHints":{"allow":["GET"]}}],"collection":[{"href":"https:\/\/ledsteplight.com\/fi\/wp-json\/wp\/v2\/product"}],"about":[{"href":"https:\/\/ledsteplight.com\/fi\/wp-json\/wp\/v2\/types\/product"}],"replies":[{"embeddable":true,"href":"https:\/\/ledsteplight.com\/fi\/wp-json\/wp\/v2\/comments?post=38033"}],"version-history":[{"count":3,"href":"https:\/\/ledsteplight.com\/fi\/wp-json\/wp\/v2\/product\/38033\/revisions"}],"predecessor-version":[{"id":38635,"href":"https:\/\/ledsteplight.com\/fi\/wp-json\/wp\/v2\/product\/38033\/revisions\/38635"}],"wp:featuredmedia":[{"embeddable":true,"href":"https:\/\/ledsteplight.com\/fi\/wp-json\/wp\/v2\/media\/37285"}],"wp:attachment":[{"href":"https:\/\/ledsteplight.com\/fi\/wp-json\/wp\/v2\/media?parent=38033"}],"wp:term":[{"taxonomy":"product_brand","embeddable":true,"href":"https:\/\/ledsteplight.com\/fi\/wp-json\/wp\/v2\/product_brand?post=38033"},{"taxonomy":"product_cat","embeddable":true,"href":"https:\/\/ledsteplight.com\/fi\/wp-json\/wp\/v2\/product_cat?post=38033"},{"taxonomy":"product_tag","embeddable":true,"href":"https:\/\/ledsteplight.com\/fi\/wp-json\/wp\/v2\/product_tag?post=38033"}],"curies":[{"name":"wp","href":"https:\/\/api.w.org\/{rel}","templated":true}]}}