{"id":38034,"date":"2025-09-08T13:04:18","date_gmt":"2025-09-08T13:04:18","guid":{"rendered":"https:\/\/ledsteplight.com\/import-placeholder-for-37192\/"},"modified":"2026-01-19T02:14:23","modified_gmt":"2026-01-19T02:14:23","slug":"mg-dm80c-8w-recessed-ground-light-indoor-led-in-ground-lighting-fixture","status":"publish","type":"product","link":"https:\/\/ledsteplight.com\/fi\/mg-dm80c-8w-recessed-ground-light-indoor-led-in-ground-lighting-fixture\/","title":{"rendered":"MG-DM80c 8W upotettava maavalaisin \u2013 Sis\u00e4tilojen LED-maanalainen valaistuslaite"},"content":{"rendered":"<blockquote>\n<table data-start=\"114\" data-end=\"1000\">\n<thead data-start=\"114\" data-end=\"184\">\n<tr data-start=\"114\" data-end=\"184\">\n<th data-start=\"114\" data-end=\"138\"><strong data-start=\"116\" data-end=\"129\">Parametri<\/strong><\/th>\n<th data-start=\"138\" data-end=\"184\"><strong data-start=\"140\" data-end=\"157\">M\u00e4\u00e4ritys<\/strong><\/th>\n<\/tr>\n<\/thead>\n<tbody data-start=\"253\" data-end=\"1000\">\n<tr data-start=\"253\" data-end=\"320\">\n<td><strong data-start=\"255\" data-end=\"272\">Tuotemalli<\/strong><\/td>\n<td>MG-DM80c<\/td>\n<\/tr>\n<tr data-start=\"321\" data-end=\"388\">\n<td><strong data-start=\"323\" data-end=\"339\">Tuotteen koko<\/strong><\/td>\n<td>\u03c680mm x 30mm<\/td>\n<\/tr>\n<tr data-start=\"389\" data-end=\"456\">\n<td><strong data-start=\"391\" data-end=\"407\">Leikkauskoon koko<\/strong><\/td>\n<td>\u03c670mm<\/td>\n<\/tr>\n<tr data-start=\"457\" data-end=\"524\">\n<td><strong data-start=\"459\" data-end=\"475\">Valonl\u00e4hde<\/strong><\/td>\n<td>Korkean tehokkuuden COB LED<\/td>\n<\/tr>\n<tr data-start=\"525\" data-end=\"592\">\n<td><strong data-start=\"527\" data-end=\"538\">Teho<\/strong><\/td>\n<td>8W<\/td>\n<\/tr>\n<tr data-start=\"593\" data-end=\"660\">\n<td><strong data-start=\"595\" data-end=\"616\">V\u00e4ril\u00e4mp\u00f6tila<\/strong><\/td>\n<td>4000K \/ 6000K (Viile\u00e4 valkoinen)<\/td>\n<\/tr>\n<tr data-start=\"661\" data-end=\"728\">\n<td><strong data-start=\"663\" data-end=\"680\">Sy\u00f6tt\u00f6j\u00e4nnite<\/strong><\/td>\n<td>AC100-240V \/ DC12\/24V<\/td>\n<\/tr>\n<tr data-start=\"729\" data-end=\"796\">\n<td><strong data-start=\"731\" data-end=\"741\">Ohjain<\/strong><\/td>\n<td>Integroitu DC24V-ohjain<\/td>\n<\/tr>\n<tr data-start=\"797\" data-end=\"864\">\n<td><strong data-start=\"799\" data-end=\"811\">Materiaali<\/strong><\/td>\n<td>Alumiini<\/td>\n<\/tr>\n<tr data-start=\"865\" data-end=\"932\">\n<td><strong data-start=\"867\" data-end=\"880\">IP-luokitus<\/strong><\/td>\n<td>IP20 (Sis\u00e4k\u00e4ytt\u00f6\u00f6n)<\/td>\n<\/tr>\n<tr data-start=\"933\" data-end=\"1000\">\n<td><strong data-start=\"935\" data-end=\"951\">Asennus<\/strong><\/td>\n<td>Upotettu kattokiinnitys<\/td>\n<\/tr>\n<\/tbody>\n<\/table>\n<p data-start=\"343\" data-end=\"792\"><strong data-start=\"347\" data-end=\"385\">MG-DM80c upotettava LED <strong><a href=\"https:\/\/ledsteplight.com\/fi\/5w-led-in-ground-lights-ip65-waterproof-outdoor-driveway-garden-floor-lighting\/\" class=\"waam-auto-link\" title=\"maavalaisin\">maavalaisin<\/a><\/strong><\/strong> on suunniteltu moderniin <strong data-start=\"409\" data-end=\"435\">sis\u00e4tiloissa <strong><a href=\"https:\/\/ledsteplight.com\/fi\/ultimate-guide-to-landscape-inground-lighting-solutions\/\" class=\"waam-auto-link\" title=\"maa-valaistus\">maa-valaistus<\/a><\/strong><\/strong> ja <strong data-start=\"440\" data-end=\"468\">kattokiinnityksiin<\/strong>. Ominaisuuksinaan <strong data-start=\"482\" data-end=\"509\">korkean tehokkuuden COB LED<\/strong> ja kest\u00e4v\u00e4 <strong data-start=\"522\" data-end=\"542\">alumiininen kotelo<\/strong>, se tarjoaa kirkkaan ja tasaisen <strong><a href=\"https:\/\/ledsteplight.com\/fi\/pir-sensor-step-light-top-advantages-for-safety\/\" class=\"waam-auto-link\" title=\"valaistuksen luomiseksi\">valaistuksen luomiseksi<\/a><\/strong> ihanteellinen <strong data-start=\"598\" data-end=\"669\">k\u00e4yt\u00e4viin, gallerioihin, n\u00e4yttelytiloihin ja <strong><a href=\"https:\/\/ledsteplight.com\/fi\/cree-bridgelux-chip-ip65-led-fixture-for-garden-facade-lighting\/\" class=\"waam-auto-link\" title=\"arkkitehtuurista valaistusta\">arkkitehtuurista valaistusta<\/a><\/strong> projektit<\/strong>. Sen kanssa <strong data-start=\"680\" data-end=\"702\">kompakti \u03c680mm koko<\/strong>, t\u00e4m\u00e4 <strong data-start=\"709\" data-end=\"734\">maahan upotettava LED-valaistus<\/strong> tarjoaa sek\u00e4 esteettist\u00e4 vieh\u00e4tyst\u00e4 ett\u00e4 k\u00e4yt\u00e4nn\u00f6llist\u00e4 suorituskyky\u00e4.<\/p>\n<hr data-start=\"794\" data-end=\"797\" \/>\n<h2 data-start=\"799\" data-end=\"821\"><strong data-start=\"802\" data-end=\"819\">Keskeiset ominaisuudet:<\/strong><\/h2>\n<ul data-start=\"822\" data-end=\"1664\">\n<li data-start=\"822\" data-end=\"910\">\n<p data-start=\"824\" data-end=\"910\"><strong data-start=\"824\" data-end=\"851\">Korkean tehokkuuden COB LED<\/strong> \u2013 Tarjoaa vakaan kirkkautta matalalla <strong><a href=\"https:\/\/ledsteplight.com\/fi\/dm36b-pro-honeycomb-anti-glare-led-in-ground-light-ip67-24v-dc\/\" class=\"waam-auto-link\" title=\"s\u00e4hk\u00f6nkulutusta\">s\u00e4hk\u00f6nkulutusta<\/a><\/strong>.<\/p>\n<\/li>\n<li data-start=\"911\" data-end=\"1007\">\n<p data-start=\"913\" data-end=\"1007\"><strong data-start=\"913\" data-end=\"932\">8W Tehontulo<\/strong> \u2013 Tuottaa korkeaa valotehokkuutta, ihanteellinen korostus- tai polkuvalaistukseen.<\/p>\n<\/li>\n<li data-start=\"1008\" data-end=\"1119\">\n<p data-start=\"1010\" data-end=\"1119\"><strong data-start=\"1010\" data-end=\"1042\">Upotettu asennussuunnittelu<\/strong> \u2013 Integroituu saumattomasti kattoihin tai lattioihin puhtaan, minimalistisen ilmeen saavuttamiseksi.<\/p>\n<\/li>\n<li data-start=\"1120\" data-end=\"1217\">\n<p data-start=\"1122\" data-end=\"1217\"><strong data-start=\"1122\" data-end=\"1155\">Premium-alumiinirakenne<\/strong> \u2013 Takaa erinomaisen l\u00e4mm\u00f6nhukan ja pitk\u00e4n k\u00e4ytt\u00f6i\u00e4n.<\/p>\n<\/li>\n<li data-start=\"1218\" data-end=\"1339\">\n<p data-start=\"1220\" data-end=\"1339\"><strong data-start=\"1220\" data-end=\"1267\">Useita v\u00e4ril\u00e4mp\u00f6tiloja (4000K \/ 6000K)<\/strong> \u2013 Valitse neutraali tai kylm\u00e4 valkoinen sisustukseesi sopivaksi.<\/p>\n<\/li>\n<li data-start=\"1340\" data-end=\"1458\">\n<p data-start=\"1342\" data-end=\"1458\"><strong data-start=\"1342\" data-end=\"1401\">Laaja j\u00e4nniteyhteensopivuus (AC100-240V \/ DC12V \/ DC24V)<\/strong> \u2013 Sopii sek\u00e4 asuin- ett\u00e4 liikerakennuksiin.<\/p>\n<\/li>\n<li data-start=\"1459\" data-end=\"1544\">\n<p data-start=\"1461\" data-end=\"1544\"><strong data-start=\"1461\" data-end=\"1488\">Integroitu DC24V-ohjain<\/strong> \u2013 Vakaa virtal\u00e4hde tasaisen valaistuksen varmistamiseksi.<\/p>\n<\/li>\n<li data-start=\"1545\" data-end=\"1664\">\n<p data-start=\"1547\" data-end=\"1664\"><strong data-start=\"1547\" data-end=\"1573\">IP20-suojausluokka<\/strong> \u2013 Sopii sis\u00e4tiloihin kuten k\u00e4yt\u00e4viin, auloihin, toimistoihin ja n\u00e4yttelyalueisiin.<\/p>\n<\/li>\n<\/ul>\n<\/blockquote>","protected":false},"excerpt":{"rendered":"<p>Osta MG-DM80c 8W upotettava maavalaisin, suunniteltu moderniin sis\u00e4valaistukseen. Varustettu COB LEDill\u00e4, alumiinikuorella ja laajalla j\u00e4nnitealueella, t\u00e4m\u00e4 maahan asennettava LED-valaistus tarjoaa tehokkaan, kirkkaan ja pitk\u00e4kestoisen valaistuksen katoille, poluille ja sis\u00e4tilojen suunnitteluun.<\/p>","protected":false},"featured_media":37288,"comment_status":"open","ping_status":"closed","template":"","meta":[],"product_brand":[],"product_cat":[99,100,426,427,428,439,429,440,430,441,431,442,443,432,433,444,464,445,446,434,435,436,437],"product_tag":[102,103,76,111,109,114,115],"class_list":{"0":"post-38034","1":"product","2":"type-product","3":"status-publish","4":"has-post-thumbnail","6":"product_cat-039-series","7":"product_cat-aluminum-ground-light","8":"product_cat-ceiling-recessed","9":"product_cat-ceiling-surface","10":"product_cat-ceiling-suspended","11":"product_cat-commercial","12":"product_cat-drivers","13":"product_cat-education","14":"product_cat-freestanding-light","15":"product_cat-hospitality","16":"product_cat-industrial","17":"product_cat-infrastructure","18":"product_cat-landscape","19":"product_cat-landscaping","20":"product_cat-linear","21":"product_cat-office","22":"product_cat-c-outdoor-lighting","23":"product_cat-residential","24":"product_cat-retail","25":"product_cat-table-lamp","26":"product_cat-track","27":"product_cat-wall-recessed","28":"product_cat-wall-surface","29":"product_tag-039-series","30":"product_tag-aluminum-ground-light","31":"product_tag-aluminum-housing","32":"product_tag-garden-lighting","33":"product_tag-led-fixture","34":"product_tag-pathway-light","35":"product_tag-recessed-light","37":"first","38":"instock","39":"shipping-taxable","40":"product-type-simple"},"_links":{"self":[{"href":"https:\/\/ledsteplight.com\/fi\/wp-json\/wp\/v2\/product\/38034","targetHints":{"allow":["GET"]}}],"collection":[{"href":"https:\/\/ledsteplight.com\/fi\/wp-json\/wp\/v2\/product"}],"about":[{"href":"https:\/\/ledsteplight.com\/fi\/wp-json\/wp\/v2\/types\/product"}],"replies":[{"embeddable":true,"href":"https:\/\/ledsteplight.com\/fi\/wp-json\/wp\/v2\/comments?post=38034"}],"version-history":[{"count":3,"href":"https:\/\/ledsteplight.com\/fi\/wp-json\/wp\/v2\/product\/38034\/revisions"}],"predecessor-version":[{"id":38620,"href":"https:\/\/ledsteplight.com\/fi\/wp-json\/wp\/v2\/product\/38034\/revisions\/38620"}],"wp:featuredmedia":[{"embeddable":true,"href":"https:\/\/ledsteplight.com\/fi\/wp-json\/wp\/v2\/media\/37288"}],"wp:attachment":[{"href":"https:\/\/ledsteplight.com\/fi\/wp-json\/wp\/v2\/media?parent=38034"}],"wp:term":[{"taxonomy":"product_brand","embeddable":true,"href":"https:\/\/ledsteplight.com\/fi\/wp-json\/wp\/v2\/product_brand?post=38034"},{"taxonomy":"product_cat","embeddable":true,"href":"https:\/\/ledsteplight.com\/fi\/wp-json\/wp\/v2\/product_cat?post=38034"},{"taxonomy":"product_tag","embeddable":true,"href":"https:\/\/ledsteplight.com\/fi\/wp-json\/wp\/v2\/product_tag?post=38034"}],"curies":[{"name":"wp","href":"https:\/\/api.w.org\/{rel}","templated":true}]}}