{"id":38036,"date":"2025-09-08T13:04:18","date_gmt":"2025-09-08T13:04:18","guid":{"rendered":"https:\/\/ledsteplight.com\/import-placeholder-for-37194\/"},"modified":"2026-01-19T02:14:22","modified_gmt":"2026-01-19T02:14:22","slug":"1w-mini-led-inground-light-dc24v-ip65-outdoor-path-uplight","status":"publish","type":"product","link":"https:\/\/ledsteplight.com\/fi\/1w-mini-led-inground-light-dc24v-ip65-outdoor-path-uplight\/","title":{"rendered":"1W Mini LED maahan upotettava valo DC24V IP65 ulkoilman polku yl\u00f6svalo"},"content":{"rendered":"<div class=\"flex max-w-full flex-col flex-grow\">\n<div class=\"min-h-8 text-message relative flex w-full flex-col items-end gap-2 whitespace-normal break-words text-start [.text-message+&amp;]:mt-5\" dir=\"auto\" data-message-author-role=\"assistant\" data-message-id=\"e3ab099c-e5cb-4f5f-bf42-b4820ed3f3de\" data-message-model-slug=\"o3-mini\">\n<div class=\"flex w-full flex-col gap-1 empty:hidden first:pt-[3px]\">\n<div class=\"markdown prose w-full break-words dark:prose-invert light\">\n<table data-start=\"69\" data-end=\"1691\" data-is-last-node=\"\" data-is-only-node=\"\">\n<thead data-start=\"69\" data-end=\"158\">\n<tr data-start=\"69\" data-end=\"158\">\n<th data-start=\"69\" data-end=\"96\"><strong data-start=\"71\" data-end=\"84\">Parametri<\/strong><\/th>\n<th data-start=\"96\" data-end=\"158\"><strong data-start=\"98\" data-end=\"115\">M\u00e4\u00e4ritys<\/strong><\/th>\n<\/tr>\n<\/thead>\n<tbody data-start=\"249\" data-end=\"1691\" data-is-last-node=\"\">\n<tr data-start=\"249\" data-end=\"338\">\n<td><strong data-start=\"251\" data-end=\"268\">Tuotemalli<\/strong><\/td>\n<td>MG-BD035-50C<\/td>\n<\/tr>\n<tr data-start=\"339\" data-end=\"428\">\n<td><strong data-start=\"341\" data-end=\"357\">Tuotteen koko<\/strong><\/td>\n<td>\u03c650 * H35mm<\/td>\n<\/tr>\n<tr data-start=\"429\" data-end=\"518\">\n<td><strong data-start=\"431\" data-end=\"443\">Leikkauskoko<\/strong><\/td>\n<td>\u03c646 * H75mm (sis\u00e4lt\u00e4en upotetun laatikon mitat)<\/td>\n<\/tr>\n<tr data-start=\"519\" data-end=\"608\">\n<td><strong data-start=\"521\" data-end=\"541\">Toiminton\u00e4pp\u00e4in<\/strong><\/td>\n<td>Ei saatavilla<\/td>\n<\/tr>\n<tr data-start=\"609\" data-end=\"698\">\n<td><strong data-start=\"611\" data-end=\"627\">Valonl\u00e4hde<\/strong><\/td>\n<td>OSRAM \/ CREE \/ 3014 SMD<\/td>\n<\/tr>\n<tr data-start=\"699\" data-end=\"788\">\n<td><strong data-start=\"701\" data-end=\"710\">Watit<\/strong><\/td>\n<td>1W (350mA)<\/td>\n<\/tr>\n<tr data-start=\"789\" data-end=\"878\">\n<td><strong data-start=\"791\" data-end=\"801\">Paino<\/strong><\/td>\n<td>0.45kg<\/td>\n<\/tr>\n<tr data-start=\"879\" data-end=\"970\">\n<td><strong data-start=\"881\" data-end=\"893\">Vaihtovirta Sis\u00e4\u00e4ntulo<\/strong><\/td>\n<td>100-240V, 50-60Hz \/ DC12\/24V<\/td>\n<\/tr>\n<tr data-start=\"971\" data-end=\"1060\">\n<td><strong data-start=\"973\" data-end=\"983\">Ohjain<\/strong><\/td>\n<td>DC24V<\/td>\n<\/tr>\n<tr data-start=\"1061\" data-end=\"1150\">\n<td><strong data-start=\"1063\" data-end=\"1082\">Heijastimen kulma<\/strong><\/td>\n<td>Ei saatavilla<\/td>\n<\/tr>\n<tr data-start=\"1151\" data-end=\"1241\">\n<td><strong data-start=\"1153\" data-end=\"1174\">V\u00e4ril\u00e4mp\u00f6tila<\/strong><\/td>\n<td>3000K, 4000K, 5700K<\/td>\n<\/tr>\n<tr data-start=\"1242\" data-end=\"1331\">\n<td><strong data-start=\"1244\" data-end=\"1258\">Liit\u00e4nt\u00e4<\/strong><\/td>\n<td>Ei saatavilla<\/td>\n<\/tr>\n<tr data-start=\"1332\" data-end=\"1421\">\n<td><strong data-start=\"1334\" data-end=\"1346\">Materiaali<\/strong><\/td>\n<td>Alumiini<\/td>\n<\/tr>\n<tr data-start=\"1422\" data-end=\"1511\">\n<td><strong data-start=\"1424\" data-end=\"1433\">V\u00e4ri<\/strong><\/td>\n<td>Valkoinen, Musta<\/td>\n<\/tr>\n<tr data-start=\"1512\" data-end=\"1601\">\n<td><strong data-start=\"1514\" data-end=\"1520\">IP<\/strong><\/td>\n<td>IP65<\/td>\n<\/tr>\n<tr data-start=\"1602\" data-end=\"1691\" data-is-last-node=\"\">\n<td><strong data-start=\"1604\" data-end=\"1620\">Asennus<\/strong><\/td>\n<td>Upotettu (sis\u00e4lt\u00e4\u00e4 upotetut komponentit)<\/td>\n<\/tr>\n<\/tbody>\n<\/table>\n<p data-path-to-node=\"14\"><b>MG-BD035-50C<\/b>, premium <b>1W Mini LED Maahan Asennettava Valo<\/b> suunniteltu moderniin arkkitehtuuriin. Monipuolisena ratkaisuna <b><strong><a href=\"https:\/\/ledsteplight.com\/fi\/5w-led-in-ground-lights-ip65-waterproof-outdoor-driveway-garden-floor-lighting\/\" class=\"waam-auto-link\" title=\"ulkotason maavalaisuun\">ulkotason maavalaisuun<\/a><\/strong><\/b>, t\u00e4m\u00e4 valaisin tarjoaa hienostuneen estetiikan k\u00e4velyteille, puutarhoihin ja terasseihin. Tarvitsetpa sitten <b>maisemareitin valaistusta<\/b> tai hienovaraista <b>kohdevalaistusta maisemassa<\/b> puille ja seinille, t\u00e4m\u00e4 kompakti laite takaa korkean suorituskyvyn.<\/p>\n<p data-path-to-node=\"15\"><b>Keskeiset ominaisuudet ja edut<\/b><\/p>\n<ul data-path-to-node=\"16\">\n<li>\n<p data-path-to-node=\"16,0,0\"><b>Matala j\u00e4nnite turvallisuus:<\/b> Toimii <b>DC12V\/24V<\/b>, t\u00e4m\u00e4 valaisin kuuluu <b>matalan j\u00e4nnitteen <strong><a href=\"https:\/\/ledsteplight.com\/fi\/the-ultimate-guide-to-led-landscape-lighting-design-installation-and-costs\/\" class=\"waam-auto-link\" title=\"LED-maisemavalaistuksella\">LED-maisemavalaistuksella<\/a><\/strong><\/b>, mik\u00e4 takaa turvallisuuden lapsille ja lemmikeille samalla kun v\u00e4hent\u00e4\u00e4 energiakustannuksia. Se on yhteensopiva standardin <b>12V maisemavalaisun kanssa<\/b> j\u00e4rjestelmien kanssa.<\/p>\n<\/li>\n<li>\n<p data-path-to-node=\"16,1,0\"><b>Kest\u00e4vyys ja suojaus:<\/b> Valmistettu korkealaatuisesta alumiinista <b>IP65 vedenpit\u00e4v\u00e4<\/b> luokituksella, n\u00e4m\u00e4 <b><strong><a href=\"https:\/\/ledsteplight.com\/fi\/mistakes-to-avoid-when-installing-in-ground-driveway-lights\/\" class=\"waam-auto-link\" title=\"ulkok\u00e4ytt\u00f6\u00f6n tarkoitetut maavalot\">ulkok\u00e4ytt\u00f6\u00f6n tarkoitetut maavalot<\/a><\/strong><\/b> on rakennettu kest\u00e4m\u00e4\u00e4n sadetta, p\u00f6ly\u00e4 ja ankaria s\u00e4\u00e4olosuhteita. Ihanteellinen <b>vedenpit\u00e4viin maisemavalaisin<\/b> projekteihin.<\/p>\n<\/li>\n<li>\n<p data-path-to-node=\"16,2,0\"><b>Ensiluokkainen valonl\u00e4hde:<\/b> Varustettu huippuluokan <b>OSRAM \/ CREE \/ 3014 SMD<\/b> siruilla, jotka tarjoavat vakaan valotehon 3000K (L\u00e4mmin valkoinen), 4000K (Luonnonvalkoinen) tai 5700K (Viile\u00e4 valkoinen) vastaamaan <b>nykyaikaista maisemavalaisin<\/b> suunnittelua.<\/p>\n<\/li>\n<li>\n<p data-path-to-node=\"16,3,0\"><b>Helppo asennus:<\/b> Suunniteltu <b>upotettaviksi valoiksi maahan<\/b>, yksik\u00f6n mukana tulee upotusrasia (leikkauskoko: \u03c646 * K75mm) turvallista asennusta varten betoniin, pihakiveyksiin tai puukansiin.<\/p>\n<\/li>\n<\/ul>\n<\/div>\n<\/div>\n<\/div>\n<\/div>\n<p>&nbsp;<\/p>","protected":false},"excerpt":{"rendered":"<p>Kauppa MG-BD035-50C 1W Mini LED maanalainen valo. IP65-vesitiivis, DC12V\/24V matalan j\u00e4nnitteen turvallisuus. T\u00e4ydelliset alumiiniset ulkoiset maanalaiset valot maisemareiteille, puutarhoihin ja terasseihin<\/p>","protected":false},"featured_media":37297,"comment_status":"open","ping_status":"closed","template":"","meta":[],"product_brand":[],"product_cat":[100,426,427,428,439,429,440,430,441,431,442,443,432,433,444,112,464,445,446,106,434,435,128,436,437],"product_tag":[103,76,77,113,78,108,129],"class_list":{"0":"post-38036","1":"product","2":"type-product","3":"status-publish","4":"has-post-thumbnail","6":"product_cat-aluminum-ground-light","7":"product_cat-ceiling-recessed","8":"product_cat-ceiling-surface","9":"product_cat-ceiling-suspended","10":"product_cat-commercial","11":"product_cat-drivers","12":"product_cat-education","13":"product_cat-freestanding-light","14":"product_cat-hospitality","15":"product_cat-industrial","16":"product_cat-infrastructure","17":"product_cat-landscape","18":"product_cat-landscaping","19":"product_cat-linear","20":"product_cat-office","21":"product_cat-outdoor-ground-light","22":"product_cat-c-outdoor-lighting","23":"product_cat-residential","24":"product_cat-retail","25":"product_cat-round-ground-light","26":"product_cat-table-lamp","27":"product_cat-track","28":"product_cat-wall-light-series","29":"product_cat-wall-recessed","30":"product_cat-wall-surface","31":"product_tag-aluminum-ground-light","32":"product_tag-aluminum-housing","33":"product_tag-ground-light","34":"product_tag-outdoor-ground-light","35":"product_tag-outdoor-lighting","36":"product_tag-round-ground-light","37":"product_tag-wall-light-series","39":"first","40":"instock","41":"featured","42":"downloadable","43":"shipping-taxable","44":"product-type-simple"},"_links":{"self":[{"href":"https:\/\/ledsteplight.com\/fi\/wp-json\/wp\/v2\/product\/38036","targetHints":{"allow":["GET"]}}],"collection":[{"href":"https:\/\/ledsteplight.com\/fi\/wp-json\/wp\/v2\/product"}],"about":[{"href":"https:\/\/ledsteplight.com\/fi\/wp-json\/wp\/v2\/types\/product"}],"replies":[{"embeddable":true,"href":"https:\/\/ledsteplight.com\/fi\/wp-json\/wp\/v2\/comments?post=38036"}],"version-history":[{"count":3,"href":"https:\/\/ledsteplight.com\/fi\/wp-json\/wp\/v2\/product\/38036\/revisions"}],"predecessor-version":[{"id":38622,"href":"https:\/\/ledsteplight.com\/fi\/wp-json\/wp\/v2\/product\/38036\/revisions\/38622"}],"wp:featuredmedia":[{"embeddable":true,"href":"https:\/\/ledsteplight.com\/fi\/wp-json\/wp\/v2\/media\/37297"}],"wp:attachment":[{"href":"https:\/\/ledsteplight.com\/fi\/wp-json\/wp\/v2\/media?parent=38036"}],"wp:term":[{"taxonomy":"product_brand","embeddable":true,"href":"https:\/\/ledsteplight.com\/fi\/wp-json\/wp\/v2\/product_brand?post=38036"},{"taxonomy":"product_cat","embeddable":true,"href":"https:\/\/ledsteplight.com\/fi\/wp-json\/wp\/v2\/product_cat?post=38036"},{"taxonomy":"product_tag","embeddable":true,"href":"https:\/\/ledsteplight.com\/fi\/wp-json\/wp\/v2\/product_tag?post=38036"}],"curies":[{"name":"wp","href":"https:\/\/api.w.org\/{rel}","templated":true}]}}