{"id":38037,"date":"2025-09-08T13:04:18","date_gmt":"2025-09-08T13:04:18","guid":{"rendered":"https:\/\/ledsteplight.com\/import-placeholder-for-37195\/"},"modified":"2026-01-19T02:14:22","modified_gmt":"2026-01-19T02:14:22","slug":"wb30rc-outdoor-stair-wall-light-hotel-corridor-lighting-manufacturer","status":"publish","type":"product","link":"https:\/\/ledsteplight.com\/fi\/wb30rc-outdoor-stair-wall-light-hotel-corridor-lighting-manufacturer\/","title":{"rendered":"WB30Rc Ulkona portaiden sein\u00e4valo | Hotelli- ja k\u00e4yt\u00e4v\u00e4valaistuksen valmistaja"},"content":{"rendered":"<table data-start=\"72\" data-end=\"1252\">\n<thead data-start=\"72\" data-end=\"162\">\n<tr data-start=\"72\" data-end=\"162\">\n<th data-start=\"72\" data-end=\"100\"><strong data-start=\"74\" data-end=\"87\">Parametri<\/strong><\/th>\n<th data-start=\"100\" data-end=\"162\"><strong data-start=\"102\" data-end=\"119\">M\u00e4\u00e4ritys<\/strong><\/th>\n<\/tr>\n<\/thead>\n<tbody data-start=\"254\" data-end=\"1252\">\n<tr data-start=\"254\" data-end=\"347\">\n<td><strong data-start=\"256\" data-end=\"265\">Otsikko<\/strong><\/td>\n<td>MG-WB30Rc Ultra-slim LED <strong><a href=\"https:\/\/ledsteplight.com\/fi\/cree-bridgelux-chip-ip65-led-fixture-for-garden-facade-lighting\/\" class=\"waam-auto-link\" title=\"Sein\u00e4valo\">Sein\u00e4valo<\/a><\/strong> | 5W, IP65, Himmennett\u00e4v\u00e4 Nyt<\/td>\n<\/tr>\n<tr data-start=\"348\" data-end=\"437\">\n<td><strong data-start=\"350\" data-end=\"367\">Tuotemalli<\/strong><\/td>\n<td>MG-WB30Rc<\/td>\n<\/tr>\n<tr data-start=\"438\" data-end=\"528\">\n<td><strong data-start=\"440\" data-end=\"454\">Mitat<\/strong><\/td>\n<td>\u00d870mm x K150mm x 30mm syvyys<\/td>\n<\/tr>\n<tr data-start=\"529\" data-end=\"619\">\n<td><strong data-start=\"531\" data-end=\"545\">LED-moduuli<\/strong><\/td>\n<td>Korkean tehokkuuden 5W LED<\/td>\n<\/tr>\n<tr data-start=\"620\" data-end=\"710\">\n<td><strong data-start=\"622\" data-end=\"643\"><strong><a href=\"https:\/\/ledsteplight.com\/fi\/dm36b-pro-honeycomb-anti-glare-led-in-ground-light-ip67-24v-dc\/\" class=\"waam-auto-link\" title=\"V\u00e4ril\u00e4mp\u00f6tila\">V\u00e4ril\u00e4mp\u00f6tila<\/a><\/strong><\/strong><\/td>\n<td>3000K \/ 4000K \/ 5700K<\/td>\n<\/tr>\n<tr data-start=\"711\" data-end=\"801\">\n<td><strong data-start=\"713\" data-end=\"730\">Sy\u00f6tt\u00f6j\u00e4nnite<\/strong><\/td>\n<td>AC100-240V, 50-60Hz<\/td>\n<\/tr>\n<tr data-start=\"802\" data-end=\"890\">\n<td><strong data-start=\"804\" data-end=\"814\">Ohjain<\/strong><\/td>\n<td>Integroitu vakioj\u00e4nnitteen (DC24V)<\/td>\n<\/tr>\n<tr data-start=\"891\" data-end=\"981\">\n<td><strong data-start=\"893\" data-end=\"905\">Materiaali<\/strong><\/td>\n<td>Valualumiini<\/td>\n<\/tr>\n<tr data-start=\"982\" data-end=\"1072\">\n<td><strong data-start=\"984\" data-end=\"994\">Pinta<\/strong><\/td>\n<td>Valkoinen \/ Musta<\/td>\n<\/tr>\n<tr data-start=\"1073\" data-end=\"1163\">\n<td><strong data-start=\"1075\" data-end=\"1088\">IP-luokitus<\/strong><\/td>\n<td>IP65<\/td>\n<\/tr>\n<tr data-start=\"1164\" data-end=\"1252\">\n<td><strong data-start=\"1166\" data-end=\"1186\">Himmennystoiminto<\/strong><\/td>\n<td>Valinnainen (yhteensopivalla ohjaimella)<\/td>\n<\/tr>\n<\/tbody>\n<\/table>\n<p data-start=\"897\" data-end=\"1276\"><strong data-start=\"901\" data-end=\"937\">WB30Rc Ultra-ohut LED-sein\u00e4valaisin<\/strong> on ihanteellinen valinta <strong data-start=\"961\" data-end=\"1013\">hotellien k\u00e4yt\u00e4ville, portaikkoihin ja ulkoisiin polkuihin<\/strong>, tarjoten sek\u00e4 toiminnallisuutta ett\u00e4 tyylikk\u00e4\u00e4n arkkitehtonisen ilmeen. T\u00e4m\u00e4n kanssa <strong data-start=\"1084\" data-end=\"1107\"><strong><a href=\"https:\/\/ledsteplight.com\/fi\/5w-led-in-ground-lights-ip65-waterproof-outdoor-driveway-garden-floor-lighting\/\" class=\"waam-auto-link\" title=\"5W LED-valo\">5W LED-valo<\/a><\/strong> l\u00e4hde<\/strong> ja <strong data-start=\"1112\" data-end=\"1138\">IP65-vesipilarisuojaus<\/strong>, se tarjoaa kirkkaan, h\u00e4ik\u00e4isem\u00e4tt\u00f6m\u00e4n <strong><a href=\"https:\/\/ledsteplight.com\/fi\/pir-sensor-step-light-top-advantages-for-safety\/\" class=\"waam-auto-link\" title=\"valaistuksen luomiseksi\">valaistuksen luomiseksi<\/a><\/strong> s\u00e4ilytt\u00e4en samalla ohuen, modernin profiilin, joka sopii kaupallisiin ja asuinrakennushankkeisiin.<\/p>\n<p data-start=\"1278\" data-end=\"1640\">Luotettavana <strong data-start=\"1291\" data-end=\"1348\">LED-sein\u00e4valaisinten valmistaja ja OEM-toimittaja Suomessa<\/strong>, tarjoamme <strong data-start=\"1361\" data-end=\"1394\">r\u00e4\u00e4t\u00e4l\u00f6idyt valaistusratkaisut<\/strong> arkkitehdeille, urakoitsijoille ja projektisuunnittelijoille maailmanlaajuisesti. The <strong data-start=\"1461\" data-end=\"1491\">WB30Rc upotettava sein\u00e4valo<\/strong> varmistaa vakaan suorituskyvyn, pitk\u00e4n k\u00e4ytt\u00f6i\u00e4n ja energiatehokkuuden\u2014t\u00e4ydellinen <strong data-start=\"1569\" data-end=\"1637\">rakennusten julkisivuja, portaita, patioita ja maisemaymp\u00e4rist\u00f6j\u00e4 varten<\/strong>.<\/p>\n<p>&nbsp;<\/p>","protected":false},"excerpt":{"rendered":"<p>WB30Rc ulkona oleva portaiden sein\u00e4valo hotellin ja k\u00e4yt\u00e4v\u00e4n valaistukseen. 5W LED, IP65-vesitiivis, OEM\/ODM-valmistaja modernin arkkitehtuurin valaistuksessa Kiinassa.<\/p>","protected":false},"featured_media":37301,"comment_status":"open","ping_status":"closed","template":"","meta":[],"product_brand":[],"product_cat":[69,100,426,427,428,439,429,440,118,430,441,431,442,443,432,433,444,464,445,446,434,435,436,437],"product_tag":[74,103,76,119,83],"class_list":{"0":"post-38037","1":"product","2":"type-product","3":"status-publish","4":"has-post-thumbnail","6":"product_cat-5w","7":"product_cat-aluminum-ground-light","8":"product_cat-ceiling-recessed","9":"product_cat-ceiling-surface","10":"product_cat-ceiling-suspended","11":"product_cat-commercial","12":"product_cat-drivers","13":"product_cat-education","14":"product_cat-frameless-ground-light","15":"product_cat-freestanding-light","16":"product_cat-hospitality","17":"product_cat-industrial","18":"product_cat-infrastructure","19":"product_cat-landscape","20":"product_cat-landscaping","21":"product_cat-linear","22":"product_cat-office","23":"product_cat-c-outdoor-lighting","24":"product_cat-residential","25":"product_cat-retail","26":"product_cat-table-lamp","27":"product_cat-track","28":"product_cat-wall-recessed","29":"product_cat-wall-surface","30":"product_tag-5w-led","31":"product_tag-aluminum-ground-light","32":"product_tag-aluminum-housing","33":"product_tag-frameless-ground-light","34":"product_tag-waterproof-fixture","36":"first","37":"instock","38":"shipping-taxable","39":"product-type-simple"},"_links":{"self":[{"href":"https:\/\/ledsteplight.com\/fi\/wp-json\/wp\/v2\/product\/38037","targetHints":{"allow":["GET"]}}],"collection":[{"href":"https:\/\/ledsteplight.com\/fi\/wp-json\/wp\/v2\/product"}],"about":[{"href":"https:\/\/ledsteplight.com\/fi\/wp-json\/wp\/v2\/types\/product"}],"replies":[{"embeddable":true,"href":"https:\/\/ledsteplight.com\/fi\/wp-json\/wp\/v2\/comments?post=38037"}],"version-history":[{"count":3,"href":"https:\/\/ledsteplight.com\/fi\/wp-json\/wp\/v2\/product\/38037\/revisions"}],"predecessor-version":[{"id":38623,"href":"https:\/\/ledsteplight.com\/fi\/wp-json\/wp\/v2\/product\/38037\/revisions\/38623"}],"wp:featuredmedia":[{"embeddable":true,"href":"https:\/\/ledsteplight.com\/fi\/wp-json\/wp\/v2\/media\/37301"}],"wp:attachment":[{"href":"https:\/\/ledsteplight.com\/fi\/wp-json\/wp\/v2\/media?parent=38037"}],"wp:term":[{"taxonomy":"product_brand","embeddable":true,"href":"https:\/\/ledsteplight.com\/fi\/wp-json\/wp\/v2\/product_brand?post=38037"},{"taxonomy":"product_cat","embeddable":true,"href":"https:\/\/ledsteplight.com\/fi\/wp-json\/wp\/v2\/product_cat?post=38037"},{"taxonomy":"product_tag","embeddable":true,"href":"https:\/\/ledsteplight.com\/fi\/wp-json\/wp\/v2\/product_tag?post=38037"}],"curies":[{"name":"wp","href":"https:\/\/api.w.org\/{rel}","templated":true}]}}