{"id":38038,"date":"2025-09-08T13:04:18","date_gmt":"2025-09-08T13:04:18","guid":{"rendered":"https:\/\/ledsteplight.com\/import-placeholder-for-37196\/"},"modified":"2026-01-19T02:14:22","modified_gmt":"2026-01-19T02:14:22","slug":"3w-low-voltage-led-in-ground-light-waterproof-ip65-recessed-ground-lamp-for-path-driveway","status":"publish","type":"product","link":"https:\/\/ledsteplight.com\/fi\/3w-low-voltage-led-in-ground-light-waterproof-ip65-recessed-ground-lamp-for-path-driveway\/","title":{"rendered":"3W matalan j\u00e4nnitteen LED-maahan upotettava valo | Vesitiivis IP65 upotettava maavalaisin poluille ja ajoteille"},"content":{"rendered":"<table class=\"OxEWNITQ\">\n<thead>\n<tr>\n<th>Parametri<\/th>\n<th>M\u00e4\u00e4ritys<\/th>\n<\/tr>\n<\/thead>\n<tbody>\n<tr>\n<td>Tuotemalli<\/td>\n<td>MG-WB3636<\/td>\n<\/tr>\n<tr>\n<td>Tuotteen koko (Koko)<\/td>\n<td>L136<em>W100<\/em>K50mm<\/td>\n<\/tr>\n<tr>\n<td>Leikkaus koko (Leikkauskoko)<\/td>\n<td>Asennuskaavake viittaa m\u00e4\u00e4r\u00e4yksiin<\/td>\n<\/tr>\n<tr>\n<td>Toiminton\u00e4pp\u00e4imen hallinta (Toiminton\u00e4pp\u00e4imen hallinta)<\/td>\n<td>Kytkimen hallinta<\/td>\n<\/tr>\n<tr>\n<td>Valonl\u00e4hde (Valonl\u00e4hde)<\/td>\n<td>OSRAM \/ CREE<\/td>\n<\/tr>\n<tr>\n<td>Wattim\u00e4\u00e4r\u00e4 (Watit)<\/td>\n<td>3W (700mA)<\/td>\n<\/tr>\n<tr>\n<td>Tuotteen paino (Paino)<\/td>\n<td>0,7kg<\/td>\n<\/tr>\n<tr>\n<td>Sy\u00f6tt\u00f6j\u00e4nniteparametrit (Vaihtovirta sis\u00e4\u00e4n)<\/td>\n<td>100-240V, 50~60Hz<\/td>\n<\/tr>\n<tr>\n<td>Ohjain (Ohjain)<\/td>\n<td>(Ei m\u00e4\u00e4ritelty alkuper\u00e4isess\u00e4 tiedossa, yleens\u00e4 k\u00e4ytet\u00e4\u00e4n integroitu tai ulkoinen ohjain)<\/td>\n<\/tr>\n<tr>\n<td>Heijastimen kulma (Heijastimen kulma)<\/td>\n<td>(Ei m\u00e4\u00e4ritelty)<\/td>\n<\/tr>\n<tr>\n<td>V\u00e4ril\u00e4mp\u00f6tila (V\u00e4ril\u00e4mp\u00f6tila)<\/td>\n<td>2700K, 3000K, 4000K, 6000K<\/td>\n<\/tr>\n<tr>\n<td>Johdotus\/Pituus\/Liitin (Liit\u00e4nt\u00e4)<\/td>\n<td>(Ei m\u00e4\u00e4ritelty alkuper\u00e4isess\u00e4 tiedossa)<\/td>\n<\/tr>\n<tr>\n<td>Tuotemateriaali (Materiaali)<\/td>\n<td>(Ei suoraan mainittu lyhytmuodossa, mutta yleens\u00e4 alumiini tai vastaava t\u00e4llaisissa tuotteissa)<\/td>\n<\/tr>\n<tr>\n<td>V\u00e4ri\/Viimeistely (V\u00e4ri)<\/td>\n<td>Valkoinen \/ Musta<\/td>\n<\/tr>\n<tr>\n<td>IP-luokitus (IP)<\/td>\n<td>IP20\/IP65<\/td>\n<\/tr>\n<tr>\n<td>Asennustapa (Asennus)<\/td>\n<td>Upotettu upotus (esiasennuslaatikolla asennuskaavion mukaan)<\/td>\n<\/tr>\n<\/tbody>\n<\/table>\n<p>&nbsp;<\/p>\n<div id=\"product_tag\" class=\"tagsdiv\"><\/div>\n<p><b>MG-WB3636 3W Matala j\u00e4nnite <strong><a href=\"https:\/\/ledsteplight.com\/fi\/dm36b-pro-honeycomb-anti-glare-led-in-ground-light-ip67-24v-dc\/\" class=\"waam-auto-link\" title=\"LED-maahan upotettava valo\">LED-maahan upotettava valo<\/a><\/strong><\/b> on kest\u00e4v\u00e4 ja energiatehokas ratkaisu, joka on suunniteltu ammattilaisille ulkoalueiden maisemointiprojekteihin. Suunniteltu saumattomaan integrointiin, t\u00e4m\u00e4 laite on ensiluokkainen valinta valaistakseen polkuja, ajoteit\u00e4, puutarhan kohteita ja arkkitehtonisia yksityiskohtia. Se hy\u00f6dynt\u00e4\u00e4 korkeasuorituskykyisi\u00e4 <b>3W OSRAM \/ <strong><a href=\"https:\/\/ledsteplight.com\/fi\/cree-bridgelux-chip-ip65-led-fixture-for-garden-facade-lighting\/\" class=\"waam-auto-link\" title=\"CREE LED\">CREE LED<\/a><\/strong> sirut<\/b> tarjotakseen erinomaisen kirkkauden ja v\u00e4rin johdonmukaisuuden, varmistaen pitk\u00e4aikaisen luotettavuuden. Toimii <b>matalan j\u00e4nnitteen<\/b> j\u00e4rjestelm\u00e4ss\u00e4, mik\u00e4 yksinkertaistaa asennusta ja lis\u00e4\u00e4 turvallisuutta verrattuna korkeaj\u00e4nnitevaihtoehtoihin. Erinomainen <b>IP65-suojausluokitus<\/b>, MG-WB3636 on t\u00e4ysin tiivistetty kest\u00e4m\u00e4\u00e4n ankaria s\u00e4\u00e4olosuhteita, mukaan lukien rankka sade ja p\u00f6ly, taaten kest\u00e4v\u00e4n suorituskyvyn kaikissa ulko-olosuhteissa.<\/p>\n<p>T\u00e4m\u00e4 upotettava maavalaisin tarjoaa kompaktin muotoilun (L136mm x S100mm x K50mm reik\u00e4koko) ja asennetaan k\u00e4ytt\u00e4m\u00e4ll\u00e4 <b>upotettua upotusmenetelm\u00e4\u00e4<\/b> esiasennuslaatikolla, mik\u00e4 tekee siit\u00e4 k\u00e4yt\u00e4nn\u00f6ss\u00e4 n\u00e4kym\u00e4tt\u00f6m\u00e4n p\u00e4iv\u00e4ll\u00e4. Se tarjoaa huomattavaa monipuolisuutta useilla <b>V\u00e4ril\u00e4mp\u00f6tila (CCT)<\/b> vaihtoehdoilla: L\u00e4mmin valkoinen (2700K\/3000K) kodikkaan tunnelman luomiseksi tai Viile\u00e4 valkoinen (4000K\/6000K) kirkkaampaan, moderniin ilmeeseen. Yleisk\u00e4ytt\u00f6inen <b>100-240V AC -sis\u00e4\u00e4ntulo<\/b> helpottaa maailmanlaajuista k\u00e4ytt\u00f6\u00f6nottoa. Saatavana valkoisena tai mustana viimeistelyn\u00e4, MG-WB3636 muuttaa ulkotiloja tarjoamalla kohdistettua <b>ylivalaisua<\/b> puille ja seinille tai tarjoamalla olennaista <b><strong><a href=\"https:\/\/ledsteplight.com\/fi\/mistakes-to-avoid-when-installing-in-ground-driveway-lights\/\" class=\"waam-auto-link\" title=\"maavalaistusta\">maavalaistusta<\/a><\/strong><\/b> turvalliseen ja tyylikk\u00e4\u00e4seen navigointiin poluilla ja portaissa. Se edustaa t\u00e4ydellist\u00e4 yhdistelm\u00e4\u00e4 ammattimaisesta valaistuksesta, turvallisuudesta ja huomaamattomasta muotoilusta.<\/p>","protected":false},"excerpt":{"rendered":"<p><b>MG-WB3636 3W matalan j\u00e4nnitteen LED-ulkovalaisin<\/b> on <b>IP65-vesitiivis upotettava maavalaisin<\/b> OSRAM\/CREE-kiipeill\u00e4. Ihanteellinen ammattimaiseen <b>maisemareitin ja ajotien valaistukseen<\/b>. Kest\u00e4v\u00e4 ja suorituskykyinen, saatavana 2700K-6000K CCT.<\/p>","protected":false},"featured_media":37306,"comment_status":"open","ping_status":"closed","template":"","meta":[],"product_brand":[],"product_cat":[100,426,427,428,439,429,440,118,430,441,431,442,443,432,433,444,464,445,446,434,435,436,437],"product_tag":[132,121,133,122,134,103,124,135],"class_list":{"0":"post-38038","1":"product","2":"type-product","3":"status-publish","4":"has-post-thumbnail","6":"product_cat-aluminum-ground-light","7":"product_cat-ceiling-recessed","8":"product_cat-ceiling-surface","9":"product_cat-ceiling-suspended","10":"product_cat-commercial","11":"product_cat-drivers","12":"product_cat-education","13":"product_cat-frameless-ground-light","14":"product_cat-freestanding-light","15":"product_cat-hospitality","16":"product_cat-industrial","17":"product_cat-infrastructure","18":"product_cat-landscape","19":"product_cat-landscaping","20":"product_cat-linear","21":"product_cat-office","22":"product_cat-c-outdoor-lighting","23":"product_cat-residential","24":"product_cat-retail","25":"product_cat-table-lamp","26":"product_cat-track","27":"product_cat-wall-recessed","28":"product_cat-wall-surface","29":"product_tag-2700k-led-light","30":"product_tag-3000k-led-light","31":"product_tag-3w-led-light-fixture","32":"product_tag-4000k-led-light","33":"product_tag-6000k-led-light","34":"product_tag-aluminum-ground-light","35":"product_tag-aluminum-led-light","36":"product_tag-architectural-led-lighting","38":"first","39":"instock","40":"shipping-taxable","41":"product-type-simple"},"_links":{"self":[{"href":"https:\/\/ledsteplight.com\/fi\/wp-json\/wp\/v2\/product\/38038","targetHints":{"allow":["GET"]}}],"collection":[{"href":"https:\/\/ledsteplight.com\/fi\/wp-json\/wp\/v2\/product"}],"about":[{"href":"https:\/\/ledsteplight.com\/fi\/wp-json\/wp\/v2\/types\/product"}],"replies":[{"embeddable":true,"href":"https:\/\/ledsteplight.com\/fi\/wp-json\/wp\/v2\/comments?post=38038"}],"version-history":[{"count":3,"href":"https:\/\/ledsteplight.com\/fi\/wp-json\/wp\/v2\/product\/38038\/revisions"}],"predecessor-version":[{"id":38624,"href":"https:\/\/ledsteplight.com\/fi\/wp-json\/wp\/v2\/product\/38038\/revisions\/38624"}],"wp:featuredmedia":[{"embeddable":true,"href":"https:\/\/ledsteplight.com\/fi\/wp-json\/wp\/v2\/media\/37306"}],"wp:attachment":[{"href":"https:\/\/ledsteplight.com\/fi\/wp-json\/wp\/v2\/media?parent=38038"}],"wp:term":[{"taxonomy":"product_brand","embeddable":true,"href":"https:\/\/ledsteplight.com\/fi\/wp-json\/wp\/v2\/product_brand?post=38038"},{"taxonomy":"product_cat","embeddable":true,"href":"https:\/\/ledsteplight.com\/fi\/wp-json\/wp\/v2\/product_cat?post=38038"},{"taxonomy":"product_tag","embeddable":true,"href":"https:\/\/ledsteplight.com\/fi\/wp-json\/wp\/v2\/product_tag?post=38038"}],"curies":[{"name":"wp","href":"https:\/\/api.w.org\/{rel}","templated":true}]}}