{"id":38039,"date":"2025-09-08T13:04:18","date_gmt":"2025-09-08T13:04:18","guid":{"rendered":"https:\/\/ledsteplight.com\/import-placeholder-for-37209\/"},"modified":"2026-01-19T02:14:21","modified_gmt":"2026-01-19T02:14:21","slug":"sn039-18525-outdoor-led-ground-light-landscape-pathway-lighting-manufacturer","status":"publish","type":"product","link":"https:\/\/ledsteplight.com\/fi\/sn039-18525-outdoor-led-ground-light-landscape-pathway-lighting-manufacturer\/","title":{"rendered":"SN039-18525 Ulkona LED-maahanvalo | Maisema- ja polkuvalaistuksen valmistaja"},"content":{"rendered":"<table data-start=\"98\" data-end=\"1501\">\n<thead data-start=\"98\" data-end=\"185\">\n<tr data-start=\"98\" data-end=\"185\">\n<th data-start=\"98\" data-end=\"126\"><strong data-start=\"100\" data-end=\"113\">Parametri<\/strong><\/th>\n<th data-start=\"126\" data-end=\"185\"><strong data-start=\"128\" data-end=\"145\">M\u00e4\u00e4ritys<\/strong><\/th>\n<\/tr>\n<\/thead>\n<tbody data-start=\"274\" data-end=\"1501\">\n<tr data-start=\"274\" data-end=\"361\">\n<td><strong data-start=\"276\" data-end=\"293\">Tuotemalli<\/strong><\/td>\n<td>MG-SN039-18525<\/td>\n<\/tr>\n<tr data-start=\"362\" data-end=\"449\">\n<td><strong data-start=\"364\" data-end=\"380\">Tuotteen koko<\/strong><\/td>\n<td>\u00d839mm x K185mm<\/td>\n<\/tr>\n<tr data-start=\"450\" data-end=\"537\">\n<td><strong data-start=\"452\" data-end=\"468\">Leikkauskoon koko<\/strong><\/td>\n<td>\u00d835mm (noin.)<\/td>\n<\/tr>\n<tr data-start=\"538\" data-end=\"625\">\n<td><strong data-start=\"540\" data-end=\"560\">Toiminton\u00e4pp\u00e4in<\/strong><\/td>\n<td>P\u00e4\u00e4ll\u00e4\/pois; saatavilla s\u00e4vynhimmausvaihtoehto<\/td>\n<\/tr>\n<tr data-start=\"626\" data-end=\"713\">\n<td><strong data-start=\"628\" data-end=\"644\">Valonl\u00e4hde<\/strong><\/td>\n<td>Korkean tehokkuuden CREE LED<\/td>\n<\/tr>\n<tr data-start=\"714\" data-end=\"799\">\n<td><strong data-start=\"716\" data-end=\"727\">Teho<\/strong><\/td>\n<td>6W<\/td>\n<\/tr>\n<tr data-start=\"800\" data-end=\"887\">\n<td><strong data-start=\"802\" data-end=\"812\">Paino<\/strong><\/td>\n<td>0,45kg (noin.)<\/td>\n<\/tr>\n<tr data-start=\"888\" data-end=\"975\">\n<td><strong data-start=\"890\" data-end=\"902\">Vaihtovirta Sis\u00e4\u00e4ntulo<\/strong><\/td>\n<td>100-240V, 50-60Hz<\/td>\n<\/tr>\n<tr data-start=\"976\" data-end=\"1063\">\n<td><strong data-start=\"978\" data-end=\"988\">Ohjain<\/strong><\/td>\n<td>Integroitu virtal\u00e4hde<\/td>\n<\/tr>\n<tr data-start=\"1064\" data-end=\"1151\">\n<td><strong data-start=\"1066\" data-end=\"1087\"><strong><a href=\"https:\/\/ledsteplight.com\/fi\/dm36b-pro-honeycomb-anti-glare-led-in-ground-light-ip67-24v-dc\/\" class=\"waam-auto-link\" title=\"V\u00e4ril\u00e4mp\u00f6tila\">V\u00e4ril\u00e4mp\u00f6tila<\/a><\/strong><\/strong><\/td>\n<td>3000K, 4000K, 5700K<\/td>\n<\/tr>\n<tr data-start=\"1152\" data-end=\"1239\">\n<td><strong data-start=\"1154\" data-end=\"1166\">Materiaali<\/strong><\/td>\n<td>Alumiiniseos<\/td>\n<\/tr>\n<tr data-start=\"1240\" data-end=\"1327\">\n<td><strong data-start=\"1242\" data-end=\"1259\">V\u00e4ri vaihtoehdot<\/strong><\/td>\n<td>Valkoinen \/ Musta<\/td>\n<\/tr>\n<tr data-start=\"1328\" data-end=\"1413\">\n<td><strong data-start=\"1330\" data-end=\"1343\">IP-luokitus<\/strong><\/td>\n<td>IP65<\/td>\n<\/tr>\n<tr data-start=\"1414\" data-end=\"1501\">\n<td><strong data-start=\"1416\" data-end=\"1432\">Asennus<\/strong><\/td>\n<td>Upotettu maahan asennus<\/td>\n<\/tr>\n<\/tbody>\n<\/table>\n<p data-start=\"876\" data-end=\"1288\"><strong data-start=\"880\" data-end=\"920\">SN039-18525 Ulkok\u00e4ytt\u00f6inen LED <strong><a href=\"https:\/\/ledsteplight.com\/fi\/5w-led-in-ground-lights-ip65-waterproof-outdoor-driveway-garden-floor-lighting\/\" class=\"waam-auto-link\" title=\"Maavalaisin\">Maavalaisin<\/a><\/strong><\/strong> on suunniteltu <strong data-start=\"937\" data-end=\"996\">maisema, polku ja <strong><a href=\"https:\/\/ledsteplight.com\/fi\/cree-bridgelux-chip-ip65-led-fixture-for-garden-facade-lighting\/\" class=\"waam-auto-link\" title=\"arkkitehtuurista valaistusta\">arkkitehtuurista valaistusta<\/a><\/strong> projektit<\/strong> jotka vaativat kest\u00e4vyytt\u00e4 ja eleganssia. Sen kanssa <strong data-start=\"1039\" data-end=\"1065\">6W korkean tehokkuuden LED<\/strong> ja <strong data-start=\"1070\" data-end=\"1100\">IP67-vesitiivis suojaus<\/strong>, se tarjoaa kirkkaan, tasaisen <strong><a href=\"https:\/\/ledsteplight.com\/fi\/pir-sensor-step-light-top-advantages-for-safety\/\" class=\"waam-auto-link\" title=\"valaistuksen luomiseksi\">valaistuksen luomiseksi<\/a><\/strong> kohteeseen <strong data-start=\"1144\" data-end=\"1196\">puutarhoihin, ajoteihin, patioihin ja ulkoilureitteihin<\/strong>. Sen kest\u00e4v\u00e4 rakenne varmistaa vakaan suorituskyvyn ja s\u00e4\u00e4n sek\u00e4 korroosion kest\u00e4vyyden.<\/p>\n<p data-start=\"1290\" data-end=\"1661\">Ammattimaisena <strong data-start=\"1308\" data-end=\"1350\">LED-maahanvalaisimien valmistaja Kiinasta<\/strong>, erikoistunut <strong data-start=\"1369\" data-end=\"1420\">OEM, ODM ja r\u00e4\u00e4t\u00e4l\u00f6idyt <strong><a href=\"https:\/\/ledsteplight.com\/fi\/low-voltage-landscape-lighting-effective-outdoor-solutions\/\" class=\"waam-auto-link\" title=\"ulkovalaisinta\">ulkovalaisinta<\/a><\/strong> ratkaisut<\/strong> tuojille, urakoitsijoille ja suunnittelijoille. SN039-18525 tarjoaa pitk\u00e4n k\u00e4ytt\u00f6i\u00e4n, energians\u00e4\u00e4st\u00f6isen suunnittelun ja tyylikk\u00e4\u00e4n upotetun viimeistelyn\u2014t\u00e4ydellinen <strong data-start=\"1564\" data-end=\"1624\">liiketoimintamaisemat, hotellit ja arkkitehtoniset julkisivut<\/strong> haetaan korkealaatuista valaistusta.<\/p>","protected":false},"excerpt":{"rendered":"<p>SN039-18525 6W ulkona LED-maanalampu maastoon ja polkuvalaistukseen. IP67-vesitiivis, OEM\/ODM-valmistaja Suomessa arkkitehtuurisiin ulkoilmahankkeisiin.<\/p>","protected":false},"featured_media":37309,"comment_status":"open","ping_status":"closed","template":"","meta":[],"product_brand":[],"product_cat":[99,100,426,427,428,439,429,440,430,441,431,442,443,432,433,444,464,445,446,434,435,436,437],"product_tag":[102,103,76,77,78],"class_list":{"0":"post-38039","1":"product","2":"type-product","3":"status-publish","4":"has-post-thumbnail","6":"product_cat-039-series","7":"product_cat-aluminum-ground-light","8":"product_cat-ceiling-recessed","9":"product_cat-ceiling-surface","10":"product_cat-ceiling-suspended","11":"product_cat-commercial","12":"product_cat-drivers","13":"product_cat-education","14":"product_cat-freestanding-light","15":"product_cat-hospitality","16":"product_cat-industrial","17":"product_cat-infrastructure","18":"product_cat-landscape","19":"product_cat-landscaping","20":"product_cat-linear","21":"product_cat-office","22":"product_cat-c-outdoor-lighting","23":"product_cat-residential","24":"product_cat-retail","25":"product_cat-table-lamp","26":"product_cat-track","27":"product_cat-wall-recessed","28":"product_cat-wall-surface","29":"product_tag-039-series","30":"product_tag-aluminum-ground-light","31":"product_tag-aluminum-housing","32":"product_tag-ground-light","33":"product_tag-outdoor-lighting","35":"first","36":"instock","37":"shipping-taxable","38":"product-type-simple"},"_links":{"self":[{"href":"https:\/\/ledsteplight.com\/fi\/wp-json\/wp\/v2\/product\/38039","targetHints":{"allow":["GET"]}}],"collection":[{"href":"https:\/\/ledsteplight.com\/fi\/wp-json\/wp\/v2\/product"}],"about":[{"href":"https:\/\/ledsteplight.com\/fi\/wp-json\/wp\/v2\/types\/product"}],"replies":[{"embeddable":true,"href":"https:\/\/ledsteplight.com\/fi\/wp-json\/wp\/v2\/comments?post=38039"}],"version-history":[{"count":3,"href":"https:\/\/ledsteplight.com\/fi\/wp-json\/wp\/v2\/product\/38039\/revisions"}],"predecessor-version":[{"id":38625,"href":"https:\/\/ledsteplight.com\/fi\/wp-json\/wp\/v2\/product\/38039\/revisions\/38625"}],"wp:featuredmedia":[{"embeddable":true,"href":"https:\/\/ledsteplight.com\/fi\/wp-json\/wp\/v2\/media\/37309"}],"wp:attachment":[{"href":"https:\/\/ledsteplight.com\/fi\/wp-json\/wp\/v2\/media?parent=38039"}],"wp:term":[{"taxonomy":"product_brand","embeddable":true,"href":"https:\/\/ledsteplight.com\/fi\/wp-json\/wp\/v2\/product_brand?post=38039"},{"taxonomy":"product_cat","embeddable":true,"href":"https:\/\/ledsteplight.com\/fi\/wp-json\/wp\/v2\/product_cat?post=38039"},{"taxonomy":"product_tag","embeddable":true,"href":"https:\/\/ledsteplight.com\/fi\/wp-json\/wp\/v2\/product_tag?post=38039"}],"curies":[{"name":"wp","href":"https:\/\/api.w.org\/{rel}","templated":true}]}}