{"id":38071,"date":"2025-09-08T13:04:26","date_gmt":"2025-09-08T13:04:26","guid":{"rendered":"https:\/\/ledsteplight.com\/import-placeholder-for-37211\/"},"modified":"2026-01-19T02:14:20","modified_gmt":"2026-01-19T02:14:20","slug":"outdoor-led-linear-wall-wash-light-24v-30w-ip65-architectural-lighting","status":"publish","type":"product","link":"https:\/\/ledsteplight.com\/fi\/outdoor-led-linear-wall-wash-light-24v-30w-ip65-architectural-lighting\/","title":{"rendered":"Ulkoinen LED-lineaarinen sein\u00e4valaisin | 24V, 30W, IP65 arkkitehtoninen valaistus"},"content":{"rendered":"<table data-start=\"121\" data-end=\"1338\">\n<thead data-start=\"121\" data-end=\"201\">\n<tr data-start=\"121\" data-end=\"201\">\n<th data-start=\"121\" data-end=\"150\"><strong data-start=\"123\" data-end=\"136\">Parametri<\/strong><\/th>\n<th data-start=\"150\" data-end=\"201\"><strong data-start=\"152\" data-end=\"181\">M\u00e4\u00e4ritys\/Kuvaus<\/strong><\/th>\n<\/tr>\n<\/thead>\n<tbody data-start=\"283\" data-end=\"1338\">\n<tr data-start=\"283\" data-end=\"364\">\n<td><strong data-start=\"285\" data-end=\"302\">Tuotemalli<\/strong><\/td>\n<td>MG-LL-830-1Y<\/td>\n<\/tr>\n<tr data-start=\"365\" data-end=\"446\">\n<td><strong data-start=\"367\" data-end=\"387\">Tuotekategoria<\/strong><\/td>\n<td>LED-lineaarinen valaistusj\u00e4rjestelm\u00e4<\/td>\n<\/tr>\n<tr data-start=\"447\" data-end=\"527\">\n<td><strong data-start=\"449\" data-end=\"470\"><strong><a href=\"https:\/\/ledsteplight.com\/fi\/dm36b-pro-honeycomb-anti-glare-led-in-ground-light-ip67-24v-dc\/\" class=\"waam-auto-link\" title=\"Toimintaj\u00e4nnite\">Toimintaj\u00e4nnite<\/a><\/strong><\/strong><\/td>\n<td>24V DC <em data-start=\"485\" data-end=\"502\">(esimerkkiarvo)<\/em><\/td>\n<\/tr>\n<tr data-start=\"528\" data-end=\"608\">\n<td><strong data-start=\"530\" data-end=\"551\">Toimintavirta<\/strong><\/td>\n<td>\u2014 (Ei m\u00e4\u00e4ritelty)<\/td>\n<\/tr>\n<tr data-start=\"609\" data-end=\"689\">\n<td><strong data-start=\"611\" data-end=\"632\">S\u00e4hk\u00f6nkulutus<\/strong><\/td>\n<td>&lt; 30W <em data-start=\"646\" data-end=\"663\">(esimerkkiarvo)<\/em><\/td>\n<\/tr>\n<tr data-start=\"690\" data-end=\"770\">\n<td><strong data-start=\"692\" data-end=\"708\">Lumen-tuotto<\/strong><\/td>\n<td>830 lm <em data-start=\"728\" data-end=\"757\">(kuten mallin mukaan ilmoitetaan)<\/em><\/td>\n<\/tr>\n<tr data-start=\"771\" data-end=\"850\">\n<td><strong data-start=\"773\" data-end=\"794\">V\u00e4ril\u00e4mp\u00f6tila<\/strong><\/td>\n<td>4000K<\/td>\n<\/tr>\n<tr data-start=\"851\" data-end=\"931\">\n<td><strong data-start=\"853\" data-end=\"866\">IP-luokitus<\/strong><\/td>\n<td>IP65 (Soveltuu sis\u00e4- ja ulkok\u00e4ytt\u00f6\u00f6n)<\/td>\n<\/tr>\n<tr data-start=\"932\" data-end=\"1012\">\n<td><strong data-start=\"934\" data-end=\"959\">K\u00e4ytt\u00f6l\u00e4mp\u00f6tila<\/strong><\/td>\n<td>-10\u00b0C to +50\u00b0C<\/td>\n<\/tr>\n<tr data-start=\"1013\" data-end=\"1093\">\n<td><strong data-start=\"1015\" data-end=\"1029\">Mitat<\/strong><\/td>\n<td>\u2014 (Ei m\u00e4\u00e4ritelty)<\/td>\n<\/tr>\n<tr data-start=\"1094\" data-end=\"1174\">\n<td><strong data-start=\"1096\" data-end=\"1106\">Paino<\/strong><\/td>\n<td>\u2014 (Ei m\u00e4\u00e4ritelty)<\/td>\n<\/tr>\n<tr data-start=\"1175\" data-end=\"1255\">\n<td><strong data-start=\"1177\" data-end=\"1189\">Kestoik\u00e4<\/strong><\/td>\n<td>Enint\u00e4\u00e4n 40 000 tuntia <em data-start=\"1225\" data-end=\"1242\">(esimerkkiarvo)<\/em><\/td>\n<\/tr>\n<tr data-start=\"1256\" data-end=\"1338\">\n<td><strong data-start=\"1258\" data-end=\"1281\">Lis\u00e4ominaisuudet<\/strong><\/td>\n<td>Himmennett\u00e4v\u00e4, joustava asennus, energiatehokas<\/td>\n<\/tr>\n<\/tbody>\n<\/table>\n<p data-start=\"160\" data-end=\"544\">MG-LL-830-1Y on ohut ja siisti LED-lineaarivalaisin, joka on suunniteltu moderniin <strong><a href=\"https:\/\/ledsteplight.com\/fi\/cree-bridgelux-chip-ip65-led-fixture-for-garden-facade-lighting\/\" class=\"waam-auto-link\" title=\"arkkitehtuurista valaistusta\">arkkitehtuurista valaistusta<\/a><\/strong>. Se toimii turvallisella 24 V matalaj\u00e4nnitesysteemill\u00e4 ja tuottaa tasaisen, <strong><a href=\"https:\/\/ledsteplight.com\/fi\/pir-sensor-step-light-top-advantages-for-safety\/\" class=\"waam-auto-link\" title=\"valaistuksen luomiseksi\">valaistuksen luomiseksi<\/a><\/strong> h\u00e4ik\u00e4isem\u00e4tt\u00f6m\u00e4n valon. IP65-s\u00e4\u00e4nkest\u00e4vyysluokituksella se toimii luotettavasti sek\u00e4 sis\u00e4- ett\u00e4 ulkotiloissa, mik\u00e4 tekee siit\u00e4 sopivan rakennusten julkisivuihin, maisemareunoihin, kattokoristeisiin ja k\u00e4yt\u00e4v\u00e4sein\u00e4n valaistukseen.<\/p>\n<p data-start=\"546\" data-end=\"946\">Sen kompakti profiili mahdollistaa joustavan asennuksen\u2014kiinnit\u00e4 se seinien varteen, alle reunusten tai osaksi rakenteellisia yksityiskohtia. 4000K neutraali valkoinen valo tarjoaa tasapainoisen s\u00e4vyn, joka sopii hyvin kaupallisiin, asuin- ja hotellialueisiin. Se on energiatehokas, kest\u00e4v\u00e4 ja tarjoaa johdonmukaisen valotehon, joka parantaa tilaa ilman, ett\u00e4 kiinnitt\u00e4\u00e4 liikaa huomiota valaisimeen.<\/p>","protected":false},"excerpt":{"rendered":"<p>Ulkoilman LED-lineaarinen sein\u00e4npesuvalo arkkitehtoniseen ja maisemavalaisuun. 24V matalaj\u00e4nniteinen suunnittelu IP65-s\u00e4\u00e4nkest\u00e4vyydell\u00e4. Ihanteellinen rakennusten julkisivuille, katoille, poluille, puutarhaseiniin ja kaupalliseen korostusvalaistukseen.<\/p>","protected":false},"featured_media":37314,"comment_status":"open","ping_status":"closed","template":"","meta":[],"product_brand":[],"product_cat":[100,426,427,428,439,429,440,430,441,431,442,443,432,433,444,464,445,446,106,434,435,436,437],"product_tag":[103,76,111,110,109,115,108],"class_list":{"0":"post-38071","1":"product","2":"type-product","3":"status-publish","4":"has-post-thumbnail","6":"product_cat-aluminum-ground-light","7":"product_cat-ceiling-recessed","8":"product_cat-ceiling-surface","9":"product_cat-ceiling-suspended","10":"product_cat-commercial","11":"product_cat-drivers","12":"product_cat-education","13":"product_cat-freestanding-light","14":"product_cat-hospitality","15":"product_cat-industrial","16":"product_cat-infrastructure","17":"product_cat-landscape","18":"product_cat-landscaping","19":"product_cat-linear","20":"product_cat-office","21":"product_cat-c-outdoor-lighting","22":"product_cat-residential","23":"product_cat-retail","24":"product_cat-round-ground-light","25":"product_cat-table-lamp","26":"product_cat-track","27":"product_cat-wall-recessed","28":"product_cat-wall-surface","29":"product_tag-aluminum-ground-light","30":"product_tag-aluminum-housing","31":"product_tag-garden-lighting","32":"product_tag-landscape-light","33":"product_tag-led-fixture","34":"product_tag-recessed-light","35":"product_tag-round-ground-light","37":"first","38":"instock","39":"shipping-taxable","40":"product-type-simple"},"_links":{"self":[{"href":"https:\/\/ledsteplight.com\/fi\/wp-json\/wp\/v2\/product\/38071","targetHints":{"allow":["GET"]}}],"collection":[{"href":"https:\/\/ledsteplight.com\/fi\/wp-json\/wp\/v2\/product"}],"about":[{"href":"https:\/\/ledsteplight.com\/fi\/wp-json\/wp\/v2\/types\/product"}],"replies":[{"embeddable":true,"href":"https:\/\/ledsteplight.com\/fi\/wp-json\/wp\/v2\/comments?post=38071"}],"version-history":[{"count":3,"href":"https:\/\/ledsteplight.com\/fi\/wp-json\/wp\/v2\/product\/38071\/revisions"}],"predecessor-version":[{"id":38614,"href":"https:\/\/ledsteplight.com\/fi\/wp-json\/wp\/v2\/product\/38071\/revisions\/38614"}],"wp:featuredmedia":[{"embeddable":true,"href":"https:\/\/ledsteplight.com\/fi\/wp-json\/wp\/v2\/media\/37314"}],"wp:attachment":[{"href":"https:\/\/ledsteplight.com\/fi\/wp-json\/wp\/v2\/media?parent=38071"}],"wp:term":[{"taxonomy":"product_brand","embeddable":true,"href":"https:\/\/ledsteplight.com\/fi\/wp-json\/wp\/v2\/product_brand?post=38071"},{"taxonomy":"product_cat","embeddable":true,"href":"https:\/\/ledsteplight.com\/fi\/wp-json\/wp\/v2\/product_cat?post=38071"},{"taxonomy":"product_tag","embeddable":true,"href":"https:\/\/ledsteplight.com\/fi\/wp-json\/wp\/v2\/product_tag?post=38071"}],"curies":[{"name":"wp","href":"https:\/\/api.w.org\/{rel}","templated":true}]}}