{"id":38072,"date":"2025-09-08T13:04:26","date_gmt":"2025-09-08T13:04:26","guid":{"rendered":"https:\/\/ledsteplight.com\/import-placeholder-for-37212\/"},"modified":"2026-01-19T02:14:20","modified_gmt":"2026-01-19T02:14:20","slug":"smart-ambient-ground-light-sensor-ip67-waterproof-custom-manufacturing-wholesale","status":"publish","type":"product","link":"https:\/\/ledsteplight.com\/fi\/smart-ambient-ground-light-sensor-ip67-waterproof-custom-manufacturing-wholesale\/","title":{"rendered":"\u00c4lyk\u00e4s ymp\u00e4rist\u00f6maanalainen valonanturi | IP67 vedenkest\u00e4v\u00e4 | R\u00e4\u00e4t\u00e4l\u00f6ity valmistus ja tukkumyynti"},"content":{"rendered":"<table data-start=\"129\" data-end=\"1382\">\n<thead data-start=\"129\" data-end=\"211\">\n<tr data-start=\"129\" data-end=\"211\">\n<th data-start=\"129\" data-end=\"158\"><strong data-start=\"131\" data-end=\"144\">Parametri<\/strong><\/th>\n<th data-start=\"158\" data-end=\"211\"><strong data-start=\"160\" data-end=\"189\">M\u00e4\u00e4ritys\/Kuvaus<\/strong><\/th>\n<\/tr>\n<\/thead>\n<tbody data-start=\"295\" data-end=\"1382\">\n<tr data-start=\"295\" data-end=\"377\">\n<td><strong data-start=\"297\" data-end=\"314\">Tuotemalli<\/strong><\/td>\n<td>MG-SN026<\/td>\n<\/tr>\n<tr data-start=\"378\" data-end=\"460\">\n<td><strong data-start=\"380\" data-end=\"400\">Tuotekategoria<\/strong><\/td>\n<td>\u00c4lyk\u00e4s ymp\u00e4rist\u00f6nvalonanturi<\/td>\n<\/tr>\n<tr data-start=\"461\" data-end=\"543\">\n<td><strong data-start=\"463\" data-end=\"484\"><strong><a href=\"https:\/\/ledsteplight.com\/fi\/dm36b-pro-honeycomb-anti-glare-led-in-ground-light-ip67-24v-dc\/\" class=\"waam-auto-link\" title=\"Toimintaj\u00e4nnite\">Toimintaj\u00e4nnite<\/a><\/strong><\/strong><\/td>\n<td>12V DC <em data-start=\"499\" data-end=\"516\">(esimerkkiarvo)<\/em><\/td>\n<\/tr>\n<tr data-start=\"544\" data-end=\"626\">\n<td><strong data-start=\"546\" data-end=\"567\">Toimintavirta<\/strong><\/td>\n<td>\u2014 (Ei m\u00e4\u00e4ritelty)<\/td>\n<\/tr>\n<tr data-start=\"627\" data-end=\"709\">\n<td><strong data-start=\"629\" data-end=\"650\">S\u00e4hk\u00f6nkulutus<\/strong><\/td>\n<td>&lt; 0,4W <em data-start=\"665\" data-end=\"682\">(esimerkkiarvo)<\/em><\/td>\n<\/tr>\n<tr data-start=\"710\" data-end=\"792\">\n<td><strong data-start=\"712\" data-end=\"737\">Havaitsemistarkkuus<\/strong><\/td>\n<td>Korkea herkkyys s\u00e4\u00e4dett\u00e4v\u00e4ll\u00e4 kynnysarvolla<\/td>\n<\/tr>\n<tr data-start=\"793\" data-end=\"875\">\n<td><strong data-start=\"795\" data-end=\"812\">Vasteaika<\/strong><\/td>\n<td>&lt; 0,15 sek <em data-start=\"835\" data-end=\"852\">(esimerkkiarvo)<\/em><\/td>\n<\/tr>\n<tr data-start=\"876\" data-end=\"958\">\n<td><strong data-start=\"878\" data-end=\"891\">IP-luokitus<\/strong><\/td>\n<td>IP67 (Vesitiivis ja p\u00f6lytiivis)<\/td>\n<\/tr>\n<tr data-start=\"959\" data-end=\"1041\">\n<td><strong data-start=\"961\" data-end=\"986\">K\u00e4ytt\u00f6l\u00e4mp\u00f6tila<\/strong><\/td>\n<td>-20\u00b0C to +60\u00b0C<\/td>\n<\/tr>\n<tr data-start=\"1042\" data-end=\"1124\">\n<td><strong data-start=\"1044\" data-end=\"1058\">Mitat<\/strong><\/td>\n<td>\u2014 (Ei m\u00e4\u00e4ritelty)<\/td>\n<\/tr>\n<tr data-start=\"1125\" data-end=\"1207\">\n<td><strong data-start=\"1127\" data-end=\"1137\">Paino<\/strong><\/td>\n<td>\u2014 (Ei m\u00e4\u00e4ritelty)<\/td>\n<\/tr>\n<tr data-start=\"1208\" data-end=\"1290\">\n<td><strong data-start=\"1210\" data-end=\"1222\">Kestoik\u00e4<\/strong><\/td>\n<td>Enint\u00e4\u00e4n 50 000 tuntia <em data-start=\"1258\" data-end=\"1275\">(esimerkkiarvo)<\/em><\/td>\n<\/tr>\n<tr data-start=\"1291\" data-end=\"1382\">\n<td><strong data-start=\"1293\" data-end=\"1316\">Lis\u00e4ominaisuudet<\/strong><\/td>\n<td>\u00c4lyk\u00e4s ohjausintegraatio, energiatehokas, kest\u00e4v\u00e4 muotoilu<\/td>\n<\/tr>\n<\/tbody>\n<\/table>\n<p data-start=\"651\" data-end=\"1139\"><strong data-start=\"655\" data-end=\"707\">MG-SN026 \u00c4lyk\u00e4s ymp\u00e4rist\u00f6 <strong><a href=\"https:\/\/ledsteplight.com\/fi\/5w-led-in-ground-lights-ip65-waterproof-outdoor-driveway-garden-floor-lighting\/\" class=\"waam-auto-link\" title=\"Maavalaisin\">Maavalaisin<\/a><\/strong> Anturi<\/strong> on suunniteltu edistyneisiin <strong data-start=\"733\" data-end=\"767\">\u00e4lyk\u00e4s <strong><a href=\"https:\/\/ledsteplight.com\/fi\/low-voltage-landscape-lighting-effective-outdoor-solutions\/\" class=\"waam-auto-link\" title=\"ulkovalaisinta\">ulkovalaisinta<\/a><\/strong> <strong><a href=\"https:\/\/ledsteplight.com\/fi\/ultimate-guide-to-landscape-inground-lighting-solutions\/\" class=\"waam-auto-link\" title=\"j\u00e4rjestelm\u00e4t\">j\u00e4rjestelm\u00e4t<\/a><\/strong><\/strong>, tarjoten tarkan valon tunnistuksen ja energiatehokkaan toiminnan. Sen kanssa <strong data-start=\"843\" data-end=\"863\">korkea herkkyys<\/strong> ja nopea vasteaika (&lt;0,15 sek), se s\u00e4\u00e4t\u00e4\u00e4 automaattisesti <strong><a href=\"https:\/\/ledsteplight.com\/fi\/pir-sensor-step-light-top-advantages-for-safety\/\" class=\"waam-auto-link\" title=\"valaistuksen luomiseksi\">valaistuksen luomiseksi<\/a><\/strong> ymp\u00e4rist\u00f6n kirkkauden perusteella. Se <strong data-start=\"971\" data-end=\"997\">IP67-vesitiivisluokitus<\/strong> varmistaa luotettavan suorituskyvyn ankarissa ulko-olosuhteissa, mik\u00e4 tekee siit\u00e4 ihanteellisen puutarhoihin, polkuihin ja <strong><a href=\"https:\/\/ledsteplight.com\/fi\/cree-bridgelux-chip-ip65-led-fixture-for-garden-facade-lighting\/\" class=\"waam-auto-link\" title=\"arkkitehtuurista valaistusta\">arkkitehtuurista valaistusta<\/a><\/strong> sovelluksiin.<\/p>\n<p data-start=\"1141\" data-end=\"1511\">Ammattimaisena <strong data-start=\"1159\" data-end=\"1192\">LED-maahanvalaisinvalmistaja<\/strong>, tarjoamme <strong data-start=\"1205\" data-end=\"1252\">OEM- ja r\u00e4\u00e4t\u00e4l\u00f6idyt \u00e4lyvalaistusratkaisut<\/strong> erilaisia asennus- ja suunnittelutarpeita varten. MG-SN026:n ominaisuuksiin kuuluvat matala virrankulutus (&lt;0,4W), pitk\u00e4 k\u00e4ytt\u00f6ik\u00e4 jopa <strong data-start=\"1375\" data-end=\"1391\">50 000 tuntia<\/strong>, ja saumaton integrointi \u00e4lyvalaistuksen ohjausj\u00e4rjestelmiin\u2014t\u00e4ydellinen moderniin, kest\u00e4v\u00e4\u00e4n ulkovalaistusprojektiin.<\/p>","protected":false},"excerpt":{"rendered":"<p data-start=\"3636\" data-end=\"4116\">MG-SN026 \u00e4lyk\u00e4s ymp\u00e4rist\u00f6n lattialamppusensori. IP67-vesitiivis, korkea herkkyys, energiatehokas, OEM- ja r\u00e4\u00e4t\u00e4l\u00f6ity valaistusvalmistaja ulkoasennuksiin.<\/p>","protected":false},"featured_media":37320,"comment_status":"open","ping_status":"closed","template":"","meta":[],"product_brand":[],"product_cat":[100,426,427,428,439,429,440,430,441,431,442,443,432,433,444,112,464,445,446,434,435,436,437],"product_tag":[103,76,77,113,78],"class_list":{"0":"post-38072","1":"product","2":"type-product","3":"status-publish","4":"has-post-thumbnail","6":"product_cat-aluminum-ground-light","7":"product_cat-ceiling-recessed","8":"product_cat-ceiling-surface","9":"product_cat-ceiling-suspended","10":"product_cat-commercial","11":"product_cat-drivers","12":"product_cat-education","13":"product_cat-freestanding-light","14":"product_cat-hospitality","15":"product_cat-industrial","16":"product_cat-infrastructure","17":"product_cat-landscape","18":"product_cat-landscaping","19":"product_cat-linear","20":"product_cat-office","21":"product_cat-outdoor-ground-light","22":"product_cat-c-outdoor-lighting","23":"product_cat-residential","24":"product_cat-retail","25":"product_cat-table-lamp","26":"product_cat-track","27":"product_cat-wall-recessed","28":"product_cat-wall-surface","29":"product_tag-aluminum-ground-light","30":"product_tag-aluminum-housing","31":"product_tag-ground-light","32":"product_tag-outdoor-ground-light","33":"product_tag-outdoor-lighting","35":"first","36":"instock","37":"shipping-taxable","38":"product-type-simple"},"_links":{"self":[{"href":"https:\/\/ledsteplight.com\/fi\/wp-json\/wp\/v2\/product\/38072","targetHints":{"allow":["GET"]}}],"collection":[{"href":"https:\/\/ledsteplight.com\/fi\/wp-json\/wp\/v2\/product"}],"about":[{"href":"https:\/\/ledsteplight.com\/fi\/wp-json\/wp\/v2\/types\/product"}],"replies":[{"embeddable":true,"href":"https:\/\/ledsteplight.com\/fi\/wp-json\/wp\/v2\/comments?post=38072"}],"version-history":[{"count":3,"href":"https:\/\/ledsteplight.com\/fi\/wp-json\/wp\/v2\/product\/38072\/revisions"}],"predecessor-version":[{"id":38615,"href":"https:\/\/ledsteplight.com\/fi\/wp-json\/wp\/v2\/product\/38072\/revisions\/38615"}],"wp:featuredmedia":[{"embeddable":true,"href":"https:\/\/ledsteplight.com\/fi\/wp-json\/wp\/v2\/media\/37320"}],"wp:attachment":[{"href":"https:\/\/ledsteplight.com\/fi\/wp-json\/wp\/v2\/media?parent=38072"}],"wp:term":[{"taxonomy":"product_brand","embeddable":true,"href":"https:\/\/ledsteplight.com\/fi\/wp-json\/wp\/v2\/product_brand?post=38072"},{"taxonomy":"product_cat","embeddable":true,"href":"https:\/\/ledsteplight.com\/fi\/wp-json\/wp\/v2\/product_cat?post=38072"},{"taxonomy":"product_tag","embeddable":true,"href":"https:\/\/ledsteplight.com\/fi\/wp-json\/wp\/v2\/product_tag?post=38072"}],"curies":[{"name":"wp","href":"https:\/\/api.w.org\/{rel}","templated":true}]}}