{"id":38073,"date":"2025-09-08T13:04:26","date_gmt":"2025-09-08T13:04:26","guid":{"rendered":"https:\/\/ledsteplight.com\/import-placeholder-for-37213\/"},"modified":"2026-01-19T02:14:20","modified_gmt":"2026-01-19T02:14:20","slug":"custom-smart-ground-lights-with-dual-mode-sensor-wholesale-manufacturer-ip67","status":"publish","type":"product","link":"https:\/\/ledsteplight.com\/fi\/custom-smart-ground-lights-with-dual-mode-sensor-wholesale-manufacturer-ip67\/","title":{"rendered":"Mukautetut \u00e4lykk\u00e4\u00e4t maavalot kaksoistilansensorilla | Tukkumyyntivalmistaja | IP67"},"content":{"rendered":"<table data-start=\"122\" data-end=\"1475\">\n<thead data-start=\"122\" data-end=\"210\">\n<tr data-start=\"122\" data-end=\"210\">\n<th data-start=\"122\" data-end=\"151\"><strong data-start=\"124\" data-end=\"137\">Parametri<\/strong><\/th>\n<th data-start=\"151\" data-end=\"210\"><strong data-start=\"153\" data-end=\"182\">M\u00e4\u00e4ritys\/Kuvaus<\/strong><\/th>\n<\/tr>\n<\/thead>\n<tbody data-start=\"300\" data-end=\"1475\">\n<tr data-start=\"300\" data-end=\"387\">\n<td><strong data-start=\"302\" data-end=\"319\">Tuotemalli<\/strong><\/td>\n<td>MG-SN027<\/td>\n<\/tr>\n<tr data-start=\"388\" data-end=\"476\">\n<td><strong data-start=\"390\" data-end=\"410\">Tuotekategoria<\/strong><\/td>\n<td>Kaksitilainen \u00e4lyk\u00e4s anturi<\/td>\n<\/tr>\n<tr data-start=\"477\" data-end=\"565\">\n<td><strong data-start=\"479\" data-end=\"500\"><strong><a href=\"https:\/\/ledsteplight.com\/fi\/dm36b-pro-honeycomb-anti-glare-led-in-ground-light-ip67-24v-dc\/\" class=\"waam-auto-link\" title=\"Toimintaj\u00e4nnite\">Toimintaj\u00e4nnite<\/a><\/strong><\/strong><\/td>\n<td>12V DC <em data-start=\"515\" data-end=\"532\">(esimerkkiarvo)<\/em><\/td>\n<\/tr>\n<tr data-start=\"566\" data-end=\"654\">\n<td><strong data-start=\"568\" data-end=\"589\">Toimintavirta<\/strong><\/td>\n<td>\u2014 (Ei m\u00e4\u00e4ritelty)<\/td>\n<\/tr>\n<tr data-start=\"655\" data-end=\"743\">\n<td><strong data-start=\"657\" data-end=\"678\">S\u00e4hk\u00f6nkulutus<\/strong><\/td>\n<td>&lt; 0,45W <em data-start=\"694\" data-end=\"711\">(esimerkkiarvo)<\/em><\/td>\n<\/tr>\n<tr data-start=\"744\" data-end=\"832\">\n<td><strong data-start=\"746\" data-end=\"771\">Havaitsemistarkkuus<\/strong><\/td>\n<td>Kaksitilainen (Ymp\u00e4rist\u00f6- ja liikkumisen tunnistus)<\/td>\n<\/tr>\n<tr data-start=\"833\" data-end=\"921\">\n<td><strong data-start=\"835\" data-end=\"852\">Vasteaika<\/strong><\/td>\n<td>&lt; 0,2 sekuntia <em data-start=\"878\" data-end=\"895\">(esimerkkiarvo)<\/em><\/td>\n<\/tr>\n<tr data-start=\"922\" data-end=\"1010\">\n<td><strong data-start=\"924\" data-end=\"937\">IP-luokitus<\/strong><\/td>\n<td>IP67 (Vesitiivis ja p\u00f6lytiivis)<\/td>\n<\/tr>\n<tr data-start=\"1011\" data-end=\"1099\">\n<td><strong data-start=\"1013\" data-end=\"1038\">K\u00e4ytt\u00f6l\u00e4mp\u00f6tila<\/strong><\/td>\n<td>-20\u00b0C to +60\u00b0C<\/td>\n<\/tr>\n<tr data-start=\"1100\" data-end=\"1188\">\n<td><strong data-start=\"1102\" data-end=\"1116\">Mitat<\/strong><\/td>\n<td>\u2014 (Ei m\u00e4\u00e4ritelty)<\/td>\n<\/tr>\n<tr data-start=\"1189\" data-end=\"1277\">\n<td><strong data-start=\"1191\" data-end=\"1201\">Paino<\/strong><\/td>\n<td>\u2014 (Ei m\u00e4\u00e4ritelty)<\/td>\n<\/tr>\n<tr data-start=\"1278\" data-end=\"1366\">\n<td><strong data-start=\"1280\" data-end=\"1292\">Kestoik\u00e4<\/strong><\/td>\n<td>Enint\u00e4\u00e4n 50 000 tuntia <em data-start=\"1328\" data-end=\"1345\">(esimerkkiarvo)<\/em><\/td>\n<\/tr>\n<tr data-start=\"1367\" data-end=\"1475\">\n<td><strong data-start=\"1369\" data-end=\"1392\">Lis\u00e4ominaisuudet<\/strong><\/td>\n<td>S\u00e4\u00e4dett\u00e4v\u00e4 kynnysarvo, \u00e4lyk\u00e4s integrointi, nopea reagointi, kaksitilainen tunnistus<\/td>\n<\/tr>\n<\/tbody>\n<\/table>\n<p data-start=\"655\" data-end=\"1075\"><strong data-start=\"659\" data-end=\"694\">MG-SN027 Kaksitilainen \u00e4lyk\u00e4s anturi<\/strong> on edistynyt ohjausratkaisu, joka on suunniteltu <strong data-start=\"740\" data-end=\"780\">\u00e4lyk\u00e4s <strong><a href=\"https:\/\/ledsteplight.com\/fi\/low-voltage-landscape-lighting-effective-outdoor-solutions\/\" class=\"waam-auto-link\" title=\"ulkovalaisinta\">ulkovalaisinta<\/a><\/strong> j\u00e4rjestelm\u00e4t<\/strong>. Varustettu sek\u00e4 <strong data-start=\"797\" data-end=\"838\">ymp\u00e4rist\u00f6n valon ett\u00e4 liikkumisen tunnistuksella<\/strong>, se tarjoaa reagoivaa ja energiatehokasta <strong><a href=\"https:\/\/ledsteplight.com\/fi\/pir-sensor-step-light-top-advantages-for-safety\/\" class=\"waam-auto-link\" title=\"valaistuksen luomiseksi\">valaistuksen luomiseksi<\/a><\/strong> polkujen, puutarhojen ja arkkitehtonisten tilojen. Sen kanssa <strong data-start=\"955\" data-end=\"995\">IP67-vesi- ja p\u00f6lytiivis muotoilu<\/strong>, anturi takaa luotettavan toiminnan jopa \u00e4\u00e4rimm\u00e4isiss\u00e4 s\u00e4\u00e4olosuhteissa.<\/p>\n<p data-start=\"1077\" data-end=\"1509\">Ammattimaisena <strong data-start=\"1095\" data-end=\"1124\">LED-valaistusvalmistaja<\/strong>, tarjoamme <strong data-start=\"1137\" data-end=\"1178\">OEM- ja r\u00e4\u00e4t\u00e4l\u00f6idyt \u00e4lyanturiratkaisut<\/strong> monipuolisiin valaistusprojekteihin. MG-SN027 toimii 12V DC -virtal\u00e4hteell\u00e4, kuluttaa alle 0,45W ja reagoi 0,2 sekunnissa v\u00e4litt\u00f6m\u00e4sti. Rakennettu pitk\u00e4aikaiseen vakauteen <strong data-start=\"1367\" data-end=\"1398\">kestoi jopa 50 000 tuntia<\/strong>, se on ihanteellinen moderniin maisemasuunnitteluun ja <strong><a href=\"https:\/\/ledsteplight.com\/fi\/cree-bridgelux-chip-ip65-led-fixture-for-garden-facade-lighting\/\" class=\"waam-auto-link\" title=\"arkkitehtuurista valaistusta\">arkkitehtuurista valaistusta<\/a><\/strong> sovelluksiin, jotka vaativat tarkkuutta ja kest\u00e4vyytt\u00e4.<\/p>","protected":false},"excerpt":{"rendered":"<p data-start=\"4046\" data-end=\"4490\">MG-SN027 kaksoistilamuinen \u00e4lyk\u00e4s sensori LED-valaistukseen. IP67-vesitiivis, liike- ja ymp\u00e4rist\u00f6tunnistus, 12V DC, OEM\/mukautettu valmistaja \u00e4lykk\u00e4isiin ulko-ohjausj\u00e4rjestelmiin.<\/p>","protected":false},"featured_media":37322,"comment_status":"open","ping_status":"closed","template":"","meta":[],"product_brand":[],"product_cat":[100,426,427,428,439,429,440,430,441,431,442,443,432,433,444,112,464,445,446,434,435,436,437],"product_tag":[103,76,110,109,113,78,115],"class_list":{"0":"post-38073","1":"product","2":"type-product","3":"status-publish","4":"has-post-thumbnail","6":"product_cat-aluminum-ground-light","7":"product_cat-ceiling-recessed","8":"product_cat-ceiling-surface","9":"product_cat-ceiling-suspended","10":"product_cat-commercial","11":"product_cat-drivers","12":"product_cat-education","13":"product_cat-freestanding-light","14":"product_cat-hospitality","15":"product_cat-industrial","16":"product_cat-infrastructure","17":"product_cat-landscape","18":"product_cat-landscaping","19":"product_cat-linear","20":"product_cat-office","21":"product_cat-outdoor-ground-light","22":"product_cat-c-outdoor-lighting","23":"product_cat-residential","24":"product_cat-retail","25":"product_cat-table-lamp","26":"product_cat-track","27":"product_cat-wall-recessed","28":"product_cat-wall-surface","29":"product_tag-aluminum-ground-light","30":"product_tag-aluminum-housing","31":"product_tag-landscape-light","32":"product_tag-led-fixture","33":"product_tag-outdoor-ground-light","34":"product_tag-outdoor-lighting","35":"product_tag-recessed-light","37":"first","38":"instock","39":"shipping-taxable","40":"product-type-simple"},"_links":{"self":[{"href":"https:\/\/ledsteplight.com\/fi\/wp-json\/wp\/v2\/product\/38073","targetHints":{"allow":["GET"]}}],"collection":[{"href":"https:\/\/ledsteplight.com\/fi\/wp-json\/wp\/v2\/product"}],"about":[{"href":"https:\/\/ledsteplight.com\/fi\/wp-json\/wp\/v2\/types\/product"}],"replies":[{"embeddable":true,"href":"https:\/\/ledsteplight.com\/fi\/wp-json\/wp\/v2\/comments?post=38073"}],"version-history":[{"count":3,"href":"https:\/\/ledsteplight.com\/fi\/wp-json\/wp\/v2\/product\/38073\/revisions"}],"predecessor-version":[{"id":38616,"href":"https:\/\/ledsteplight.com\/fi\/wp-json\/wp\/v2\/product\/38073\/revisions\/38616"}],"wp:featuredmedia":[{"embeddable":true,"href":"https:\/\/ledsteplight.com\/fi\/wp-json\/wp\/v2\/media\/37322"}],"wp:attachment":[{"href":"https:\/\/ledsteplight.com\/fi\/wp-json\/wp\/v2\/media?parent=38073"}],"wp:term":[{"taxonomy":"product_brand","embeddable":true,"href":"https:\/\/ledsteplight.com\/fi\/wp-json\/wp\/v2\/product_brand?post=38073"},{"taxonomy":"product_cat","embeddable":true,"href":"https:\/\/ledsteplight.com\/fi\/wp-json\/wp\/v2\/product_cat?post=38073"},{"taxonomy":"product_tag","embeddable":true,"href":"https:\/\/ledsteplight.com\/fi\/wp-json\/wp\/v2\/product_tag?post=38073"}],"curies":[{"name":"wp","href":"https:\/\/api.w.org\/{rel}","templated":true}]}}