{"id":38074,"date":"2025-09-08T13:04:26","date_gmt":"2025-09-08T13:04:26","guid":{"rendered":"https:\/\/ledsteplight.com\/import-placeholder-for-37225\/"},"modified":"2026-01-19T02:14:19","modified_gmt":"2026-01-19T02:14:19","slug":"gyd027-outdoor-motion-sensor-86-ground-light-oem-factory","status":"publish","type":"product","link":"https:\/\/ledsteplight.com\/fi\/gyd027-outdoor-motion-sensor-86-ground-light-oem-factory\/","title":{"rendered":"GYD027 Ulkona Motion Sensor 86 Maahanvalo | OEM-tehdas"},"content":{"rendered":"<table data-start=\"132\" data-end=\"1461\">\n<thead data-start=\"132\" data-end=\"219\">\n<tr data-start=\"132\" data-end=\"219\">\n<th data-start=\"132\" data-end=\"161\"><strong data-start=\"134\" data-end=\"147\">Parametri<\/strong><\/th>\n<th data-start=\"161\" data-end=\"219\"><strong data-start=\"163\" data-end=\"192\">M\u00e4\u00e4ritys\/Kuvaus<\/strong><\/th>\n<\/tr>\n<\/thead>\n<tbody data-start=\"308\" data-end=\"1461\">\n<tr data-start=\"308\" data-end=\"395\">\n<td><strong data-start=\"310\" data-end=\"327\">Tuotemalli<\/strong><\/td>\n<td>MG-GYD027<\/td>\n<\/tr>\n<tr data-start=\"396\" data-end=\"483\">\n<td><strong data-start=\"398\" data-end=\"418\">Tuotekategoria<\/strong><\/td>\n<td>LED-pohjainen ulkovalaisin<\/td>\n<\/tr>\n<tr data-start=\"484\" data-end=\"571\">\n<td><strong data-start=\"486\" data-end=\"507\"><strong><a href=\"https:\/\/ledsteplight.com\/fi\/dm36b-pro-honeycomb-anti-glare-led-in-ground-light-ip67-24v-dc\/\" class=\"waam-auto-link\" title=\"Toimintaj\u00e4nnite\">Toimintaj\u00e4nnite<\/a><\/strong><\/strong><\/td>\n<td>24V DC <em data-start=\"522\" data-end=\"539\">(esimerkkiarvo)<\/em><\/td>\n<\/tr>\n<tr data-start=\"572\" data-end=\"659\">\n<td><strong data-start=\"574\" data-end=\"595\">Toimintavirta<\/strong><\/td>\n<td>\u2014 (Ei m\u00e4\u00e4ritelty)<\/td>\n<\/tr>\n<tr data-start=\"660\" data-end=\"747\">\n<td><strong data-start=\"662\" data-end=\"683\">S\u00e4hk\u00f6nkulutus<\/strong><\/td>\n<td>&lt;35W <em data-start=\"696\" data-end=\"713\">(esimerkkiarvo)<\/em><\/td>\n<\/tr>\n<tr data-start=\"748\" data-end=\"835\">\n<td><strong data-start=\"750\" data-end=\"766\">Lumen-tuotto<\/strong><\/td>\n<td>2700 lm <em data-start=\"787\" data-end=\"804\">(esimerkkiarvo)<\/em><\/td>\n<\/tr>\n<tr data-start=\"836\" data-end=\"921\">\n<td><strong data-start=\"838\" data-end=\"859\">V\u00e4ril\u00e4mp\u00f6tila<\/strong><\/td>\n<td>4000K<\/td>\n<\/tr>\n<tr data-start=\"922\" data-end=\"1009\">\n<td><strong data-start=\"924\" data-end=\"937\">IP-luokitus<\/strong><\/td>\n<td>IP67 (Vesitiivis ja p\u00f6lytiivis)<\/td>\n<\/tr>\n<tr data-start=\"1010\" data-end=\"1097\">\n<td><strong data-start=\"1012\" data-end=\"1037\">K\u00e4ytt\u00f6l\u00e4mp\u00f6tila<\/strong><\/td>\n<td>-20\u00b0C to +60\u00b0C<\/td>\n<\/tr>\n<tr data-start=\"1098\" data-end=\"1185\">\n<td><strong data-start=\"1100\" data-end=\"1114\">Mitat<\/strong><\/td>\n<td>\u2014 (Ei m\u00e4\u00e4ritelty)<\/td>\n<\/tr>\n<tr data-start=\"1186\" data-end=\"1273\">\n<td><strong data-start=\"1188\" data-end=\"1198\">Paino<\/strong><\/td>\n<td>\u2014 (Ei m\u00e4\u00e4ritelty)<\/td>\n<\/tr>\n<tr data-start=\"1274\" data-end=\"1361\">\n<td><strong data-start=\"1276\" data-end=\"1288\">Kestoik\u00e4<\/strong><\/td>\n<td>Enint\u00e4\u00e4n 50 000 tuntia <em data-start=\"1324\" data-end=\"1341\">(esimerkkiarvo)<\/em><\/td>\n<\/tr>\n<tr data-start=\"1362\" data-end=\"1461\">\n<td><strong data-start=\"1364\" data-end=\"1387\">Lis\u00e4ominaisuudet<\/strong><\/td>\n<td>\u00c4lyk\u00e4s ohjaus, modulaarinen muotoilu, energiatehokas, helppo asennus<\/td>\n<\/tr>\n<\/tbody>\n<\/table>\n<p data-start=\"712\" data-end=\"1176\"><strong data-start=\"716\" data-end=\"764\">GYD027 Ulkona <strong><a href=\"https:\/\/ledsteplight.com\/fi\/pir-sensor-step-light-top-advantages-for-safety\/\" class=\"waam-auto-link\" title=\"Liikeanturi\">Liikeanturi<\/a><\/strong> 86 <strong><a href=\"https:\/\/ledsteplight.com\/fi\/5w-led-in-ground-lights-ip65-waterproof-outdoor-driveway-garden-floor-lighting\/\" class=\"waam-auto-link\" title=\"Maavalaisin\">Maavalaisin<\/a><\/strong><\/strong> yhdist\u00e4\u00e4 elegantin muotoilun \u00e4lykk\u00e4\u00e4seen toiminnallisuuteen, tehden siit\u00e4 ihanteellisen moderniin <strong data-start=\"848\" data-end=\"882\">maisemointi- ja polkuvalaistukseen<\/strong>. Varustettu <strong data-start=\"900\" data-end=\"934\">korkean herkkyyden liiketunnistimella<\/strong>, t\u00e4m\u00e4 valaisin aktivoituu automaattisesti, kun liikett\u00e4 havaitaan, tarjoten energiatehokasta valaistusta ja parantaen ulkoilman turvallisuutta. Sen <strong data-start=\"1082\" data-end=\"1111\">IP67-vesitiivis rakenne<\/strong> takaa pitk\u00e4kestoisen suorituskyvyn kaikissa s\u00e4\u00e4olosuhteissa.<\/p>\n<p data-start=\"1178\" data-end=\"1550\">Ammattimaisena <strong data-start=\"1196\" data-end=\"1229\">LED-maahanvalaisinvalmistaja<\/strong>, erikoistunut <strong data-start=\"1248\" data-end=\"1285\">OEM- ja r\u00e4\u00e4t\u00e4l\u00f6ityj\u00e4 valaistusratkaisuja<\/strong> sovitettu arkkitehtuurin ja maisemasuunnittelun projekteihin. The <strong data-start=\"1341\" data-end=\"1371\">GYD027 sensorinen maanalainen valo<\/strong> tukee 86-tyypin asennusta, ominaisuuksina kest\u00e4v\u00e4\u00e4 rakennetta ja tarjoaa vakaan, matalavirtaisen toiminnan\u2014t\u00e4ydellinen puutarhoihin, ajoteihin, patioihin ja \u00e4lylaitteisiin <strong><a href=\"https:\/\/ledsteplight.com\/fi\/cree-bridgelux-chip-ip65-led-fixture-for-garden-facade-lighting\/\" class=\"waam-auto-link\" title=\"ulkovalaisinta\">ulkovalaisinta<\/a><\/strong> <strong><a href=\"https:\/\/ledsteplight.com\/fi\/ultimate-guide-to-landscape-inground-lighting-solutions\/\" class=\"waam-auto-link\" title=\"j\u00e4rjestelm\u00e4t\">j\u00e4rjestelm\u00e4t<\/a><\/strong>.<\/p>","protected":false},"excerpt":{"rendered":"<p data-start=\"4123\" data-end=\"4584\">liikkeentunnistinjalkavalo, LED ulkok\u00e4ytt\u00f6\u00f6n tarkoitettu maavalo, 86-tyypin maavalo, \u00e4lyk\u00e4s ulkovalaistus, IP67-vesitiivis LED, polkuvalaistus, maisemavalaistuksen valmistaja, OEM LED-valaisimet, r\u00e4\u00e4t\u00e4l\u00f6ity maavalo, liikkeest\u00e4 aktivoitu LED<\/p>","protected":false},"featured_media":37324,"comment_status":"open","ping_status":"closed","template":"","meta":[],"product_brand":[],"product_cat":[100,426,427,428,439,429,440,430,441,431,442,443,432,433,444,112,464,445,446,434,435,436,437],"product_tag":[103,76,77,113,78],"class_list":{"0":"post-38074","1":"product","2":"type-product","3":"status-publish","4":"has-post-thumbnail","6":"product_cat-aluminum-ground-light","7":"product_cat-ceiling-recessed","8":"product_cat-ceiling-surface","9":"product_cat-ceiling-suspended","10":"product_cat-commercial","11":"product_cat-drivers","12":"product_cat-education","13":"product_cat-freestanding-light","14":"product_cat-hospitality","15":"product_cat-industrial","16":"product_cat-infrastructure","17":"product_cat-landscape","18":"product_cat-landscaping","19":"product_cat-linear","20":"product_cat-office","21":"product_cat-outdoor-ground-light","22":"product_cat-c-outdoor-lighting","23":"product_cat-residential","24":"product_cat-retail","25":"product_cat-table-lamp","26":"product_cat-track","27":"product_cat-wall-recessed","28":"product_cat-wall-surface","29":"product_tag-aluminum-ground-light","30":"product_tag-aluminum-housing","31":"product_tag-ground-light","32":"product_tag-outdoor-ground-light","33":"product_tag-outdoor-lighting","35":"first","36":"instock","37":"shipping-taxable","38":"product-type-simple"},"_links":{"self":[{"href":"https:\/\/ledsteplight.com\/fi\/wp-json\/wp\/v2\/product\/38074","targetHints":{"allow":["GET"]}}],"collection":[{"href":"https:\/\/ledsteplight.com\/fi\/wp-json\/wp\/v2\/product"}],"about":[{"href":"https:\/\/ledsteplight.com\/fi\/wp-json\/wp\/v2\/types\/product"}],"replies":[{"embeddable":true,"href":"https:\/\/ledsteplight.com\/fi\/wp-json\/wp\/v2\/comments?post=38074"}],"version-history":[{"count":3,"href":"https:\/\/ledsteplight.com\/fi\/wp-json\/wp\/v2\/product\/38074\/revisions"}],"predecessor-version":[{"id":38617,"href":"https:\/\/ledsteplight.com\/fi\/wp-json\/wp\/v2\/product\/38074\/revisions\/38617"}],"wp:featuredmedia":[{"embeddable":true,"href":"https:\/\/ledsteplight.com\/fi\/wp-json\/wp\/v2\/media\/37324"}],"wp:attachment":[{"href":"https:\/\/ledsteplight.com\/fi\/wp-json\/wp\/v2\/media?parent=38074"}],"wp:term":[{"taxonomy":"product_brand","embeddable":true,"href":"https:\/\/ledsteplight.com\/fi\/wp-json\/wp\/v2\/product_brand?post=38074"},{"taxonomy":"product_cat","embeddable":true,"href":"https:\/\/ledsteplight.com\/fi\/wp-json\/wp\/v2\/product_cat?post=38074"},{"taxonomy":"product_tag","embeddable":true,"href":"https:\/\/ledsteplight.com\/fi\/wp-json\/wp\/v2\/product_tag?post=38074"}],"curies":[{"name":"wp","href":"https:\/\/api.w.org\/{rel}","templated":true}]}}