{"id":38080,"date":"2025-09-08T13:04:27","date_gmt":"2025-09-08T13:04:27","guid":{"rendered":"https:\/\/ledsteplight.com\/import-placeholder-for-37241\/"},"modified":"2026-01-19T02:14:17","modified_gmt":"2026-01-19T02:14:17","slug":"mg-zb17070-b-led-in-ground-light-outdoor-landscape-light","status":"publish","type":"product","link":"https:\/\/ledsteplight.com\/fi\/mg-zb17070-b-led-in-ground-light-outdoor-landscape-light\/","title":{"rendered":"MG-ZB17070-B Matala j\u00e4nnite maahan upotettava valo \u2014 10\u00b0\u201360\u00b0 s\u00e4teenkulmat"},"content":{"rendered":"<p>&nbsp;<\/p>\n<table class=\"OxEWNITQ\">\n<thead>\n<tr>\n<th><strong>Tuotemalli<\/strong><\/th>\n<th>MG-ZB17070-B<\/th>\n<\/tr>\n<\/thead>\n<tbody>\n<tr>\n<td><strong>Tuotteen koko<\/strong><\/td>\n<td>170mm (Pituus) x 70mm (Leveys) x 48mm (Korkeus)<\/td>\n<\/tr>\n<tr>\n<td><strong>Leikkauskoko<\/strong><\/td>\n<td>Katso asennuskaavio teknisist\u00e4 tiedoista<\/td>\n<\/tr>\n<tr>\n<td><strong>Toiminton\u00e4pp\u00e4in<\/strong><\/td>\n<td>Kytkimen hallinta<\/td>\n<\/tr>\n<tr>\n<td><strong>Valonl\u00e4hde<\/strong><\/td>\n<td>OSRAM \/ <strong><a href=\"https:\/\/ledsteplight.com\/fi\/cree-bridgelux-chip-ip65-led-fixture-for-garden-facade-lighting\/\" class=\"waam-auto-link\" title=\"CREE LED\">CREE LED<\/a><\/strong><\/td>\n<\/tr>\n<tr>\n<td><strong>Teho<\/strong><\/td>\n<td>3W 700mA:ssa<\/td>\n<\/tr>\n<tr>\n<td><strong>Paino<\/strong><\/td>\n<td>0,7 kilogrammaa<\/td>\n<\/tr>\n<tr>\n<td><strong>Vaihtovirta Sis\u00e4\u00e4ntulo<\/strong><\/td>\n<td>AC220V \/ DC24V<\/td>\n<\/tr>\n<tr>\n<td><strong>Ohjain<\/strong><\/td>\n<td>Tarjolla (Valmistaja: KeGu \/ SHIKI)<\/td>\n<\/tr>\n<tr>\n<td><strong>Heijastimen kulma<\/strong><\/td>\n<td>Ei m\u00e4\u00e4ritelty<\/td>\n<\/tr>\n<tr>\n<td><strong>V\u00e4ril\u00e4mp\u00f6tila<\/strong><\/td>\n<td>2700K, 3000K, 3500K<\/td>\n<\/tr>\n<tr>\n<td><strong>Liit\u00e4nt\u00e4 (Johdot\/Pituus\/Liittimet)<\/strong><\/td>\n<td>Ei m\u00e4\u00e4ritelty<\/td>\n<\/tr>\n<tr>\n<td><strong>Materiaali<\/strong><\/td>\n<td>Rauta alumiinilla<\/td>\n<\/tr>\n<tr>\n<td><strong>V\u00e4ri\/Viimeistely<\/strong><\/td>\n<td>Valkoinen, Musta<\/td>\n<\/tr>\n<tr>\n<td><strong>IP-luokitus<\/strong><\/td>\n<td>IP20 (Suojaus kiinteilt\u00e4 esineilt\u00e4, suuremmilta kuin 12,5mm)<\/td>\n<\/tr>\n<tr>\n<td><strong>Asennustapa<\/strong><\/td>\n<td>Upotettu asennus<\/td>\n<\/tr>\n<\/tbody>\n<\/table>\n<p>&nbsp;<\/p>\n<p data-start=\"422\" data-end=\"686\"><strong data-start=\"426\" data-end=\"442\">MG-ZB17070-B<\/strong> on kompakti <strong><a href=\"https:\/\/ledsteplight.com\/fi\/dm36b-pro-honeycomb-anti-glare-led-in-ground-light-ip67-24v-dc\/\" class=\"waam-auto-link\" title=\"upotettu maavalaisin\">upotettu maavalaisin<\/a><\/strong> rakennettu projekteihin, joissa luotettavuus ja toistettava suorituskyky ovat t\u00e4rkeit\u00e4. Valmistamme n\u00e4m\u00e4 tehtaallamme ja toimitamme ne tuotantovalmiina yksik\u00f6in\u00e4 tai br\u00e4nd\u00e4ttyin\u00e4 OEM-n\u00e4yttein\u00e4 \u2014 mik\u00e4 tahansa sopii hankintaprosessiisi.<\/p>\n<p data-start=\"688\" data-end=\"1096\">T\u00e4m\u00e4 valaisin mitataan <strong data-start=\"710\" data-end=\"730\">170 \u00d7 70 \u00d7 48 mm<\/strong> ja painaa <strong data-start=\"742\" data-end=\"752\">0,7 kg<\/strong>, joten se asentuu helposti standardisiin upotettaviin taskuihin ja pysyy poissa tielt\u00e4 asennuksen j\u00e4lkeen. Se on saatavana <strong data-start=\"865\" data-end=\"887\">OSRAM tai CREE LEDill\u00e4<\/strong> at <strong data-start=\"891\" data-end=\"905\">3W (700mA)<\/strong> ja tulee kolmessa l\u00e4mpim\u00e4n v\u00e4ril\u00e4mp\u00f6tilan vaihtoehdossa: <strong data-start=\"950\" data-end=\"977\">2700K, 3000K ja 3500K<\/strong> \u2014 erinomainen maisemakorostuksiin, hotellien polkuvaloihin ja arkkitehtoniseen yl\u00f6svalaistukseen, joissa l\u00e4mpim\u00e4n, imartelevan valon suositaan.<\/p>","protected":false},"excerpt":{"rendered":"<p>Tehdas OEM: MG-ZB17070-B upotettava maavalaisin \u2014 3W OSRAM\/CREE-vaihtoehdoilla, 2700\u20133500K. Toimitetaan KeGu\/SHIKI-ajurilla. Rauta+alumiinikuori. IP20-standardi; korkeampipaineiset versiot saatavilla pyynn\u00f6st\u00e4<\/p>","protected":false},"featured_media":37344,"comment_status":"open","ping_status":"closed","template":"","meta":[],"product_brand":[],"product_cat":[100,426,427,428,439,429,440,430,441,431,442,443,432,433,136,444,464,445,446,434,435,436,437],"product_tag":[103,76,77,137,78],"class_list":{"0":"post-38080","1":"product","2":"type-product","3":"status-publish","4":"has-post-thumbnail","6":"product_cat-aluminum-ground-light","7":"product_cat-ceiling-recessed","8":"product_cat-ceiling-surface","9":"product_cat-ceiling-suspended","10":"product_cat-commercial","11":"product_cat-drivers","12":"product_cat-education","13":"product_cat-freestanding-light","14":"product_cat-hospitality","15":"product_cat-industrial","16":"product_cat-infrastructure","17":"product_cat-landscape","18":"product_cat-landscaping","19":"product_cat-linear","20":"product_cat-narrow-border-ground-light","21":"product_cat-office","22":"product_cat-c-outdoor-lighting","23":"product_cat-residential","24":"product_cat-retail","25":"product_cat-table-lamp","26":"product_cat-track","27":"product_cat-wall-recessed","28":"product_cat-wall-surface","29":"product_tag-aluminum-ground-light","30":"product_tag-aluminum-housing","31":"product_tag-ground-light","32":"product_tag-narrow-border-ground-light","33":"product_tag-outdoor-lighting","35":"first","36":"instock","37":"shipping-taxable","38":"product-type-simple"},"_links":{"self":[{"href":"https:\/\/ledsteplight.com\/fi\/wp-json\/wp\/v2\/product\/38080","targetHints":{"allow":["GET"]}}],"collection":[{"href":"https:\/\/ledsteplight.com\/fi\/wp-json\/wp\/v2\/product"}],"about":[{"href":"https:\/\/ledsteplight.com\/fi\/wp-json\/wp\/v2\/types\/product"}],"replies":[{"embeddable":true,"href":"https:\/\/ledsteplight.com\/fi\/wp-json\/wp\/v2\/comments?post=38080"}],"version-history":[{"count":3,"href":"https:\/\/ledsteplight.com\/fi\/wp-json\/wp\/v2\/product\/38080\/revisions"}],"predecessor-version":[{"id":38606,"href":"https:\/\/ledsteplight.com\/fi\/wp-json\/wp\/v2\/product\/38080\/revisions\/38606"}],"wp:featuredmedia":[{"embeddable":true,"href":"https:\/\/ledsteplight.com\/fi\/wp-json\/wp\/v2\/media\/37344"}],"wp:attachment":[{"href":"https:\/\/ledsteplight.com\/fi\/wp-json\/wp\/v2\/media?parent=38080"}],"wp:term":[{"taxonomy":"product_brand","embeddable":true,"href":"https:\/\/ledsteplight.com\/fi\/wp-json\/wp\/v2\/product_brand?post=38080"},{"taxonomy":"product_cat","embeddable":true,"href":"https:\/\/ledsteplight.com\/fi\/wp-json\/wp\/v2\/product_cat?post=38080"},{"taxonomy":"product_tag","embeddable":true,"href":"https:\/\/ledsteplight.com\/fi\/wp-json\/wp\/v2\/product_tag?post=38080"}],"curies":[{"name":"wp","href":"https:\/\/api.w.org\/{rel}","templated":true}]}}