{"id":38081,"date":"2025-09-08T13:04:27","date_gmt":"2025-09-08T13:04:27","guid":{"rendered":"https:\/\/ledsteplight.com\/import-placeholder-for-37242\/"},"modified":"2026-01-19T02:14:17","modified_gmt":"2026-01-19T02:14:17","slug":"zb17070-c-led-in-ground-light-outdoor-landscape","status":"publish","type":"product","link":"https:\/\/ledsteplight.com\/fi\/zb17070-c-led-in-ground-light-outdoor-landscape\/","title":{"rendered":"ZB17070-C Maiseman maanalainen LED | Jakelijan hinnoittelu"},"content":{"rendered":"<table class=\"OxEWNITQ\">\n<thead>\n<tr>\n<th><strong>Tuotemalli<\/strong><\/th>\n<th>MG-ZB17070-C<\/th>\n<\/tr>\n<\/thead>\n<tbody>\n<tr>\n<td><strong>Tuotteen koko<\/strong><\/td>\n<td>170mm (Pituus) x 70mm (Leveys) x 48mm (Korkeus)<\/td>\n<\/tr>\n<tr>\n<td><strong>Leikkauskoko<\/strong><\/td>\n<td>Katso asennuskaavio teknisist\u00e4 tiedoista<\/td>\n<\/tr>\n<tr>\n<td><strong>Toiminton\u00e4pp\u00e4in<\/strong><\/td>\n<td>Kytkimen hallinta<\/td>\n<\/tr>\n<tr>\n<td><strong>Valonl\u00e4hde<\/strong><\/td>\n<td>OSRAM \/ CREE LED<\/td>\n<\/tr>\n<tr>\n<td><strong>Teho<\/strong><\/td>\n<td>3W 700mA:ssa<\/td>\n<\/tr>\n<tr>\n<td><strong>Paino<\/strong><\/td>\n<td>0,7 kilogrammaa<\/td>\n<\/tr>\n<tr>\n<td><strong>Vaihtovirta Sis\u00e4\u00e4ntulo<\/strong><\/td>\n<td>AC220V \/ DC24V<\/td>\n<\/tr>\n<tr>\n<td><strong>Ohjain<\/strong><\/td>\n<td>Tarjolla (Valmistaja: KeGu \/ SHIKI)<\/td>\n<\/tr>\n<tr>\n<td><strong>Heijastimen kulma<\/strong><\/td>\n<td>Ei m\u00e4\u00e4ritelty<\/td>\n<\/tr>\n<tr>\n<td><strong><strong><a href=\"https:\/\/ledsteplight.com\/fi\/dm36b-pro-honeycomb-anti-glare-led-in-ground-light-ip67-24v-dc\/\" class=\"waam-auto-link\" title=\"V\u00e4ril\u00e4mp\u00f6tila\">V\u00e4ril\u00e4mp\u00f6tila<\/a><\/strong><\/strong><\/td>\n<td>2700K, 3000K, 3500K<\/td>\n<\/tr>\n<tr>\n<td><strong>Liit\u00e4nt\u00e4 (Johdot\/Pituus\/Liittimet)<\/strong><\/td>\n<td>Ei m\u00e4\u00e4ritelty<\/td>\n<\/tr>\n<tr>\n<td><strong>Materiaali<\/strong><\/td>\n<td>Rauta alumiinilla<\/td>\n<\/tr>\n<tr>\n<td><strong>V\u00e4ri\/Viimeistely<\/strong><\/td>\n<td>Valkoinen, Musta<\/td>\n<\/tr>\n<tr>\n<td><strong>IP-luokitus<\/strong><\/td>\n<td>IP20 (Suojaus kiinteilt\u00e4 esineilt\u00e4, suuremmilta kuin 12,5mm)<\/td>\n<\/tr>\n<tr>\n<td><strong>Asennustapa<\/strong><\/td>\n<td>Upotettu asennus<\/td>\n<\/tr>\n<\/tbody>\n<\/table>\n<p data-start=\"0\" data-end=\"52\"><strong data-start=\"0\" data-end=\"52\">MG-ZB17070-C Upotettu <strong><a href=\"https:\/\/ledsteplight.com\/fi\/cree-bridgelux-chip-ip65-led-fixture-for-garden-facade-lighting\/\" class=\"waam-auto-link\" title=\"LED-valaistuslaite\">LED-valaistuslaite<\/a><\/strong> (IP20, Sis\u00e4tilat)<\/strong><\/p>\n<p data-start=\"54\" data-end=\"360\">Etsitk\u00f6 siisti\u00e4, modernia alasvalaisinta ilman draamaa? MG-ZB17070-C pit\u00e4\u00e4 asiat yksinkertaisina: luotettavat OSRAM\/CREE-LEDit, p\u00e4\u00e4lle\/pois-kytkin ja tasainen reunus, joka antaa siistin, upotetun ilmeen. Rautainen runko alumiinikoristeilla tuntuu tukevalta, ei heppoiselta, ja voit valita valkoisen tai mustan sopimaan tilaan.<\/p>\n<p data-start=\"362\" data-end=\"378\"><strong data-start=\"362\" data-end=\"378\">Miksi se toimii<\/strong><\/p>\n<ul data-start=\"379\" data-end=\"704\">\n<li data-start=\"379\" data-end=\"457\">\n<p data-start=\"381\" data-end=\"457\"><strong data-start=\"381\" data-end=\"397\">Helppo valinta:<\/strong> Yksinkertainen kytkink\u00e4ytt\u00f6\u2014ei oppimisk\u00e4yr\u00e4\u00e4, ei sovellusta vaadita.<\/p>\n<\/li>\n<li data-start=\"458\" data-end=\"552\">\n<p data-start=\"460\" data-end=\"552\"><strong data-start=\"460\" data-end=\"478\">Laadukas valo:<\/strong> Tehokas LED-moottori, joka tarjoaa tasaisen v\u00e4rin ja valotehon p\u00e4ivitt\u00e4iseen k\u00e4ytt\u00f6\u00f6n.<\/p>\n<\/li>\n<li data-start=\"553\" data-end=\"630\">\n<p data-start=\"555\" data-end=\"630\"><strong data-start=\"555\" data-end=\"572\">Siisti viimeistely:<\/strong> Upotettu, sis\u00e4\u00e4nrakennettu asennus saumattoman kattolinjaan.<\/p>\n<\/li>\n<li data-start=\"631\" data-end=\"704\">\n<p data-start=\"633\" data-end=\"704\"><strong data-start=\"633\" data-end=\"659\">Kest\u00e4v\u00e4 sis\u00e4k\u00e4ytt\u00f6\u00f6n:<\/strong> IP20-luokitus kest\u00e4v\u00e4ll\u00e4 metallirakenteella.<\/p>\n<\/li>\n<\/ul>\n<p data-start=\"706\" data-end=\"723\"><strong data-start=\"706\" data-end=\"723\">Miss\u00e4 se sopii<\/strong><\/p>\n<ul data-start=\"724\" data-end=\"897\">\n<li data-start=\"724\" data-end=\"775\">\n<p data-start=\"726\" data-end=\"775\">Myym\u00e4l\u00e4k\u00e4yt\u00e4v\u00e4t, sovituskopit ja tehostesein\u00e4t<\/p>\n<\/li>\n<li data-start=\"776\" data-end=\"816\">\n<p data-start=\"778\" data-end=\"816\">Aulat, k\u00e4yt\u00e4v\u00e4t ja yhteiset tilat<\/p>\n<\/li>\n<li data-start=\"817\" data-end=\"861\">\n<p data-start=\"819\" data-end=\"861\">Keitti\u00f6t, olohuoneet ja kotitoimistot<\/p>\n<\/li>\n<li data-start=\"862\" data-end=\"897\">\n<p data-start=\"864\" data-end=\"897\">Neuvotteluhuoneet ja taukopaikat<\/p>\n<\/li>\n<\/ul>\n<p data-start=\"899\" data-end=\"914\"><strong data-start=\"899\" data-end=\"914\">Nopeat tiedot<\/strong><\/p>\n<ul data-start=\"915\" data-end=\"1129\">\n<li data-start=\"915\" data-end=\"944\">\n<p data-start=\"917\" data-end=\"944\">LED-l\u00e4hde: OSRAM tai CREE<\/p>\n<\/li>\n<li data-start=\"945\" data-end=\"997\">\n<p data-start=\"947\" data-end=\"997\">Rakentaminen: Rautainen kotelo alumiinikoristeilla<\/p>\n<\/li>\n<li data-start=\"998\" data-end=\"1024\">\n<p data-start=\"1000\" data-end=\"1024\">V\u00e4rit: Valkoinen tai Musta<\/p>\n<\/li>\n<li data-start=\"1025\" data-end=\"1050\">\n<p data-start=\"1027\" data-end=\"1050\">Luokitus: IP20 (sis\u00e4tilat)<\/p>\n<\/li>\n<li data-start=\"1051\" data-end=\"1095\">\n<p data-start=\"1053\" data-end=\"1095\">Kiinnitys: Upotettu\/<strong><a href=\"https:\/\/ledsteplight.com\/fi\/5w-led-in-ground-lights-ip65-waterproof-outdoor-driveway-garden-floor-lighting\/\" class=\"waam-auto-link\" title=\"upotettu asennus\">upotettu asennus<\/a><\/strong><\/p>\n<\/li>\n<li data-start=\"1096\" data-end=\"1129\">\n<p data-start=\"1098\" data-end=\"1129\">Ohjaus: Tavanomainen p\u00e4\u00e4lle\/pois-kytkin<\/p>\n<\/li>\n<\/ul>","protected":false},"excerpt":{"rendered":"<p>MG-ZB17070-C upotettava LED-valaisin toimistoihin ja koteihin. OSRAM\/CREE sis\u00e4ll\u00e4, IP20, upotusasennus, valkoinen\/musta vaihtoehdot\u2014energians\u00e4\u00e4st\u00f6inen, v\u00e4h\u00e4inen h\u00e4ik\u00e4isy, helppok\u00e4ytt\u00f6inen<\/p>","protected":false},"featured_media":37347,"comment_status":"open","ping_status":"closed","template":"","meta":[],"product_brand":[],"product_cat":[100,426,427,428,439,429,440,430,441,431,442,443,432,433,136,444,464,445,446,434,435,436,437],"product_tag":[103,76,77,137,78],"class_list":{"0":"post-38081","1":"product","2":"type-product","3":"status-publish","4":"has-post-thumbnail","6":"product_cat-aluminum-ground-light","7":"product_cat-ceiling-recessed","8":"product_cat-ceiling-surface","9":"product_cat-ceiling-suspended","10":"product_cat-commercial","11":"product_cat-drivers","12":"product_cat-education","13":"product_cat-freestanding-light","14":"product_cat-hospitality","15":"product_cat-industrial","16":"product_cat-infrastructure","17":"product_cat-landscape","18":"product_cat-landscaping","19":"product_cat-linear","20":"product_cat-narrow-border-ground-light","21":"product_cat-office","22":"product_cat-c-outdoor-lighting","23":"product_cat-residential","24":"product_cat-retail","25":"product_cat-table-lamp","26":"product_cat-track","27":"product_cat-wall-recessed","28":"product_cat-wall-surface","29":"product_tag-aluminum-ground-light","30":"product_tag-aluminum-housing","31":"product_tag-ground-light","32":"product_tag-narrow-border-ground-light","33":"product_tag-outdoor-lighting","35":"first","36":"instock","37":"shipping-taxable","38":"product-type-simple"},"_links":{"self":[{"href":"https:\/\/ledsteplight.com\/fi\/wp-json\/wp\/v2\/product\/38081","targetHints":{"allow":["GET"]}}],"collection":[{"href":"https:\/\/ledsteplight.com\/fi\/wp-json\/wp\/v2\/product"}],"about":[{"href":"https:\/\/ledsteplight.com\/fi\/wp-json\/wp\/v2\/types\/product"}],"replies":[{"embeddable":true,"href":"https:\/\/ledsteplight.com\/fi\/wp-json\/wp\/v2\/comments?post=38081"}],"version-history":[{"count":3,"href":"https:\/\/ledsteplight.com\/fi\/wp-json\/wp\/v2\/product\/38081\/revisions"}],"predecessor-version":[{"id":38607,"href":"https:\/\/ledsteplight.com\/fi\/wp-json\/wp\/v2\/product\/38081\/revisions\/38607"}],"wp:featuredmedia":[{"embeddable":true,"href":"https:\/\/ledsteplight.com\/fi\/wp-json\/wp\/v2\/media\/37347"}],"wp:attachment":[{"href":"https:\/\/ledsteplight.com\/fi\/wp-json\/wp\/v2\/media?parent=38081"}],"wp:term":[{"taxonomy":"product_brand","embeddable":true,"href":"https:\/\/ledsteplight.com\/fi\/wp-json\/wp\/v2\/product_brand?post=38081"},{"taxonomy":"product_cat","embeddable":true,"href":"https:\/\/ledsteplight.com\/fi\/wp-json\/wp\/v2\/product_cat?post=38081"},{"taxonomy":"product_tag","embeddable":true,"href":"https:\/\/ledsteplight.com\/fi\/wp-json\/wp\/v2\/product_tag?post=38081"}],"curies":[{"name":"wp","href":"https:\/\/api.w.org\/{rel}","templated":true}]}}