{"id":38082,"date":"2025-09-08T13:04:27","date_gmt":"2025-09-08T13:04:27","guid":{"rendered":"https:\/\/ledsteplight.com\/import-placeholder-for-37252\/"},"modified":"2026-01-19T02:14:17","modified_gmt":"2026-01-19T02:14:17","slug":"dm35-led-outdoor-ground-light-factory-custom-lighting","status":"publish","type":"product","link":"https:\/\/ledsteplight.com\/fi\/dm35-led-outdoor-ground-light-factory-custom-lighting\/","title":{"rendered":"DM35 LED-ulkoilma-maavalaisin | Tehdasr\u00e4\u00e4t\u00e4l\u00f6ity valaistus"},"content":{"rendered":"<table data-start=\"140\" data-end=\"1545\">\n<thead data-start=\"140\" data-end=\"227\">\n<tr data-start=\"140\" data-end=\"227\">\n<th data-start=\"140\" data-end=\"171\"><strong data-start=\"142\" data-end=\"155\">Parametri<\/strong><\/th>\n<th data-start=\"171\" data-end=\"227\"><strong data-start=\"173\" data-end=\"184\">Yksityiskohdat<\/strong><\/th>\n<\/tr>\n<\/thead>\n<tbody data-start=\"316\" data-end=\"1545\">\n<tr data-start=\"316\" data-end=\"403\">\n<td><strong data-start=\"318\" data-end=\"327\">Malli<\/strong><\/td>\n<td>MG-DM35 \/ DM35-FX \/ DM35-ST<\/td>\n<\/tr>\n<tr data-start=\"404\" data-end=\"491\">\n<td><strong data-start=\"406\" data-end=\"415\">Teho<\/strong><\/td>\n<td>5W \/ 7W<\/td>\n<\/tr>\n<tr data-start=\"492\" data-end=\"579\">\n<td><strong data-start=\"494\" data-end=\"506\">LED-tyyppi<\/strong><\/td>\n<td>COB LED<\/td>\n<\/tr>\n<tr data-start=\"580\" data-end=\"667\">\n<td><strong data-start=\"582\" data-end=\"599\">Sy\u00f6tt\u00f6j\u00e4nnite<\/strong><\/td>\n<td>AC85-265V<\/td>\n<\/tr>\n<tr data-start=\"668\" data-end=\"755\">\n<td><strong data-start=\"670\" data-end=\"691\"><strong><a href=\"https:\/\/ledsteplight.com\/fi\/dm36b-pro-honeycomb-anti-glare-led-in-ground-light-ip67-24v-dc\/\" class=\"waam-auto-link\" title=\"V\u00e4ril\u00e4mp\u00f6tila\">V\u00e4ril\u00e4mp\u00f6tila<\/a><\/strong><\/strong><\/td>\n<td>2700K \/ 3000K \/ 6000K<\/td>\n<\/tr>\n<tr data-start=\"756\" data-end=\"843\">\n<td><strong data-start=\"758\" data-end=\"770\">Kestoik\u00e4<\/strong><\/td>\n<td>Enint\u00e4\u00e4n 40 000 tuntia<\/td>\n<\/tr>\n<tr data-start=\"844\" data-end=\"931\">\n<td><strong data-start=\"846\" data-end=\"859\">IP-luokitus<\/strong><\/td>\n<td>IP67 (Vesitiivis ja p\u00f6lytiivis)<\/td>\n<\/tr>\n<tr data-start=\"932\" data-end=\"1019\">\n<td><strong data-start=\"934\" data-end=\"948\">S\u00e4teen kulma<\/strong><\/td>\n<td>90\u00b0 \/ 120\u00b0<\/td>\n<\/tr>\n<tr data-start=\"1020\" data-end=\"1107\">\n<td><strong data-start=\"1022\" data-end=\"1047\">K\u00e4ytt\u00f6l\u00e4mp\u00f6tila<\/strong><\/td>\n<td>-20\u00b0C:st\u00e4 +45\u00b0C:seen<\/td>\n<\/tr>\n<tr data-start=\"1108\" data-end=\"1194\">\n<td><strong data-start=\"1110\" data-end=\"1122\">Materiaali<\/strong><\/td>\n<td>Valumuottipuhallettu alumiini + ruostumaton ter\u00e4s<\/td>\n<\/tr>\n<tr data-start=\"1195\" data-end=\"1282\">\n<td><strong data-start=\"1197\" data-end=\"1218\">Asennustyyppi<\/strong><\/td>\n<td>Upotus \/ Pintaan asennus<\/td>\n<\/tr>\n<tr data-start=\"1283\" data-end=\"1370\">\n<td><strong data-start=\"1285\" data-end=\"1297\">Takuu<\/strong><\/td>\n<td>3 vuotta<\/td>\n<\/tr>\n<tr data-start=\"1371\" data-end=\"1458\">\n<td><strong data-start=\"1373\" data-end=\"1390\">Sertifiointi<\/strong><\/td>\n<td>CE, RoHS<\/td>\n<\/tr>\n<tr data-start=\"1459\" data-end=\"1545\">\n<td><strong data-start=\"1461\" data-end=\"1476\">Sovellus<\/strong><\/td>\n<td>Ulkok\u00e4ytt\u00f6\u00f6n (polku, patio, ajotie, terassi, puutarha)<\/td>\n<\/tr>\n<\/tbody>\n<\/table>\n<p data-start=\"701\" data-end=\"1145\"><strong data-start=\"705\" data-end=\"734\">MG-DM35 LED-ulkovalo<\/strong> on korkean suorituskyvyn kiinnike, suunniteltu moderniin maisemointiin ja <strong><a href=\"https:\/\/ledsteplight.com\/fi\/cree-bridgelux-chip-ip65-led-fixture-for-garden-facade-lighting\/\" class=\"waam-auto-link\" title=\"arkkitehtuurista valaistusta\">arkkitehtuurista valaistusta<\/a><\/strong>. Valmistettu korkealaatuisista COB-LEDeist\u00e4 ja valuraudasta valmistetulla kotelolla, t\u00e4m\u00e4 <strong data-start=\"894\" data-end=\"919\">IP67-vesitiivis valo<\/strong> takaa poikkeuksellisen kest\u00e4vyyden kaikissa s\u00e4\u00e4olosuhteissa. Useilla v\u00e4ril\u00e4mp\u00f6tiloilla (2700K\/3000K\/6000K) ja s\u00e4teen kulmilla (90\u00b0\/120\u00b0) se tarjoaa kirkkaan <strong><a href=\"https:\/\/ledsteplight.com\/fi\/pir-sensor-step-light-top-advantages-for-safety\/\" class=\"waam-auto-link\" title=\"valaistuksen luomiseksi\">valaistuksen luomiseksi<\/a><\/strong> kohteeseen <strong data-start=\"1098\" data-end=\"1142\">puutarhat, pationit, polut ja ajotiet<\/strong>.<\/p>\n<p data-start=\"1147\" data-end=\"1530\">Ammattimaisena <strong data-start=\"1165\" data-end=\"1198\">LED <strong><a href=\"https:\/\/ledsteplight.com\/fi\/5w-led-in-ground-lights-ip65-waterproof-outdoor-driveway-garden-floor-lighting\/\" class=\"waam-auto-link\" title=\"maavalaisin\">maavalaisin<\/a><\/strong> valmistaja<\/strong>, tarjoamme <strong data-start=\"1211\" data-end=\"1248\">OEM- ja r\u00e4\u00e4t\u00e4l\u00f6ityj\u00e4 valaistusratkaisuja<\/strong> monipuolisia suunnittelutarpeita varten. DM35-sarja tukee sek\u00e4 upotettua ett\u00e4 pintaan asennettavaa, ja siin\u00e4 on jopa <strong data-start=\"1362\" data-end=\"1387\">40 000 tunnin k\u00e4ytt\u00f6ik\u00e4<\/strong>, ja se t\u00e4ytt\u00e4\u00e4 <strong data-start=\"1407\" data-end=\"1437\">CE- ja RoHS-sertifikaatit<\/strong>, tehden siit\u00e4 ihanteellisen kaupalliseen, asuin- ja arkkitehtoniseen <strong><a href=\"https:\/\/ledsteplight.com\/fi\/low-voltage-landscape-lighting-effective-outdoor-solutions\/\" class=\"waam-auto-link\" title=\"ulkovalaisinta\">ulkovalaisinta<\/a><\/strong> projekteihin.<\/p>","protected":false},"excerpt":{"rendered":"<article class=\"text-token-text-primary w-full focus:outline-none [--shadow-height:45px] has-data-writing-block:pointer-events-none has-data-writing-block:-mt-(--shadow-height) has-data-writing-block:pt-(--shadow-height) [&amp;:has([data-writing-block])&gt;*]:pointer-events-auto [content-visibility:auto] supports-[content-visibility:auto]:[contain-intrinsic-size:auto_100lvh] scroll-mt-[calc(var(--header-height)+min(200px,max(70px,20svh)))]\" dir=\"auto\" data-turn-id=\"request-WEB:e0c248f9-f6da-4ced-8ca2-419e398f9b7d-1\" data-testid=\"conversation-turn-4\" data-scroll-anchor=\"true\" data-turn=\"assistant\">\n<div class=\"text-base my-auto mx-auto pb-10 [--thread-content-margin:--spacing(4)] thread-sm:[--thread-content-margin:--spacing(6)] thread-lg:[--thread-content-margin:--spacing(16)] px-(--thread-content-margin)\">\n<div class=\"[--thread-content-max-width:40rem] thread-lg:[--thread-content-max-width:48rem] mx-auto max-w-(--thread-content-max-width) flex-1 group\/turn-messages focus-visible:outline-hidden relative flex w-full min-w-0 flex-col agent-turn\">\n<div class=\"flex max-w-full flex-col grow\">\n<div class=\"min-h-8 text-message relative flex w-full flex-col items-end gap-2 text-start break-words whitespace-normal [.text-message+&amp;]:mt-1\" dir=\"auto\" data-message-author-role=\"assistant\" data-message-id=\"f9711247-1528-4684-920e-b5e1054d1eea\" data-message-model-slug=\"gpt-5\">\n<div class=\"flex w-full flex-col gap-1 empty:hidden first:pt-[1px]\">\n<div class=\"markdown prose dark:prose-invert w-full break-words light markdown-new-styling\">\n<p data-start=\"1586\" data-end=\"1740\" data-is-last-node=\"\" data-is-only-node=\"\">DM35 LED ulkok\u00e4ytt\u00f6inen maavalaisin tehdas. IP67-vesitiivis, COB LED, 5W\/7W-vaihtoehdot, OEM- ja r\u00e4\u00e4t\u00e4l\u00f6idyt suunnittelut. T\u00e4ydellinen puutarha-, polku- ja maisemavalaisuun.<\/p>\n<\/div>\n<\/div>\n<\/div>\n<\/div>\n<div class=\"z-0 flex min-h-[46px] justify-start\"><\/div>\n<div class=\"mt-3 w-full empty:hidden\">\n<div class=\"text-center\"><\/div>\n<\/div>\n<\/div>\n<\/div>\n<\/article>\n<div class=\"pointer-events-none h-px w-px\" aria-hidden=\"true\" data-edge=\"true\"><\/div>","protected":false},"featured_media":37349,"comment_status":"open","ping_status":"closed","template":"","meta":[],"product_brand":[],"product_cat":[100,426,427,428,439,429,440,430,441,126,431,442,443,432,433,444,112,464,445,446,106,434,435,436,437],"product_tag":[103,76,111,127,110,113,78,108],"class_list":{"0":"post-38082","1":"product","2":"type-product","3":"status-publish","4":"has-post-thumbnail","6":"product_cat-aluminum-ground-light","7":"product_cat-ceiling-recessed","8":"product_cat-ceiling-surface","9":"product_cat-ceiling-suspended","10":"product_cat-commercial","11":"product_cat-drivers","12":"product_cat-education","13":"product_cat-freestanding-light","14":"product_cat-hospitality","15":"product_cat-in-ground-light","16":"product_cat-industrial","17":"product_cat-infrastructure","18":"product_cat-landscape","19":"product_cat-landscaping","20":"product_cat-linear","21":"product_cat-office","22":"product_cat-outdoor-ground-light","23":"product_cat-c-outdoor-lighting","24":"product_cat-residential","25":"product_cat-retail","26":"product_cat-round-ground-light","27":"product_cat-table-lamp","28":"product_cat-track","29":"product_cat-wall-recessed","30":"product_cat-wall-surface","31":"product_tag-aluminum-ground-light","32":"product_tag-aluminum-housing","33":"product_tag-garden-lighting","34":"product_tag-in-ground-light","35":"product_tag-landscape-light","36":"product_tag-outdoor-ground-light","37":"product_tag-outdoor-lighting","38":"product_tag-round-ground-light","40":"first","41":"instock","42":"shipping-taxable","43":"product-type-simple"},"_links":{"self":[{"href":"https:\/\/ledsteplight.com\/fi\/wp-json\/wp\/v2\/product\/38082","targetHints":{"allow":["GET"]}}],"collection":[{"href":"https:\/\/ledsteplight.com\/fi\/wp-json\/wp\/v2\/product"}],"about":[{"href":"https:\/\/ledsteplight.com\/fi\/wp-json\/wp\/v2\/types\/product"}],"replies":[{"embeddable":true,"href":"https:\/\/ledsteplight.com\/fi\/wp-json\/wp\/v2\/comments?post=38082"}],"version-history":[{"count":3,"href":"https:\/\/ledsteplight.com\/fi\/wp-json\/wp\/v2\/product\/38082\/revisions"}],"predecessor-version":[{"id":38608,"href":"https:\/\/ledsteplight.com\/fi\/wp-json\/wp\/v2\/product\/38082\/revisions\/38608"}],"wp:featuredmedia":[{"embeddable":true,"href":"https:\/\/ledsteplight.com\/fi\/wp-json\/wp\/v2\/media\/37349"}],"wp:attachment":[{"href":"https:\/\/ledsteplight.com\/fi\/wp-json\/wp\/v2\/media?parent=38082"}],"wp:term":[{"taxonomy":"product_brand","embeddable":true,"href":"https:\/\/ledsteplight.com\/fi\/wp-json\/wp\/v2\/product_brand?post=38082"},{"taxonomy":"product_cat","embeddable":true,"href":"https:\/\/ledsteplight.com\/fi\/wp-json\/wp\/v2\/product_cat?post=38082"},{"taxonomy":"product_tag","embeddable":true,"href":"https:\/\/ledsteplight.com\/fi\/wp-json\/wp\/v2\/product_tag?post=38082"}],"curies":[{"name":"wp","href":"https:\/\/api.w.org\/{rel}","templated":true}]}}