{"id":38083,"date":"2025-09-08T13:04:27","date_gmt":"2025-09-08T13:04:27","guid":{"rendered":"https:\/\/ledsteplight.com\/import-placeholder-for-37253\/"},"modified":"2026-01-19T02:14:16","modified_gmt":"2026-01-19T02:14:16","slug":"wholesale-3w-led-in-ground-light-dm36-ss-ip67-stainless-steel-custom-manufacturer","status":"publish","type":"product","link":"https:\/\/ledsteplight.com\/fi\/wholesale-3w-led-in-ground-light-dm36-ss-ip67-stainless-steel-custom-manufacturer\/","title":{"rendered":"Tukkumyynti 3W LED-maanalainen valo (DM36-SS) | IP67 ruostumaton ter\u00e4s | R\u00e4\u00e4t\u00e4l\u00f6ity valmistaja"},"content":{"rendered":"<div class=\"flex max-w-full flex-col flex-grow\">\n<div class=\"min-h-8 text-message relative flex w-full flex-col items-end gap-2 whitespace-normal break-words text-start [.text-message+&amp;]:mt-5\" dir=\"auto\" data-message-author-role=\"assistant\" data-message-id=\"086f7924-0a83-450b-804e-18a4a3bc035e\" data-message-model-slug=\"gpt-4o\">\n<div class=\"flex w-full flex-col gap-1 empty:hidden first:pt-[3px]\">\n<div class=\"markdown prose w-full break-words dark:prose-invert light\">\n<div class=\"overflow-x-auto contain-inline-size\">\n<table data-start=\"35\" data-end=\"690\" data-is-last-node=\"\" data-is-only-node=\"\">\n<thead data-start=\"35\" data-end=\"76\">\n<tr data-start=\"35\" data-end=\"76\">\n<th data-start=\"35\" data-end=\"56\"><strong data-start=\"37\" data-end=\"54\">Tuotemalli<\/strong><\/th>\n<th data-start=\"56\" data-end=\"76\"><strong data-start=\"58\" data-end=\"72\">MG-DM36-SS<\/strong><\/th>\n<\/tr>\n<\/thead>\n<tbody data-start=\"118\" data-end=\"690\" data-is-last-node=\"\">\n<tr data-start=\"118\" data-end=\"168\">\n<td><strong data-start=\"120\" data-end=\"136\">Tuotteen koko<\/strong><\/td>\n<td>\u00d850mm \u00d7 H50mm (Py\u00f6re\u00e4)<\/td>\n<\/tr>\n<tr data-start=\"169\" data-end=\"215\">\n<td><strong data-start=\"171\" data-end=\"183\">Leikkauskoko<\/strong><\/td>\n<td>\u00d839mm \u00d7 H65mm (Py\u00f6re\u00e4)<\/td>\n<\/tr>\n<tr data-start=\"216\" data-end=\"247\">\n<td><strong data-start=\"218\" data-end=\"238\">Toiminton\u00e4pp\u00e4in<\/strong><\/td>\n<td>&#8211;<\/td>\n<\/tr>\n<tr data-start=\"248\" data-end=\"286\">\n<td><strong data-start=\"250\" data-end=\"266\">Valonl\u00e4hde<\/strong><\/td>\n<td>OSRAM \/ CREE<\/td>\n<\/tr>\n<tr data-start=\"287\" data-end=\"316\">\n<td><strong data-start=\"289\" data-end=\"298\">Watit<\/strong><\/td>\n<td>3W (300mA)<\/td>\n<\/tr>\n<tr data-start=\"317\" data-end=\"343\">\n<td><strong data-start=\"319\" data-end=\"329\">Paino<\/strong><\/td>\n<td>0.45kg<\/td>\n<\/tr>\n<tr data-start=\"344\" data-end=\"374\">\n<td><strong data-start=\"346\" data-end=\"358\">Vaihtovirta Sis\u00e4\u00e4ntulo<\/strong><\/td>\n<td>DC12\/24V<\/td>\n<\/tr>\n<tr data-start=\"375\" data-end=\"396\">\n<td><strong data-start=\"377\" data-end=\"387\">Ohjain<\/strong><\/td>\n<td>&#8211;<\/td>\n<\/tr>\n<tr data-start=\"397\" data-end=\"447\">\n<td><strong data-start=\"399\" data-end=\"418\">Heijastimen kulma<\/strong><\/td>\n<td>15\u00b0 \/ 30\u00b0 \/ 45\u00b0 \/ 60\u00b0<\/td>\n<\/tr>\n<tr data-start=\"448\" data-end=\"492\">\n<td><strong data-start=\"450\" data-end=\"471\"><strong><a href=\"https:\/\/ledsteplight.com\/fi\/dm36b-pro-honeycomb-anti-glare-led-in-ground-light-ip67-24v-dc\/\" class=\"waam-auto-link\" title=\"V\u00e4ril\u00e4mp\u00f6tila\">V\u00e4ril\u00e4mp\u00f6tila<\/a><\/strong><\/strong><\/td>\n<td>3000K \/ 4000K<\/td>\n<\/tr>\n<tr data-start=\"493\" data-end=\"518\">\n<td><strong data-start=\"495\" data-end=\"509\">Liit\u00e4nt\u00e4<\/strong><\/td>\n<td>&#8211;<\/td>\n<\/tr>\n<tr data-start=\"519\" data-end=\"567\">\n<td><strong data-start=\"521\" data-end=\"533\">Materiaali<\/strong><\/td>\n<td>Alumiini \/ Ruostumaton ter\u00e4s<\/td>\n<\/tr>\n<tr data-start=\"568\" data-end=\"602\">\n<td><strong data-start=\"570\" data-end=\"579\">V\u00e4ri<\/strong><\/td>\n<td>Ruostumaton ter\u00e4s<\/td>\n<\/tr>\n<tr data-start=\"603\" data-end=\"630\">\n<td><strong data-start=\"605\" data-end=\"618\">IP-luokitus<\/strong><\/td>\n<td>IP67<\/td>\n<\/tr>\n<tr data-start=\"631\" data-end=\"690\" data-is-last-node=\"\">\n<td><strong data-start=\"633\" data-end=\"649\">Asennus<\/strong><\/td>\n<td>Upotettu (sis\u00e4lt\u00e4\u00e4 upotetut komponentit)<\/td>\n<\/tr>\n<\/tbody>\n<\/table>\n<\/div>\n<\/div>\n<\/div>\n<\/div>\n<\/div>\n<div class=\"mb-2 flex gap-3 -ml-2\">\n<div class=\"flex items-center justify-start rounded-xl p-1\">\n<div class=\"flex items-center transition-opacity group-hover\/turn:opacity-100 opacity-100\"><\/div>\n<\/div>\n<\/div>\n<ul>\n<li><b>Kest\u00e4v\u00e4 ruostumattomasta ter\u00e4ksest\u00e4 valmistettu rakenne:<\/b> Koko valaisin on valmistettu korkealaatuisesta ruostumattomasta ter\u00e4ksest\u00e4, mik\u00e4 takaa pitk\u00e4aikaisen suorituskyvyn haastavissa ulko-olosuhteissa.<\/li>\n<li><b>IP67-vesipit\u00e4vyysluokitus:<\/b> T\u00e4ysin tiivistetty ja tiivisteill\u00e4 varustettu, DM36-SS on t\u00e4ysin suojattu p\u00f6lylt\u00e4 ja voimakkailta vesiroiskeilta, mik\u00e4 tekee siit\u00e4 ihanteellisen asennettavaksi kaikissa s\u00e4\u00e4olosuhteissa.<\/li>\n<li><b>Premium-tason 1 valonl\u00e4hde:<\/b> Toimii tehokkaalla 3W LED:ll\u00e4, jonka toimittaa <b>OSRAM<\/b> or <b>CREE<\/b>, tarjoten luotettavaa, korkealaatuista valoa (3000K tai 4000K).<\/li>\n<li><b>Turvallinen matalan j\u00e4nnitteen k\u00e4ytt\u00f6:<\/b> Suunniteltu <b>DC12V\/24V<\/b> <strong><a href=\"https:\/\/ledsteplight.com\/fi\/ultimate-guide-to-landscape-inground-lighting-solutions\/\" class=\"waam-auto-link\" title=\"j\u00e4rjestelm\u00e4t\">j\u00e4rjestelm\u00e4t<\/a><\/strong>, varmistaen turvallisuuden ja helpon integroinnin ammattilaisiin <strong><a href=\"https:\/\/ledsteplight.com\/fi\/mistakes-to-avoid-when-installing-in-ground-driveway-lights\/\" class=\"waam-auto-link\" title=\"maisemavalaisimet\">maisemavalaisimet<\/a><\/strong> projekteihin.<\/li>\n<li><b>Tarkkuusoptikka:<\/b> Saatavilla 15\u00b0, 30\u00b0, 45\u00b0 tai 60\u00b0 s\u00e4teen kulmilla, luoden kaikkea tiukasta korostusvalosta laajaan polkuvalaistukseen <strong><a href=\"https:\/\/ledsteplight.com\/fi\/pir-sensor-step-light-top-advantages-for-safety\/\" class=\"waam-auto-link\" title=\"valaistuksen luomiseksi\">valaistuksen luomiseksi<\/a><\/strong>.<\/li>\n<\/ul>\n<p><b>B2B-valmistajakumppanisi: Tukkumyynti ja r\u00e4\u00e4t\u00e4l\u00f6inti<\/b><\/p>\n<p>Olemme suora <b>valmistaja<\/b> DM36-SS:n ja koko arkkitehtuuriluokan valaistinsarjan kanssa. Erikoisalaamme on yhteisty\u00f6 jakelijoiden, s\u00e4hk\u00f6urakoitsijoiden ja maisemasuunnittelijoiden kanssa.<\/p>\n<ul>\n<li><b>Tukkumyyntihinnat:<\/b> Tarjoamme kilpailukykyisi\u00e4, kerroittaisia <b>tukkumyynti<\/b> hintoja suurtilauksille. Ota yhteytt\u00e4 tiimiimme B2B-hintatarjouksen saamiseksi.<\/li>\n<li><b>R\u00e4\u00e4t\u00e4l\u00f6idyt (OEM\/ODM) ratkaisut:<\/b> Tarvitsetko muokkauksia? Tarjoamme <b>r\u00e4\u00e4t\u00e4l\u00f6idyn<\/b> valmistuspalveluita. Olipa kyseess\u00e4 tietty v\u00e4ril\u00e4mp\u00f6tila, s\u00e4teenseutu, kaapelin pituus tai br\u00e4nd\u00e4ys, insin\u00f6\u00f6ritiimimme voi r\u00e4\u00e4t\u00e4l\u00f6id\u00e4 t\u00e4m\u00e4n tuotteen tarkasti projektisi vaatimusten mukaan.<\/li>\n<\/ul>","protected":false},"excerpt":{"rendered":"<p>L\u00f6yd\u00e4 DM36-SS 3W IP67 maahan upotettava valo suoraan <b>valmistaja<\/b>. Erikoisalaamme on <b>tukkumyynti<\/b> &amp; <b>r\u00e4\u00e4t\u00e4l\u00f6idyn<\/b> ruostumattomasta ter\u00e4ksest\u00e4 valmistettu maisemavalaisimet. 12V\/24V, CREE\/OSRAM-sirut.<\/p>","protected":false},"featured_media":37356,"comment_status":"open","ping_status":"closed","template":"","meta":[],"product_brand":[],"product_cat":[100,426,427,428,439,429,440,430,441,126,431,442,443,432,433,444,112,464,445,446,106,434,435,436,437],"product_tag":[103,76,77,127,113,78,108],"class_list":{"0":"post-38083","1":"product","2":"type-product","3":"status-publish","4":"has-post-thumbnail","6":"product_cat-aluminum-ground-light","7":"product_cat-ceiling-recessed","8":"product_cat-ceiling-surface","9":"product_cat-ceiling-suspended","10":"product_cat-commercial","11":"product_cat-drivers","12":"product_cat-education","13":"product_cat-freestanding-light","14":"product_cat-hospitality","15":"product_cat-in-ground-light","16":"product_cat-industrial","17":"product_cat-infrastructure","18":"product_cat-landscape","19":"product_cat-landscaping","20":"product_cat-linear","21":"product_cat-office","22":"product_cat-outdoor-ground-light","23":"product_cat-c-outdoor-lighting","24":"product_cat-residential","25":"product_cat-retail","26":"product_cat-round-ground-light","27":"product_cat-table-lamp","28":"product_cat-track","29":"product_cat-wall-recessed","30":"product_cat-wall-surface","31":"product_tag-aluminum-ground-light","32":"product_tag-aluminum-housing","33":"product_tag-ground-light","34":"product_tag-in-ground-light","35":"product_tag-outdoor-ground-light","36":"product_tag-outdoor-lighting","37":"product_tag-round-ground-light","39":"first","40":"instock","41":"shipping-taxable","42":"product-type-simple"},"_links":{"self":[{"href":"https:\/\/ledsteplight.com\/fi\/wp-json\/wp\/v2\/product\/38083","targetHints":{"allow":["GET"]}}],"collection":[{"href":"https:\/\/ledsteplight.com\/fi\/wp-json\/wp\/v2\/product"}],"about":[{"href":"https:\/\/ledsteplight.com\/fi\/wp-json\/wp\/v2\/types\/product"}],"replies":[{"embeddable":true,"href":"https:\/\/ledsteplight.com\/fi\/wp-json\/wp\/v2\/comments?post=38083"}],"version-history":[{"count":3,"href":"https:\/\/ledsteplight.com\/fi\/wp-json\/wp\/v2\/product\/38083\/revisions"}],"predecessor-version":[{"id":38609,"href":"https:\/\/ledsteplight.com\/fi\/wp-json\/wp\/v2\/product\/38083\/revisions\/38609"}],"wp:featuredmedia":[{"embeddable":true,"href":"https:\/\/ledsteplight.com\/fi\/wp-json\/wp\/v2\/media\/37356"}],"wp:attachment":[{"href":"https:\/\/ledsteplight.com\/fi\/wp-json\/wp\/v2\/media?parent=38083"}],"wp:term":[{"taxonomy":"product_brand","embeddable":true,"href":"https:\/\/ledsteplight.com\/fi\/wp-json\/wp\/v2\/product_brand?post=38083"},{"taxonomy":"product_cat","embeddable":true,"href":"https:\/\/ledsteplight.com\/fi\/wp-json\/wp\/v2\/product_cat?post=38083"},{"taxonomy":"product_tag","embeddable":true,"href":"https:\/\/ledsteplight.com\/fi\/wp-json\/wp\/v2\/product_tag?post=38083"}],"curies":[{"name":"wp","href":"https:\/\/api.w.org\/{rel}","templated":true}]}}