{"id":38085,"date":"2025-09-08T13:04:27","date_gmt":"2025-09-08T13:04:27","guid":{"rendered":"https:\/\/ledsteplight.com\/import-placeholder-for-37255\/"},"modified":"2025-12-11T15:29:42","modified_gmt":"2025-12-11T15:29:42","slug":"8w-recessed-lighting-manufacturer-mg-dm80c-b2b-wholesale-custom-projects","status":"publish","type":"product","link":"https:\/\/ledsteplight.com\/fi\/8w-recessed-lighting-manufacturer-mg-dm80c-b2b-wholesale-custom-projects\/","title":{"rendered":"8W Upotusvalaistuksen valmistaja | MG-DM80c | B2B Tukkumyynti ja r\u00e4\u00e4t\u00e4l\u00f6idyt projektit"},"content":{"rendered":"<table class=\"OxEWNITQ\">\n<thead>\n<tr>\n<th>Parametri<\/th>\n<th>Yksityiskohdat<\/th>\n<\/tr>\n<\/thead>\n<tbody>\n<tr>\n<td><strong>Tuotemalli<\/strong><\/td>\n<td>MG-DM80c<\/td>\n<\/tr>\n<tr>\n<td><strong>Tuotteen koko<\/strong><\/td>\n<td>\u00d880mm halkaisija, 40mm korkeus<\/td>\n<\/tr>\n<tr>\n<td><strong>Leikkauskoon koko<\/strong><\/td>\n<td>\u00d866mm halkaisija, 50mm korkeus<\/td>\n<\/tr>\n<tr>\n<td><strong>Toiminton\u00e4pp\u00e4in<\/strong><\/td>\n<td>Ei saatavilla (Ei m\u00e4\u00e4ritelty)<\/td>\n<\/tr>\n<tr>\n<td><strong>Valonl\u00e4hde<\/strong><\/td>\n<td>COB LED, RA90<\/td>\n<\/tr>\n<tr>\n<td><strong>Teho<\/strong><\/td>\n<td>5W - 10W<\/td>\n<\/tr>\n<tr>\n<td><strong>Tuotteen paino<\/strong><\/td>\n<td>1kg<\/td>\n<\/tr>\n<tr>\n<td><strong>Sy\u00f6tt\u00f6tehon parametrit<\/strong><\/td>\n<td>DC24V<\/td>\n<\/tr>\n<tr>\n<td><strong>Ohjain<\/strong><\/td>\n<td>Ei sovellu (yleens\u00e4 sis\u00e4ltyy)<\/td>\n<\/tr>\n<tr>\n<td><strong>Heijastimen kulma<\/strong><\/td>\n<td>15\u00b0\/24\u00b0\/36\u00b0\/45\u00b0 \/ Ep\u00e4symmetrinen 30\u00b0X40\u00b0<\/td>\n<\/tr>\n<tr>\n<td><strong><strong><a href=\"https:\/\/ledsteplight.com\/fi\/dm36b-pro-honeycomb-anti-glare-led-in-ground-light-ip67-24v-dc\/\" class=\"waam-auto-link\" title=\"V\u00e4ril\u00e4mp\u00f6tila\">V\u00e4ril\u00e4mp\u00f6tila<\/a><\/strong><\/strong><\/td>\n<td>3000K (L\u00e4mmin valkoinen)<\/td>\n<\/tr>\n<tr>\n<td><strong>Johdotus\/pituus\/liitin<\/strong><\/td>\n<td>Ei saatavilla (Ei m\u00e4\u00e4ritelty)<\/td>\n<\/tr>\n<tr>\n<td><strong>Materiaali<\/strong><\/td>\n<td>Alumiini<\/td>\n<\/tr>\n<tr>\n<td><strong>V\u00e4ri\/pinta-ala viimeistely<\/strong><\/td>\n<td>Ei sovellu (ei m\u00e4\u00e4ritelty, mutta yleens\u00e4 saatavilla eri vaihtoehdoissa)<\/td>\n<\/tr>\n<tr>\n<td><strong>IP-luokitus<\/strong><\/td>\n<td>Ei sovellu (ei m\u00e4\u00e4ritelty, mutta usein mainittu vastaavissa tuotteissa)<\/td>\n<\/tr>\n<tr>\n<td><strong>Asennustapa<\/strong><\/td>\n<td>Upotettu kiinnitys (upotettu valinnaisella esiladattavalla laatikolla)<\/td>\n<\/tr>\n<\/tbody>\n<\/table>\n<p>MG-DM80c on ammattimainen upotettava alasvalo, joka on suunniteltu sovelluksiin, joissa v\u00e4ri-integraatio on ensisijaisen t\u00e4rke\u00e4\u00e4. Sen korkean suorituskyvyn COB-LED tarjoaa poikkeuksellisen v\u00e4ri-integraatiokertoimen (CRI) RA90, mik\u00e4 tekee siit\u00e4 t\u00e4ydellisen valinnan korkealaatuisille v\u00e4hitt\u00e4ismyym\u00e4l\u00e4n\u00e4yt\u00f6ille, taidegallerioihin, majoitukseen ja moderneihin asuinprojekteihin.<\/p>\n<p>Valmistettu kest\u00e4v\u00e4ll\u00e4 alumiinikehikolla, t\u00e4m\u00e4 8W valaisin tarjoaa optimaalisen l\u00e4mm\u00f6nhallinnan kompaktissa (\u00d880mm) muotoilussa. Se toimii turvallisella, tehokkaalla DC24V-sy\u00f6t\u00f6ll\u00e4 ja integroituu helposti monimutkaisiin valaistusj\u00e4rjestelmiin. <strong><a href=\"https:\/\/ledsteplight.com\/fi\/ultimate-guide-to-landscape-inground-lighting-solutions\/\" class=\"waam-auto-link\" title=\"j\u00e4rjestelm\u00e4t\">j\u00e4rjestelm\u00e4t<\/a><\/strong>.<\/p>\n<p><b>Keskeiset ominaisuudet:<\/b><\/p>\n<ul>\n<li><b>Poikkeuksellinen v\u00e4ri- uskollisuus:<\/b> Ominaisuus korkealaatuisella COB (Chip-on-Board) LEDill\u00e4 <b>CRI RA90<\/b>, varmistaa, ett\u00e4 sis\u00e4iset viimeistelyt, taideteokset ja tavarat esitet\u00e4\u00e4n todellisissa, eloisissa v\u00e4reiss\u00e4.<\/li>\n<li><b>Tarkka optinen ohjaus:<\/b> Saatavilla useilla s\u00e4teen kulmilla (15\u00b0\/24\u00b0\/36\u00b0\/45\u00b0) tarkkuutta varten <strong><a href=\"https:\/\/ledsteplight.com\/fi\/decoration\/\" class=\"waam-auto-link\" title=\"korostusvalaistusta\">korostusvalaistusta<\/a><\/strong>.<\/li>\n<li><b>Edistynyt ep\u00e4symmetrinen vaihtoehto:<\/b> Se <b>Ep\u00e4symmetrinen 30\u00b0X40\u00b0<\/b> linssej\u00e4 on erityisesti suunniteltu tehokkaaseen sein\u00e4npesuun, ty\u00f6nt\u00e4en valoa sivulle tasaisesti valaisten pystysuoria pintoja.<\/li>\n<li><b>Turvallinen matalan j\u00e4nnitteen sy\u00f6tt\u00f6:<\/b> Standardi <b>DC24V<\/b> toiminto on ihanteellinen keskitettyihin s\u00e4hk\u00f6j\u00e4rjestelmiin ja varmistaa turvallisuuden.<\/li>\n<li><b>L\u00e4mmin, kutsuva valo:<\/b> Standardi 3000K (L\u00e4mmin Valkoinen) v\u00e4ril\u00e4mp\u00f6tila luo miellytt\u00e4v\u00e4n ja tervetulleen ilmapiirin.<\/li>\n<li><b>Tyylik\u00e4s asennus:<\/b> Suunniteltu siistiin, reunattomaan ulkon\u00e4k\u00f6\u00f6n \u00d866mm leikkauksella.<\/li>\n<\/ul>\n<p><b>Yrityksesi B2B-valmistuskumppani<\/b><\/p>\n<p>Olemme suora <b>valmistaja<\/b> erikoistunut korkealaatuisiin <strong><a href=\"https:\/\/ledsteplight.com\/fi\/cree-bridgelux-chip-ip65-led-fixture-for-garden-facade-lighting\/\" class=\"waam-auto-link\" title=\"arkkitehtuurista valaistusta\">arkkitehtuurista valaistusta<\/a><\/strong> kansainv\u00e4liselle markkinalle.<\/p>\n<ul>\n<li><b>Tukkumyynti:<\/b> Tarjoamme kilpailukykyisi\u00e4 <b>tukkumyynti<\/b> hinnoittelu valaistusj\u00e4lleenmyyjille, s\u00e4hk\u00f6urakoitsijoille ja suurimittaisiin hankkeisiin.<\/li>\n<li><b>R\u00e4\u00e4t\u00e4l\u00f6idyt ja OEM-ratkaisut:<\/b> Tehtaana tarjoamme t\u00e4yden <b>r\u00e4\u00e4t\u00e4l\u00f6idyn<\/b> (OEM\/ODM) palvelut. Voimme r\u00e4\u00e4t\u00e4l\u00f6id\u00e4 viimeistelyt, v\u00e4ril\u00e4mp\u00f6tilat tai liittimet vastaamaan tarkkoja projektivaatimuksiasi. Ota yhteytt\u00e4 keskustellaksesi tarpeistasi.<\/li>\n<\/ul>","protected":false},"excerpt":{"rendered":"<p>Suora <b>valmistaja<\/b> 8W COB Upotettava Valaisin (MG-DM80c). Korkea CRI (RA90), DC24V ja ep\u00e4symmetriset linssivaihtoehdot. Tarjoamme B2B <b>tukkumyynti<\/b> hinnoittelua ja <b>r\u00e4\u00e4t\u00e4l\u00f6idyn<\/b> ratkaisuja.<\/p>","protected":false},"featured_media":37362,"comment_status":"open","ping_status":"closed","template":"","meta":[],"product_brand":[],"product_cat":[100,426,427,428,439,429,440,430,441,126,431,442,443,432,433,444,112,445,446,106,434,435,436,437],"product_tag":[103,76,127,113,78,114,115,108],"class_list":{"0":"post-38085","1":"product","2":"type-product","3":"status-publish","4":"has-post-thumbnail","6":"product_cat-aluminum-ground-light","7":"product_cat-ceiling-recessed","8":"product_cat-ceiling-surface","9":"product_cat-ceiling-suspended","10":"product_cat-commercial","11":"product_cat-drivers","12":"product_cat-education","13":"product_cat-freestanding-light","14":"product_cat-hospitality","15":"product_cat-in-ground-light","16":"product_cat-industrial","17":"product_cat-infrastructure","18":"product_cat-landscape","19":"product_cat-landscaping","20":"product_cat-linear","21":"product_cat-office","22":"product_cat-outdoor-ground-light","23":"product_cat-residential","24":"product_cat-retail","25":"product_cat-round-ground-light","26":"product_cat-table-lamp","27":"product_cat-track","28":"product_cat-wall-recessed","29":"product_cat-wall-surface","30":"product_tag-aluminum-ground-light","31":"product_tag-aluminum-housing","32":"product_tag-in-ground-light","33":"product_tag-outdoor-ground-light","34":"product_tag-outdoor-lighting","35":"product_tag-pathway-light","36":"product_tag-recessed-light","37":"product_tag-round-ground-light","39":"first","40":"instock","41":"shipping-taxable","42":"product-type-simple"},"_links":{"self":[{"href":"https:\/\/ledsteplight.com\/fi\/wp-json\/wp\/v2\/product\/38085","targetHints":{"allow":["GET"]}}],"collection":[{"href":"https:\/\/ledsteplight.com\/fi\/wp-json\/wp\/v2\/product"}],"about":[{"href":"https:\/\/ledsteplight.com\/fi\/wp-json\/wp\/v2\/types\/product"}],"replies":[{"embeddable":true,"href":"https:\/\/ledsteplight.com\/fi\/wp-json\/wp\/v2\/comments?post=38085"}],"version-history":[{"count":3,"href":"https:\/\/ledsteplight.com\/fi\/wp-json\/wp\/v2\/product\/38085\/revisions"}],"predecessor-version":[{"id":38611,"href":"https:\/\/ledsteplight.com\/fi\/wp-json\/wp\/v2\/product\/38085\/revisions\/38611"}],"wp:featuredmedia":[{"embeddable":true,"href":"https:\/\/ledsteplight.com\/fi\/wp-json\/wp\/v2\/media\/37362"}],"wp:attachment":[{"href":"https:\/\/ledsteplight.com\/fi\/wp-json\/wp\/v2\/media?parent=38085"}],"wp:term":[{"taxonomy":"product_brand","embeddable":true,"href":"https:\/\/ledsteplight.com\/fi\/wp-json\/wp\/v2\/product_brand?post=38085"},{"taxonomy":"product_cat","embeddable":true,"href":"https:\/\/ledsteplight.com\/fi\/wp-json\/wp\/v2\/product_cat?post=38085"},{"taxonomy":"product_tag","embeddable":true,"href":"https:\/\/ledsteplight.com\/fi\/wp-json\/wp\/v2\/product_tag?post=38085"}],"curies":[{"name":"wp","href":"https:\/\/api.w.org\/{rel}","templated":true}]}}