{"id":38087,"date":"2025-09-08T13:04:27","date_gmt":"2025-09-08T13:04:27","guid":{"rendered":"https:\/\/ledsteplight.com\/import-placeholder-for-37257\/"},"modified":"2026-01-19T02:13:17","modified_gmt":"2026-01-19T02:13:17","slug":"the-professionals-choice-for-standard-86-box-installs","status":"publish","type":"product","link":"https:\/\/ledsteplight.com\/fi\/the-professionals-choice-for-standard-86-box-installs\/","title":{"rendered":"Ammattilaisten valinta standardi 86 -laatikkoasennuksiin"},"content":{"rendered":"<table class=\"OxEWNITQ\">\n<thead>\n<tr>\n<th><strong>Tuotesarja<\/strong><\/th>\n<th>MG-SN038-PLUS Sarja<\/th>\n<\/tr>\n<\/thead>\n<tbody>\n<tr>\n<td><strong>Tuotteen koko<\/strong><\/td>\n<td>L87mm (Pituus) x W87mm (Leveys) x H30mm (Korkeus)<\/td>\n<\/tr>\n<tr>\n<td><strong>Leikkauskoko<\/strong><\/td>\n<td>86mm Esiladattu laatikko (Yhteensopiva)<\/td>\n<\/tr>\n<tr>\n<td><strong>Toiminton\u00e4pp\u00e4in<\/strong><\/td>\n<td>K\u00c4YNNISTYS\/LOPPU<\/td>\n<\/tr>\n<tr>\n<td><strong>Valonl\u00e4hde<\/strong><\/td>\n<td>OSRAM \/ <strong><a href=\"https:\/\/ledsteplight.com\/fi\/cree-bridgelux-chip-ip65-led-fixture-for-garden-facade-lighting\/\" class=\"waam-auto-link\" title=\"CREE LED\">CREE LED<\/a><\/strong> (RA&gt;90)<\/td>\n<\/tr>\n<tr>\n<td><strong>Teho<\/strong><\/td>\n<td>2W 600mA:ssa<\/td>\n<\/tr>\n<tr>\n<td><strong>Paino<\/strong><\/td>\n<td>0,5 kilogrammaa<\/td>\n<\/tr>\n<tr>\n<td><strong>Vaihtovirta Sis\u00e4\u00e4ntulo<\/strong><\/td>\n<td>100-240V, 50-60Hz<\/td>\n<\/tr>\n<tr>\n<td><strong>Ohjain<\/strong><\/td>\n<td>Sis\u00e4\u00e4nrakennettu<\/td>\n<\/tr>\n<tr>\n<td><strong>Heijastimen kulma<\/strong><\/td>\n<td>Ei m\u00e4\u00e4ritelty<\/td>\n<\/tr>\n<tr>\n<td><strong><strong><a href=\"https:\/\/ledsteplight.com\/fi\/dm36b-pro-honeycomb-anti-glare-led-in-ground-light-ip67-24v-dc\/\" class=\"waam-auto-link\" title=\"V\u00e4ril\u00e4mp\u00f6tila\">V\u00e4ril\u00e4mp\u00f6tila<\/a><\/strong><\/strong><\/td>\n<td>3000K, 4000K, 5700K<\/td>\n<\/tr>\n<tr>\n<td><strong>Liit\u00e4nt\u00e4 (Johdot\/Pituus\/Liittimet)<\/strong><\/td>\n<td>Ei m\u00e4\u00e4ritelty<\/td>\n<\/tr>\n<tr>\n<td><strong>Materiaali<\/strong><\/td>\n<td>Alumiini<\/td>\n<\/tr>\n<tr>\n<td><strong>V\u00e4ri\/Viimeistely<\/strong><\/td>\n<td>Hiekanvalkoinen, Harjattu musta, Harjattu hopea (Mukautettavissa harjatuksi kullaksi\/harjatuksi harmaaksi)<\/td>\n<\/tr>\n<tr>\n<td><strong>IP-luokitus<\/strong><\/td>\n<td>IP65 (Suojaus p\u00f6lylt\u00e4 ja vesiroiskeilta)<\/td>\n<\/tr>\n<tr>\n<td><strong>Asennustapa<\/strong><\/td>\n<td>Upotettu asennus (Yhteensopiva 86mm liit\u00e4nt\u00e4kotelon kanssa)<\/td>\n<\/tr>\n<\/tbody>\n<\/table>\n<p>MG-SN038-PLUS on ty\u00f6juhta kiinnike, joka tarvitsee B2B-varastosi. Rakensimme t\u00e4m\u00e4n asentajille: se on suunniteltu sopimaan t\u00e4ydellisesti mihin tahansa standardiin 86 mm esiladattuun liit\u00e4nt\u00e4koteloon (L87xW87mm). T\u00e4m\u00e4 tarkoittaa, ett\u00e4 ei ole arvailua, ei ylim\u00e4\u00e4r\u00e4ist\u00e4 ty\u00f6t\u00e4 eik\u00e4 r\u00e4\u00e4t\u00e4l\u00f6ityj\u00e4 leikkauksia\u2014vain siisti, nopea ja ammattimainen asennus joka kerta. T\u00e4m\u00e4 on yksinkertainen ON\/OFF-malli, joka on suunniteltu luotettavaksi. Sen tukeva alumiiniseosrunko ja IP65-vesipit\u00e4vyysluokitus tarkoittavat, ett\u00e4 se on valmis mihin tahansa ulkoiseen polkuun, portaikkoon tai terassiin.<\/p>\n<p>Sis\u00e4ll\u00e4 jokainen yksikk\u00f6 sis\u00e4lt\u00e4\u00e4 korkealaatuisen OSRAM\/CREE (CRI&gt;90) LED-sirun ja sis\u00e4\u00e4nrakennetun 100-240V ajurin, joka tuottaa johdonmukaista, korkealaatuista valoa. Tehdas suoraan yhteisty\u00f6kumppaninamme tarjoamme t\u00e4yden r\u00e4\u00e4t\u00e4l\u00f6innin ja tukkumyyntihinnat suurille tilauksille. Varastossamme on Sand White, Brushed Black ja Brushed Silver, mutta voimme helposti valmistaa r\u00e4\u00e4t\u00e4l\u00f6ityj\u00e4 viimeistelyj\u00e4 kuten Brushed Gold tai Gray vastaamaan projektisi laitteistoa. T\u00e4m\u00e4 on yksinkertainen, luotettava ja korkeatasoinen kiinnike, joka pit\u00e4\u00e4 asiakkaasi tyytyv\u00e4isin\u00e4 ja kustannuksesi alhaisina.<\/p>","protected":false},"excerpt":{"rendered":"<p>Hanki tukkumyyntihinnat 2W IP65 LED-valolle (SN038-PLUS). Sopii standardi 86-koteloihin helppoa asennusta varten. Olemme **tehdas**, joka tarjoaa t\u00e4yden **r\u00e4\u00e4t\u00e4l\u00f6inti**- ja yksityismerkint\u00e4palvelut<\/p>","protected":false},"featured_media":37372,"comment_status":"open","ping_status":"closed","template":"","meta":[],"product_brand":[],"product_cat":[116,99,100,426,427,428,439,429,440,430,441,431,442,443,432,433,444,112,464,445,446,434,435,436,437],"product_tag":[117,102,103,76,77,113,78],"class_list":{"0":"post-38087","1":"product","2":"type-product","3":"status-publish","4":"has-post-thumbnail","6":"product_cat-038-series","7":"product_cat-039-series","8":"product_cat-aluminum-ground-light","9":"product_cat-ceiling-recessed","10":"product_cat-ceiling-surface","11":"product_cat-ceiling-suspended","12":"product_cat-commercial","13":"product_cat-drivers","14":"product_cat-education","15":"product_cat-freestanding-light","16":"product_cat-hospitality","17":"product_cat-industrial","18":"product_cat-infrastructure","19":"product_cat-landscape","20":"product_cat-landscaping","21":"product_cat-linear","22":"product_cat-office","23":"product_cat-outdoor-ground-light","24":"product_cat-c-outdoor-lighting","25":"product_cat-residential","26":"product_cat-retail","27":"product_cat-table-lamp","28":"product_cat-track","29":"product_cat-wall-recessed","30":"product_cat-wall-surface","31":"product_tag-038-series","32":"product_tag-039-series","33":"product_tag-aluminum-ground-light","34":"product_tag-aluminum-housing","35":"product_tag-ground-light","36":"product_tag-outdoor-ground-light","37":"product_tag-outdoor-lighting","39":"first","40":"instock","41":"shipping-taxable","42":"product-type-simple"},"_links":{"self":[{"href":"https:\/\/ledsteplight.com\/fi\/wp-json\/wp\/v2\/product\/38087","targetHints":{"allow":["GET"]}}],"collection":[{"href":"https:\/\/ledsteplight.com\/fi\/wp-json\/wp\/v2\/product"}],"about":[{"href":"https:\/\/ledsteplight.com\/fi\/wp-json\/wp\/v2\/types\/product"}],"replies":[{"embeddable":true,"href":"https:\/\/ledsteplight.com\/fi\/wp-json\/wp\/v2\/comments?post=38087"}],"version-history":[{"count":3,"href":"https:\/\/ledsteplight.com\/fi\/wp-json\/wp\/v2\/product\/38087\/revisions"}],"predecessor-version":[{"id":38600,"href":"https:\/\/ledsteplight.com\/fi\/wp-json\/wp\/v2\/product\/38087\/revisions\/38600"}],"wp:featuredmedia":[{"embeddable":true,"href":"https:\/\/ledsteplight.com\/fi\/wp-json\/wp\/v2\/media\/37372"}],"wp:attachment":[{"href":"https:\/\/ledsteplight.com\/fi\/wp-json\/wp\/v2\/media?parent=38087"}],"wp:term":[{"taxonomy":"product_brand","embeddable":true,"href":"https:\/\/ledsteplight.com\/fi\/wp-json\/wp\/v2\/product_brand?post=38087"},{"taxonomy":"product_cat","embeddable":true,"href":"https:\/\/ledsteplight.com\/fi\/wp-json\/wp\/v2\/product_cat?post=38087"},{"taxonomy":"product_tag","embeddable":true,"href":"https:\/\/ledsteplight.com\/fi\/wp-json\/wp\/v2\/product_tag?post=38087"}],"curies":[{"name":"wp","href":"https:\/\/api.w.org\/{rel}","templated":true}]}}