{"id":38088,"date":"2025-09-08T13:04:27","date_gmt":"2025-09-08T13:04:27","guid":{"rendered":"https:\/\/ledsteplight.com\/import-placeholder-for-37262\/"},"modified":"2026-01-19T02:13:17","modified_gmt":"2026-01-19T02:13:17","slug":"industrial-recessed-led-high-bay-light-zb27070-cree-osram-custom-factory-price","status":"publish","type":"product","link":"https:\/\/ledsteplight.com\/fi\/industrial-recessed-led-high-bay-light-zb27070-cree-osram-custom-factory-price\/","title":{"rendered":"Teollisuuden upotettava LED-korkea kattovalo ZB27070 | CREE\/OSRAM | R\u00e4\u00e4t\u00e4l\u00f6ity tehdashinta"},"content":{"rendered":"<table class=\"OxEWNITQ\">\n<thead>\n<tr>\n<th><strong>Tuotemalli<\/strong><\/th>\n<th><strong>MG-ZB27070<\/strong><\/th>\n<\/tr>\n<\/thead>\n<tbody>\n<tr>\n<td><strong>Koko<\/strong><\/td>\n<td>L270<em>W70<\/em>K48mm<\/td>\n<\/tr>\n<tr>\n<td><strong>Leikkauskoko<\/strong><\/td>\n<td>Asennuskaavio katso tekninen tietosivu<\/td>\n<\/tr>\n<tr>\n<td><strong>Toiminton\u00e4pp\u00e4in<\/strong><\/td>\n<td>Kytkimen hallinta<\/td>\n<\/tr>\n<tr>\n<td><strong>Valonl\u00e4hde<\/strong><\/td>\n<td>OSRAM \/ CREE<\/td>\n<\/tr>\n<tr>\n<td><strong>Watit<\/strong><\/td>\n<td>5W<\/td>\n<\/tr>\n<tr>\n<td><strong>Paino<\/strong><\/td>\n<td>0,7kg<\/td>\n<\/tr>\n<tr>\n<td><strong>Sy\u00f6tt\u00f6j\u00e4nnite<\/strong><\/td>\n<td>AC220\/DC24V<\/td>\n<\/tr>\n<tr>\n<td><strong>Ohjain<\/strong><\/td>\n<td>KGP\/SHIKI\/<\/td>\n<\/tr>\n<tr>\n<td><strong>Heijastimen kulma<\/strong><\/td>\n<td>Ei m\u00e4\u00e4ritelty<\/td>\n<\/tr>\n<tr>\n<td><strong><strong><a href=\"https:\/\/ledsteplight.com\/fi\/dm36b-pro-honeycomb-anti-glare-led-in-ground-light-ip67-24v-dc\/\" class=\"waam-auto-link\" title=\"V\u00e4ril\u00e4mp\u00f6tila\">V\u00e4ril\u00e4mp\u00f6tila<\/a><\/strong><\/strong><\/td>\n<td>Ei m\u00e4\u00e4ritelty<\/td>\n<\/tr>\n<tr>\n<td><strong>Materiaali<\/strong><\/td>\n<td>Ei m\u00e4\u00e4ritelty<\/td>\n<\/tr>\n<tr>\n<td><strong>V\u00e4ri\/Viimeistely<\/strong><\/td>\n<td>Ei m\u00e4\u00e4ritelty<\/td>\n<\/tr>\n<tr>\n<td><strong>IP-luokitus<\/strong><\/td>\n<td>Ei m\u00e4\u00e4ritelty<\/td>\n<\/tr>\n<tr>\n<td><strong>Asennus<\/strong><\/td>\n<td>Upotettu<\/td>\n<\/tr>\n<\/tbody>\n<\/table>\n<p>&nbsp;<\/p>\n<p data-start=\"472\" data-end=\"849\">MG-ZB27070 LED-korkeapainevalaisin on suunniteltu ihmisille, jotka tarvitsevat luotettavaa ja vaivattomasti toimivaa valaistusta teollisuus- tai kaupallisissa tiloissa. K\u00e4ytt\u00e4en OSRAM- tai CREE-LED-valoja, se tarjoaa kirkkaan, vakaan 5W-suorituskyvyn samalla kun energian kulutus pysyy alhaisena. Upotettu muotoilu sopii hyvin kattoon, luoden siistin ilmeen, joka sopii varastoihin, v\u00e4hitt\u00e4iskaupan alueille tai n\u00e4yttelytiloihin.<\/p>\n<p data-start=\"851\" data-end=\"1231\">Se on suunniteltu suurten m\u00e4\u00e4rien k\u00e4ytt\u00f6\u00f6n \u2014 t\u00e4ydellinen valaistusurakoitsijoille, rakentajille tai j\u00e4lleenmyyjille, jotka tarvitsevat johdonmukaista laatua suurissa tilauksissa. Yhteensopiva AC220V\/DC24V kanssa ja luotettava KGP- tai SHIKI-ajureiden avulla, t\u00e4m\u00e4 malli voidaan r\u00e4\u00e4t\u00e4l\u00f6id\u00e4 erityisiin projekteihin tai br\u00e4nd\u00e4t\u00e4 OEM-toimitukseen. Kest\u00e4v\u00e4, tehokas ja helppo asentaa \u2014 \u00e4lyk\u00e4s valinta mihin tahansa moderniin valaistusj\u00e4rjestelm\u00e4\u00e4n.<\/p>","protected":false},"excerpt":{"rendered":"<p>ZB27070 5W LED-korkeapaikainen valo OSRAM\/CREE-piireill\u00e4. Upotettu, kest\u00e4v\u00e4 ja energiatehokas. R\u00e4\u00e4t\u00e4l\u00f6ity OEM\/ODM-huoltovalaistus teollisuusprojekteihin.<\/p>","protected":false},"featured_media":37375,"comment_status":"open","ping_status":"closed","template":"","meta":[],"product_brand":[],"product_cat":[100,426,427,428,439,429,440,430,441,431,442,443,432,433,136,444,464,445,446,434,435,436,437],"product_tag":[103,76,111,109,137,114,115],"class_list":{"0":"post-38088","1":"product","2":"type-product","3":"status-publish","4":"has-post-thumbnail","6":"product_cat-aluminum-ground-light","7":"product_cat-ceiling-recessed","8":"product_cat-ceiling-surface","9":"product_cat-ceiling-suspended","10":"product_cat-commercial","11":"product_cat-drivers","12":"product_cat-education","13":"product_cat-freestanding-light","14":"product_cat-hospitality","15":"product_cat-industrial","16":"product_cat-infrastructure","17":"product_cat-landscape","18":"product_cat-landscaping","19":"product_cat-linear","20":"product_cat-narrow-border-ground-light","21":"product_cat-office","22":"product_cat-c-outdoor-lighting","23":"product_cat-residential","24":"product_cat-retail","25":"product_cat-table-lamp","26":"product_cat-track","27":"product_cat-wall-recessed","28":"product_cat-wall-surface","29":"product_tag-aluminum-ground-light","30":"product_tag-aluminum-housing","31":"product_tag-garden-lighting","32":"product_tag-led-fixture","33":"product_tag-narrow-border-ground-light","34":"product_tag-pathway-light","35":"product_tag-recessed-light","37":"first","38":"instock","39":"shipping-taxable","40":"product-type-simple"},"_links":{"self":[{"href":"https:\/\/ledsteplight.com\/fi\/wp-json\/wp\/v2\/product\/38088","targetHints":{"allow":["GET"]}}],"collection":[{"href":"https:\/\/ledsteplight.com\/fi\/wp-json\/wp\/v2\/product"}],"about":[{"href":"https:\/\/ledsteplight.com\/fi\/wp-json\/wp\/v2\/types\/product"}],"replies":[{"embeddable":true,"href":"https:\/\/ledsteplight.com\/fi\/wp-json\/wp\/v2\/comments?post=38088"}],"version-history":[{"count":3,"href":"https:\/\/ledsteplight.com\/fi\/wp-json\/wp\/v2\/product\/38088\/revisions"}],"predecessor-version":[{"id":38601,"href":"https:\/\/ledsteplight.com\/fi\/wp-json\/wp\/v2\/product\/38088\/revisions\/38601"}],"wp:featuredmedia":[{"embeddable":true,"href":"https:\/\/ledsteplight.com\/fi\/wp-json\/wp\/v2\/media\/37375"}],"wp:attachment":[{"href":"https:\/\/ledsteplight.com\/fi\/wp-json\/wp\/v2\/media?parent=38088"}],"wp:term":[{"taxonomy":"product_brand","embeddable":true,"href":"https:\/\/ledsteplight.com\/fi\/wp-json\/wp\/v2\/product_brand?post=38088"},{"taxonomy":"product_cat","embeddable":true,"href":"https:\/\/ledsteplight.com\/fi\/wp-json\/wp\/v2\/product_cat?post=38088"},{"taxonomy":"product_tag","embeddable":true,"href":"https:\/\/ledsteplight.com\/fi\/wp-json\/wp\/v2\/product_tag?post=38088"}],"curies":[{"name":"wp","href":"https:\/\/api.w.org\/{rel}","templated":true}]}}