{"id":38089,"date":"2025-09-08T13:04:27","date_gmt":"2025-09-08T13:04:27","guid":{"rendered":"https:\/\/ledsteplight.com\/import-placeholder-for-37281\/"},"modified":"2026-01-19T02:13:18","modified_gmt":"2026-01-19T02:13:18","slug":"mg-gyd039-150-custom-led-in-ground-light-factory-supply","status":"publish","type":"product","link":"https:\/\/ledsteplight.com\/fi\/mg-gyd039-150-custom-led-in-ground-light-factory-supply\/","title":{"rendered":"MG-GYD039-150 R\u00e4\u00e4t\u00e4l\u00f6ity LED-maahan upotettava valo | Tehdasmyynti"},"content":{"rendered":"<h3 data-start=\"94\" data-end=\"120\"><\/h3>\n<table data-start=\"122\" data-end=\"1446\">\n<thead data-start=\"122\" data-end=\"209\">\n<tr data-start=\"122\" data-end=\"209\">\n<th data-start=\"122\" data-end=\"151\"><strong data-start=\"124\" data-end=\"137\">Parametri<\/strong><\/th>\n<th data-start=\"151\" data-end=\"209\"><strong data-start=\"153\" data-end=\"182\">M\u00e4\u00e4ritys\/Kuvaus<\/strong><\/th>\n<\/tr>\n<\/thead>\n<tbody data-start=\"298\" data-end=\"1446\">\n<tr data-start=\"298\" data-end=\"385\">\n<td><strong data-start=\"300\" data-end=\"317\">Tuotemalli<\/strong><\/td>\n<td>MG-GYD039-150<\/td>\n<\/tr>\n<tr data-start=\"386\" data-end=\"473\">\n<td><strong data-start=\"388\" data-end=\"408\">Tuotekategoria<\/strong><\/td>\n<td>LED-pohjainen ulkovalaisin<\/td>\n<\/tr>\n<tr data-start=\"474\" data-end=\"561\">\n<td><strong data-start=\"476\" data-end=\"497\">Toimintaj\u00e4nnite<\/strong><\/td>\n<td>24V DC <em data-start=\"512\" data-end=\"529\">(esimerkkiarvo)<\/em><\/td>\n<\/tr>\n<tr data-start=\"562\" data-end=\"649\">\n<td><strong data-start=\"564\" data-end=\"585\">Toimintavirta<\/strong><\/td>\n<td>\u2014 (Ei m\u00e4\u00e4ritelty)<\/td>\n<\/tr>\n<tr data-start=\"650\" data-end=\"737\">\n<td><strong data-start=\"652\" data-end=\"673\">S\u00e4hk\u00f6nkulutus<\/strong><\/td>\n<td>&lt; 45W <em data-start=\"687\" data-end=\"704\">(esimerkkiarvo)<\/em><\/td>\n<\/tr>\n<tr data-start=\"738\" data-end=\"825\">\n<td><strong data-start=\"740\" data-end=\"756\">Lumen-tuotto<\/strong><\/td>\n<td>1500 lm <em data-start=\"777\" data-end=\"794\">(esimerkkiarvo)<\/em><\/td>\n<\/tr>\n<tr data-start=\"826\" data-end=\"911\">\n<td><strong data-start=\"828\" data-end=\"849\">V\u00e4ril\u00e4mp\u00f6tila<\/strong><\/td>\n<td>5000K<\/td>\n<\/tr>\n<tr data-start=\"912\" data-end=\"999\">\n<td><strong data-start=\"914\" data-end=\"927\">IP-luokitus<\/strong><\/td>\n<td>IP67 (Vesitiivis ja p\u00f6lytiivis)<\/td>\n<\/tr>\n<tr data-start=\"1000\" data-end=\"1087\">\n<td><strong data-start=\"1002\" data-end=\"1027\">K\u00e4ytt\u00f6l\u00e4mp\u00f6tila<\/strong><\/td>\n<td>-20\u00b0C to +60\u00b0C<\/td>\n<\/tr>\n<tr data-start=\"1088\" data-end=\"1175\">\n<td><strong data-start=\"1090\" data-end=\"1104\">Mitat<\/strong><\/td>\n<td>\u2014 (Ei m\u00e4\u00e4ritelty)<\/td>\n<\/tr>\n<tr data-start=\"1176\" data-end=\"1263\">\n<td><strong data-start=\"1178\" data-end=\"1188\">Paino<\/strong><\/td>\n<td>\u2014 (Ei m\u00e4\u00e4ritelty)<\/td>\n<\/tr>\n<tr data-start=\"1264\" data-end=\"1351\">\n<td><strong data-start=\"1266\" data-end=\"1278\">Kestoik\u00e4<\/strong><\/td>\n<td>Enint\u00e4\u00e4n 50 000 tuntia <em data-start=\"1314\" data-end=\"1331\">(esimerkkiarvo)<\/em><\/td>\n<\/tr>\n<tr data-start=\"1352\" data-end=\"1446\">\n<td><strong data-start=\"1354\" data-end=\"1377\">Lis\u00e4ominaisuudet<\/strong><\/td>\n<td>\u00c4lyk\u00e4s ohjaus, modulaarinen muotoilu, energiatehokas, kest\u00e4v\u00e4 rakenne<\/td>\n<\/tr>\n<\/tbody>\n<\/table>\n<p data-start=\"393\" data-end=\"841\"><strong data-start=\"397\" data-end=\"434\">MG-GYD039-150 <strong><a href=\"https:\/\/ledsteplight.com\/fi\/dm36b-pro-honeycomb-anti-glare-led-in-ground-light-ip67-24v-dc\/\" class=\"waam-auto-link\" title=\"LED-maahan upotettava valo\">LED-maahan upotettava valo<\/a><\/strong><\/strong> on premium <strong><a href=\"https:\/\/ledsteplight.com\/fi\/low-voltage-landscape-lighting-effective-outdoor-solutions\/\" class=\"waam-auto-link\" title=\"ulkovalaisinta\">ulkovalaisinta<\/a><\/strong> ratkaisu, joka on suunniteltu kest\u00e4vyyteen ja suorituskykyyn. Valmistettu tarkasti tehtaallamme, t\u00e4m\u00e4 korkean tehon 24V DC -asennusvalo tuottaa jopa 1500 lumenia ja 5000K v\u00e4ril\u00e4mp\u00f6tilan, varmistaen kirkkaan ja tasaisen <strong><a href=\"https:\/\/ledsteplight.com\/fi\/pir-sensor-step-light-top-advantages-for-safety\/\" class=\"waam-auto-link\" title=\"valaistuksen luomiseksi\">valaistuksen luomiseksi<\/a><\/strong> polkujen, ajoteiden ja arkkitehtonisten maisemien valaistukseen. Sen <strong data-start=\"749\" data-end=\"775\">IP67-vesitiivis muotoilu<\/strong> takaa luotettavan toiminnan jopa ankarissa ulko-olosuhteissa.<\/p>\n<p data-start=\"843\" data-end=\"1208\">Erikoistuneet <strong data-start=\"860\" data-end=\"904\">OEM- ja ODM-LED <strong><a href=\"https:\/\/ledsteplight.com\/fi\/5w-led-in-ground-lights-ip65-waterproof-outdoor-driveway-garden-floor-lighting\/\" class=\"waam-auto-link\" title=\"maavalaisin\">maavalaisin<\/a><\/strong> . Hallitsemalla koko<\/strong>, tarjoten r\u00e4\u00e4t\u00e4l\u00f6ityj\u00e4 wattim\u00e4\u00e4ri\u00e4, s\u00e4teen kulmia ja kotelomateriaaleja erilaisten projektivaatimusten t\u00e4ytt\u00e4miseksi. Energiaa s\u00e4\u00e4st\u00e4vill\u00e4 komponenteilla ja modulaarisella rakenteella varustettu MG-GYD039-150 tarjoaa pitk\u00e4n k\u00e4ytt\u00f6i\u00e4n, jopa 50 000 tuntia\u2014ihanteellinen ammatilliseen maisemasuunnitteluun ja <strong><a href=\"https:\/\/ledsteplight.com\/fi\/cree-bridgelux-chip-ip65-led-fixture-for-garden-facade-lighting\/\" class=\"waam-auto-link\" title=\"arkkitehtuurista valaistusta\">arkkitehtuurista valaistusta<\/a><\/strong> sovelluksiin.<\/p>","protected":false},"excerpt":{"rendered":"<p>MG-GYD039-150 LED maanp\u00e4\u00e4lliset valaisimet valmistaja. R\u00e4\u00e4t\u00e4l\u00f6idyt suunnittelut, OEM\/ODM-vaihtoehdot, IP67-vesitiivis, maksimiteho 45W, 1500 lm kirkkaus, tehtaan suora toimitus.<\/p>","protected":false},"featured_media":37378,"comment_status":"open","ping_status":"closed","template":"","meta":[],"product_brand":[],"product_cat":[99,100,426,427,428,439,429,440,430,441,431,442,443,432,433,444,464,445,446,101,434,435,436,437],"product_tag":[102,103,76,111,77,114,115,104],"class_list":{"0":"post-38089","1":"product","2":"type-product","3":"status-publish","4":"has-post-thumbnail","6":"product_cat-039-series","7":"product_cat-aluminum-ground-light","8":"product_cat-ceiling-recessed","9":"product_cat-ceiling-surface","10":"product_cat-ceiling-suspended","11":"product_cat-commercial","12":"product_cat-drivers","13":"product_cat-education","14":"product_cat-freestanding-light","15":"product_cat-hospitality","16":"product_cat-industrial","17":"product_cat-infrastructure","18":"product_cat-landscape","19":"product_cat-landscaping","20":"product_cat-linear","21":"product_cat-office","22":"product_cat-c-outdoor-lighting","23":"product_cat-residential","24":"product_cat-retail","25":"product_cat-sensor-ground-light","26":"product_cat-table-lamp","27":"product_cat-track","28":"product_cat-wall-recessed","29":"product_cat-wall-surface","30":"product_tag-039-series","31":"product_tag-aluminum-ground-light","32":"product_tag-aluminum-housing","33":"product_tag-garden-lighting","34":"product_tag-ground-light","35":"product_tag-pathway-light","36":"product_tag-recessed-light","37":"product_tag-sensor-ground-light","39":"first","40":"instock","41":"shipping-taxable","42":"product-type-simple"},"_links":{"self":[{"href":"https:\/\/ledsteplight.com\/fi\/wp-json\/wp\/v2\/product\/38089","targetHints":{"allow":["GET"]}}],"collection":[{"href":"https:\/\/ledsteplight.com\/fi\/wp-json\/wp\/v2\/product"}],"about":[{"href":"https:\/\/ledsteplight.com\/fi\/wp-json\/wp\/v2\/types\/product"}],"replies":[{"embeddable":true,"href":"https:\/\/ledsteplight.com\/fi\/wp-json\/wp\/v2\/comments?post=38089"}],"version-history":[{"count":3,"href":"https:\/\/ledsteplight.com\/fi\/wp-json\/wp\/v2\/product\/38089\/revisions"}],"predecessor-version":[{"id":38602,"href":"https:\/\/ledsteplight.com\/fi\/wp-json\/wp\/v2\/product\/38089\/revisions\/38602"}],"wp:featuredmedia":[{"embeddable":true,"href":"https:\/\/ledsteplight.com\/fi\/wp-json\/wp\/v2\/media\/37378"}],"wp:attachment":[{"href":"https:\/\/ledsteplight.com\/fi\/wp-json\/wp\/v2\/media?parent=38089"}],"wp:term":[{"taxonomy":"product_brand","embeddable":true,"href":"https:\/\/ledsteplight.com\/fi\/wp-json\/wp\/v2\/product_brand?post=38089"},{"taxonomy":"product_cat","embeddable":true,"href":"https:\/\/ledsteplight.com\/fi\/wp-json\/wp\/v2\/product_cat?post=38089"},{"taxonomy":"product_tag","embeddable":true,"href":"https:\/\/ledsteplight.com\/fi\/wp-json\/wp\/v2\/product_tag?post=38089"}],"curies":[{"name":"wp","href":"https:\/\/api.w.org\/{rel}","templated":true}]}}