{"id":38091,"date":"2025-09-08T13:04:28","date_gmt":"2025-09-08T13:04:28","guid":{"rendered":"https:\/\/ledsteplight.com\/import-placeholder-for-37283\/"},"modified":"2026-01-19T02:13:12","modified_gmt":"2026-01-19T02:13:12","slug":"dm20-o22mm-led-in-ground-light-waterproof-outdoor-accent-lighting","status":"publish","type":"product","link":"https:\/\/ledsteplight.com\/fi\/dm20-o22mm-led-in-ground-light-waterproof-outdoor-accent-lighting\/","title":{"rendered":"DM20 \u00d822mm LED-maahan upotettava valo \u2013 S\u00e4\u00e4nkest\u00e4v\u00e4 ulkoilma- ja korostusvalaistus"},"content":{"rendered":"<p>&nbsp;<\/p>\n<table class=\"OxEWNITQ\">\n<thead>\n<tr>\n<th><strong>Tuotemalli<\/strong><\/th>\n<th>DM20 LED<\/th>\n<\/tr>\n<\/thead>\n<tbody>\n<tr>\n<td><strong>Tuotteen koko<\/strong><\/td>\n<td>\u00d822mm (Halkaisija) x 45mm (Korkeus)<\/td>\n<\/tr>\n<tr>\n<td><strong>Leikkauskoko<\/strong><\/td>\n<td>Esipohjattu osa aukko: \u00d821mm (Halkaisija) x 75mm (Korkeus) tai Suora aukko: \u00d819mm (Halkaisija) x 75mm (Korkeus)<\/td>\n<\/tr>\n<tr>\n<td><strong>Toiminton\u00e4pp\u00e4in<\/strong><\/td>\n<td>Ei sovellu (ei mainittu erityist\u00e4 toiminnonhallintaa)<\/td>\n<\/tr>\n<tr>\n<td><strong>Valonl\u00e4hde<\/strong><\/td>\n<td>SMD LED (RA90)<\/td>\n<\/tr>\n<tr>\n<td><strong>Teho<\/strong><\/td>\n<td>1W 300mA:ssa<\/td>\n<\/tr>\n<tr>\n<td><strong>Paino<\/strong><\/td>\n<td>Ei m\u00e4\u00e4ritelty<\/td>\n<\/tr>\n<tr>\n<td><strong>Vaihtovirta Sis\u00e4\u00e4ntulo<\/strong><\/td>\n<td>DC24V<\/td>\n<\/tr>\n<tr>\n<td><strong>Ohjain<\/strong><\/td>\n<td>Ei m\u00e4\u00e4ritelty (Voidaan olla integroitu tai ulkoinen)<\/td>\n<\/tr>\n<tr>\n<td><strong>Heijastimen kulma<\/strong><\/td>\n<td>S\u00e4\u00e4dett\u00e4viss\u00e4 15, 24, 36 tai 60 asteeseen<\/td>\n<\/tr>\n<tr>\n<td><strong><strong><a href=\"https:\/\/ledsteplight.com\/fi\/dm36b-pro-honeycomb-anti-glare-led-in-ground-light-ip67-24v-dc\/\" class=\"waam-auto-link\" title=\"V\u00e4ril\u00e4mp\u00f6tila\">V\u00e4ril\u00e4mp\u00f6tila<\/a><\/strong><\/strong><\/td>\n<td>3000K<\/td>\n<\/tr>\n<tr>\n<td><strong>Liit\u00e4nt\u00e4 (Johdot\/Pituus\/Liittimet)<\/strong><\/td>\n<td>Ei m\u00e4\u00e4ritelty<\/td>\n<\/tr>\n<tr>\n<td><strong>Materiaali<\/strong><\/td>\n<td>Alumiini tai ruostumaton ter\u00e4s<\/td>\n<\/tr>\n<tr>\n<td><strong>V\u00e4ri\/Viimeistely<\/strong><\/td>\n<td>Ruostumattoman ter\u00e4ksen viimeistely<\/td>\n<\/tr>\n<tr>\n<td><strong>IP-luokitus<\/strong><\/td>\n<td>IP67 (Suojaus p\u00f6lylt\u00e4 ja upotukselta veteen jopa 1 metrin syvyyteen)<\/td>\n<\/tr>\n<tr>\n<td><strong>Asennustapa<\/strong><\/td>\n<td>Upotettu asennus valinnaisilla esipohjatuilla osilla<\/td>\n<\/tr>\n<tr>\n<td><strong>Valinnaiset lis\u00e4varusteet<\/strong><\/td>\n<td>Hunajakennoristikko saatavilla<\/td>\n<\/tr>\n<\/tbody>\n<\/table>\n<p data-start=\"572\" data-end=\"937\"><strong data-start=\"576\" data-end=\"601\">DM20 LED <strong><a href=\"https:\/\/ledsteplight.com\/fi\/5w-led-in-ground-lights-ip65-waterproof-outdoor-driveway-garden-floor-lighting\/\" class=\"waam-auto-link\" title=\"Maavalaisin\">Maavalaisin<\/a><\/strong><\/strong> on kompakti mutta tehokas upotettava valaistusratkaisu ulkok\u00e4ytt\u00f6\u00f6n. Vain 22 mm halkaisijaltaan, se sulautuu saumattomasti polkuihin, puutarhoihin ja arkkitehtonisiin ominaisuuksiin. Rakennettu <strong data-start=\"797\" data-end=\"850\">ruostumattoman ter\u00e4ksen viimeistelyll\u00e4 ja IP67-vesitiiviydell\u00e4<\/strong>, t\u00e4m\u00e4 valaisin takaa kest\u00e4vyyden sadetta, p\u00f6ly\u00e4 ja jopa lyhytaikaista upotusta vastaan.<\/p>\n<p data-start=\"939\" data-end=\"1351\">Virtal\u00e4hteen\u00e4 k\u00e4ytet\u00e4\u00e4n <strong data-start=\"952\" data-end=\"973\">1W SMD LED (RA90)<\/strong>, DM20 tarjoaa l\u00e4mpim\u00e4n 3000K valaistuksen s\u00e4\u00e4dett\u00e4vill\u00e4 reflektori- ja kulmavaihtoehdoilla (15\u00b0, 24\u00b0, 36\u00b0 tai 60\u00b0), antaen sinulle hallinnan s\u00e4teen levi\u00e4misest\u00e4. Helppo upotettu asennus valinnaisten esiladattujen osien kanssa tekee siit\u00e4 sopivan sek\u00e4 asuin- ett\u00e4 kaupallisiin projekteihin. Valinnaiset hunajakennokorit lis\u00e4varusteet v\u00e4hent\u00e4v\u00e4t h\u00e4ik\u00e4isy\u00e4 entisest\u00e4\u00e4n, tarjoten ammattimaisen ulkovalaistuksen suorituskyvyn. <strong><a href=\"https:\/\/ledsteplight.com\/fi\/cree-bridgelux-chip-ip65-led-fixture-for-garden-facade-lighting\/\" class=\"waam-auto-link\" title=\"ulkovalaisinta\">ulkovalaisinta<\/a><\/strong> suorituskyky.<\/p>","protected":false},"excerpt":{"rendered":"<p><strong data-start=\"1388\" data-end=\"1413\">DM20 LED maavalaisin<\/strong> \u2013 \u00d822mm upotettava ulkokaluste, jossa on <strong data-start=\"1452\" data-end=\"1546\">1W SMD LED, 3000K l\u00e4mmin valo, IP67-vesitiivis rakenne ja s\u00e4\u00e4dett\u00e4v\u00e4t s\u00e4teen kulmat (15\u00b0\u201360\u00b0)<\/strong>. Valmistettu ruostumattomasta ter\u00e4ksest\u00e4 kest\u00e4vyyden takaamiseksi, ihanteellinen <strong data-start=\"1599\" data-end=\"1653\">polkujen, puutarhojen ja maisemavalaisuprojektien<\/strong>.<\/p>","protected":false},"featured_media":37383,"comment_status":"open","ping_status":"closed","template":"","meta":[],"product_brand":[],"product_cat":[100,426,427,428,439,429,440,430,441,126,431,442,443,432,433,444,112,464,445,446,106,434,435,436,437],"product_tag":[103,76,77,127,113,78,108,83],"class_list":{"0":"post-38091","1":"product","2":"type-product","3":"status-publish","4":"has-post-thumbnail","6":"product_cat-aluminum-ground-light","7":"product_cat-ceiling-recessed","8":"product_cat-ceiling-surface","9":"product_cat-ceiling-suspended","10":"product_cat-commercial","11":"product_cat-drivers","12":"product_cat-education","13":"product_cat-freestanding-light","14":"product_cat-hospitality","15":"product_cat-in-ground-light","16":"product_cat-industrial","17":"product_cat-infrastructure","18":"product_cat-landscape","19":"product_cat-landscaping","20":"product_cat-linear","21":"product_cat-office","22":"product_cat-outdoor-ground-light","23":"product_cat-c-outdoor-lighting","24":"product_cat-residential","25":"product_cat-retail","26":"product_cat-round-ground-light","27":"product_cat-table-lamp","28":"product_cat-track","29":"product_cat-wall-recessed","30":"product_cat-wall-surface","31":"product_tag-aluminum-ground-light","32":"product_tag-aluminum-housing","33":"product_tag-ground-light","34":"product_tag-in-ground-light","35":"product_tag-outdoor-ground-light","36":"product_tag-outdoor-lighting","37":"product_tag-round-ground-light","38":"product_tag-waterproof-fixture","40":"first","41":"instock","42":"shipping-taxable","43":"product-type-simple"},"_links":{"self":[{"href":"https:\/\/ledsteplight.com\/fi\/wp-json\/wp\/v2\/product\/38091","targetHints":{"allow":["GET"]}}],"collection":[{"href":"https:\/\/ledsteplight.com\/fi\/wp-json\/wp\/v2\/product"}],"about":[{"href":"https:\/\/ledsteplight.com\/fi\/wp-json\/wp\/v2\/types\/product"}],"replies":[{"embeddable":true,"href":"https:\/\/ledsteplight.com\/fi\/wp-json\/wp\/v2\/comments?post=38091"}],"version-history":[{"count":3,"href":"https:\/\/ledsteplight.com\/fi\/wp-json\/wp\/v2\/product\/38091\/revisions"}],"predecessor-version":[{"id":38592,"href":"https:\/\/ledsteplight.com\/fi\/wp-json\/wp\/v2\/product\/38091\/revisions\/38592"}],"wp:featuredmedia":[{"embeddable":true,"href":"https:\/\/ledsteplight.com\/fi\/wp-json\/wp\/v2\/media\/37383"}],"wp:attachment":[{"href":"https:\/\/ledsteplight.com\/fi\/wp-json\/wp\/v2\/media?parent=38091"}],"wp:term":[{"taxonomy":"product_brand","embeddable":true,"href":"https:\/\/ledsteplight.com\/fi\/wp-json\/wp\/v2\/product_brand?post=38091"},{"taxonomy":"product_cat","embeddable":true,"href":"https:\/\/ledsteplight.com\/fi\/wp-json\/wp\/v2\/product_cat?post=38091"},{"taxonomy":"product_tag","embeddable":true,"href":"https:\/\/ledsteplight.com\/fi\/wp-json\/wp\/v2\/product_tag?post=38091"}],"curies":[{"name":"wp","href":"https:\/\/api.w.org\/{rel}","templated":true}]}}