{"id":38093,"date":"2025-09-08T13:04:28","date_gmt":"2025-09-08T13:04:28","guid":{"rendered":"https:\/\/ledsteplight.com\/import-placeholder-for-37294\/"},"modified":"2026-01-19T02:13:13","modified_gmt":"2026-01-19T02:13:13","slug":"ts50-01b-led-ground-light-ip67-waterproof-outdoor-lighting-factory-wholesale","status":"publish","type":"product","link":"https:\/\/ledsteplight.com\/fi\/ts50-01b-led-ground-light-ip67-waterproof-outdoor-lighting-factory-wholesale\/","title":{"rendered":"TS50-01B LED-maanalampuvalo \u2013 IP67-vesitiivis ulkovalaisin | Tehdasmyynti tukkumyynti"},"content":{"rendered":"<p>&nbsp;<\/p>\n<table class=\"OxEWNITQ\">\n<thead>\n<tr>\n<th><strong>Tuotemalli<\/strong><\/th>\n<th>MG-TS50-01B<\/th>\n<\/tr>\n<\/thead>\n<tbody>\n<tr>\n<td><strong>Tuotteen koko<\/strong><\/td>\n<td>\u00d850mm*H87<\/td>\n<\/tr>\n<tr>\n<td><strong>Leikkauskoko<\/strong><\/td>\n<td>Ei saatavilla (Ei m\u00e4\u00e4ritelty)<\/td>\n<\/tr>\n<tr>\n<td><strong>Toiminton\u00e4pp\u00e4in<\/strong><\/td>\n<td>Dali, 0-10V, P\u00e4\u00e4ll\u00e4\/Pois<\/td>\n<\/tr>\n<tr>\n<td><strong>Valonl\u00e4hde<\/strong><\/td>\n<td>DSP LED<\/td>\n<\/tr>\n<tr>\n<td><strong>Watit<\/strong><\/td>\n<td>3-10W<\/td>\n<\/tr>\n<tr>\n<td><strong>Paino<\/strong><\/td>\n<td>0,6KG<\/td>\n<\/tr>\n<tr>\n<td><strong>Vaihtovirta Sis\u00e4\u00e4ntulo<\/strong><\/td>\n<td>DC24V<\/td>\n<\/tr>\n<tr>\n<td><strong>Ohjain<\/strong><\/td>\n<td>Sis\u00e4\u00e4nrakennettu<\/td>\n<\/tr>\n<tr>\n<td><strong>Heijastimen kulma<\/strong><\/td>\n<td>15\/30\/45\/60 astetta<\/td>\n<\/tr>\n<tr>\n<td><strong><strong><a href=\"https:\/\/ledsteplight.com\/fi\/dm36b-pro-honeycomb-anti-glare-led-in-ground-light-ip67-24v-dc\/\" class=\"waam-auto-link\" title=\"V\u00e4ril\u00e4mp\u00f6tila\">V\u00e4ril\u00e4mp\u00f6tila<\/a><\/strong><\/strong><\/td>\n<td>2700K, 3000K, 4000K<\/td>\n<\/tr>\n<tr>\n<td><strong>Liit\u00e4nt\u00e4 (Johdot\/Pituus\/Liittimet)<\/strong><\/td>\n<td>Ei saatavilla (Ei m\u00e4\u00e4ritelty)<\/td>\n<\/tr>\n<tr>\n<td><strong>Materiaali<\/strong><\/td>\n<td>Alumiini<\/td>\n<\/tr>\n<tr>\n<td><strong>V\u00e4ri\/Pinta-ala k\u00e4sittely<\/strong><\/td>\n<td>Maalattu (saatavana mustana, hopeisena, harmaana)<\/td>\n<\/tr>\n<tr>\n<td><strong>IP-luokitus<\/strong><\/td>\n<td>IP67<\/td>\n<\/tr>\n<tr>\n<td><strong>Asennustapa<\/strong><\/td>\n<td>Pistoke, pinta-asennus, hihna-asennus<\/td>\n<\/tr>\n<\/tbody>\n<\/table>\n<p><strong data-start=\"132\" data-end=\"161\" data-is-only-node=\"\">TS50-01B LED <strong><a href=\"https:\/\/ledsteplight.com\/fi\/cree-bridgelux-chip-ip65-led-fixture-for-garden-facade-lighting\/\" class=\"waam-auto-link\" title=\"Maavalaisin\">Maavalaisin<\/a><\/strong><\/strong> on suunniteltu ulkok\u00e4yt\u00f6n luotettavuuteen ja arkkitehtoniseen tarkkuuteen. Kompaktin \u00d850 mm:n muotoilun ja useiden heijastinkulmien (15\u00b0, 30\u00b0, 45\u00b0, 60\u00b0) ansiosta se tarjoaa kohdistettua <strong><a href=\"https:\/\/ledsteplight.com\/fi\/pir-sensor-step-light-top-advantages-for-safety\/\" class=\"waam-auto-link\" title=\"valaistuksen luomiseksi\">valaistuksen luomiseksi<\/a><\/strong> polkujen, seinien ja maisemoinnin valaisuun. Valmistettu <strong data-start=\"397\" data-end=\"417\">kest\u00e4v\u00e4st\u00e4 alumiinista<\/strong> ja siin\u00e4 on <strong data-start=\"425\" data-end=\"451\">maalattu pintak\u00e4sittely<\/strong> (musta, hopea tai harmaa), t\u00e4m\u00e4 valaisin varmistaa pitk\u00e4ik\u00e4isen suorituskyvyn ankarissa olosuhteissa.<br data-start=\"549\" data-end=\"552\" \/>Varustettu <strong data-start=\"566\" data-end=\"588\">DSP LED -tekniikalla<\/strong> ja <strong data-start=\"593\" data-end=\"612\">sis\u00e4\u00e4nrakennetulla liit\u00e4nt\u00e4laitteella<\/strong>, se toimii tehokkaasti <strong data-start=\"641\" data-end=\"650\">DC24V<\/strong> virralla ja tukee <strong data-start=\"670\" data-end=\"704\">DALI, 0\u201310V tai On-Off -ohjausta<\/strong> vaihtoehtoja monipuolisiin valaistusj\u00e4rjestelmiin. Luokiteltu <strong data-start=\"751\" data-end=\"759\">IP67<\/strong>, se takaa t\u00e4ydellisen suojan vett\u00e4 ja p\u00f6ly\u00e4 vastaan, mik\u00e4 tekee siit\u00e4 ihanteellisen <strong data-start=\"839\" data-end=\"912\">ulkoarkkitehtuuriin, kaupallisiin projekteihin ja asuinmaisemiin<\/strong>.<br data-start=\"913\" data-end=\"916\" \/>Saatavana <strong data-start=\"929\" data-end=\"939\">3W\u201310W<\/strong> m\u00e4\u00e4ritykset <strong data-start=\"960\" data-end=\"1009\">v\u00e4ril\u00e4mp\u00f6tiloilla 2700K, 3000K ja 4000K<\/strong>, TS50-01B yhdist\u00e4\u00e4 tyylin, kest\u00e4vyyden ja joustavuuden ammattimaiseen valaistussovellukseen.<\/p>","protected":false},"excerpt":{"rendered":"<p>Tukkumyynti <strong data-start=\"1144\" data-end=\"1173\" data-is-only-node=\"\">TS50-01B LED-maavalaisin<\/strong> \u2013 IP67-vesitiivis ulkokaluste DALI\/0\u201310V-ohjauksella, DSP-LED-l\u00e4hde ja alumiininen kotelo. Ihanteellinen arkkitehtuurin ja maisemavalaisuun. Tehdas suoraan toimitus globaalille jakelijalle ja valaistusurakoitsijalle.<\/p>","protected":false},"featured_media":37387,"comment_status":"open","ping_status":"closed","template":"","meta":[],"product_brand":[],"product_cat":[100,426,427,428,439,429,440,430,73,441,431,442,443,432,433,444,112,464,445,446,106,434,435,436,437],"product_tag":[103,76,140,77,113,78,108,141],"class_list":{"0":"post-38093","1":"product","2":"type-product","3":"status-publish","4":"has-post-thumbnail","6":"product_cat-aluminum-ground-light","7":"product_cat-ceiling-recessed","8":"product_cat-ceiling-surface","9":"product_cat-ceiling-suspended","10":"product_cat-commercial","11":"product_cat-drivers","12":"product_cat-education","13":"product_cat-freestanding-light","14":"product_cat-ground-light","15":"product_cat-hospitality","16":"product_cat-industrial","17":"product_cat-infrastructure","18":"product_cat-landscape","19":"product_cat-landscaping","20":"product_cat-linear","21":"product_cat-office","22":"product_cat-outdoor-ground-light","23":"product_cat-c-outdoor-lighting","24":"product_cat-residential","25":"product_cat-retail","26":"product_cat-round-ground-light","27":"product_cat-table-lamp","28":"product_cat-track","29":"product_cat-wall-recessed","30":"product_cat-wall-surface","31":"product_tag-aluminum-ground-light","32":"product_tag-aluminum-housing","33":"product_tag-flood-light","34":"product_tag-ground-light","35":"product_tag-outdoor-ground-light","36":"product_tag-outdoor-lighting","37":"product_tag-round-ground-light","38":"product_tag-tree-spot-light","40":"first","41":"instock","42":"shipping-taxable","43":"product-type-simple"},"_links":{"self":[{"href":"https:\/\/ledsteplight.com\/fi\/wp-json\/wp\/v2\/product\/38093","targetHints":{"allow":["GET"]}}],"collection":[{"href":"https:\/\/ledsteplight.com\/fi\/wp-json\/wp\/v2\/product"}],"about":[{"href":"https:\/\/ledsteplight.com\/fi\/wp-json\/wp\/v2\/types\/product"}],"replies":[{"embeddable":true,"href":"https:\/\/ledsteplight.com\/fi\/wp-json\/wp\/v2\/comments?post=38093"}],"version-history":[{"count":3,"href":"https:\/\/ledsteplight.com\/fi\/wp-json\/wp\/v2\/product\/38093\/revisions"}],"predecessor-version":[{"id":38594,"href":"https:\/\/ledsteplight.com\/fi\/wp-json\/wp\/v2\/product\/38093\/revisions\/38594"}],"wp:featuredmedia":[{"embeddable":true,"href":"https:\/\/ledsteplight.com\/fi\/wp-json\/wp\/v2\/media\/37387"}],"wp:attachment":[{"href":"https:\/\/ledsteplight.com\/fi\/wp-json\/wp\/v2\/media?parent=38093"}],"wp:term":[{"taxonomy":"product_brand","embeddable":true,"href":"https:\/\/ledsteplight.com\/fi\/wp-json\/wp\/v2\/product_brand?post=38093"},{"taxonomy":"product_cat","embeddable":true,"href":"https:\/\/ledsteplight.com\/fi\/wp-json\/wp\/v2\/product_cat?post=38093"},{"taxonomy":"product_tag","embeddable":true,"href":"https:\/\/ledsteplight.com\/fi\/wp-json\/wp\/v2\/product_tag?post=38093"}],"curies":[{"name":"wp","href":"https:\/\/api.w.org\/{rel}","templated":true}]}}