{"id":38094,"date":"2025-09-08T13:04:28","date_gmt":"2025-09-08T13:04:28","guid":{"rendered":"https:\/\/ledsteplight.com\/import-placeholder-for-37295\/"},"modified":"2026-01-19T02:13:13","modified_gmt":"2026-01-19T02:13:13","slug":"wholesale-ts50-01-a-5w-led-ground-lights-bulk-ip65-outdoor-garden-lighting","status":"publish","type":"product","link":"https:\/\/ledsteplight.com\/fi\/wholesale-ts50-01-a-5w-led-ground-lights-bulk-ip65-outdoor-garden-lighting\/","title":{"rendered":"Tukkumyynti TS50-01-A 5W LED maanalaiset valot | Suuri IP65 ulkotarhavalaisimet"},"content":{"rendered":"<table data-start=\"144\" data-end=\"1550\">\n<thead data-start=\"144\" data-end=\"226\">\n<tr data-start=\"144\" data-end=\"226\">\n<th data-start=\"144\" data-end=\"174\"><strong data-start=\"146\" data-end=\"159\">Parametri<\/strong><\/th>\n<th data-start=\"174\" data-end=\"226\"><strong data-start=\"176\" data-end=\"187\">Yksityiskohdat<\/strong><\/th>\n<\/tr>\n<\/thead>\n<tbody data-start=\"310\" data-end=\"1550\">\n<tr data-start=\"310\" data-end=\"392\">\n<td><strong data-start=\"312\" data-end=\"321\">Malli<\/strong><\/td>\n<td>TS50-01-A<\/td>\n<\/tr>\n<tr data-start=\"393\" data-end=\"475\">\n<td><strong data-start=\"395\" data-end=\"404\">Teho<\/strong><\/td>\n<td>5W<\/td>\n<\/tr>\n<tr data-start=\"476\" data-end=\"558\">\n<td><strong data-start=\"478\" data-end=\"490\">LED-tyyppi<\/strong><\/td>\n<td>COB LED<\/td>\n<\/tr>\n<tr data-start=\"559\" data-end=\"641\">\n<td><strong data-start=\"561\" data-end=\"578\">Sy\u00f6tt\u00f6j\u00e4nnite<\/strong><\/td>\n<td>AC85-265V<\/td>\n<\/tr>\n<tr data-start=\"642\" data-end=\"723\">\n<td><strong data-start=\"644\" data-end=\"665\"><strong><a href=\"https:\/\/ledsteplight.com\/fi\/dm36b-pro-honeycomb-anti-glare-led-in-ground-light-ip67-24v-dc\/\" class=\"waam-auto-link\" title=\"V\u00e4ril\u00e4mp\u00f6tila\">V\u00e4ril\u00e4mp\u00f6tila<\/a><\/strong><\/strong><\/td>\n<td>3000K \/ 6000K (L\u00e4mmin valkoinen \/ Viile\u00e4 valkoinen)<\/td>\n<\/tr>\n<tr data-start=\"724\" data-end=\"806\">\n<td><strong data-start=\"726\" data-end=\"738\">Kestoik\u00e4<\/strong><\/td>\n<td>40 000 tuntia<\/td>\n<\/tr>\n<tr data-start=\"807\" data-end=\"888\">\n<td><strong data-start=\"809\" data-end=\"822\">IP-luokitus<\/strong><\/td>\n<td>IP65 (Vesitiivis, p\u00f6lytiivis)<\/td>\n<\/tr>\n<tr data-start=\"889\" data-end=\"971\">\n<td><strong data-start=\"891\" data-end=\"905\">S\u00e4teen kulma<\/strong><\/td>\n<td>120\u00b0<\/td>\n<\/tr>\n<tr data-start=\"972\" data-end=\"1054\">\n<td><strong data-start=\"974\" data-end=\"999\">K\u00e4ytt\u00f6l\u00e4mp\u00f6tila<\/strong><\/td>\n<td>-20\u00b0C to +40\u00b0C<\/td>\n<\/tr>\n<tr data-start=\"1055\" data-end=\"1137\">\n<td><strong data-start=\"1057\" data-end=\"1078\">Asennustyyppi<\/strong><\/td>\n<td>Maahan \/ Pintaan asennettava<\/td>\n<\/tr>\n<tr data-start=\"1138\" data-end=\"1220\">\n<td><strong data-start=\"1140\" data-end=\"1152\">Takuu<\/strong><\/td>\n<td>3 vuotta<\/td>\n<\/tr>\n<tr data-start=\"1221\" data-end=\"1303\">\n<td><strong data-start=\"1223\" data-end=\"1240\">Sertifiointi<\/strong><\/td>\n<td>CE, RoHS<\/td>\n<\/tr>\n<tr data-start=\"1304\" data-end=\"1385\">\n<td><strong data-start=\"1306\" data-end=\"1321\">Sovellus<\/strong><\/td>\n<td>Ulkok\u00e4ytt\u00f6 (Puutarha, Polku, K\u00e4yt\u00e4v\u00e4, Terassi)<\/td>\n<\/tr>\n<tr data-start=\"1386\" data-end=\"1467\">\n<td><strong data-start=\"1388\" data-end=\"1397\">V\u00e4ri<\/strong><\/td>\n<td>Hopea \/ Harjattu hopea<\/td>\n<\/tr>\n<tr data-start=\"1468\" data-end=\"1550\">\n<td><strong data-start=\"1470\" data-end=\"1480\">Paino<\/strong><\/td>\n<td>0.45 kg<\/td>\n<\/tr>\n<\/tbody>\n<\/table>\n<p>&nbsp;<\/p>\n<p>TS50-01-A, se <strong><a href=\"https:\/\/ledsteplight.com\/fi\/5w-led-in-ground-lights-ip65-waterproof-outdoor-driveway-garden-floor-lighting\/\" class=\"waam-auto-link\" title=\"5W COB LED\">5W COB LED<\/a><\/strong> <strong><a href=\"https:\/\/ledsteplight.com\/fi\/cree-bridgelux-chip-ip65-led-fixture-for-garden-facade-lighting\/\" class=\"waam-auto-link\" title=\"maavalaisin\">maavalaisin<\/a><\/strong> Suunniteltu vakavaan suorituskykyyn. T\u00e4m\u00e4 ei ole vain toinen puutarhavalaisin; se on ty\u00f6juhta. Rakennettu kest\u00e4v\u00e4ksi, IP65-luokiteltu veden- ja p\u00f6lytiivis tiiviste, suunniteltu kest\u00e4m\u00e4\u00e4n kovia ulkoilmaolosuhteita, -20\u00b0C pakkasista +40\u00b0C l\u00e4mp\u00f6tiloihin. Laaja-alainen AC85-265V sy\u00f6tt\u00f6 ja korkeatehokas COB-siru tarjoavat johdonmukaista, luotettavaa <strong><a href=\"https:\/\/ledsteplight.com\/fi\/pir-sensor-step-light-top-advantages-for-safety\/\" class=\"waam-auto-link\" title=\"valaistuksen luomiseksi\">valaistuksen luomiseksi<\/a><\/strong> (L\u00e4mmin tai Viile\u00e4 Valkoinen), johon ammattilaisasiakkaasi voivat luottaa.<\/p>\n<p>Tukeudumme t\u00e4h\u00e4n tuotteeseen 3 vuoden takuulla ja 40 000 tunnin luokitellulla k\u00e4ytt\u00f6i\u00e4ll\u00e4, mik\u00e4 v\u00e4hent\u00e4\u00e4 asiakkaidesi palautuksia. Sen monipuolinen muotoilu soveltuu sek\u00e4 maanalaiseen ett\u00e4 pintaan asennukseen <strong><a href=\"https:\/\/ledsteplight.com\/fi\/ultimate-guide-to-landscape-inground-lighting-solutions\/\" class=\"waam-auto-link\" title=\"asennuksiin\">asennuksiin<\/a><\/strong>, tehden siit\u00e4 joustavan ratkaisun mille tahansa polku-, puutarha- tai terassiprojektille. Saatavilla puhtaassa harjatussa hopeanv\u00e4risess\u00e4 viimeistelyss\u00e4 ja t\u00e4ysin CE\/RoHS-sertifioitu, TS50-01-A on luotettava, ei turhia kikkailuja sis\u00e4lt\u00e4v\u00e4 <strong><a href=\"https:\/\/ledsteplight.com\/fi\/design-trends\/\" class=\"waam-auto-link\" title=\"valaistuslaitteisto\">valaistuslaitteisto<\/a><\/strong> joka tarvitsee tukkuliikkeesi liiketoiminta.<\/p>","protected":false},"excerpt":{"rendered":"<p>Luotettavat 5W COB LED maavalaistukset (TS50-01-A) tukkumyyntiin. IP65-vesitiivis, 3 vuoden takuu ja kest\u00e4v\u00e4 rakenne mihin tahansa maisemaprojektiin. T\u00e4yt\u00e4 varastosi asiakkaillesi.<\/p>","protected":false},"featured_media":37389,"comment_status":"open","ping_status":"closed","template":"","meta":[],"product_brand":[],"product_cat":[100,426,427,428,439,429,440,430,441,431,442,443,432,433,444,112,464,445,446,106,434,435,436,437],"product_tag":[103,76,140,77,113,78,108,141],"class_list":{"0":"post-38094","1":"product","2":"type-product","3":"status-publish","4":"has-post-thumbnail","6":"product_cat-aluminum-ground-light","7":"product_cat-ceiling-recessed","8":"product_cat-ceiling-surface","9":"product_cat-ceiling-suspended","10":"product_cat-commercial","11":"product_cat-drivers","12":"product_cat-education","13":"product_cat-freestanding-light","14":"product_cat-hospitality","15":"product_cat-industrial","16":"product_cat-infrastructure","17":"product_cat-landscape","18":"product_cat-landscaping","19":"product_cat-linear","20":"product_cat-office","21":"product_cat-outdoor-ground-light","22":"product_cat-c-outdoor-lighting","23":"product_cat-residential","24":"product_cat-retail","25":"product_cat-round-ground-light","26":"product_cat-table-lamp","27":"product_cat-track","28":"product_cat-wall-recessed","29":"product_cat-wall-surface","30":"product_tag-aluminum-ground-light","31":"product_tag-aluminum-housing","32":"product_tag-flood-light","33":"product_tag-ground-light","34":"product_tag-outdoor-ground-light","35":"product_tag-outdoor-lighting","36":"product_tag-round-ground-light","37":"product_tag-tree-spot-light","39":"first","40":"instock","41":"shipping-taxable","42":"product-type-simple"},"_links":{"self":[{"href":"https:\/\/ledsteplight.com\/fi\/wp-json\/wp\/v2\/product\/38094","targetHints":{"allow":["GET"]}}],"collection":[{"href":"https:\/\/ledsteplight.com\/fi\/wp-json\/wp\/v2\/product"}],"about":[{"href":"https:\/\/ledsteplight.com\/fi\/wp-json\/wp\/v2\/types\/product"}],"replies":[{"embeddable":true,"href":"https:\/\/ledsteplight.com\/fi\/wp-json\/wp\/v2\/comments?post=38094"}],"version-history":[{"count":3,"href":"https:\/\/ledsteplight.com\/fi\/wp-json\/wp\/v2\/product\/38094\/revisions"}],"predecessor-version":[{"id":38595,"href":"https:\/\/ledsteplight.com\/fi\/wp-json\/wp\/v2\/product\/38094\/revisions\/38595"}],"wp:featuredmedia":[{"embeddable":true,"href":"https:\/\/ledsteplight.com\/fi\/wp-json\/wp\/v2\/media\/37389"}],"wp:attachment":[{"href":"https:\/\/ledsteplight.com\/fi\/wp-json\/wp\/v2\/media?parent=38094"}],"wp:term":[{"taxonomy":"product_brand","embeddable":true,"href":"https:\/\/ledsteplight.com\/fi\/wp-json\/wp\/v2\/product_brand?post=38094"},{"taxonomy":"product_cat","embeddable":true,"href":"https:\/\/ledsteplight.com\/fi\/wp-json\/wp\/v2\/product_cat?post=38094"},{"taxonomy":"product_tag","embeddable":true,"href":"https:\/\/ledsteplight.com\/fi\/wp-json\/wp\/v2\/product_tag?post=38094"}],"curies":[{"name":"wp","href":"https:\/\/api.w.org\/{rel}","templated":true}]}}