{"id":38095,"date":"2025-09-08T13:04:28","date_gmt":"2025-09-08T13:04:28","guid":{"rendered":"https:\/\/ledsteplight.com\/import-placeholder-for-37296\/"},"modified":"2026-01-19T02:13:14","modified_gmt":"2026-01-19T02:13:14","slug":"factory-direct-3w-ip20-recessed-mini-spotlight-bd035-50-wbc-bulk","status":"publish","type":"product","link":"https:\/\/ledsteplight.com\/fi\/factory-direct-3w-ip20-recessed-mini-spotlight-bd035-50-wbc-bulk\/","title":{"rendered":"Suoraan tehtaasta: 3W IP20 upotettava mini-spottivalo | BD035-50-WBc er\u00e4"},"content":{"rendered":"<table class=\"OxEWNITQ\">\n<thead>\n<tr>\n<th><strong>Tuotemalli<\/strong><\/th>\n<th>BD035-50-WBc<\/th>\n<\/tr>\n<\/thead>\n<tbody>\n<tr>\n<td><strong>Tuotteen koko<\/strong><\/td>\n<td>Avaus D47mm*K75mm<\/td>\n<\/tr>\n<tr>\n<td><strong>Leikkauskoko<\/strong><\/td>\n<td>Katso asennuskaavio teknisist\u00e4 tiedoista<\/td>\n<\/tr>\n<tr>\n<td><strong>Toiminton\u00e4pp\u00e4in<\/strong><\/td>\n<td>Ei sovellu (ei mainittu erityist\u00e4 toiminnonhallintaa)<\/td>\n<\/tr>\n<tr>\n<td><strong>Valonl\u00e4hde<\/strong><\/td>\n<td>OSRAM \/ CREE<\/td>\n<\/tr>\n<tr>\n<td><strong>Watit<\/strong><\/td>\n<td>3W (700mA)<\/td>\n<\/tr>\n<tr>\n<td><strong>Paino<\/strong><\/td>\n<td>0.45kg<\/td>\n<\/tr>\n<tr>\n<td><strong>Vaihtovirta Sis\u00e4\u00e4ntulo<\/strong><\/td>\n<td>100-240V, 50~60Hz<\/td>\n<\/tr>\n<tr>\n<td><strong>Ohjain<\/strong><\/td>\n<td>Ei saatavilla (Ei m\u00e4\u00e4ritelty)<\/td>\n<\/tr>\n<tr>\n<td><strong>Heijastimen kulma<\/strong><\/td>\n<td>Ei saatavilla (Ei m\u00e4\u00e4ritelty)<\/td>\n<\/tr>\n<tr>\n<td><strong><strong><a href=\"https:\/\/ledsteplight.com\/fi\/dm36b-pro-honeycomb-anti-glare-led-in-ground-light-ip67-24v-dc\/\" class=\"waam-auto-link\" title=\"V\u00e4ril\u00e4mp\u00f6tila\">V\u00e4ril\u00e4mp\u00f6tila<\/a><\/strong><\/strong><\/td>\n<td>2700K, 3000K, 4000K, 6000K<\/td>\n<\/tr>\n<tr>\n<td><strong>Liit\u00e4nt\u00e4 (Johdot\/Pituus\/Liittimet)<\/strong><\/td>\n<td>Ei saatavilla (Ei m\u00e4\u00e4ritelty)<\/td>\n<\/tr>\n<tr>\n<td><strong>Materiaali<\/strong><\/td>\n<td>Alumiiniversio \/ Ruostumattomasta ter\u00e4ksest\u00e4 valmistettu versio<\/td>\n<\/tr>\n<tr>\n<td><strong>V\u00e4ri\/Pinta-ala k\u00e4sittely<\/strong><\/td>\n<td>Valkoinen, Musta, Hopea<\/td>\n<\/tr>\n<tr>\n<td><strong>IP-luokitus<\/strong><\/td>\n<td>IP20<\/td>\n<\/tr>\n<tr>\n<td><strong>Asennustapa<\/strong><\/td>\n<td>Upotettu (valinnaisilla esiladatuilla osilla)<\/td>\n<\/tr>\n<\/tbody>\n<\/table>\n<p id=\"\">\n<p>D035-50-WBc on ty\u00f6kalusi t\u00e4h\u00e4n teht\u00e4v\u00e4\u00e4n. T\u00e4m\u00e4 ei ole tavallinen kanavalampun valo; se on 3W arkkitehtoninen mini-spot, suunniteltu korkeatasoiseen korostus- ja yksityiskohtaty\u00f6h\u00f6n. Rakennamme sen korkealaatuisilla OSRAM- tai CREE-LED-valoilla, jotka takaavat maailmanluokan v\u00e4ritarkkuuden ja t\u00e4ydellisen luotettavuuden. Sen pieni 47 mm (leikkauskoko) profiili tekee siit\u00e4 t\u00e4ydellisen ratkaisun huomaamattomaan asennukseen n\u00e4ytt\u00e4v\u00e4kaappeihin, puusep\u00e4nt\u00f6ihin, hyllyihin tai hienovaraiseksi lattia-\/portaitunnistimeksi kuivissa (IP20) sis\u00e4tiloissa.<\/p>\n<p>Ammattik\u00e4ytt\u00e4jillesi suunniteltu valaisin on saatavilla sek\u00e4 raskasmetallisena alumiinina ett\u00e4 korkealaatuisena 316-ruostumattomasta ter\u00e4ksest\u00e4, ja se on saatavana valkoisena, mustana tai hopeisena, jotta se sopii mihin tahansa vaatimukseen. T\u00e4ysin s\u00e4vyt (2700K - 6000K) ja luotettava 700mA-ajuri takaavat sen, ett\u00e4 voit k\u00e4ytt\u00e4\u00e4 sit\u00e4 mink\u00e4 tahansa kaupallisen tai asuinrakennuksen suunnittelussa. T\u00e4m\u00e4 on korkeatasoinen, matala profiili -valaisin, jota varastostasi puuttuu. Ota yhteytt\u00e4 saadaksesi B2B-hintoja ja suurimyynti\u00e4.<\/p>","protected":false},"excerpt":{"rendered":"<p>Hanki tehdashinta BD035-50-WBc 3W LED upotettava valo. Rakennettu korkealaatuisista OSRAM\/CREE-LED-valoista ammattilaisarkkitehtuuriprojekteihin. Pyyd\u00e4 tukkumyyntitarjous.<\/p>","protected":false},"featured_media":37391,"comment_status":"open","ping_status":"closed","template":"","meta":[],"product_brand":[],"product_cat":[105,100,426,427,428,439,429,440,118,430,441,431,442,443,432,433,444,464,445,446,106,434,435,436,437],"product_tag":[107,103,76,119,77,108,83],"class_list":{"0":"post-38095","1":"product","2":"type-product","3":"status-publish","4":"has-post-thumbnail","6":"product_cat-015-series","7":"product_cat-aluminum-ground-light","8":"product_cat-ceiling-recessed","9":"product_cat-ceiling-surface","10":"product_cat-ceiling-suspended","11":"product_cat-commercial","12":"product_cat-drivers","13":"product_cat-education","14":"product_cat-frameless-ground-light","15":"product_cat-freestanding-light","16":"product_cat-hospitality","17":"product_cat-industrial","18":"product_cat-infrastructure","19":"product_cat-landscape","20":"product_cat-landscaping","21":"product_cat-linear","22":"product_cat-office","23":"product_cat-c-outdoor-lighting","24":"product_cat-residential","25":"product_cat-retail","26":"product_cat-round-ground-light","27":"product_cat-table-lamp","28":"product_cat-track","29":"product_cat-wall-recessed","30":"product_cat-wall-surface","31":"product_tag-015-series","32":"product_tag-aluminum-ground-light","33":"product_tag-aluminum-housing","34":"product_tag-frameless-ground-light","35":"product_tag-ground-light","36":"product_tag-round-ground-light","37":"product_tag-waterproof-fixture","39":"first","40":"instock","41":"shipping-taxable","42":"product-type-simple"},"_links":{"self":[{"href":"https:\/\/ledsteplight.com\/fi\/wp-json\/wp\/v2\/product\/38095","targetHints":{"allow":["GET"]}}],"collection":[{"href":"https:\/\/ledsteplight.com\/fi\/wp-json\/wp\/v2\/product"}],"about":[{"href":"https:\/\/ledsteplight.com\/fi\/wp-json\/wp\/v2\/types\/product"}],"replies":[{"embeddable":true,"href":"https:\/\/ledsteplight.com\/fi\/wp-json\/wp\/v2\/comments?post=38095"}],"version-history":[{"count":3,"href":"https:\/\/ledsteplight.com\/fi\/wp-json\/wp\/v2\/product\/38095\/revisions"}],"predecessor-version":[{"id":38596,"href":"https:\/\/ledsteplight.com\/fi\/wp-json\/wp\/v2\/product\/38095\/revisions\/38596"}],"wp:featuredmedia":[{"embeddable":true,"href":"https:\/\/ledsteplight.com\/fi\/wp-json\/wp\/v2\/media\/37391"}],"wp:attachment":[{"href":"https:\/\/ledsteplight.com\/fi\/wp-json\/wp\/v2\/media?parent=38095"}],"wp:term":[{"taxonomy":"product_brand","embeddable":true,"href":"https:\/\/ledsteplight.com\/fi\/wp-json\/wp\/v2\/product_brand?post=38095"},{"taxonomy":"product_cat","embeddable":true,"href":"https:\/\/ledsteplight.com\/fi\/wp-json\/wp\/v2\/product_cat?post=38095"},{"taxonomy":"product_tag","embeddable":true,"href":"https:\/\/ledsteplight.com\/fi\/wp-json\/wp\/v2\/product_tag?post=38095"}],"curies":[{"name":"wp","href":"https:\/\/api.w.org\/{rel}","templated":true}]}}