{"id":38096,"date":"2025-09-08T13:04:28","date_gmt":"2025-09-08T13:04:28","guid":{"rendered":"https:\/\/ledsteplight.com\/import-placeholder-for-37300\/"},"modified":"2026-01-19T02:13:14","modified_gmt":"2026-01-19T02:13:14","slug":"wholesale-ts50-zt-ip67-led-in-ground-light-durable-dc24v-outdoor-lighting-with-dali-0-10v","status":"publish","type":"product","link":"https:\/\/ledsteplight.com\/fi\/wholesale-ts50-zt-ip67-led-in-ground-light-durable-dc24v-outdoor-lighting-with-dali-0-10v\/","title":{"rendered":"Tukkumyynti TS50-ZT IP67 LED maanalainen valo | Kest\u00e4v\u00e4 DC24V ulkovalaistus DALI\/0-10V kanssa"},"content":{"rendered":"<table class=\"OxEWNITQ\">\n<thead>\n<tr>\n<th><strong>Tuotemalli<\/strong><\/th>\n<th>MG-TS50-ZT<\/th>\n<\/tr>\n<\/thead>\n<tbody>\n<tr>\n<td><strong>Tuotteen koko<\/strong><\/td>\n<td>\u00d850mm*K75<\/td>\n<\/tr>\n<tr>\n<td><strong>Leikkauskoko<\/strong><\/td>\n<td>\/ (Ei m\u00e4\u00e4ritelty)<\/td>\n<\/tr>\n<tr>\n<td><strong>Toiminton\u00e4pp\u00e4in<\/strong><\/td>\n<td>Dali\/0-10V\/On-Off<\/td>\n<\/tr>\n<tr>\n<td><strong>Valonl\u00e4hde<\/strong><\/td>\n<td>DSP LED<\/td>\n<\/tr>\n<tr>\n<td><strong>Watit<\/strong><\/td>\n<td>3-7W<\/td>\n<\/tr>\n<tr>\n<td><strong>Paino<\/strong><\/td>\n<td>0,6KG<\/td>\n<\/tr>\n<tr>\n<td><strong>Vaihtovirta Sis\u00e4\u00e4ntulo<\/strong><\/td>\n<td>DC24V<\/td>\n<\/tr>\n<tr>\n<td><strong>Ohjain<\/strong><\/td>\n<td>Sis\u00e4\u00e4nrakennettu<\/td>\n<\/tr>\n<tr>\n<td><strong>Heijastimen kulma<\/strong><\/td>\n<td>15\/30\/45\/60 astetta<\/td>\n<\/tr>\n<tr>\n<td><strong><strong><a href=\"https:\/\/ledsteplight.com\/fi\/dm36b-pro-honeycomb-anti-glare-led-in-ground-light-ip67-24v-dc\/\" class=\"waam-auto-link\" title=\"V\u00e4ril\u00e4mp\u00f6tila\">V\u00e4ril\u00e4mp\u00f6tila<\/a><\/strong><\/strong><\/td>\n<td>2700K\/3000K\/4000K<\/td>\n<\/tr>\n<tr>\n<td><strong>Liit\u00e4nt\u00e4 (Johdot\/Pituus\/Liittimet)<\/strong><\/td>\n<td>\/ (Ei m\u00e4\u00e4ritelty)<\/td>\n<\/tr>\n<tr>\n<td><strong>Materiaali<\/strong><\/td>\n<td>Alumiini<\/td>\n<\/tr>\n<tr>\n<td><strong>V\u00e4ri\/Pinta-ala k\u00e4sittely<\/strong><\/td>\n<td>Maalattu\/Musta\/Hopea\/Harmaa<\/td>\n<\/tr>\n<tr>\n<td><strong>IP-luokitus<\/strong><\/td>\n<td>IP67<\/td>\n<\/tr>\n<tr>\n<td><strong>Asennustapa<\/strong><\/td>\n<td>Pistoke\/Pinta-asennus\/Hihna-asennus<\/td>\n<\/tr>\n<\/tbody>\n<\/table>\n<p id=\"\">\n<p>Kun projektisi vaatii ulkotilaan suunnitellun <strong><a href=\"https:\/\/ledsteplight.com\/fi\/5w-led-in-ground-lights-ip65-waterproof-outdoor-driveway-garden-floor-lighting\/\" class=\"waam-auto-link\" title=\"maavalaisin\">maavalaisin<\/a><\/strong> joka on rakennettu kest\u00e4m\u00e4\u00e4n, TS50-ZT on ratkaisusi. T\u00e4m\u00e4 valaisin on todellinen ty\u00f6juhta, joka on suunniteltu kest\u00e4v\u00e4st\u00e4 alumiinista ja IP67-luokituksella, mik\u00e4 takaa suorituskyvyn kosteissa ja p\u00f6lyisiss\u00e4 olosuhteissa. Se on suunniteltu ammattilaisille matalaj\u00e4nnitej\u00e4rjestelmiss\u00e4 (DC24V) <strong><a href=\"https:\/\/ledsteplight.com\/fi\/ultimate-guide-to-landscape-inground-lighting-solutions\/\" class=\"waam-auto-link\" title=\"j\u00e4rjestelm\u00e4t\">j\u00e4rjestelm\u00e4t<\/a><\/strong> ja tarjoaa t\u00e4ydellisen yhteensopivuuden kehittyneiden ohjausmenetelmien kanssa, mukaan lukien DALI ja 0-10V, mik\u00e4 tekee siit\u00e4 \u00e4lykk\u00e4\u00e4n valinnan monimutkaisiin maisema- ja arkkitehtuurisuunnitteluihin. Useiden s\u00e4teenkulmien ja v\u00e4ril\u00e4mp\u00f6tilojen (2700K-4000K) ansiosta saat juuri tarvitsemasi valaistusvaikutelman.<\/p>\n<p>Suoranaisesti <b>valmistaja<\/b>, valvomme koko <b>. Hallitsemalla koko<\/b> prosessia, mink\u00e4 ansiosta voimme tarjota aitoa <b>tukkumyynti<\/b> hinnoittelua B2B-kumppaneillemme. Emme vain myy, vaan rakennamme. Jos projektisi vaatii erityisi\u00e4 muutoksia, meid\u00e4n <b>prosessin omassa<\/b> tiimimme on erikoistunut <b>hintoja B2B-kumppaneillemme. T\u00e4m\u00e4 suora tehdasmalli tarkoittaa my\u00f6s, ett\u00e4 olemme erinomaisia<\/b>, ty\u00f6skentelee kanssasi toimittaakseen tuotteen, joka t\u00e4ytt\u00e4\u00e4 tarkat vaatimuksesi. Yhteisty\u00f6ss\u00e4 kanssamme saat luotettavan, suuremman er\u00e4n korkeasuorituskykyisi\u00e4 <strong><a href=\"https:\/\/ledsteplight.com\/fi\/cree-bridgelux-chip-ip65-led-fixture-for-garden-facade-lighting\/\" class=\"waam-auto-link\" title=\"ulkovalaisinta\">ulkovalaisinta<\/a><\/strong>.<\/p>","protected":false},"excerpt":{"rendered":"<p>Tehdas suoraan tukkumyynti TS50-ZT IP67 LED maadoitusvalo. Kest\u00e4v\u00e4 DC24V, DALI\/0-10V. Valmistajana tarjoamme t\u00e4yden r\u00e4\u00e4t\u00e4l\u00f6innin. Pyyd\u00e4 B2B-hintasi<\/p>","protected":false},"featured_media":37393,"comment_status":"open","ping_status":"closed","template":"","meta":[],"product_brand":[],"product_cat":[100,426,427,428,439,429,440,430,441,431,442,443,432,433,444,112,464,445,446,106,434,435,436,437],"product_tag":[103,76,140,77,113,78,108,141],"class_list":{"0":"post-38096","1":"product","2":"type-product","3":"status-publish","4":"has-post-thumbnail","6":"product_cat-aluminum-ground-light","7":"product_cat-ceiling-recessed","8":"product_cat-ceiling-surface","9":"product_cat-ceiling-suspended","10":"product_cat-commercial","11":"product_cat-drivers","12":"product_cat-education","13":"product_cat-freestanding-light","14":"product_cat-hospitality","15":"product_cat-industrial","16":"product_cat-infrastructure","17":"product_cat-landscape","18":"product_cat-landscaping","19":"product_cat-linear","20":"product_cat-office","21":"product_cat-outdoor-ground-light","22":"product_cat-c-outdoor-lighting","23":"product_cat-residential","24":"product_cat-retail","25":"product_cat-round-ground-light","26":"product_cat-table-lamp","27":"product_cat-track","28":"product_cat-wall-recessed","29":"product_cat-wall-surface","30":"product_tag-aluminum-ground-light","31":"product_tag-aluminum-housing","32":"product_tag-flood-light","33":"product_tag-ground-light","34":"product_tag-outdoor-ground-light","35":"product_tag-outdoor-lighting","36":"product_tag-round-ground-light","37":"product_tag-tree-spot-light","39":"first","40":"instock","41":"shipping-taxable","42":"product-type-simple"},"_links":{"self":[{"href":"https:\/\/ledsteplight.com\/fi\/wp-json\/wp\/v2\/product\/38096","targetHints":{"allow":["GET"]}}],"collection":[{"href":"https:\/\/ledsteplight.com\/fi\/wp-json\/wp\/v2\/product"}],"about":[{"href":"https:\/\/ledsteplight.com\/fi\/wp-json\/wp\/v2\/types\/product"}],"replies":[{"embeddable":true,"href":"https:\/\/ledsteplight.com\/fi\/wp-json\/wp\/v2\/comments?post=38096"}],"version-history":[{"count":3,"href":"https:\/\/ledsteplight.com\/fi\/wp-json\/wp\/v2\/product\/38096\/revisions"}],"predecessor-version":[{"id":38597,"href":"https:\/\/ledsteplight.com\/fi\/wp-json\/wp\/v2\/product\/38096\/revisions\/38597"}],"wp:featuredmedia":[{"embeddable":true,"href":"https:\/\/ledsteplight.com\/fi\/wp-json\/wp\/v2\/media\/37393"}],"wp:attachment":[{"href":"https:\/\/ledsteplight.com\/fi\/wp-json\/wp\/v2\/media?parent=38096"}],"wp:term":[{"taxonomy":"product_brand","embeddable":true,"href":"https:\/\/ledsteplight.com\/fi\/wp-json\/wp\/v2\/product_brand?post=38096"},{"taxonomy":"product_cat","embeddable":true,"href":"https:\/\/ledsteplight.com\/fi\/wp-json\/wp\/v2\/product_cat?post=38096"},{"taxonomy":"product_tag","embeddable":true,"href":"https:\/\/ledsteplight.com\/fi\/wp-json\/wp\/v2\/product_tag?post=38096"}],"curies":[{"name":"wp","href":"https:\/\/api.w.org\/{rel}","templated":true}]}}