{"id":38097,"date":"2025-09-08T13:04:28","date_gmt":"2025-09-08T13:04:28","guid":{"rendered":"https:\/\/ledsteplight.com\/import-placeholder-for-37305\/"},"modified":"2026-01-19T02:13:15","modified_gmt":"2026-01-19T02:13:15","slug":"wholesale-bd035-50sd-1w-led-marker-light-ip65-polarized-beam-factory-direct","status":"publish","type":"product","link":"https:\/\/ledsteplight.com\/fi\/wholesale-bd035-50sd-1w-led-marker-light-ip65-polarized-beam-factory-direct\/","title":{"rendered":"Tukkumyynti BD035-50SD 1W LED-merkkivalo | IP65, polarisoitu s\u00e4de | Tehdas suoraan"},"content":{"rendered":"<table class=\"OxEWNITQ\" style=\"font-family: var(--global-body-font-family)\">\n<thead>\n<tr>\n<th>Parametri<\/th>\n<th>Arvo\/Kuvaus<\/th>\n<\/tr>\n<\/thead>\n<tbody>\n<tr>\n<td><strong>Malli<\/strong><\/td>\n<td>MG-BD035-50SD<\/td>\n<\/tr>\n<tr>\n<td><strong>Tuotteen koko<\/strong><\/td>\n<td>\u03c650*H35mm (Py\u00f6re\u00e4)<\/td>\n<\/tr>\n<tr>\n<td><strong>Leikkauskoko<\/strong><\/td>\n<td>\u03c646*H75mm (Esiladattu laatikko)<\/td>\n<\/tr>\n<tr>\n<td><strong>Toiminton\u00e4pp\u00e4in<\/strong><\/td>\n<td>Ei m\u00e4\u00e4ritelty<\/td>\n<\/tr>\n<tr>\n<td><strong>Valonl\u00e4hde<\/strong><\/td>\n<td>OSRAM \/ CREE \/ 3014 SMD LED<\/td>\n<\/tr>\n<tr>\n<td><strong>Watit<\/strong><\/td>\n<td>1W (350mA)<\/td>\n<\/tr>\n<tr>\n<td><strong>Paino<\/strong><\/td>\n<td>0.45kg<\/td>\n<\/tr>\n<tr>\n<td><strong>Vaihtovirta Sis\u00e4\u00e4ntulo<\/strong><\/td>\n<td>100-240V, 50~60HZ \/ DC12\/24V<\/td>\n<\/tr>\n<tr>\n<td><strong>Ohjain<\/strong><\/td>\n<td>Ei m\u00e4\u00e4ritelty<\/td>\n<\/tr>\n<tr>\n<td><strong>Heijastimen kulma<\/strong><\/td>\n<td>P-polarisoitu valo<\/td>\n<\/tr>\n<tr>\n<td><strong><strong><a href=\"https:\/\/ledsteplight.com\/fi\/dm36b-pro-honeycomb-anti-glare-led-in-ground-light-ip67-24v-dc\/\" class=\"waam-auto-link\" title=\"V\u00e4ril\u00e4mp\u00f6tila\">V\u00e4ril\u00e4mp\u00f6tila<\/a><\/strong><\/strong><\/td>\n<td>3000K, 4000K, 5700K<\/td>\n<\/tr>\n<tr>\n<td><strong>Materiaali<\/strong><\/td>\n<td>Alumiini<\/td>\n<\/tr>\n<tr>\n<td><strong>V\u00e4ri\/Viimeistely<\/strong><\/td>\n<td>Valkoinen, Musta<\/td>\n<\/tr>\n<tr>\n<td><strong>IP-luokitus<\/strong><\/td>\n<td>IP65<\/td>\n<\/tr>\n<tr>\n<td><strong>Asennus<\/strong><\/td>\n<td>Upotettu upotettu (Valinnainen esiladattu laatikko)<\/td>\n<\/tr>\n<\/tbody>\n<\/table>\n<p>BD035-50SD ei ole tavallinen <strong><a href=\"https:\/\/ledsteplight.com\/fi\/cree-bridgelux-chip-ip65-led-fixture-for-garden-facade-lighting\/\" class=\"waam-auto-link\" title=\"maavalaisin\">maavalaisin<\/a><\/strong>; se on tarkasti rakennettu 1W LED-merkkivalo, joka on suunniteltu moderneihin arkkitehtonisiin tiloihin. Sen p\u00e4\u00e4ominaisuus on P-polarisoitu valon kulma, joka on suunniteltu ohjaamaan <strong><a href=\"https:\/\/ledsteplight.com\/fi\/pir-sensor-step-light-top-advantages-for-safety\/\" class=\"waam-auto-link\" title=\"valaistuksen luomiseksi\">valaistuksen luomiseksi<\/a><\/strong> t\u00e4sm\u00e4lleen sinne, miss\u00e4 sit\u00e4 tarvitaan\u2014t\u00e4ydellinen polkujen, portaiden ja seinien korostamiseen ilman kovaa h\u00e4ik\u00e4isy\u00e4. Valmistettu huippuluokan OSRAM- tai CREE-LED-valoilla, t\u00e4m\u00e4 kompakti alumiinivalaisin tarjoaa luotettavaa, v\u00e4h\u00e4energist\u00e4 suorituskyky\u00e4. IP65-luokitus varmistaa, ett\u00e4 se on valmis upotettuun asennukseen miss\u00e4 tahansa sis\u00e4- tai ulkotilassa.<\/p>\n<p>Emme ole vain toimittaja; me olemme the <b>valmistaja<\/b>Emme ole vain toimittaja; olemme <b>. Hallitsemalla koko<\/b> valmistus <b>prosessin omassa<\/b>tehtaassamme <b>tukkumyynti<\/b> , voimme taata laadun ja tarjota kilpailukykyisi\u00e4 <b>hintoja B2B-kumppaneillemme. T\u00e4m\u00e4 suora tehdasmalli tarkoittaa my\u00f6s, ett\u00e4 olemme erinomaisia<\/b>kustomoinnissa<\/p>","protected":false},"excerpt":{"rendered":"<p data-start=\"4178\" data-end=\"4601\">Tukkumyynti BD035-50SD 1W LED-merkkivalo. IP65, polarisoitu s\u00e4de h\u00e4ik\u00e4isyn hallintaan. Suora tehtaan valmistus ja r\u00e4\u00e4t\u00e4l\u00f6inti. Pyyd\u00e4 B2B-hintasi.<\/p>","protected":false},"featured_media":37395,"comment_status":"open","ping_status":"closed","template":"","meta":[],"product_brand":[],"product_cat":[100,426,427,428,439,429,440,430,441,431,442,443,432,433,444,112,464,445,446,106,434,435,128,436,437],"product_tag":[103,76,110,109,113,78,108,129],"class_list":{"0":"post-38097","1":"product","2":"type-product","3":"status-publish","4":"has-post-thumbnail","6":"product_cat-aluminum-ground-light","7":"product_cat-ceiling-recessed","8":"product_cat-ceiling-surface","9":"product_cat-ceiling-suspended","10":"product_cat-commercial","11":"product_cat-drivers","12":"product_cat-education","13":"product_cat-freestanding-light","14":"product_cat-hospitality","15":"product_cat-industrial","16":"product_cat-infrastructure","17":"product_cat-landscape","18":"product_cat-landscaping","19":"product_cat-linear","20":"product_cat-office","21":"product_cat-outdoor-ground-light","22":"product_cat-c-outdoor-lighting","23":"product_cat-residential","24":"product_cat-retail","25":"product_cat-round-ground-light","26":"product_cat-table-lamp","27":"product_cat-track","28":"product_cat-wall-light-series","29":"product_cat-wall-recessed","30":"product_cat-wall-surface","31":"product_tag-aluminum-ground-light","32":"product_tag-aluminum-housing","33":"product_tag-landscape-light","34":"product_tag-led-fixture","35":"product_tag-outdoor-ground-light","36":"product_tag-outdoor-lighting","37":"product_tag-round-ground-light","38":"product_tag-wall-light-series","40":"first","41":"instock","42":"featured","43":"downloadable","44":"shipping-taxable","45":"product-type-simple"},"_links":{"self":[{"href":"https:\/\/ledsteplight.com\/fi\/wp-json\/wp\/v2\/product\/38097","targetHints":{"allow":["GET"]}}],"collection":[{"href":"https:\/\/ledsteplight.com\/fi\/wp-json\/wp\/v2\/product"}],"about":[{"href":"https:\/\/ledsteplight.com\/fi\/wp-json\/wp\/v2\/types\/product"}],"replies":[{"embeddable":true,"href":"https:\/\/ledsteplight.com\/fi\/wp-json\/wp\/v2\/comments?post=38097"}],"version-history":[{"count":3,"href":"https:\/\/ledsteplight.com\/fi\/wp-json\/wp\/v2\/product\/38097\/revisions"}],"predecessor-version":[{"id":38598,"href":"https:\/\/ledsteplight.com\/fi\/wp-json\/wp\/v2\/product\/38097\/revisions\/38598"}],"wp:featuredmedia":[{"embeddable":true,"href":"https:\/\/ledsteplight.com\/fi\/wp-json\/wp\/v2\/media\/37395"}],"wp:attachment":[{"href":"https:\/\/ledsteplight.com\/fi\/wp-json\/wp\/v2\/media?parent=38097"}],"wp:term":[{"taxonomy":"product_brand","embeddable":true,"href":"https:\/\/ledsteplight.com\/fi\/wp-json\/wp\/v2\/product_brand?post=38097"},{"taxonomy":"product_cat","embeddable":true,"href":"https:\/\/ledsteplight.com\/fi\/wp-json\/wp\/v2\/product_cat?post=38097"},{"taxonomy":"product_tag","embeddable":true,"href":"https:\/\/ledsteplight.com\/fi\/wp-json\/wp\/v2\/product_tag?post=38097"}],"curies":[{"name":"wp","href":"https:\/\/api.w.org\/{rel}","templated":true}]}}