{"id":38098,"date":"2025-09-08T13:04:28","date_gmt":"2025-09-08T13:04:28","guid":{"rendered":"https:\/\/ledsteplight.com\/import-placeholder-for-37316\/"},"modified":"2026-01-19T02:13:15","modified_gmt":"2026-01-19T02:13:15","slug":"ts50-zt-sq-led-step-light-custom-ground-lighting-manufacturer-wholesale-supplier","status":"publish","type":"product","link":"https:\/\/ledsteplight.com\/fi\/ts50-zt-sq-led-step-light-custom-ground-lighting-manufacturer-wholesale-supplier\/","title":{"rendered":"TS50-ZT-SQ LED-portaanvalo | R\u00e4\u00e4t\u00e4l\u00f6ity maanpinnan valaistusvalmistaja ja tukkumyyj\u00e4"},"content":{"rendered":"<table class=\"OxEWNITQ\">\n<thead>\n<tr>\n<th><strong>Tuotemalli<\/strong><\/th>\n<th><strong>TS50-ZT-SQ<\/strong><\/th>\n<\/tr>\n<\/thead>\n<tbody>\n<tr>\n<td><strong>Koko<\/strong><\/td>\n<td>L50*W50MM<\/td>\n<\/tr>\n<tr>\n<td><strong>Leikkauskoko<\/strong><\/td>\n<td>\/<\/td>\n<\/tr>\n<tr>\n<td><strong>Toiminton\u00e4pp\u00e4in<\/strong><\/td>\n<td>dali\/0-10v\/p\u00e4\u00e4ll\u00e4-pois<\/td>\n<\/tr>\n<tr>\n<td><strong>Valonl\u00e4hde<\/strong><\/td>\n<td>DSP LED<\/td>\n<\/tr>\n<tr>\n<td><strong>Watit<\/strong><\/td>\n<td>3-7W<\/td>\n<\/tr>\n<tr>\n<td><strong>Paino<\/strong><\/td>\n<td>0,6KG<\/td>\n<\/tr>\n<tr>\n<td><strong>Sy\u00f6tt\u00f6j\u00e4nnite<\/strong><\/td>\n<td>DC24V<\/td>\n<\/tr>\n<tr>\n<td><strong>Ohjain<\/strong><\/td>\n<td>Sis\u00e4\u00e4nrakennettu<\/td>\n<\/tr>\n<tr>\n<td><strong>Heijastimen kulma<\/strong><\/td>\n<td>15\/30\/45\/60<\/td>\n<\/tr>\n<tr>\n<td><strong><strong><a href=\"https:\/\/ledsteplight.com\/fi\/dm36b-pro-honeycomb-anti-glare-led-in-ground-light-ip67-24v-dc\/\" class=\"waam-auto-link\" title=\"V\u00e4ril\u00e4mp\u00f6tila\">V\u00e4ril\u00e4mp\u00f6tila<\/a><\/strong><\/strong><\/td>\n<td>Ei m\u00e4\u00e4ritelty<\/td>\n<\/tr>\n<tr>\n<td><strong>Materiaali<\/strong><\/td>\n<td>Ei m\u00e4\u00e4ritelty<\/td>\n<\/tr>\n<tr>\n<td><strong>V\u00e4ri\/Viimeistely<\/strong><\/td>\n<td>Ei m\u00e4\u00e4ritelty<\/td>\n<\/tr>\n<tr>\n<td><strong>IP-luokitus<\/strong><\/td>\n<td>Ei m\u00e4\u00e4ritelty<\/td>\n<\/tr>\n<tr>\n<td><strong>Asennus<\/strong><\/td>\n<td>Ei m\u00e4\u00e4ritelty<\/td>\n<\/tr>\n<\/tbody>\n<\/table>\n<p data-start=\"113\" data-end=\"537\">Valaise polkuasi luottavaisin mielin \u2014 <strong data-start=\"184\" data-end=\"213\">TS50-ZT-SQ LED-portaikkavalo<\/strong> toimittaa kirkasta, tehokasta <strong><a href=\"https:\/\/ledsteplight.com\/fi\/ultimate-guide-to-landscape-inground-lighting-solutions\/\" class=\"waam-auto-link\" title=\"maa-valaistus\">maa-valaistus<\/a><\/strong> kompaktissa 50\u00d750mm rungossa. Suunniteltu polkujen, puutarhojen ja arkkitehtonisten askelmien k\u00e4ytt\u00f6\u00f6n, se yhdist\u00e4\u00e4 tyylikk\u00e4\u00e4n ulkon\u00e4\u00f6n k\u00e4yt\u00e4nn\u00f6lliseen suorituskykyyn. K\u00e4ytt\u00e4en <strong data-start=\"399\" data-end=\"421\">DSP LED -tekniikalla<\/strong>, se tarjoaa puhtaan, vakaan <strong><a href=\"https:\/\/ledsteplight.com\/fi\/pir-sensor-step-light-top-advantages-for-safety\/\" class=\"waam-auto-link\" title=\"valaistuksen luomiseksi\">valaistuksen luomiseksi<\/a><\/strong> monipuolisilla <strong data-start=\"474\" data-end=\"507\">s\u00e4teensuuntauksilla (15\u00b0\/30\u00b0\/45\u00b0\/60\u00b0)<\/strong> sovittaakseen tilasuunnitteluun.<\/p>\n<p data-start=\"539\" data-end=\"755\">Virtal\u00e4hteen\u00e4 k\u00e4ytet\u00e4\u00e4n <strong data-start=\"552\" data-end=\"571\">sis\u00e4\u00e4nrakennetulla liit\u00e4nt\u00e4laitteella<\/strong> ja <strong data-start=\"576\" data-end=\"591\">DC24V-sy\u00f6tt\u00f6<\/strong>, t\u00e4m\u00e4 portaikkavalo toimii saumattomasti <strong data-start=\"631\" data-end=\"673\">DALI-, 0-10V- tai p\u00e4\u00e4lle\/pois-ohjausj\u00e4rjestelmien kanssa<\/strong>, tarjoten joustavaa valaistuksen hallintaa sek\u00e4 asuin- ett\u00e4 kaupallisiin projekteihin.<\/p>\n<p data-start=\"757\" data-end=\"1068\">Koska olemme <strong data-start=\"762\" data-end=\"785\">suora valmistaja<\/strong>, tuemme <strong data-start=\"798\" data-end=\"854\">r\u00e4\u00e4t\u00e4l\u00f6ity\u00e4 suunnittelua, erikoistilauksia ja OEM\/ODM-palveluita<\/strong>. Olipa tarpeesi mik\u00e4 tahansa viimeistely, vedenkest\u00e4vyys tai asennustapa, autamme sinua r\u00e4\u00e4t\u00e4l\u00f6im\u00e4\u00e4n valon projektisi tarpeisiin \u2014 <strong data-start=\"990\" data-end=\"1066\">Tehdas suoraan laatu, v\u00e4hitt\u00e4ismyyntihinnat ja maailmanlaajuinen toimitus sis\u00e4ltyv\u00e4t.<\/strong><\/p>","protected":false},"excerpt":{"rendered":"<p>Etsitk\u00f6 luotettavia LED-portaikkavaloja? The <strong data-start=\"1148\" data-end=\"1162\">TS50-ZT-SQ<\/strong> on kompakti, r\u00e4\u00e4t\u00e4l\u00f6it\u00e4viss\u00e4 oleva maavalaisin, joka sopii hyvin polkujen ja arkkitehtuurin valaistukseen. Tehdas suoraan LED-valaistuksen valmistaja, joka tarjoaa OEM\/ODM, er\u00e4n toimitukset ja maailmanlaajuisen toimituksen.<\/p>","protected":false},"featured_media":37397,"comment_status":"open","ping_status":"closed","template":"","meta":[],"product_brand":[],"product_cat":[100,426,427,428,439,429,440,430,441,431,442,443,432,433,444,112,464,445,446,106,434,435,436,437],"product_tag":[103,76,140,77,113,78,108,141],"class_list":{"0":"post-38098","1":"product","2":"type-product","3":"status-publish","4":"has-post-thumbnail","6":"product_cat-aluminum-ground-light","7":"product_cat-ceiling-recessed","8":"product_cat-ceiling-surface","9":"product_cat-ceiling-suspended","10":"product_cat-commercial","11":"product_cat-drivers","12":"product_cat-education","13":"product_cat-freestanding-light","14":"product_cat-hospitality","15":"product_cat-industrial","16":"product_cat-infrastructure","17":"product_cat-landscape","18":"product_cat-landscaping","19":"product_cat-linear","20":"product_cat-office","21":"product_cat-outdoor-ground-light","22":"product_cat-c-outdoor-lighting","23":"product_cat-residential","24":"product_cat-retail","25":"product_cat-round-ground-light","26":"product_cat-table-lamp","27":"product_cat-track","28":"product_cat-wall-recessed","29":"product_cat-wall-surface","30":"product_tag-aluminum-ground-light","31":"product_tag-aluminum-housing","32":"product_tag-flood-light","33":"product_tag-ground-light","34":"product_tag-outdoor-ground-light","35":"product_tag-outdoor-lighting","36":"product_tag-round-ground-light","37":"product_tag-tree-spot-light","39":"first","40":"instock","41":"shipping-taxable","42":"product-type-simple"},"_links":{"self":[{"href":"https:\/\/ledsteplight.com\/fi\/wp-json\/wp\/v2\/product\/38098","targetHints":{"allow":["GET"]}}],"collection":[{"href":"https:\/\/ledsteplight.com\/fi\/wp-json\/wp\/v2\/product"}],"about":[{"href":"https:\/\/ledsteplight.com\/fi\/wp-json\/wp\/v2\/types\/product"}],"replies":[{"embeddable":true,"href":"https:\/\/ledsteplight.com\/fi\/wp-json\/wp\/v2\/comments?post=38098"}],"version-history":[{"count":3,"href":"https:\/\/ledsteplight.com\/fi\/wp-json\/wp\/v2\/product\/38098\/revisions"}],"predecessor-version":[{"id":38599,"href":"https:\/\/ledsteplight.com\/fi\/wp-json\/wp\/v2\/product\/38098\/revisions\/38599"}],"wp:featuredmedia":[{"embeddable":true,"href":"https:\/\/ledsteplight.com\/fi\/wp-json\/wp\/v2\/media\/37397"}],"wp:attachment":[{"href":"https:\/\/ledsteplight.com\/fi\/wp-json\/wp\/v2\/media?parent=38098"}],"wp:term":[{"taxonomy":"product_brand","embeddable":true,"href":"https:\/\/ledsteplight.com\/fi\/wp-json\/wp\/v2\/product_brand?post=38098"},{"taxonomy":"product_cat","embeddable":true,"href":"https:\/\/ledsteplight.com\/fi\/wp-json\/wp\/v2\/product_cat?post=38098"},{"taxonomy":"product_tag","embeddable":true,"href":"https:\/\/ledsteplight.com\/fi\/wp-json\/wp\/v2\/product_tag?post=38098"}],"curies":[{"name":"wp","href":"https:\/\/api.w.org\/{rel}","templated":true}]}}