{"id":38099,"date":"2025-10-26T13:04:28","date_gmt":"2025-10-26T13:04:28","guid":{"rendered":"https:\/\/ledsteplight.com\/import-placeholder-for-37317\/"},"modified":"2026-01-19T02:13:10","modified_gmt":"2026-01-19T02:13:10","slug":"outdoor-landscape-led-spot-light-bd50-aluminum-ip65-garden-lighting-fixture","status":"publish","type":"product","link":"https:\/\/ledsteplight.com\/fi\/outdoor-landscape-led-spot-light-bd50-aluminum-ip65-garden-lighting-fixture\/","title":{"rendered":"Ulkoinen maisemavalaistus LED-spottivalo BD50 | Alumiini IP65 puutarhalamppu"},"content":{"rendered":"<table class=\"OxEWNITQ\">\n<thead>\n<tr>\n<th>Parametri<\/th>\n<th>Arvo\/Kuvaus<\/th>\n<\/tr>\n<\/thead>\n<tbody>\n<tr>\n<td><strong>Malli<\/strong><\/td>\n<td>MG-BD50<\/td>\n<\/tr>\n<tr>\n<td><strong>Tuotteen koko<\/strong><\/td>\n<td>D50*H135mm (Halkaisija 50mm, Korkeus 135mm)<\/td>\n<\/tr>\n<tr>\n<td><strong>Leikkauskoko<\/strong><\/td>\n<td>Ei m\u00e4\u00e4ritelty (pintakytkent\u00e4 varten)<\/td>\n<\/tr>\n<tr>\n<td><strong>Toiminton\u00e4pp\u00e4in<\/strong><\/td>\n<td>kytkinohjaus (P\u00e4\u00e4ll\u00e4\/Pois)<\/td>\n<\/tr>\n<tr>\n<td><strong>Valonl\u00e4hde<\/strong><\/td>\n<td>Bridgelux\/CREE LED<\/td>\n<\/tr>\n<tr>\n<td><strong>Watit<\/strong><\/td>\n<td>3W \/ 2\u00d73W (Kaksoismoduuli vaihtoehto)<\/td>\n<\/tr>\n<tr>\n<td><strong>Paino<\/strong><\/td>\n<td>1,2kg<\/td>\n<\/tr>\n<tr>\n<td><strong>Vaihtovirta Sis\u00e4\u00e4ntulo<\/strong><\/td>\n<td>100-240V, 50~60HZ \/ DC12\/24V<\/td>\n<\/tr>\n<tr>\n<td><strong>Ohjain<\/strong><\/td>\n<td>KGP<\/td>\n<\/tr>\n<tr>\n<td><strong>Heijastimen kulma<\/strong><\/td>\n<td>15\u00b0, 24\u00b0, 36\u00b0, 60\u00b0<\/td>\n<\/tr>\n<tr>\n<td><strong><strong><a href=\"https:\/\/ledsteplight.com\/fi\/dm36b-pro-honeycomb-anti-glare-led-in-ground-light-ip67-24v-dc\/\" class=\"waam-auto-link\" title=\"V\u00e4ril\u00e4mp\u00f6tila\">V\u00e4ril\u00e4mp\u00f6tila<\/a><\/strong><\/strong><\/td>\n<td>3000K, 4000K, 5700K<\/td>\n<\/tr>\n<tr>\n<td><strong>Materiaali<\/strong><\/td>\n<td>Alumiini<\/td>\n<\/tr>\n<tr>\n<td><strong>V\u00e4ri\/Viimeistely<\/strong><\/td>\n<td>Valkoinen, Musta<\/td>\n<\/tr>\n<tr>\n<td><strong>IP-luokitus<\/strong><\/td>\n<td>IP65<\/td>\n<\/tr>\n<tr>\n<td><strong>Asennus<\/strong><\/td>\n<td>Pintakytkent\u00e4<\/td>\n<\/tr>\n<\/tbody>\n<\/table>\n<p data-start=\"643\" data-end=\"936\"><strong data-start=\"670\" data-end=\"705\">MG-BD50 LED-puutarha <strong><a href=\"https:\/\/ledsteplight.com\/fi\/5w-led-in-ground-lights-ip65-waterproof-outdoor-driveway-garden-floor-lighting\/\" class=\"waam-auto-link\" title=\"Maavalaisin\">Maavalaisin<\/a><\/strong><\/strong> on suunniteltu moderneihin ulkotarhoihin, yhdist\u00e4en tehokkaan <strong><a href=\"https:\/\/ledsteplight.com\/fi\/pir-sensor-step-light-top-advantages-for-safety\/\" class=\"waam-auto-link\" title=\"valaistuksen luomiseksi\">valaistuksen luomiseksi<\/a><\/strong> kest\u00e4v\u00e4\u00e4n alumiiniseen runkoon. IP65-suojauksella se toimii luotettavasti kaikissa s\u00e4\u00e4olosuhteissa\u2014ihanteellinen puutarhoihin, polkujen ja <strong><a href=\"https:\/\/ledsteplight.com\/fi\/cree-bridgelux-chip-ip65-led-fixture-for-garden-facade-lighting\/\" class=\"waam-auto-link\" title=\"arkkitehtuurista valaistusta\">arkkitehtuurista valaistusta<\/a><\/strong>.<\/p>\n<p data-start=\"938\" data-end=\"956\"><strong data-start=\"938\" data-end=\"954\">Keskeiset ominaisuudet<\/strong><\/p>\n<ul data-start=\"957\" data-end=\"1763\">\n<li data-start=\"957\" data-end=\"1093\">\n<p data-start=\"959\" data-end=\"1093\"><strong data-start=\"959\" data-end=\"991\">Korkean suorituskyvyn LED-l\u00e4hde:<\/strong> Varustettu <strong data-start=\"1006\" data-end=\"1031\">Bridgelux tai CREE LED<\/strong>, tuottaen kirkasta, tehokasta ja johdonmukaista valoa.<\/p>\n<\/li>\n<li data-start=\"1094\" data-end=\"1192\">\n<p data-start=\"1096\" data-end=\"1192\"><strong data-start=\"1096\" data-end=\"1123\">Joustavat virtavaihtoehdot:<\/strong> Saatavana <strong data-start=\"1137\" data-end=\"1150\">3W yksitt\u00e4inen<\/strong> or <strong data-start=\"1154\" data-end=\"1174\">2\u00d73W kaksoismoduuli<\/strong> kokoonpanoja.<\/p>\n<\/li>\n<li data-start=\"1193\" data-end=\"1307\">\n<p data-start=\"1195\" data-end=\"1307\"><strong data-start=\"1195\" data-end=\"1219\">Tarkat s\u00e4teen kulmat:<\/strong> Valitse <strong data-start=\"1232\" data-end=\"1257\">15\u00b0, 24\u00b0, 36\u00b0 tai 60\u00b0<\/strong> heijastinkulmat r\u00e4\u00e4t\u00e4l\u00f6ityj\u00e4 valaistusvaikutuksia varten.<\/p>\n<\/li>\n<li data-start=\"1308\" data-end=\"1427\">\n<p data-start=\"1310\" data-end=\"1427\"><strong data-start=\"1310\" data-end=\"1333\">V\u00e4ril\u00e4mp\u00f6tilat:<\/strong> Saatavana <strong data-start=\"1347\" data-end=\"1369\">3000K (L\u00e4mmin valkoinen)<\/strong>, <strong data-start=\"1371\" data-end=\"1396\">4000K (Neutraali valkoinen)<\/strong>, ja <strong data-start=\"1402\" data-end=\"1424\">5700K (Viile\u00e4 Valkoinen)<\/strong>.<\/p>\n<\/li>\n<li data-start=\"1428\" data-end=\"1513\">\n<p data-start=\"1430\" data-end=\"1513\"><strong data-start=\"1430\" data-end=\"1450\">IP65-vesitiivis:<\/strong> Takaa ulkokest\u00e4vyyden p\u00f6ly\u00e4, sadetta ja kosteutta vastaan.<\/p>\n<\/li>\n<li data-start=\"1514\" data-end=\"1648\">\n<p data-start=\"1516\" data-end=\"1648\"><strong data-start=\"1516\" data-end=\"1538\">Materiaali ja viimeistely:<\/strong> Valmistettu <strong data-start=\"1549\" data-end=\"1572\">korkealaatuisesta alumiinista<\/strong>, saatavana <strong data-start=\"1587\" data-end=\"1605\">musta tai valkoinen<\/strong> P\u00f6ly- ja korroosionkest\u00e4v\u00e4 jauhemaalipinta.<\/p>\n<\/li>\n<li data-start=\"1649\" data-end=\"1763\">\n<p data-start=\"1651\" data-end=\"1763\"><strong data-start=\"1651\" data-end=\"1673\">Helppo asennus:<\/strong> Pintaan asennettava muotoilu yksinkertaistaa asennusta sek\u00e4 asuin- ett\u00e4 kaupallisissa ymp\u00e4rist\u00f6iss\u00e4.<\/p>\n<\/li>\n<\/ul>","protected":false},"excerpt":{"rendered":"<p data-start=\"1063\" data-end=\"1512\">Korkean suorituskyvyn BD50 LED-puutarhamaal\u00e4mp\u00e4ly valaisin CREE\/Bridgelux LEDill\u00e4, IP65-vesitiivis alumiininen runko, 3W\/6W teho, ihanteellinen ulkotilojen maisemavalaisuun.<\/p>","protected":false},"featured_media":37400,"comment_status":"open","ping_status":"closed","template":"","meta":[],"product_brand":[],"product_cat":[100,426,427,428,439,429,440,430,441,431,442,443,432,433,444,112,464,445,446,106,434,435,128,436,437],"product_tag":[103,76,142,77,113,78,108,129],"class_list":{"0":"post-38099","1":"product","2":"type-product","3":"status-publish","4":"has-post-thumbnail","6":"product_cat-aluminum-ground-light","7":"product_cat-ceiling-recessed","8":"product_cat-ceiling-surface","9":"product_cat-ceiling-suspended","10":"product_cat-commercial","11":"product_cat-drivers","12":"product_cat-education","13":"product_cat-freestanding-light","14":"product_cat-hospitality","15":"product_cat-industrial","16":"product_cat-infrastructure","17":"product_cat-landscape","18":"product_cat-landscaping","19":"product_cat-linear","20":"product_cat-office","21":"product_cat-outdoor-ground-light","22":"product_cat-c-outdoor-lighting","23":"product_cat-residential","24":"product_cat-retail","25":"product_cat-round-ground-light","26":"product_cat-table-lamp","27":"product_cat-track","28":"product_cat-wall-light-series","29":"product_cat-wall-recessed","30":"product_cat-wall-surface","31":"product_tag-aluminum-ground-light","32":"product_tag-aluminum-housing","33":"product_tag-die-cast-aluminum","34":"product_tag-ground-light","35":"product_tag-outdoor-ground-light","36":"product_tag-outdoor-lighting","37":"product_tag-round-ground-light","38":"product_tag-wall-light-series","40":"first","41":"instock","42":"featured","43":"shipping-taxable","44":"product-type-simple"},"_links":{"self":[{"href":"https:\/\/ledsteplight.com\/fi\/wp-json\/wp\/v2\/product\/38099","targetHints":{"allow":["GET"]}}],"collection":[{"href":"https:\/\/ledsteplight.com\/fi\/wp-json\/wp\/v2\/product"}],"about":[{"href":"https:\/\/ledsteplight.com\/fi\/wp-json\/wp\/v2\/types\/product"}],"replies":[{"embeddable":true,"href":"https:\/\/ledsteplight.com\/fi\/wp-json\/wp\/v2\/comments?post=38099"}],"version-history":[{"count":3,"href":"https:\/\/ledsteplight.com\/fi\/wp-json\/wp\/v2\/product\/38099\/revisions"}],"predecessor-version":[{"id":38587,"href":"https:\/\/ledsteplight.com\/fi\/wp-json\/wp\/v2\/product\/38099\/revisions\/38587"}],"wp:featuredmedia":[{"embeddable":true,"href":"https:\/\/ledsteplight.com\/fi\/wp-json\/wp\/v2\/media\/37400"}],"wp:attachment":[{"href":"https:\/\/ledsteplight.com\/fi\/wp-json\/wp\/v2\/media?parent=38099"}],"wp:term":[{"taxonomy":"product_brand","embeddable":true,"href":"https:\/\/ledsteplight.com\/fi\/wp-json\/wp\/v2\/product_brand?post=38099"},{"taxonomy":"product_cat","embeddable":true,"href":"https:\/\/ledsteplight.com\/fi\/wp-json\/wp\/v2\/product_cat?post=38099"},{"taxonomy":"product_tag","embeddable":true,"href":"https:\/\/ledsteplight.com\/fi\/wp-json\/wp\/v2\/product_tag?post=38099"}],"curies":[{"name":"wp","href":"https:\/\/api.w.org\/{rel}","templated":true}]}}