{"id":38130,"date":"2025-09-08T13:04:35","date_gmt":"2025-09-08T13:04:35","guid":{"rendered":"https:\/\/ledsteplight.com\/import-placeholder-for-37318\/"},"modified":"2026-01-19T02:13:11","modified_gmt":"2026-01-19T02:13:11","slug":"bd035-42-led-in-ground-light-5w-ip65-wholesale-supplier","status":"publish","type":"product","link":"https:\/\/ledsteplight.com\/fi\/bd035-42-led-in-ground-light-5w-ip65-wholesale-supplier\/","title":{"rendered":"BD035-42 LED Maanvalo 5W, IP65 | Tukkumyyj\u00e4n toimittama"},"content":{"rendered":"<table class=\"OxEWNITQ\">\n<thead>\n<tr>\n<th>Parametri<\/th>\n<th>Arvo\/Kuvaus<\/th>\n<\/tr>\n<\/thead>\n<tbody>\n<tr>\n<td><strong>Malli<\/strong><\/td>\n<td>MG-BD035-42<\/td>\n<\/tr>\n<tr>\n<td><strong>Koko<\/strong><\/td>\n<td>\u03c642*K405mm<\/td>\n<\/tr>\n<tr>\n<td><strong>Leikkauskoko<\/strong><\/td>\n<td>(\u03c640*K75mm)<\/td>\n<\/tr>\n<tr>\n<td><strong>Toiminton\u00e4pp\u00e4in<\/strong><\/td>\n<td>Ei m\u00e4\u00e4ritelty<\/td>\n<\/tr>\n<tr>\n<td><strong>Valonl\u00e4hde<\/strong><\/td>\n<td>OSRAM \/ CREE \/ 3014 SMD<\/td>\n<\/tr>\n<tr>\n<td><strong>Watit<\/strong><\/td>\n<td>1W (350mA)<\/td>\n<\/tr>\n<tr>\n<td><strong>Paino<\/strong><\/td>\n<td>0.45kg<\/td>\n<\/tr>\n<tr>\n<td><strong>Vaihtovirta Sis\u00e4\u00e4ntulo<\/strong><\/td>\n<td>100-240V, 50~60HZ \/ DC12\/24V<\/td>\n<\/tr>\n<tr>\n<td><strong>Ohjain<\/strong><\/td>\n<td>Ei m\u00e4\u00e4ritelty<\/td>\n<\/tr>\n<tr>\n<td><strong>Heijastimen kulma<\/strong><\/td>\n<td>Ei m\u00e4\u00e4ritelty<\/td>\n<\/tr>\n<tr>\n<td><strong><strong><a href=\"https:\/\/ledsteplight.com\/fi\/dm36b-pro-honeycomb-anti-glare-led-in-ground-light-ip67-24v-dc\/\" class=\"waam-auto-link\" title=\"V\u00e4ril\u00e4mp\u00f6tila\">V\u00e4ril\u00e4mp\u00f6tila<\/a><\/strong><\/strong><\/td>\n<td>3000K, 4000K, 5700K<\/td>\n<\/tr>\n<tr>\n<td><strong>Liit\u00e4nt\u00e4 (Johto\/Pituus\/Liitin)<\/strong><\/td>\n<td>Ei m\u00e4\u00e4ritelty<\/td>\n<\/tr>\n<tr>\n<td><strong>Materiaali<\/strong><\/td>\n<td>Alumiini<\/td>\n<\/tr>\n<tr>\n<td><strong>V\u00e4ri\/Pinta-ala k\u00e4sittely<\/strong><\/td>\n<td>Valkoinen, Musta<\/td>\n<\/tr>\n<tr>\n<td><strong>IP-luokitus<\/strong><\/td>\n<td><strong><a href=\"https:\/\/ledsteplight.com\/fi\/cree-bridgelux-chip-ip65-led-fixture-for-garden-facade-lighting\/\" class=\"waam-auto-link\" title=\"IP65\">IP65<\/a><\/strong><\/td>\n<\/tr>\n<tr>\n<td><strong>Asennus<\/strong><\/td>\n<td>Upotettu upotettu (Valinnainen esiladattu laatikko)<\/td>\n<\/tr>\n<\/tbody>\n<\/table>\n<p data-start=\"1089\" data-end=\"1452\"><strong data-start=\"1093\" data-end=\"1105\">BD035-42<\/strong> on kest\u00e4v\u00e4 pieni ty\u00f6juhta \u2013 5W upotettava LED-valaisin, joka on suunniteltu pysym\u00e4\u00e4n luotettavana kosteissa ulko-olosuhteissa sen ansiosta, <strong data-start=\"1222\" data-end=\"1241\">IP65 vedenpit\u00e4v\u00e4<\/strong> arviointi. Se tarjoaa puhtaan, johdonmukaisen <strong><a href=\"https:\/\/ledsteplight.com\/fi\/pir-sensor-step-light-top-advantages-for-safety\/\" class=\"waam-auto-link\" title=\"valaistuksen luomiseksi\">valaistuksen luomiseksi<\/a><\/strong> polkujen, maisemakoristeiden ja matalan profiilin yl\u00e4valaisimen kanssa samalla s\u00e4ilytt\u00e4en pienen jalanj\u00e4ljen, joka piiloutuu hiljaa maahan ja antaa kohtauksen puhua puolestaan.<\/p>\n<p data-start=\"1454\" data-end=\"1758\">Valmistettu urakoitsijoille ja ostajille, jotka v\u00e4litt\u00e4v\u00e4t ennustettavasta tarjonnasta, t\u00e4m\u00e4 yksikk\u00f6 toimitetaan tehtaalta valmiina ja on OEM-yst\u00e4v\u00e4llinen \u2013 n\u00e4ytteit\u00e4, mukautettuja viimeistelyj\u00e4 ja irtotavarahinnoittelua on saatavilla. Kerro meille projektisi koko ja tekniset tarpeet, niin kokoamme tehdastarjouksen, toimitusajan ja tarvitsemasi testausdokumentaation.<\/p>","protected":false},"excerpt":{"rendered":"<p>Osta BD035-42 IP65 5W LED maadoitusvalo tehtaasta. N\u00e4ytteit\u00e4, r\u00e4\u00e4t\u00e4l\u00f6ity br\u00e4nd\u00e4ys ja projektihinnat saatavilla. Ota yhteytt\u00e4 myyntiin nopeita er\u00e4kertoja varten.<\/p>","protected":false},"featured_media":37403,"comment_status":"open","ping_status":"closed","template":"","meta":[],"product_brand":[],"product_cat":[69,100,426,427,428,439,429,440,430,441,431,442,443,432,433,444,112,464,445,446,106,434,435,128,436,437],"product_tag":[74,103,76,77,113,78,108,129],"class_list":{"0":"post-38130","1":"product","2":"type-product","3":"status-publish","4":"has-post-thumbnail","6":"product_cat-5w","7":"product_cat-aluminum-ground-light","8":"product_cat-ceiling-recessed","9":"product_cat-ceiling-surface","10":"product_cat-ceiling-suspended","11":"product_cat-commercial","12":"product_cat-drivers","13":"product_cat-education","14":"product_cat-freestanding-light","15":"product_cat-hospitality","16":"product_cat-industrial","17":"product_cat-infrastructure","18":"product_cat-landscape","19":"product_cat-landscaping","20":"product_cat-linear","21":"product_cat-office","22":"product_cat-outdoor-ground-light","23":"product_cat-c-outdoor-lighting","24":"product_cat-residential","25":"product_cat-retail","26":"product_cat-round-ground-light","27":"product_cat-table-lamp","28":"product_cat-track","29":"product_cat-wall-light-series","30":"product_cat-wall-recessed","31":"product_cat-wall-surface","32":"product_tag-5w-led","33":"product_tag-aluminum-ground-light","34":"product_tag-aluminum-housing","35":"product_tag-ground-light","36":"product_tag-outdoor-ground-light","37":"product_tag-outdoor-lighting","38":"product_tag-round-ground-light","39":"product_tag-wall-light-series","41":"first","42":"instock","43":"featured","44":"downloadable","45":"shipping-taxable","46":"product-type-simple"},"_links":{"self":[{"href":"https:\/\/ledsteplight.com\/fi\/wp-json\/wp\/v2\/product\/38130","targetHints":{"allow":["GET"]}}],"collection":[{"href":"https:\/\/ledsteplight.com\/fi\/wp-json\/wp\/v2\/product"}],"about":[{"href":"https:\/\/ledsteplight.com\/fi\/wp-json\/wp\/v2\/types\/product"}],"replies":[{"embeddable":true,"href":"https:\/\/ledsteplight.com\/fi\/wp-json\/wp\/v2\/comments?post=38130"}],"version-history":[{"count":3,"href":"https:\/\/ledsteplight.com\/fi\/wp-json\/wp\/v2\/product\/38130\/revisions"}],"predecessor-version":[{"id":38589,"href":"https:\/\/ledsteplight.com\/fi\/wp-json\/wp\/v2\/product\/38130\/revisions\/38589"}],"wp:featuredmedia":[{"embeddable":true,"href":"https:\/\/ledsteplight.com\/fi\/wp-json\/wp\/v2\/media\/37403"}],"wp:attachment":[{"href":"https:\/\/ledsteplight.com\/fi\/wp-json\/wp\/v2\/media?parent=38130"}],"wp:term":[{"taxonomy":"product_brand","embeddable":true,"href":"https:\/\/ledsteplight.com\/fi\/wp-json\/wp\/v2\/product_brand?post=38130"},{"taxonomy":"product_cat","embeddable":true,"href":"https:\/\/ledsteplight.com\/fi\/wp-json\/wp\/v2\/product_cat?post=38130"},{"taxonomy":"product_tag","embeddable":true,"href":"https:\/\/ledsteplight.com\/fi\/wp-json\/wp\/v2\/product_tag?post=38130"}],"curies":[{"name":"wp","href":"https:\/\/api.w.org\/{rel}","templated":true}]}}