{"id":38132,"date":"2025-09-08T13:04:35","date_gmt":"2025-09-08T13:04:35","guid":{"rendered":"https:\/\/ledsteplight.com\/import-placeholder-for-37335\/"},"modified":"2026-01-19T02:13:12","modified_gmt":"2026-01-19T02:13:12","slug":"mg-sn015-s-led-ground-light-supplier-ip65-rated-3w-recessed-pathway-lighting","status":"publish","type":"product","link":"https:\/\/ledsteplight.com\/fi\/mg-sn015-s-led-ground-light-supplier-ip65-rated-3w-recessed-pathway-lighting\/","title":{"rendered":"MG-SN015-S LED-maahanvalo Toimittaja \u2013 IP65-luokiteltu, 3W upotettava polkuvalaistus"},"content":{"rendered":"<table class=\"OxEWNITQ\">\n<thead>\n<tr>\n<th>Parametri<\/th>\n<th>Arvo\/Kuvaus<\/th>\n<\/tr>\n<\/thead>\n<tbody>\n<tr>\n<td><strong>Malli<\/strong><\/td>\n<td>MG-SN015-S<\/td>\n<\/tr>\n<tr>\n<td><strong>Tuotteen koko<\/strong><\/td>\n<td>\u00d870mm*H42mm (Py\u00f6re\u00e4)<\/td>\n<\/tr>\n<tr>\n<td><strong>Leikkauskoko<\/strong><\/td>\n<td>\u00d865mm*H65mm (Py\u00f6re\u00e4)<\/td>\n<\/tr>\n<tr>\n<td><strong>Toiminton\u00e4pp\u00e4in<\/strong><\/td>\n<td>Ei m\u00e4\u00e4ritelty<\/td>\n<\/tr>\n<tr>\n<td><strong>Valonl\u00e4hde<\/strong><\/td>\n<td><strong><a href=\"https:\/\/ledsteplight.com\/fi\/cree-bridgelux-chip-ip65-led-fixture-for-garden-facade-lighting\/\" class=\"waam-auto-link\" title=\"Bridgelux LED\">Bridgelux LED<\/a><\/strong><\/td>\n<\/tr>\n<tr>\n<td><strong>Watit<\/strong><\/td>\n<td>3W (700mA)<\/td>\n<\/tr>\n<tr>\n<td><strong>Paino<\/strong><\/td>\n<td>0.45kg<\/td>\n<\/tr>\n<tr>\n<td><strong>Vaihtovirta Sis\u00e4\u00e4ntulo<\/strong><\/td>\n<td>100-240V, 50~60Hz \/ DC24V<\/td>\n<\/tr>\n<tr>\n<td><strong>Ohjain<\/strong><\/td>\n<td>Ei m\u00e4\u00e4ritelty<\/td>\n<\/tr>\n<tr>\n<td><strong>Heijastimen kulma<\/strong><\/td>\n<td>Ei m\u00e4\u00e4ritelty<\/td>\n<\/tr>\n<tr>\n<td><strong><strong><a href=\"https:\/\/ledsteplight.com\/fi\/dm36b-pro-honeycomb-anti-glare-led-in-ground-light-ip67-24v-dc\/\" class=\"waam-auto-link\" title=\"V\u00e4ril\u00e4mp\u00f6tila\">V\u00e4ril\u00e4mp\u00f6tila<\/a><\/strong><\/strong><\/td>\n<td>3000K, 4000K, 5700K<\/td>\n<\/tr>\n<tr>\n<td><strong>Materiaali<\/strong><\/td>\n<td>Alumiini<\/td>\n<\/tr>\n<tr>\n<td><strong>V\u00e4ri\/Viimeistely<\/strong><\/td>\n<td>Valkoinen, Musta, Hopea<\/td>\n<\/tr>\n<tr>\n<td><strong>IP-luokitus<\/strong><\/td>\n<td>IP54\/IP65<\/td>\n<\/tr>\n<tr>\n<td><strong>Asennus<\/strong><\/td>\n<td>Upotettu upotettu (Valinnainen esiladattu laatikko)<\/td>\n<\/tr>\n<\/tbody>\n<\/table>\n<p data-start=\"574\" data-end=\"890\"><strong data-start=\"578\" data-end=\"622\">SN015-S 3W LED <strong><a href=\"https:\/\/ledsteplight.com\/fi\/5w-led-in-ground-lights-ip65-waterproof-outdoor-driveway-garden-floor-lighting\/\" class=\"waam-auto-link\" title=\"Maavalaisin\">Maavalaisin<\/a><\/strong> (MG-SN015-S)<\/strong> on suunniteltu kest\u00e4m\u00e4\u00e4n ja tarjoamaan suorituskyky\u00e4 ulkoisissa projekteissa. Suunniteltu <strong data-start=\"700\" data-end=\"726\">\u00d870mm alumiinikuorella<\/strong> ja saatavilla valkoisena, mustana tai hopeisena viimeistelyn\u00e4, t\u00e4m\u00e4 upotettu valaisin tarjoaa tyylikk\u00e4\u00e4n ulkon\u00e4\u00f6n samalla kun se tarjoaa vahvan suojan <strong data-start=\"861\" data-end=\"887\">IP65-vesipilarisuojaus<\/strong>.<\/p>\n<p data-start=\"892\" data-end=\"1307\">Virtal\u00e4hteen\u00e4 k\u00e4ytet\u00e4\u00e4n <strong data-start=\"905\" data-end=\"925\">3W Bridgelux LED<\/strong>, SN015-S tarjoaa luotettavaa kirkkautta <strong data-start=\"971\" data-end=\"1024\">useissa v\u00e4ril\u00e4mp\u00f6tiloissa (3000K, 4000K, 5700K)<\/strong>, mik\u00e4 tekee siit\u00e4 monipuolisen valinnan sek\u00e4 asuin- ett\u00e4 liikerakennusten valaistusratkaisuihin. Tehdas suoraan toimituksena ja erikoistilauksilla, se on erinomainen ratkaisu jakelijoille, urakoitsijoille ja tukkukauppiaille, jotka etsiv\u00e4t korkealaatuisia <strong><a href=\"https:\/\/ledsteplight.com\/fi\/mistakes-to-avoid-when-installing-in-ground-driveway-lights\/\" class=\"waam-auto-link\" title=\"upotettuja maavalaisimia\">upotettuja maavalaisimia<\/a><\/strong> kilpailukykyisin hinnoin.<\/p>","protected":false},"excerpt":{"rendered":"<p id=\"\"><strong data-start=\"1351\" data-end=\"1392\">SN015-S 3W LED-maanalainen valo tukkumyynti<\/strong> \u2013 Tehdas suoraan toimituksella <strong data-start=\"1422\" data-end=\"1483\">Bridgelux LED, IP65-vesipilarisuojaus, 3000K\/4000K\/5700K vaihtoehdot<\/strong>, ihanteellinen <strong data-start=\"1495\" data-end=\"1520\">erikoistilauksille ulkoisissa projekteissa<\/strong>.<\/p>","protected":false},"featured_media":37410,"comment_status":"open","ping_status":"closed","template":"","meta":[],"product_brand":[],"product_cat":[105,100,426,427,428,439,429,440,430,73,441,431,442,443,432,433,444,112,464,445,446,106,434,435,436,437],"product_tag":[107,82,103,76,77,113,78,108],"class_list":{"0":"post-38132","1":"product","2":"type-product","3":"status-publish","4":"has-post-thumbnail","6":"product_cat-015-series","7":"product_cat-aluminum-ground-light","8":"product_cat-ceiling-recessed","9":"product_cat-ceiling-surface","10":"product_cat-ceiling-suspended","11":"product_cat-commercial","12":"product_cat-drivers","13":"product_cat-education","14":"product_cat-freestanding-light","15":"product_cat-ground-light","16":"product_cat-hospitality","17":"product_cat-industrial","18":"product_cat-infrastructure","19":"product_cat-landscape","20":"product_cat-landscaping","21":"product_cat-linear","22":"product_cat-office","23":"product_cat-outdoor-ground-light","24":"product_cat-c-outdoor-lighting","25":"product_cat-residential","26":"product_cat-retail","27":"product_cat-round-ground-light","28":"product_cat-table-lamp","29":"product_cat-track","30":"product_cat-wall-recessed","31":"product_cat-wall-surface","32":"product_tag-015-series","33":"product_tag-3w-led","34":"product_tag-aluminum-ground-light","35":"product_tag-aluminum-housing","36":"product_tag-ground-light","37":"product_tag-outdoor-ground-light","38":"product_tag-outdoor-lighting","39":"product_tag-round-ground-light","41":"first","42":"instock","43":"featured","44":"downloadable","45":"shipping-taxable","46":"product-type-simple"},"_links":{"self":[{"href":"https:\/\/ledsteplight.com\/fi\/wp-json\/wp\/v2\/product\/38132","targetHints":{"allow":["GET"]}}],"collection":[{"href":"https:\/\/ledsteplight.com\/fi\/wp-json\/wp\/v2\/product"}],"about":[{"href":"https:\/\/ledsteplight.com\/fi\/wp-json\/wp\/v2\/types\/product"}],"replies":[{"embeddable":true,"href":"https:\/\/ledsteplight.com\/fi\/wp-json\/wp\/v2\/comments?post=38132"}],"version-history":[{"count":3,"href":"https:\/\/ledsteplight.com\/fi\/wp-json\/wp\/v2\/product\/38132\/revisions"}],"predecessor-version":[{"id":38591,"href":"https:\/\/ledsteplight.com\/fi\/wp-json\/wp\/v2\/product\/38132\/revisions\/38591"}],"wp:featuredmedia":[{"embeddable":true,"href":"https:\/\/ledsteplight.com\/fi\/wp-json\/wp\/v2\/media\/37410"}],"wp:attachment":[{"href":"https:\/\/ledsteplight.com\/fi\/wp-json\/wp\/v2\/media?parent=38132"}],"wp:term":[{"taxonomy":"product_brand","embeddable":true,"href":"https:\/\/ledsteplight.com\/fi\/wp-json\/wp\/v2\/product_brand?post=38132"},{"taxonomy":"product_cat","embeddable":true,"href":"https:\/\/ledsteplight.com\/fi\/wp-json\/wp\/v2\/product_cat?post=38132"},{"taxonomy":"product_tag","embeddable":true,"href":"https:\/\/ledsteplight.com\/fi\/wp-json\/wp\/v2\/product_tag?post=38132"}],"curies":[{"name":"wp","href":"https:\/\/api.w.org\/{rel}","templated":true}]}}