{"id":7,"date":"2025-09-03T03:02:34","date_gmt":"2025-09-03T03:02:34","guid":{"rendered":"https:\/\/ledsteplight.com\/index.php\/cart\/"},"modified":"2025-09-08T13:01:46","modified_gmt":"2025-09-08T13:01:46","slug":"cart","status":"publish","type":"page","link":"https:\/\/ledsteplight.com\/fr\/cart\/","title":{"rendered":"Panier"},"content":{"rendered":"<div data-block-name=\"woocommerce\/cart\" class=\"wp-block-woocommerce-cart alignwide is-loading\">\n<div data-block-name=\"woocommerce\/filled-cart-block\" class=\"wp-block-woocommerce-filled-cart-block\">\n<div data-block-name=\"woocommerce\/cart-items-block\" class=\"wp-block-woocommerce-cart-items-block\">\n<div data-block-name=\"woocommerce\/cart-line-items-block\" class=\"wp-block-woocommerce-cart-line-items-block\"><\/div>\n\n\n\n<div data-block-name=\"woocommerce\/cart-cross-sells-block\" class=\"wp-block-woocommerce-cart-cross-sells-block\">\n<h2 class=\"wp-block-heading has-large-font-size\">Vous pourriez \u00eatre int\u00e9ress\u00e9 par\u2026<\/h2>\n\n\n\n<div data-block-name=\"woocommerce\/cart-cross-sells-products-block\" class=\"wp-block-woocommerce-cart-cross-sells-products-block\"><\/div>\n<\/div>\n<\/div>\n\n\n\n<div data-block-name=\"woocommerce\/cart-totals-block\" class=\"wp-block-woocommerce-cart-totals-block\">\n<div data-block-name=\"woocommerce\/cart-order-summary-block\" class=\"wp-block-woocommerce-cart-order-summary-block\">\n<div data-block-name=\"woocommerce\/cart-order-summary-heading-block\" class=\"wp-block-woocommerce-cart-order-summary-heading-block\"><\/div><div data-block-name=\"woocommerce\/cart-order-summary-coupon-form-block\" class=\"wp-block-woocommerce-cart-order-summary-coupon-form-block\"><\/div><div data-block-name=\"woocommerce\/cart-order-summary-totals-block\" class=\"wp-block-woocommerce-cart-order-summary-totals-block\">\n<div data-block-name=\"woocommerce\/cart-order-summary-subtotal-block\" class=\"wp-block-woocommerce-cart-order-summary-subtotal-block\"><\/div>\n<div data-block-name=\"woocommerce\/cart-order-summary-discount-block\" class=\"wp-block-woocommerce-cart-order-summary-discount-block\"><\/div>\n<div data-block-name=\"woocommerce\/cart-order-summary-fee-block\" class=\"wp-block-woocommerce-cart-order-summary-fee-block\"><\/div>\n<div data-block-name=\"woocommerce\/cart-order-summary-shipping-block\" class=\"wp-block-woocommerce-cart-order-summary-shipping-block\"><\/div>\n<div data-block-name=\"woocommerce\/cart-order-summary-taxes-block\" class=\"wp-block-woocommerce-cart-order-summary-taxes-block\"><\/div><\/div>\n<\/div>\n\n\n\n<div data-block-name=\"woocommerce\/cart-express-payment-block\" class=\"wp-block-woocommerce-cart-express-payment-block\"><\/div>\n\n\n\n<div data-block-name=\"woocommerce\/proceed-to-checkout-block\" class=\"wp-block-woocommerce-proceed-to-checkout-block\"><\/div>\n\n\n\n<div data-block-name=\"woocommerce\/cart-accepted-payment-methods-block\" class=\"wp-block-woocommerce-cart-accepted-payment-methods-block\"><\/div>\n<\/div>\n<\/div>\n\n\n\n<div data-block-name=\"woocommerce\/empty-cart-block\" class=\"wp-block-woocommerce-empty-cart-block\">\n<h2 class=\"wp-block-heading has-text-align-center with-empty-cart-icon wc-block-cart__empty-cart__title\">Votre panier est actuellement vide !<\/h2>\n\n\n\n<hr class=\"wp-block-separator has-alpha-channel-opacity is-style-dots\"\/>\n\n\n\n<h2 class=\"wp-block-heading has-text-align-center\">Nouveaut\u00e9s en magasin<\/h2>\n\n\n<div data-block-name=\"woocommerce\/product-new\" data-columns=\"4\" data-rows=\"1\" class=\"wc-block-grid wp-block-product-new wp-block-woocommerce-product-new wc-block-product-new has-4-columns\"><ul class=\"wc-block-grid__products\"><li class=\"wc-block-grid__product\">\n\t\t\t\t<a href=\"https:\/\/ledsteplight.com\/fr\/outdoor-landscape-led-spot-light-bd50-aluminum-ip65-garden-lighting-fixture\/\" class=\"wc-block-grid__product-link\">\n\t\t\t\t\t\n\t\t\t\t\t<div class=\"wc-block-grid__product-image\"><img decoding=\"async\" width=\"430\" height=\"430\" src=\"https:\/\/ledsteplight.com\/wp-content\/uploads\/2025\/09\/BD-50-430x430.png\" class=\"attachment-woocommerce_thumbnail size-woocommerce_thumbnail\" alt=\"Projecteur LED d&#039;ext\u00e9rieur pour paysage BD50 | Luminaire de jardin en aluminium IP65\" srcset=\"https:\/\/ledsteplight.com\/wp-content\/uploads\/2025\/09\/BD-50-430x430.png 430w, https:\/\/ledsteplight.com\/wp-content\/uploads\/2025\/09\/BD-50-300x300.png 300w, https:\/\/ledsteplight.com\/wp-content\/uploads\/2025\/09\/BD-50-150x150.png 150w, https:\/\/ledsteplight.com\/wp-content\/uploads\/2025\/09\/BD-50-768x768.png 768w, https:\/\/ledsteplight.com\/wp-content\/uploads\/2025\/09\/BD-50-700x700.png 700w, https:\/\/ledsteplight.com\/wp-content\/uploads\/2025\/09\/BD-50-80x80.png 80w, https:\/\/ledsteplight.com\/wp-content\/uploads\/2025\/09\/BD-50-400x400.png 400w, https:\/\/ledsteplight.com\/wp-content\/uploads\/2025\/09\/BD-50.png 800w\" sizes=\"(max-width: 430px) 100vw, 430px\" \/><\/div>\n\t\t\t\t\t<div class=\"wc-block-grid__product-title\">Projecteur LED d'ext\u00e9rieur pour paysage BD50 | Luminaire de jardin en aluminium IP65<\/div>\n\t\t\t\t<\/a>\n\t\t\t\t<div class=\"wc-block-grid__product-price price\"><\/div>\n\t\t\t\t\n\t\t\t\t<div class=\"wp-block-button wc-block-grid__product-add-to-cart\"><a href=\"https:\/\/ledsteplight.com\/fr\/outdoor-landscape-led-spot-light-bd50-aluminum-ip65-garden-lighting-fixture\/\" aria-label=\"En savoir plus sur \u201cProjecteur LED d&#039;ext\u00e9rieur pour paysage BD50 | Luminaire de jardin en aluminium IP65\u201d\" data-quantity=\"1\" data-product_id=\"38099\" data-product_sku=\"MG-BD50\" data-price=\"0\" rel=\"nofollow\" class=\"wp-block-button__link  add_to_cart_button\">Lire la suite<\/a><\/div>\n\t\t\t<\/li><li class=\"wc-block-grid__product\">\n\t\t\t\t<a href=\"https:\/\/ledsteplight.com\/fr\/wb30015-led-landscape-fixture-outdoor-lighting\/\" class=\"wc-block-grid__product-link\">\n\t\t\t\t\t\n\t\t\t\t\t<div class=\"wc-block-grid__product-image\"><img decoding=\"async\" width=\"430\" height=\"430\" src=\"https:\/\/ledsteplight.com\/wp-content\/uploads\/2025\/09\/WB30015-430x430.png\" class=\"attachment-woocommerce_thumbnail size-woocommerce_thumbnail\" alt=\"Lampe LED ext\u00e9rieure commerciale WB30015 \u2014 IP65, \u00c9conomies d&#039;\u00e9nergie 5W\" srcset=\"https:\/\/ledsteplight.com\/wp-content\/uploads\/2025\/09\/WB30015-430x430.png 430w, https:\/\/ledsteplight.com\/wp-content\/uploads\/2025\/09\/WB30015-300x300.png 300w, https:\/\/ledsteplight.com\/wp-content\/uploads\/2025\/09\/WB30015-150x150.png 150w, https:\/\/ledsteplight.com\/wp-content\/uploads\/2025\/09\/WB30015-768x768.png 768w, https:\/\/ledsteplight.com\/wp-content\/uploads\/2025\/09\/WB30015-700x700.png 700w, https:\/\/ledsteplight.com\/wp-content\/uploads\/2025\/09\/WB30015-80x80.png 80w, https:\/\/ledsteplight.com\/wp-content\/uploads\/2025\/09\/WB30015-400x400.png 400w, https:\/\/ledsteplight.com\/wp-content\/uploads\/2025\/09\/WB30015-500x500.png 500w, https:\/\/ledsteplight.com\/wp-content\/uploads\/2025\/09\/WB30015.png 800w\" sizes=\"(max-width: 430px) 100vw, 430px\" \/><\/div>\n\t\t\t\t\t<div class=\"wc-block-grid__product-title\">Lampe LED ext\u00e9rieure commerciale WB30015 \u2014 IP65, \u00c9conomies d'\u00e9nergie 5W<\/div>\n\t\t\t\t<\/a>\n\t\t\t\t<div class=\"wc-block-grid__product-price price\"><\/div>\n\t\t\t\t\n\t\t\t\t<div class=\"wp-block-button wc-block-grid__product-add-to-cart\"><a href=\"https:\/\/ledsteplight.com\/fr\/wb30015-led-landscape-fixture-outdoor-lighting\/\" aria-label=\"En savoir plus sur \u201cWB30015 Lampe ext\u00e9rieure LED commerciale \u2014 IP65, \u00c9conomiseur d\u2019\u00e9nergie 5W\u201d\" data-quantity=\"1\" data-product_id=\"38077\" data-product_sku=\"MG-WB30015\" data-price=\"0\" rel=\"nofollow\" class=\"wp-block-button__link  add_to_cart_button\">Lire la suite<\/a><\/div>\n\t\t\t<\/li><li class=\"wc-block-grid__product\">\n\t\t\t\t<a href=\"https:\/\/ledsteplight.com\/fr\/mg-sn015-s-led-ground-light-supplier-ip65-rated-3w-recessed-pathway-lighting\/\" class=\"wc-block-grid__product-link\">\n\t\t\t\t\t\n\t\t\t\t\t<div class=\"wc-block-grid__product-image\"><img decoding=\"async\" width=\"430\" height=\"430\" src=\"https:\/\/ledsteplight.com\/wp-content\/uploads\/2025\/09\/015-S-430x430.png\" class=\"attachment-woocommerce_thumbnail size-woocommerce_thumbnail\" alt=\"Fournisseur de lumi\u00e8res au sol LED MG-SN015-S \u2013 Class\u00e9 IP65, \u00e9clairage encastr\u00e9 de 3W pour all\u00e9es\" srcset=\"https:\/\/ledsteplight.com\/wp-content\/uploads\/2025\/09\/015-S-430x430.png 430w, https:\/\/ledsteplight.com\/wp-content\/uploads\/2025\/09\/015-S-300x300.png 300w, https:\/\/ledsteplight.com\/wp-content\/uploads\/2025\/09\/015-S-150x150.png 150w, https:\/\/ledsteplight.com\/wp-content\/uploads\/2025\/09\/015-S-768x768.png 768w, https:\/\/ledsteplight.com\/wp-content\/uploads\/2025\/09\/015-S-700x700.png 700w, https:\/\/ledsteplight.com\/wp-content\/uploads\/2025\/09\/015-S-400x400.png 400w, https:\/\/ledsteplight.com\/wp-content\/uploads\/2025\/09\/015-S-80x80.png 80w, https:\/\/ledsteplight.com\/wp-content\/uploads\/2025\/09\/015-S.png 800w\" sizes=\"(max-width: 430px) 100vw, 430px\" \/><\/div>\n\t\t\t\t\t<div class=\"wc-block-grid__product-title\">Fournisseur de lumi\u00e8res au sol LED MG-SN015-S \u2013 Class\u00e9 IP65, \u00e9clairage encastr\u00e9 de 3W pour all\u00e9es<\/div>\n\t\t\t\t<\/a>\n\t\t\t\t<div class=\"wc-block-grid__product-price price\"><\/div>\n\t\t\t\t\n\t\t\t\t<div class=\"wp-block-button wc-block-grid__product-add-to-cart\"><a href=\"https:\/\/ledsteplight.com\/fr\/mg-sn015-s-led-ground-light-supplier-ip65-rated-3w-recessed-pathway-lighting\/\" aria-label=\"En savoir plus sur \u00ab MG-SN015-S Fournisseur de lampes de sol LED \u2013 Class\u00e9 IP65, \u00e9clairage de chemin encastr\u00e9 3W \u00bb\" data-quantity=\"1\" data-product_id=\"38132\" data-product_sku=\"MGS01560T-1\" data-price=\"0\" rel=\"nofollow\" class=\"wp-block-button__link  add_to_cart_button\">Lire la suite<\/a><\/div>\n\t\t\t<\/li><li class=\"wc-block-grid__product\">\n\t\t\t\t<a href=\"https:\/\/ledsteplight.com\/fr\/tk63-3w-led-ground-light-factory-wholesale-accent-lighting\/\" class=\"wc-block-grid__product-link\">\n\t\t\t\t\t\n\t\t\t\t\t<div class=\"wc-block-grid__product-image\"><img decoding=\"async\" width=\"430\" height=\"430\" src=\"https:\/\/ledsteplight.com\/wp-content\/uploads\/2025\/09\/tk63-2-430x430.png\" class=\"attachment-woocommerce_thumbnail size-woocommerce_thumbnail\" alt=\"Lumi\u00e8re de sol LED TK63 3W | \u00c9clairage d&#039;accentuation en usine et en gros\" srcset=\"https:\/\/ledsteplight.com\/wp-content\/uploads\/2025\/09\/tk63-2-430x430.png 430w, https:\/\/ledsteplight.com\/wp-content\/uploads\/2025\/09\/tk63-2-300x300.png 300w, https:\/\/ledsteplight.com\/wp-content\/uploads\/2025\/09\/tk63-2-150x150.png 150w, https:\/\/ledsteplight.com\/wp-content\/uploads\/2025\/09\/tk63-2-768x768.png 768w, https:\/\/ledsteplight.com\/wp-content\/uploads\/2025\/09\/tk63-2-700x700.png 700w, https:\/\/ledsteplight.com\/wp-content\/uploads\/2025\/09\/tk63-2-400x400.png 400w, https:\/\/ledsteplight.com\/wp-content\/uploads\/2025\/09\/tk63-2-80x80.png 80w, https:\/\/ledsteplight.com\/wp-content\/uploads\/2025\/09\/tk63-2.png 800w\" sizes=\"(max-width: 430px) 100vw, 430px\" \/><\/div>\n\t\t\t\t\t<div class=\"wc-block-grid__product-title\">TK63 3W LED Lumi\u00e8re de sol | \u00c9clairage d'accentuation en usine et en gros<\/div>\n\t\t\t\t<\/a>\n\t\t\t\t<div class=\"wc-block-grid__product-price price\"><\/div>\n\t\t\t\t\n\t\t\t\t<div class=\"wp-block-button wc-block-grid__product-add-to-cart\"><a href=\"https:\/\/ledsteplight.com\/fr\/tk63-3w-led-ground-light-factory-wholesale-accent-lighting\/\" aria-label=\"En savoir plus sur \u00ab TK63 Lumi\u00e8re de Sol LED 3W | \u00c9clairage d&#039;Accent en Usine et en Gros \u00bb\" data-quantity=\"1\" data-product_id=\"38131\" data-product_sku=\"MG-TK63-XX\" data-price=\"0\" rel=\"nofollow\" class=\"wp-block-button__link  add_to_cart_button\">Lire la suite<\/a><\/div>\n\t\t\t<\/li><\/ul><\/div><\/div>\n<\/div>","protected":false},"excerpt":{"rendered":"","protected":false},"author":1,"featured_media":0,"parent":0,"menu_order":0,"comment_status":"closed","ping_status":"closed","template":"","meta":{"footnotes":""},"class_list":["post-7","page","type-page","status-publish","hentry"],"_links":{"self":[{"href":"https:\/\/ledsteplight.com\/fr\/wp-json\/wp\/v2\/pages\/7","targetHints":{"allow":["GET"]}}],"collection":[{"href":"https:\/\/ledsteplight.com\/fr\/wp-json\/wp\/v2\/pages"}],"about":[{"href":"https:\/\/ledsteplight.com\/fr\/wp-json\/wp\/v2\/types\/page"}],"author":[{"embeddable":true,"href":"https:\/\/ledsteplight.com\/fr\/wp-json\/wp\/v2\/users\/1"}],"replies":[{"embeddable":true,"href":"https:\/\/ledsteplight.com\/fr\/wp-json\/wp\/v2\/comments?post=7"}],"version-history":[{"count":1,"href":"https:\/\/ledsteplight.com\/fr\/wp-json\/wp\/v2\/pages\/7\/revisions"}],"predecessor-version":[{"id":37888,"href":"https:\/\/ledsteplight.com\/fr\/wp-json\/wp\/v2\/pages\/7\/revisions\/37888"}],"wp:attachment":[{"href":"https:\/\/ledsteplight.com\/fr\/wp-json\/wp\/v2\/media?parent=7"}],"curies":[{"name":"wp","href":"https:\/\/api.w.org\/{rel}","templated":true}]}}