{"id":37890,"date":"2025-09-08T13:04:01","date_gmt":"2025-09-08T13:04:01","guid":{"rendered":"https:\/\/ledsteplight.com\/import-placeholder-for-36900\/"},"modified":"2025-12-11T23:35:34","modified_gmt":"2025-12-11T23:35:34","slug":"sn195-5w-cob-led-ground-light-waterproof-ip65-40000h","status":"publish","type":"product","link":"https:\/\/ledsteplight.com\/fr\/sn195-5w-cob-led-ground-light-waterproof-ip65-40000h\/","title":{"rendered":"SN195 \u2014 Projecteur au sol LED COB 5W IP65 | Appareil \u00e9tanche 40 000 heures"},"content":{"rendered":"<p>&nbsp;<\/p>\n<table>\n<thead>\n<tr>\n<th><strong>Caract\u00e9ristique<\/strong><\/th>\n<th><strong>Description<\/strong><\/th>\n<\/tr>\n<\/thead>\n<tbody>\n<tr>\n<td><strong>Mod\u00e8le du produit<\/strong><\/td>\n<td>MG-SN195<\/td>\n<\/tr>\n<tr>\n<td><strong>Puissance<\/strong><\/td>\n<td>LED COB 5W<\/td>\n<\/tr>\n<tr>\n<td><strong>Indice d'\u00e9tanch\u00e9it\u00e9<\/strong><\/td>\n<td>IP65 (Tr\u00e8s r\u00e9sistant \u00e0 la poussi\u00e8re et \u00e0 l'eau, adapt\u00e9 \u00e0 une utilisation en ext\u00e9rieur)<\/td>\n<\/tr>\n<tr>\n<td><strong>Mat\u00e9riau<\/strong><\/td>\n<td>Aluminium moul\u00e9 sous pression<\/td>\n<\/tr>\n<tr>\n<td><strong><strong><a href=\"https:\/\/ledsteplight.com\/fr\/dm36b-pro-honeycomb-anti-glare-led-in-ground-light-ip67-24v-dc\/\" class=\"waam-auto-link\" title=\"Temp\u00e9rature de couleur\">Temp\u00e9rature de couleur<\/a><\/strong><\/strong><\/td>\n<td>Temp\u00e9rature de couleur r\u00e9glable de 3000K \u00e0 6000K (Blanc chaud \u00e0 blanc froid)<\/td>\n<\/tr>\n<tr>\n<td><strong>Tension<\/strong><\/td>\n<td>110-265V<\/td>\n<\/tr>\n<tr>\n<td><strong>Dimensions<\/strong><\/td>\n<td>Longueur : 195mm, Hauteur : 88mm, \u00c9paisseur : 30mm<\/td>\n<\/tr>\n<tr>\n<td><strong>Dur\u00e9e de vie<\/strong><\/td>\n<td>40 000 heures<\/td>\n<\/tr>\n<tr>\n<td><strong>Garantie<\/strong><\/td>\n<td>3 Ans<\/td>\n<\/tr>\n<tr>\n<td><strong>Application<\/strong><\/td>\n<td><strong><a href=\"https:\/\/ledsteplight.com\/fr\/cree-bridgelux-chip-ip65-led-fixture-for-garden-facade-lighting\/\" class=\"waam-auto-link\" title=\"\u00c9clairage ext\u00e9rieur\">\u00c9clairage ext\u00e9rieur<\/a><\/strong>, <strong><a href=\"https:\/\/ledsteplight.com\/fr\/ip67-waterproof-led-ground-lights-easy-garden-lighting-solutions\/\" class=\"waam-auto-link\" title=\"lumi\u00e8res de jardin\">lumi\u00e8res de jardin<\/a><\/strong>, <strong><a href=\"https:\/\/ledsteplight.com\/fr\/pir-sensor-step-light-top-advantages-for-safety\/\" class=\"waam-auto-link\" title=\"Lumi\u00e8res de chemin\">Lumi\u00e8res de chemin<\/a><\/strong>, <strong><a href=\"https:\/\/ledsteplight.com\/fr\/mistakes-to-avoid-when-installing-in-ground-driveway-lights\/\" class=\"waam-auto-link\" title=\"\u00e9clairage paysager\">\u00e9clairage paysager<\/a><\/strong>, lumi\u00e8res d'all\u00e9e<\/td>\n<\/tr>\n<tr>\n<td><strong>Principales caract\u00e9ristiques<\/strong><\/td>\n<td>\u00c9tanche \u00e0 l'eau et aux intemp\u00e9ries pour des conditions ext\u00e9rieures \u2013 Haute efficacit\u00e9 \u00e9nerg\u00e9tique \u2013 Temp\u00e9rature de couleur r\u00e9glable pour diff\u00e9rentes ambiances d'\u00e9clairage \u2013 Bo\u00eetier en aluminium durable \u2013 Longue dur\u00e9e de vie de 40 000 heures \u2013 Facile \u00e0 installer en \u00e9clairage encastr\u00e9<strong><a href=\"https:\/\/ledsteplight.com\/fr\/ultimate-guide-to-landscape-inground-lighting-solutions\/\" class=\"waam-auto-link\" title=\"\u00e9clairage au sol\">\u00e9clairage au sol<\/a><\/strong><\/td>\n<\/tr>\n<tr>\n<td><strong>Utilisations<\/strong><\/td>\n<td>Parfait pour \u00e9clairer les chemins ext\u00e9rieurs, les all\u00e9es, les jardins et les paysages. Id\u00e9al pour les espaces ext\u00e9rieurs r\u00e9sidentiels et commerciaux, offrant un \u00e9clairage \u00e9l\u00e9gant et fiable pour la s\u00e9curit\u00e9 et la d\u00e9coration.<\/td>\n<\/tr>\n<\/tbody>\n<\/table>\n<p data-start=\"0\" data-end=\"451\"><strong data-start=\"4\" data-end=\"16\">MG-SN195<\/strong> est un luminaire encastr\u00e9 robuste de 5W COB con\u00e7u pour une performance ext\u00e9rieure durable. Bo\u00eetier en aluminium moul\u00e9 sous pression, <strong data-start=\"120\" data-end=\"128\">IP65<\/strong> \u00e9valuation d'\u00e9tanch\u00e9it\u00e9, et une temp\u00e9rature de couleur r\u00e9glable de <strong data-start=\"189\" data-end=\"204\">3000K\u20136000K<\/strong> en faire un excellent choix pour les chemins, all\u00e9es, jardins et fa\u00e7ades commerciales. Il accepte <strong data-start=\"293\" data-end=\"305\">110\u2013265V<\/strong>, mesure <strong data-start=\"316\" data-end=\"336\">195 \u00d7 88 \u00d7 30 mm<\/strong>, et offre jusqu'\u00e0 <strong data-start=\"357\" data-end=\"373\">40 000 heures<\/strong> de dur\u00e9e de vie\u2014profil discret, \u00e9conome en \u00e9nergie, et con\u00e7u pour r\u00e9sister aux intemp\u00e9ries.<\/p>\n<p data-start=\"453\" data-end=\"792\" data-is-last-node=\"\" data-is-only-node=\"\">Fabriqu\u00e9 en usine et compatible OEM : chaque lot est test\u00e9 \u00e9lectriquement et soutenu par une <strong data-start=\"535\" data-end=\"554\">garantie de 3 ans<\/strong>. Nous pouvons fournir des \u00e9chantillons, des prix en volume, des finitions personnalis\u00e9es ou des options de pilote, ainsi qu\u2019un emballage de marque pour les commandes de projet. Partagez votre quantit\u00e9 et toute exigence particuli\u00e8re, et nous vous retournerons un devis d'usine avec d\u00e9lai de livraison et documentation de test.<\/p>","protected":false},"excerpt":{"rendered":"<p>MG-SN195 Lumi\u00e8re au sol LED COB 5W \u2014 aluminium moul\u00e9 sous pression IP65, 3000\u20136000K. OEM d'usine : \u00e9chantillons et prix en gros<\/p>","protected":false},"featured_media":36930,"comment_status":"open","ping_status":"closed","template":"","meta":[],"product_brand":[],"product_cat":[69,426,427,428,71,439,429,440,430,441,431,442,443,432,433,444,84,445,446,434,435,436,437],"product_tag":[74,76,75,77,78],"class_list":{"0":"post-37890","1":"product","2":"type-product","3":"status-publish","4":"has-post-thumbnail","6":"product_cat-5w","7":"product_cat-ceiling-recessed","8":"product_cat-ceiling-surface","9":"product_cat-ceiling-suspended","10":"product_cat-cob","11":"product_cat-commercial","12":"product_cat-drivers","13":"product_cat-education","14":"product_cat-freestanding-light","15":"product_cat-hospitality","16":"product_cat-industrial","17":"product_cat-infrastructure","18":"product_cat-landscape","19":"product_cat-landscaping","20":"product_cat-linear","21":"product_cat-office","22":"product_cat-outdoor-waterproof-aluminum-shop-2","23":"product_cat-residential","24":"product_cat-retail","25":"product_cat-table-lamp","26":"product_cat-track","27":"product_cat-wall-recessed","28":"product_cat-wall-surface","29":"product_tag-5w-led","30":"product_tag-aluminum-housing","31":"product_tag-cob-light","32":"product_tag-ground-light","33":"product_tag-outdoor-lighting","35":"first","36":"instock","37":"shipping-taxable","38":"product-type-simple"},"_links":{"self":[{"href":"https:\/\/ledsteplight.com\/fr\/wp-json\/wp\/v2\/product\/37890","targetHints":{"allow":["GET"]}}],"collection":[{"href":"https:\/\/ledsteplight.com\/fr\/wp-json\/wp\/v2\/product"}],"about":[{"href":"https:\/\/ledsteplight.com\/fr\/wp-json\/wp\/v2\/types\/product"}],"replies":[{"embeddable":true,"href":"https:\/\/ledsteplight.com\/fr\/wp-json\/wp\/v2\/comments?post=37890"}],"version-history":[{"count":3,"href":"https:\/\/ledsteplight.com\/fr\/wp-json\/wp\/v2\/product\/37890\/revisions"}],"predecessor-version":[{"id":38648,"href":"https:\/\/ledsteplight.com\/fr\/wp-json\/wp\/v2\/product\/37890\/revisions\/38648"}],"wp:featuredmedia":[{"embeddable":true,"href":"https:\/\/ledsteplight.com\/fr\/wp-json\/wp\/v2\/media\/36930"}],"wp:attachment":[{"href":"https:\/\/ledsteplight.com\/fr\/wp-json\/wp\/v2\/media?parent=37890"}],"wp:term":[{"taxonomy":"product_brand","embeddable":true,"href":"https:\/\/ledsteplight.com\/fr\/wp-json\/wp\/v2\/product_brand?post=37890"},{"taxonomy":"product_cat","embeddable":true,"href":"https:\/\/ledsteplight.com\/fr\/wp-json\/wp\/v2\/product_cat?post=37890"},{"taxonomy":"product_tag","embeddable":true,"href":"https:\/\/ledsteplight.com\/fr\/wp-json\/wp\/v2\/product_tag?post=37890"}],"curies":[{"name":"wp","href":"https:\/\/api.w.org\/{rel}","templated":true}]}}