{"id":37891,"date":"2025-09-08T13:04:01","date_gmt":"2025-09-08T13:04:01","guid":{"rendered":"https:\/\/ledsteplight.com\/import-placeholder-for-36901\/"},"modified":"2025-12-12T00:29:14","modified_gmt":"2025-12-12T00:29:14","slug":"sn039xl-3w-led-ground-light-waterproof-ip65-40000h","status":"publish","type":"product","link":"https:\/\/ledsteplight.com\/fr\/sn039xl-3w-led-ground-light-waterproof-ip65-40000h\/","title":{"rendered":"SN039XL \u2014 Projecteur encastr\u00e9 LED 3W IP65 pour h\u00f4tels, all\u00e9es et fa\u00e7ades"},"content":{"rendered":"<p>&nbsp;<\/p>\n<table>\n<thead>\n<tr>\n<th><strong>Caract\u00e9ristique<\/strong><\/th>\n<th><strong>D\u00e9tails<\/strong><\/th>\n<\/tr>\n<\/thead>\n<tbody>\n<tr>\n<td><strong>Puissance<\/strong><\/td>\n<td>3W<\/td>\n<\/tr>\n<tr>\n<td><strong>Source lumineuse<\/strong><\/td>\n<td>LED CREE<\/td>\n<\/tr>\n<tr>\n<td><strong>Mat\u00e9riau<\/strong><\/td>\n<td>Aluminium<\/td>\n<\/tr>\n<tr>\n<td><strong>Indice d'\u00e9tanch\u00e9it\u00e9<\/strong><\/td>\n<td>IP40 \/ IP65<\/td>\n<\/tr>\n<tr>\n<td><strong><strong><a href=\"https:\/\/ledsteplight.com\/fr\/dm36b-pro-honeycomb-anti-glare-led-in-ground-light-ip67-24v-dc\/\" class=\"waam-auto-link\" title=\"Temp\u00e9rature de couleur\">Temp\u00e9rature de couleur<\/a><\/strong><\/strong><\/td>\n<td>2700K \u00e0 6000K<\/td>\n<\/tr>\n<tr>\n<td><strong>Tension<\/strong><\/td>\n<td>85-265V<\/td>\n<\/tr>\n<tr>\n<td><strong>Dimensions<\/strong><\/td>\n<td>35*185mm (H38mm)<\/td>\n<\/tr>\n<tr>\n<td><strong>Taille du trou<\/strong><\/td>\n<td>32*155mm (H45mm)<\/td>\n<\/tr>\n<tr>\n<td><strong>Dur\u00e9e de vie<\/strong><\/td>\n<td>40 000 heures<\/td>\n<\/tr>\n<tr>\n<td><strong>Garantie<\/strong><\/td>\n<td>3 ans<\/td>\n<\/tr>\n<\/tbody>\n<\/table>\n<p data-start=\"0\" data-end=\"396\"><strong data-start=\"4\" data-end=\"15\">SN039XL<\/strong> est une LED CREE 3W \u00e0 profil bas <strong><a href=\"https:\/\/ledsteplight.com\/fr\/cree-bridgelux-chip-ip65-led-fixture-for-garden-facade-lighting\/\" class=\"waam-auto-link\" title=\"\u00e9clairage au sol\">\u00e9clairage au sol<\/a><\/strong> con\u00e7ue pour un \u00e9clairage fiable des paysages et des chemins. Son corps en aluminium fin (35 \u00d7 185 mm ; trou de fixation 32 \u00d7 155 mm) accepte une tension d'entr\u00e9e de 85\u2013265V et offre une protection IP40 ou IP65 s\u00e9lectionnable, avec des temp\u00e9ratures de couleur allant de <strong data-start=\"259\" data-end=\"274\">2700K \u00e0 6000K<\/strong>, une dur\u00e9e de vie nominale de <strong data-start=\"292\" data-end=\"308\">40 000 heures<\/strong>, et une <strong data-start=\"316\" data-end=\"335\">garantie de 3 ans<\/strong> \u2014 compacte, durable et con\u00e7ue pour durer sur les chantiers commerciaux.<\/p>\n<p data-start=\"398\" data-end=\"701\" data-is-last-node=\"\" data-is-only-node=\"\">Nous fabriquons ces produits dans notre usine et effectuons des tests \u00e9lectriques et de vieillissement par lots avant l'exp\u00e9dition. Les productions OEM, les finitions personnalis\u00e9es, les choix de pilotes et les emballages de marque sont disponibles ; des \u00e9chantillons, des rapports de test et des devis pour volume peuvent \u00eatre fournis rapidement \u2014 indiquez-nous la taille de votre projet et nous vous enverrons les d\u00e9lais et les prix.<\/p>","protected":false},"excerpt":{"rendered":"<p>SN039XL 3W LED CREE lumi\u00e8re de sol \u2014 bo\u00eetier en aluminium, options IP40\/IP65, 85\u2013265V, 40 000 heures. OEM d'usine : \u00e9chantillons et devis en gros.<\/p>","protected":false},"featured_media":36935,"comment_status":"open","ping_status":"closed","template":"","meta":[],"product_brand":[],"product_cat":[426,427,428,439,429,440,430,73,441,431,442,443,432,433,444,84,445,446,434,435,436,437],"product_tag":[82,76,77,78,83],"class_list":{"0":"post-37891","1":"product","2":"type-product","3":"status-publish","4":"has-post-thumbnail","6":"product_cat-ceiling-recessed","7":"product_cat-ceiling-surface","8":"product_cat-ceiling-suspended","9":"product_cat-commercial","10":"product_cat-drivers","11":"product_cat-education","12":"product_cat-freestanding-light","13":"product_cat-ground-light","14":"product_cat-hospitality","15":"product_cat-industrial","16":"product_cat-infrastructure","17":"product_cat-landscape","18":"product_cat-landscaping","19":"product_cat-linear","20":"product_cat-office","21":"product_cat-outdoor-waterproof-aluminum-shop-2","22":"product_cat-residential","23":"product_cat-retail","24":"product_cat-table-lamp","25":"product_cat-track","26":"product_cat-wall-recessed","27":"product_cat-wall-surface","28":"product_tag-3w-led","29":"product_tag-aluminum-housing","30":"product_tag-ground-light","31":"product_tag-outdoor-lighting","32":"product_tag-waterproof-fixture","34":"first","35":"instock","36":"shipping-taxable","37":"product-type-simple"},"_links":{"self":[{"href":"https:\/\/ledsteplight.com\/fr\/wp-json\/wp\/v2\/product\/37891","targetHints":{"allow":["GET"]}}],"collection":[{"href":"https:\/\/ledsteplight.com\/fr\/wp-json\/wp\/v2\/product"}],"about":[{"href":"https:\/\/ledsteplight.com\/fr\/wp-json\/wp\/v2\/types\/product"}],"replies":[{"embeddable":true,"href":"https:\/\/ledsteplight.com\/fr\/wp-json\/wp\/v2\/comments?post=37891"}],"version-history":[{"count":4,"href":"https:\/\/ledsteplight.com\/fr\/wp-json\/wp\/v2\/product\/37891\/revisions"}],"predecessor-version":[{"id":38649,"href":"https:\/\/ledsteplight.com\/fr\/wp-json\/wp\/v2\/product\/37891\/revisions\/38649"}],"wp:featuredmedia":[{"embeddable":true,"href":"https:\/\/ledsteplight.com\/fr\/wp-json\/wp\/v2\/media\/36935"}],"wp:attachment":[{"href":"https:\/\/ledsteplight.com\/fr\/wp-json\/wp\/v2\/media?parent=37891"}],"wp:term":[{"taxonomy":"product_brand","embeddable":true,"href":"https:\/\/ledsteplight.com\/fr\/wp-json\/wp\/v2\/product_brand?post=37891"},{"taxonomy":"product_cat","embeddable":true,"href":"https:\/\/ledsteplight.com\/fr\/wp-json\/wp\/v2\/product_cat?post=37891"},{"taxonomy":"product_tag","embeddable":true,"href":"https:\/\/ledsteplight.com\/fr\/wp-json\/wp\/v2\/product_tag?post=37891"}],"curies":[{"name":"wp","href":"https:\/\/api.w.org\/{rel}","templated":true}]}}