{"id":37957,"date":"2025-09-08T13:04:09","date_gmt":"2025-09-08T13:04:09","guid":{"rendered":"https:\/\/ledsteplight.com\/import-placeholder-for-36995\/"},"modified":"2026-01-15T04:29:53","modified_gmt":"2026-01-15T04:29:53","slug":"mg-gyd038-86-type-recessed-pir-motion-sensor-step-light-3w-osram-led-ground-light-for-stairs-corridors","status":"publish","type":"product","link":"https:\/\/ledsteplight.com\/fr\/mg-gyd038-86-type-recessed-pir-motion-sensor-step-light-3w-osram-led-ground-light-for-stairs-corridors\/","title":{"rendered":"MG-GYD038 86 Type Capteur de Mouvement PIR Encastr\u00e9 Lampe de Marche | Lumi\u00e8re au Sol LED OSRAM 3W pour Escaliers et Couloirs"},"content":{"rendered":"<table>\n<tbody>\n<tr>\n<td>Mod\u00e8le du produit (Mod\u00e8le)<\/td>\n<td>MG-GYD038<\/td>\n<\/tr>\n<tr>\n<td>Taille du produit (Taille)<\/td>\n<td>L87*W87*H35mm<\/td>\n<\/tr>\n<tr>\n<td>Contr\u00f4le de fonction (Contr\u00f4le de fonction)<\/td>\n<td>Capteur PIR avec contr\u00f4le de lumi\u00e8re \/ Capteur PIR unique<\/td>\n<\/tr>\n<tr>\n<td>Source lumineuse (Source lumineuse)<\/td>\n<td class=\"et4\">OSRAM \/ CREE<\/td>\n<\/tr>\n<tr>\n<td>Watts (Watts)<\/td>\n<td>3W (350mA)<\/td>\n<\/tr>\n<tr>\n<td>Poids (Poids)<\/td>\n<td>0,45kg<\/td>\n<\/tr>\n<tr>\n<td>Entr\u00e9e AC (Entr\u00e9e AC)<\/td>\n<td class=\"et4\">100-240V,50~60Hz<\/td>\n<\/tr>\n<tr>\n<td>Alimentation (Alimentation)<\/td>\n<td class=\"et4\">eagerise<\/td>\n<\/tr>\n<tr>\n<td>Angle du r\u00e9flecteur (Angle du r\u00e9flecteur)<\/td>\n<td><\/td>\n<\/tr>\n<tr>\n<td><strong><a href=\"https:\/\/ledsteplight.com\/fr\/dm36b-pro-honeycomb-anti-glare-led-in-ground-light-ip67-24v-dc\/\" class=\"waam-auto-link\" title=\"Temp\u00e9rature de couleur\">Temp\u00e9rature de couleur<\/a><\/strong>(Temp\u00e9rature de couleur)<\/td>\n<td>3000K, 4000K, 5700K<\/td>\n<\/tr>\n<tr>\n<td>Connexion (Connexion)<\/td>\n<td><\/td>\n<\/tr>\n<tr>\n<td>Mat\u00e9riau(Mat\u00e9riau)<\/td>\n<td>Aluminium<\/td>\n<\/tr>\n<tr>\n<td>Couleur(Couleur)<\/td>\n<td>Blanc, Noir, Argent<\/td>\n<\/tr>\n<tr>\n<td>IP(IP)<\/td>\n<td>IP20<\/td>\n<\/tr>\n<tr>\n<td>Installation(Installation)<\/td>\n<td>Encastr\u00e9<\/td>\n<\/tr>\n<\/tbody>\n<\/table>","protected":false},"excerpt":{"rendered":"<p>D\u00e9couvrez le d\u00e9tecteur de mouvement encastr\u00e9 MG-GYD038 avec lumi\u00e8re de marche PIR. \u00c9quip\u00e9 de LED OSRAM\/CREE de 3W et d\u2019un corps en aluminium durable, cette lumi\u00e8re de sol de type 86 est parfaite pour les escaliers et couloirs int\u00e9rieurs. Fonctionne avec d\u00e9tection automatique et protection IP20. Driver de haute qualit\u00e9 Eaglerise inclus. Achetez d\u00e8s aujourd\u2019hui des solutions d\u2019\u00e9clairage architectural int\u00e9rieur professionnelles.<\/p>","protected":false},"featured_media":37127,"comment_status":"open","ping_status":"closed","template":"","meta":[],"product_brand":[],"product_cat":[116,100,426,427,428,439,429,440,430,73,441,431,442,443,432,433,444,445,446,101,434,435,436,437],"product_tag":[117,103,76,111,77,109,114,104],"class_list":{"0":"post-37957","1":"product","2":"type-product","3":"status-publish","4":"has-post-thumbnail","6":"product_cat-038-series","7":"product_cat-aluminum-ground-light","8":"product_cat-ceiling-recessed","9":"product_cat-ceiling-surface","10":"product_cat-ceiling-suspended","11":"product_cat-commercial","12":"product_cat-drivers","13":"product_cat-education","14":"product_cat-freestanding-light","15":"product_cat-ground-light","16":"product_cat-hospitality","17":"product_cat-industrial","18":"product_cat-infrastructure","19":"product_cat-landscape","20":"product_cat-landscaping","21":"product_cat-linear","22":"product_cat-office","23":"product_cat-residential","24":"product_cat-retail","25":"product_cat-sensor-ground-light","26":"product_cat-table-lamp","27":"product_cat-track","28":"product_cat-wall-recessed","29":"product_cat-wall-surface","30":"product_tag-038-series","31":"product_tag-aluminum-ground-light","32":"product_tag-aluminum-housing","33":"product_tag-garden-lighting","34":"product_tag-ground-light","35":"product_tag-led-fixture","36":"product_tag-pathway-light","37":"product_tag-sensor-ground-light","39":"first","40":"instock","41":"shipping-taxable","42":"product-type-simple"},"_links":{"self":[{"href":"https:\/\/ledsteplight.com\/fr\/wp-json\/wp\/v2\/product\/37957","targetHints":{"allow":["GET"]}}],"collection":[{"href":"https:\/\/ledsteplight.com\/fr\/wp-json\/wp\/v2\/product"}],"about":[{"href":"https:\/\/ledsteplight.com\/fr\/wp-json\/wp\/v2\/types\/product"}],"replies":[{"embeddable":true,"href":"https:\/\/ledsteplight.com\/fr\/wp-json\/wp\/v2\/comments?post=37957"}],"version-history":[{"count":3,"href":"https:\/\/ledsteplight.com\/fr\/wp-json\/wp\/v2\/product\/37957\/revisions"}],"predecessor-version":[{"id":38750,"href":"https:\/\/ledsteplight.com\/fr\/wp-json\/wp\/v2\/product\/37957\/revisions\/38750"}],"wp:featuredmedia":[{"embeddable":true,"href":"https:\/\/ledsteplight.com\/fr\/wp-json\/wp\/v2\/media\/37127"}],"wp:attachment":[{"href":"https:\/\/ledsteplight.com\/fr\/wp-json\/wp\/v2\/media?parent=37957"}],"wp:term":[{"taxonomy":"product_brand","embeddable":true,"href":"https:\/\/ledsteplight.com\/fr\/wp-json\/wp\/v2\/product_brand?post=37957"},{"taxonomy":"product_cat","embeddable":true,"href":"https:\/\/ledsteplight.com\/fr\/wp-json\/wp\/v2\/product_cat?post=37957"},{"taxonomy":"product_tag","embeddable":true,"href":"https:\/\/ledsteplight.com\/fr\/wp-json\/wp\/v2\/product_tag?post=37957"}],"curies":[{"name":"wp","href":"https:\/\/api.w.org\/{rel}","templated":true}]}}