{"id":37962,"date":"2025-09-08T13:04:09","date_gmt":"2025-09-08T13:04:09","guid":{"rendered":"https:\/\/ledsteplight.com\/import-placeholder-for-37025\/"},"modified":"2026-01-03T07:30:47","modified_gmt":"2026-01-03T07:30:47","slug":"mg-sn038-t1-3w-recessed-led-step-light-osram-cree-indoor-footlight","status":"publish","type":"product","link":"https:\/\/ledsteplight.com\/fr\/mg-sn038-t1-3w-recessed-led-step-light-osram-cree-indoor-footlight\/","title":{"rendered":"Lumi\u00e8re de marche encastr\u00e9e LED 3W MG-SN038-T1 | OSRAM\/CREE pour int\u00e9rieur"},"content":{"rendered":"<table class=\"OxEWNITQ\">\n<thead>\n<tr>\n<th>Param\u00e8tre<\/th>\n<th>Sp\u00e9cification<\/th>\n<\/tr>\n<\/thead>\n<tbody>\n<tr>\n<td>Mod\u00e8le du produit<\/td>\n<td>MG-SN038-T1<\/td>\n<\/tr>\n<tr>\n<td>Taille du produit (Taille)<\/td>\n<td>L87<em>W87<\/em>H35mm<\/td>\n<\/tr>\n<tr>\n<td>Taille de d\u00e9coupe (Taille de coupe)<\/td>\n<td>Bo\u00eete pr\u00e9-c\u00e2bl\u00e9e 86<\/td>\n<\/tr>\n<tr>\n<td>Contr\u00f4le de fonction (Contr\u00f4le de fonction)<\/td>\n<td>(Non explicitement indiqu\u00e9 dans les donn\u00e9es originales, mais inclut g\u00e9n\u00e9ralement des fonctionnalit\u00e9s telles que <strong><a href=\"https:\/\/ledsteplight.com\/fr\/pir-sensor-step-light-top-advantages-for-safety\/\" class=\"waam-auto-link\" title=\"capteur de mouvement\">capteur de mouvement<\/a><\/strong> et le contr\u00f4le de la lumi\u00e8re bas\u00e9 sur des mod\u00e8les similaires)<\/td>\n<\/tr>\n<tr>\n<td>Source lumineuse (Source lumineuse)<\/td>\n<td>OSRAM \/ CREE<\/td>\n<\/tr>\n<tr>\n<td>Puissance (Watts)<\/td>\n<td>3W (700mA)<\/td>\n<\/tr>\n<tr>\n<td>Poids du produit (Poids)<\/td>\n<td>0,45kg<\/td>\n<\/tr>\n<tr>\n<td>Param\u00e8tres \u00e9lectriques d'entr\u00e9e (Entr\u00e9e AC)<\/td>\n<td>100-240V, 50~60Hz<\/td>\n<\/tr>\n<tr>\n<td>Alimentation (Alimentation)<\/td>\n<td>eaglerise<\/td>\n<\/tr>\n<tr>\n<td>Angle du r\u00e9flecteur (Angle du r\u00e9flecteur)<\/td>\n<td>(Non sp\u00e9cifi\u00e9)<\/td>\n<\/tr>\n<tr>\n<td><strong><a href=\"https:\/\/ledsteplight.com\/fr\/dm36b-pro-honeycomb-anti-glare-led-in-ground-light-ip67-24v-dc\/\" class=\"waam-auto-link\" title=\"Temp\u00e9rature de couleur\">Temp\u00e9rature de couleur<\/a><\/strong> (Temp\u00e9rature de couleur)<\/td>\n<td>2700K, 3000K, 4000K, 6000K<\/td>\n<\/tr>\n<tr>\n<td>C\u00e2blage \/ Longueur \/ Connecteur (Connexion)<\/td>\n<td>(Non sp\u00e9cifi\u00e9)<\/td>\n<\/tr>\n<tr>\n<td>Mat\u00e9riau du produit (Mat\u00e9riau)<\/td>\n<td>Aluminium<\/td>\n<\/tr>\n<tr>\n<td>Couleur \/ Finition (Couleur)<\/td>\n<td>Blanc, Noir, Argent<\/td>\n<\/tr>\n<tr>\n<td>Indice de protection (IP)<\/td>\n<td>IP20<\/td>\n<\/tr>\n<tr>\n<td>M\u00e9thode d'installation (Installation)<\/td>\n<td>Encastr\u00e9 (avec bo\u00eete pr\u00e9-c\u00e2bl\u00e9e)<\/td>\n<\/tr>\n<\/tbody>\n<\/table>\n<p><b data-path-to-node=\"8\" data-index-in-node=\"21\">MG-SN038-T1<\/b> est un encastr\u00e9 haute performance de 3W <strong><a href=\"https:\/\/ledsteplight.com\/fr\/3w-cob-led-inground-light-outdoor-waterproof-ip65\/\" class=\"waam-auto-link\" title=\"luminaire LED \u00e0 marche\">luminaire LED \u00e0 marche<\/a><\/strong> con\u00e7u pour un int\u00e9rieur sophistiqu\u00e9 <strong><a href=\"https:\/\/ledsteplight.com\/fr\/cree-bridgelux-chip-ip65-led-fixture-for-garden-facade-lighting\/\" class=\"waam-auto-link\" title=\"\u00e9clairage architectural\">\u00e9clairage architectural<\/a><\/strong>. Con\u00e7u avec des mat\u00e9riaux de qualit\u00e9 sup\u00e9rieure <b data-path-to-node=\"8\" data-index-in-node=\"167\">puces LED OSRAM ou CREE<\/b> et un driver fiable <b data-path-to-node=\"8\" data-index-in-node=\"206\">eaglerise<\/b>, il offre un \u00e9clairage doux, sans \u00e9blouissement, pour la s\u00e9curit\u00e9 et l'ambiance. Son design minimaliste carr\u00e9 et sa finition encastr\u00e9e en font un choix id\u00e9al pour des projets r\u00e9sidentiels et commerciaux modernes.<\/p>","protected":false},"excerpt":{"rendered":"<p data-start=\"2697\" data-end=\"2811\">Le MG-SN038-T1 est un \u00e9clairage de marche LED encastr\u00e9 de 3W dot\u00e9 de puces OSRAM\/CREE et de drivers Eaglerise. Construction en aluminium durable, class\u00e9 IP20, et compatible avec des bo\u00eetes pr\u00e9-c\u00e2bl\u00e9es de 86 mm.<\/p>","protected":false},"featured_media":37147,"comment_status":"open","ping_status":"closed","template":"","meta":[],"product_brand":[],"product_cat":[116,100,426,427,428,439,429,440,430,441,431,442,443,432,433,444,445,446,434,435,436,437],"product_tag":[117,120,121,122,123,103,124,125],"class_list":{"0":"post-37962","1":"product","2":"type-product","3":"status-publish","4":"has-post-thumbnail","6":"product_cat-038-series","7":"product_cat-aluminum-ground-light","8":"product_cat-ceiling-recessed","9":"product_cat-ceiling-surface","10":"product_cat-ceiling-suspended","11":"product_cat-commercial","12":"product_cat-drivers","13":"product_cat-education","14":"product_cat-freestanding-light","15":"product_cat-hospitality","16":"product_cat-industrial","17":"product_cat-infrastructure","18":"product_cat-landscape","19":"product_cat-landscaping","20":"product_cat-linear","21":"product_cat-office","22":"product_cat-residential","23":"product_cat-retail","24":"product_cat-table-lamp","25":"product_cat-track","26":"product_cat-wall-recessed","27":"product_cat-wall-surface","28":"product_tag-038-series","29":"product_tag-2w-led-fixture","30":"product_tag-3000k-led-light","31":"product_tag-4000k-led-light","32":"product_tag-5700k-led-light","33":"product_tag-aluminum-ground-light","34":"product_tag-aluminum-led-light","35":"product_tag-brushed-black-led-fixture","37":"first","38":"instock","39":"shipping-taxable","40":"product-type-simple"},"_links":{"self":[{"href":"https:\/\/ledsteplight.com\/fr\/wp-json\/wp\/v2\/product\/37962","targetHints":{"allow":["GET"]}}],"collection":[{"href":"https:\/\/ledsteplight.com\/fr\/wp-json\/wp\/v2\/product"}],"about":[{"href":"https:\/\/ledsteplight.com\/fr\/wp-json\/wp\/v2\/types\/product"}],"replies":[{"embeddable":true,"href":"https:\/\/ledsteplight.com\/fr\/wp-json\/wp\/v2\/comments?post=37962"}],"version-history":[{"count":3,"href":"https:\/\/ledsteplight.com\/fr\/wp-json\/wp\/v2\/product\/37962\/revisions"}],"predecessor-version":[{"id":38725,"href":"https:\/\/ledsteplight.com\/fr\/wp-json\/wp\/v2\/product\/37962\/revisions\/38725"}],"wp:featuredmedia":[{"embeddable":true,"href":"https:\/\/ledsteplight.com\/fr\/wp-json\/wp\/v2\/media\/37147"}],"wp:attachment":[{"href":"https:\/\/ledsteplight.com\/fr\/wp-json\/wp\/v2\/media?parent=37962"}],"wp:term":[{"taxonomy":"product_brand","embeddable":true,"href":"https:\/\/ledsteplight.com\/fr\/wp-json\/wp\/v2\/product_brand?post=37962"},{"taxonomy":"product_cat","embeddable":true,"href":"https:\/\/ledsteplight.com\/fr\/wp-json\/wp\/v2\/product_cat?post=37962"},{"taxonomy":"product_tag","embeddable":true,"href":"https:\/\/ledsteplight.com\/fr\/wp-json\/wp\/v2\/product_tag?post=37962"}],"curies":[{"name":"wp","href":"https:\/\/api.w.org\/{rel}","templated":true}]}}