{"id":37963,"date":"2025-09-08T13:04:09","date_gmt":"2025-09-08T13:04:09","guid":{"rendered":"https:\/\/ledsteplight.com\/import-placeholder-for-37034\/"},"modified":"2026-01-05T10:30:06","modified_gmt":"2026-01-05T10:30:06","slug":"mg-sn038-t4-3w-ip65-waterproof-led-step-light-die-cast-aluminum-outdoor-path-landscape-lighting","status":"publish","type":"product","link":"https:\/\/ledsteplight.com\/fr\/mg-sn038-t4-3w-ip65-waterproof-led-step-light-die-cast-aluminum-outdoor-path-landscape-lighting\/","title":{"rendered":"Lumi\u00e8re de marche LED \u00e9tanche IP65 MG-SN038-T4 3W \u2013 \u00c9clairage ext\u00e9rieur de chemin et de paysage en aluminium moul\u00e9 sous pression"},"content":{"rendered":"<table data-start=\"55\" data-end=\"1313\">\n<thead data-start=\"55\" data-end=\"138\">\n<tr data-start=\"55\" data-end=\"138\">\n<th data-start=\"55\" data-end=\"84\"><strong data-start=\"57\" data-end=\"70\">Param\u00e8tre<\/strong><\/th>\n<th data-start=\"84\" data-end=\"138\"><strong data-start=\"86\" data-end=\"97\">D\u00e9tails<\/strong><\/th>\n<\/tr>\n<\/thead>\n<tbody data-start=\"223\" data-end=\"1313\">\n<tr data-start=\"223\" data-end=\"306\">\n<td><strong data-start=\"225\" data-end=\"234\">Mod\u00e8le<\/strong><\/td>\n<td>MG-SN038-T4<\/td>\n<\/tr>\n<tr data-start=\"307\" data-end=\"390\">\n<td><strong data-start=\"309\" data-end=\"320\">Puissance<\/strong><\/td>\n<td>3W<\/td>\n<\/tr>\n<tr data-start=\"391\" data-end=\"474\">\n<td><strong data-start=\"393\" data-end=\"405\">Type LED<\/strong><\/td>\n<td>LED COB<\/td>\n<\/tr>\n<tr data-start=\"475\" data-end=\"558\">\n<td><strong data-start=\"477\" data-end=\"488\">Tension<\/strong><\/td>\n<td>AC220V<\/td>\n<\/tr>\n<tr data-start=\"559\" data-end=\"642\">\n<td><strong data-start=\"561\" data-end=\"582\"><strong><a href=\"https:\/\/ledsteplight.com\/fr\/dm36b-pro-honeycomb-anti-glare-led-in-ground-light-ip67-24v-dc\/\" class=\"waam-auto-link\" title=\"Temp\u00e9rature de couleur\">Temp\u00e9rature de couleur<\/a><\/strong><\/strong><\/td>\n<td>3000K \/ 6000K<\/td>\n<\/tr>\n<tr data-start=\"643\" data-end=\"726\">\n<td><strong data-start=\"645\" data-end=\"659\">Angle du faisceau<\/strong><\/td>\n<td>120\u00b0<\/td>\n<\/tr>\n<tr data-start=\"727\" data-end=\"810\">\n<td><strong data-start=\"729\" data-end=\"750\">Indice d'\u00e9tanch\u00e9it\u00e9<\/strong><\/td>\n<td><strong><a href=\"https:\/\/ledsteplight.com\/fr\/cree-bridgelux-chip-ip65-led-fixture-for-garden-facade-lighting\/\" class=\"waam-auto-link\" title=\"IP65\">IP65<\/a><\/strong><\/td>\n<\/tr>\n<tr data-start=\"811\" data-end=\"894\">\n<td><strong data-start=\"813\" data-end=\"825\">Mat\u00e9riau<\/strong><\/td>\n<td>Aluminium moul\u00e9 sous pression<\/td>\n<\/tr>\n<tr data-start=\"895\" data-end=\"978\">\n<td><strong data-start=\"897\" data-end=\"909\">Dur\u00e9e de vie<\/strong><\/td>\n<td>40 000 heures<\/td>\n<\/tr>\n<tr data-start=\"979\" data-end=\"1062\">\n<td><strong data-start=\"981\" data-end=\"1002\">Type d'installation<\/strong><\/td>\n<td><strong><a href=\"https:\/\/ledsteplight.com\/fr\/5w-led-in-ground-lights-ip65-waterproof-outdoor-driveway-garden-floor-lighting\/\" class=\"waam-auto-link\" title=\"Installation encastr\u00e9e\">Installation encastr\u00e9e<\/a><\/strong><\/td>\n<\/tr>\n<tr data-start=\"1063\" data-end=\"1146\">\n<td><strong data-start=\"1065\" data-end=\"1090\">Temp\u00e9rature de fonctionnement<\/strong><\/td>\n<td>-20\u00b0C \u00e0 +50\u00b0C<\/td>\n<\/tr>\n<tr data-start=\"1147\" data-end=\"1230\">\n<td><strong data-start=\"1149\" data-end=\"1161\">Garantie<\/strong><\/td>\n<td>3 ans<\/td>\n<\/tr>\n<tr data-start=\"1231\" data-end=\"1313\">\n<td><strong data-start=\"1233\" data-end=\"1249\">Applications<\/strong><\/td>\n<td>Sentiers, Jardins, Escaliers, Paysages, Commercial<\/td>\n<\/tr>\n<\/tbody>\n<\/table>\n<p>&nbsp;<\/p>","protected":false},"excerpt":{"rendered":"<p data-start=\"102\" data-end=\"520\">MG-SN038-T4 \u00c9clairage de marche LED \u00e9tanche IP65 3W \u2013 \u00c9clairage ext\u00e9rieur de chemin et de paysage en aluminium moul\u00e9 sous pression, cet appareil LED COB 3W offre un \u00e9clairage doux et haute efficacit\u00e9 pour les environnements ext\u00e9rieurs r\u00e9sidentiels et commerciaux<\/p>","protected":false},"featured_media":37151,"comment_status":"open","ping_status":"closed","template":"","meta":[],"product_brand":[],"product_cat":[116,100,426,427,428,439,429,440,430,441,431,442,443,432,433,444,445,446,434,435,436,437],"product_tag":[117,82,103,76,77],"class_list":{"0":"post-37963","1":"product","2":"type-product","3":"status-publish","4":"has-post-thumbnail","6":"product_cat-038-series","7":"product_cat-aluminum-ground-light","8":"product_cat-ceiling-recessed","9":"product_cat-ceiling-surface","10":"product_cat-ceiling-suspended","11":"product_cat-commercial","12":"product_cat-drivers","13":"product_cat-education","14":"product_cat-freestanding-light","15":"product_cat-hospitality","16":"product_cat-industrial","17":"product_cat-infrastructure","18":"product_cat-landscape","19":"product_cat-landscaping","20":"product_cat-linear","21":"product_cat-office","22":"product_cat-residential","23":"product_cat-retail","24":"product_cat-table-lamp","25":"product_cat-track","26":"product_cat-wall-recessed","27":"product_cat-wall-surface","28":"product_tag-038-series","29":"product_tag-3w-led","30":"product_tag-aluminum-ground-light","31":"product_tag-aluminum-housing","32":"product_tag-ground-light","34":"first","35":"instock","36":"shipping-taxable","37":"product-type-simple"},"_links":{"self":[{"href":"https:\/\/ledsteplight.com\/fr\/wp-json\/wp\/v2\/product\/37963","targetHints":{"allow":["GET"]}}],"collection":[{"href":"https:\/\/ledsteplight.com\/fr\/wp-json\/wp\/v2\/product"}],"about":[{"href":"https:\/\/ledsteplight.com\/fr\/wp-json\/wp\/v2\/types\/product"}],"replies":[{"embeddable":true,"href":"https:\/\/ledsteplight.com\/fr\/wp-json\/wp\/v2\/comments?post=37963"}],"version-history":[{"count":3,"href":"https:\/\/ledsteplight.com\/fr\/wp-json\/wp\/v2\/product\/37963\/revisions"}],"predecessor-version":[{"id":38727,"href":"https:\/\/ledsteplight.com\/fr\/wp-json\/wp\/v2\/product\/37963\/revisions\/38727"}],"wp:featuredmedia":[{"embeddable":true,"href":"https:\/\/ledsteplight.com\/fr\/wp-json\/wp\/v2\/media\/37151"}],"wp:attachment":[{"href":"https:\/\/ledsteplight.com\/fr\/wp-json\/wp\/v2\/media?parent=37963"}],"wp:term":[{"taxonomy":"product_brand","embeddable":true,"href":"https:\/\/ledsteplight.com\/fr\/wp-json\/wp\/v2\/product_brand?post=37963"},{"taxonomy":"product_cat","embeddable":true,"href":"https:\/\/ledsteplight.com\/fr\/wp-json\/wp\/v2\/product_cat?post=37963"},{"taxonomy":"product_tag","embeddable":true,"href":"https:\/\/ledsteplight.com\/fr\/wp-json\/wp\/v2\/product_tag?post=37963"}],"curies":[{"name":"wp","href":"https:\/\/api.w.org\/{rel}","templated":true}]}}