{"id":37964,"date":"2025-09-08T13:04:09","date_gmt":"2025-09-08T13:04:09","guid":{"rendered":"https:\/\/ledsteplight.com\/import-placeholder-for-37035\/"},"modified":"2026-01-07T03:35:38","modified_gmt":"2026-01-07T03:35:38","slug":"mg-sn040-3w-professional-cob-led-ground-light","status":"publish","type":"product","link":"https:\/\/ledsteplight.com\/fr\/mg-sn040-3w-professional-cob-led-ground-light\/","title":{"rendered":"MG-SN040 | Lumi\u00e8re de sol LED COB professionnelle 3W"},"content":{"rendered":"<p>Voici un tableau de param\u00e8tres pour <strong>MG-SN040<\/strong>:<\/p>\n<table>\n<thead>\n<tr>\n<th><strong>Param\u00e8tre<\/strong><\/th>\n<th><strong>D\u00e9tails<\/strong><\/th>\n<\/tr>\n<\/thead>\n<tbody>\n<tr>\n<td><strong>Mod\u00e8le<\/strong><\/td>\n<td>MG-SN040<\/td>\n<\/tr>\n<tr>\n<td><strong>Puissance<\/strong><\/td>\n<td>3W<\/td>\n<\/tr>\n<tr>\n<td><strong>Type LED<\/strong><\/td>\n<td>LED COB<\/td>\n<\/tr>\n<tr>\n<td><strong>Tension<\/strong><\/td>\n<td>AC220V<\/td>\n<\/tr>\n<tr>\n<td><strong><strong><a href=\"https:\/\/ledsteplight.com\/fr\/dm36b-pro-honeycomb-anti-glare-led-in-ground-light-ip67-24v-dc\/\" class=\"waam-auto-link\" title=\"Temp\u00e9rature de couleur\">Temp\u00e9rature de couleur<\/a><\/strong><\/strong><\/td>\n<td>3000K \/ 6000K<\/td>\n<\/tr>\n<tr>\n<td><strong>Angle du faisceau<\/strong><\/td>\n<td>120\u00b0<\/td>\n<\/tr>\n<tr>\n<td><strong>Indice d'\u00e9tanch\u00e9it\u00e9<\/strong><\/td>\n<td>IP65<\/td>\n<\/tr>\n<tr>\n<td><strong>Mat\u00e9riau<\/strong><\/td>\n<td>Aluminium moul\u00e9 sous pression<\/td>\n<\/tr>\n<tr>\n<td><strong>Dur\u00e9e de vie<\/strong><\/td>\n<td>40 000 heures<\/td>\n<\/tr>\n<tr>\n<td><strong>Type d'installation<\/strong><\/td>\n<td><strong><a href=\"https:\/\/ledsteplight.com\/fr\/5w-led-in-ground-lights-ip65-waterproof-outdoor-driveway-garden-floor-lighting\/\" class=\"waam-auto-link\" title=\"Installation encastr\u00e9e\">Installation encastr\u00e9e<\/a><\/strong><\/td>\n<\/tr>\n<tr>\n<td><strong>Temp\u00e9rature de fonctionnement<\/strong><\/td>\n<td>-20\u00b0C \u00e0 +50\u00b0C<\/td>\n<\/tr>\n<tr>\n<td><strong>Garantie<\/strong><\/td>\n<td>3 ans<\/td>\n<\/tr>\n<tr>\n<td><strong>Applications<\/strong><\/td>\n<td>Ext\u00e9rieur, Chemin, <strong><a href=\"https:\/\/ledsteplight.com\/fr\/pir-sensor-step-light-top-advantages-for-safety\/\" class=\"waam-auto-link\" title=\"\u00c9clairage des marches\">\u00c9clairage des marches<\/a><\/strong>, <strong><a href=\"https:\/\/ledsteplight.com\/fr\/cree-bridgelux-chip-ip65-led-fixture-for-garden-facade-lighting\/\" class=\"waam-auto-link\" title=\"\u00c9clairage de jardin\">\u00c9clairage de jardin<\/a><\/strong><\/td>\n<\/tr>\n<\/tbody>\n<\/table>\n<p>&nbsp;<\/p>\n<p>&nbsp;<\/p>","protected":false},"excerpt":{"rendered":"<p data-start=\"57\" data-end=\"93\"><b data-path-to-node=\"4\" data-index-in-node=\"4\">MG-SN040<\/b> est une lampe encastr\u00e9e de sol haut de gamme, \u00e0 profil bas, con\u00e7ue pour offrir un \u00e9clairage \u00e9l\u00e9gant et efficace pour les paysages ext\u00e9rieurs modernes. Dot\u00e9e de la technologie LED COB (Chip on Board) haute performance, cette lampe fournit un flux lumineux puissant <b data-path-to-node=\"4\" data-index-in-node=\"243\">3W<\/b> avec une excellente coh\u00e9rence lumineuse, ce qui en fait le choix id\u00e9al pour l\u2019\u00e9clairage de s\u00e9curit\u00e9 et esth\u00e9tique dans les projets commerciaux et r\u00e9sidentiels.<\/p>","protected":false},"featured_media":37158,"comment_status":"open","ping_status":"closed","template":"","meta":[],"product_brand":[],"product_cat":[116,86,100,426,427,428,71,439,429,440,430,441,431,442,443,432,433,444,445,446,434,435,436,437],"product_tag":[117,82,103,76,75,77],"class_list":{"0":"post-37964","1":"product","2":"type-product","3":"status-publish","4":"has-post-thumbnail","6":"product_cat-038-series","7":"product_cat-3w-power","8":"product_cat-aluminum-ground-light","9":"product_cat-ceiling-recessed","10":"product_cat-ceiling-surface","11":"product_cat-ceiling-suspended","12":"product_cat-cob","13":"product_cat-commercial","14":"product_cat-drivers","15":"product_cat-education","16":"product_cat-freestanding-light","17":"product_cat-hospitality","18":"product_cat-industrial","19":"product_cat-infrastructure","20":"product_cat-landscape","21":"product_cat-landscaping","22":"product_cat-linear","23":"product_cat-office","24":"product_cat-residential","25":"product_cat-retail","26":"product_cat-table-lamp","27":"product_cat-track","28":"product_cat-wall-recessed","29":"product_cat-wall-surface","30":"product_tag-038-series","31":"product_tag-3w-led","32":"product_tag-aluminum-ground-light","33":"product_tag-aluminum-housing","34":"product_tag-cob-light","35":"product_tag-ground-light","37":"first","38":"instock","39":"shipping-taxable","40":"product-type-simple"},"_links":{"self":[{"href":"https:\/\/ledsteplight.com\/fr\/wp-json\/wp\/v2\/product\/37964","targetHints":{"allow":["GET"]}}],"collection":[{"href":"https:\/\/ledsteplight.com\/fr\/wp-json\/wp\/v2\/product"}],"about":[{"href":"https:\/\/ledsteplight.com\/fr\/wp-json\/wp\/v2\/types\/product"}],"replies":[{"embeddable":true,"href":"https:\/\/ledsteplight.com\/fr\/wp-json\/wp\/v2\/comments?post=37964"}],"version-history":[{"count":3,"href":"https:\/\/ledsteplight.com\/fr\/wp-json\/wp\/v2\/product\/37964\/revisions"}],"predecessor-version":[{"id":38738,"href":"https:\/\/ledsteplight.com\/fr\/wp-json\/wp\/v2\/product\/37964\/revisions\/38738"}],"wp:featuredmedia":[{"embeddable":true,"href":"https:\/\/ledsteplight.com\/fr\/wp-json\/wp\/v2\/media\/37158"}],"wp:attachment":[{"href":"https:\/\/ledsteplight.com\/fr\/wp-json\/wp\/v2\/media?parent=37964"}],"wp:term":[{"taxonomy":"product_brand","embeddable":true,"href":"https:\/\/ledsteplight.com\/fr\/wp-json\/wp\/v2\/product_brand?post=37964"},{"taxonomy":"product_cat","embeddable":true,"href":"https:\/\/ledsteplight.com\/fr\/wp-json\/wp\/v2\/product_cat?post=37964"},{"taxonomy":"product_tag","embeddable":true,"href":"https:\/\/ledsteplight.com\/fr\/wp-json\/wp\/v2\/product_tag?post=37964"}],"curies":[{"name":"wp","href":"https:\/\/api.w.org\/{rel}","templated":true}]}}