{"id":37966,"date":"2025-09-08T13:04:10","date_gmt":"2025-09-08T13:04:10","guid":{"rendered":"https:\/\/ledsteplight.com\/import-placeholder-for-37045\/"},"modified":"2026-01-15T04:29:25","modified_gmt":"2026-01-15T04:29:25","slug":"mg-gyd038-t3-ip65-waterproof-led-step-light-3w-cree-outdoor-recessed-ground-light-for-gardens-paths","status":"publish","type":"product","link":"https:\/\/ledsteplight.com\/fr\/mg-gyd038-t3-ip65-waterproof-led-step-light-3w-cree-outdoor-recessed-ground-light-for-gardens-paths\/","title":{"rendered":"Lumi\u00e8re de marche LED \u00e9tanche IP65 MG-GYD038-T3 | 3W CREE Lumi\u00e8re encastr\u00e9e ext\u00e9rieure pour jardins et chemins"},"content":{"rendered":"<h3 data-start=\"117\" data-end=\"152\"><strong data-start=\"121\" data-end=\"152\">Tableau de sp\u00e9cifications du produit<\/strong><\/h3>\n<table data-start=\"154\" data-end=\"1347\">\n<thead data-start=\"154\" data-end=\"227\">\n<tr data-start=\"154\" data-end=\"227\">\n<th data-start=\"154\" data-end=\"176\"><strong data-start=\"156\" data-end=\"173\">Sp\u00e9cification<\/strong><\/th>\n<th data-start=\"176\" data-end=\"227\"><strong data-start=\"178\" data-end=\"189\">D\u00e9tails<\/strong><\/th>\n<\/tr>\n<\/thead>\n<tbody data-start=\"302\" data-end=\"1347\">\n<tr data-start=\"302\" data-end=\"375\">\n<td><strong data-start=\"304\" data-end=\"313\">Mod\u00e8le<\/strong><\/td>\n<td>MG-GYD038-T3<\/td>\n<\/tr>\n<tr data-start=\"376\" data-end=\"449\">\n<td><strong data-start=\"378\" data-end=\"390\">Type LED<\/strong><\/td>\n<td>3W <strong><a href=\"https:\/\/ledsteplight.com\/fr\/cree-bridgelux-chip-ip65-led-fixture-for-garden-facade-lighting\/\" class=\"waam-auto-link\" title=\"LED CREE\">LED CREE<\/a><\/strong><\/td>\n<\/tr>\n<tr data-start=\"450\" data-end=\"524\">\n<td><strong data-start=\"452\" data-end=\"463\">Tension<\/strong><\/td>\n<td>85-265V<\/td>\n<\/tr>\n<tr data-start=\"525\" data-end=\"599\">\n<td><strong data-start=\"527\" data-end=\"548\"><strong><a href=\"https:\/\/ledsteplight.com\/fr\/dm36b-pro-honeycomb-anti-glare-led-in-ground-light-ip67-24v-dc\/\" class=\"waam-auto-link\" title=\"Temp\u00e9rature de couleur\">Temp\u00e9rature de couleur<\/a><\/strong><\/strong><\/td>\n<td>3000K \/ 6000K<\/td>\n<\/tr>\n<tr data-start=\"600\" data-end=\"674\">\n<td><strong data-start=\"602\" data-end=\"615\">Indice de protection<\/strong><\/td>\n<td>IP65<\/td>\n<\/tr>\n<tr data-start=\"675\" data-end=\"749\">\n<td><strong data-start=\"677\" data-end=\"694\">Flux lumineux<\/strong><\/td>\n<td>(Optionnel)<\/td>\n<\/tr>\n<tr data-start=\"750\" data-end=\"824\">\n<td><strong data-start=\"752\" data-end=\"761\">Puissance<\/strong><\/td>\n<td>3W<\/td>\n<\/tr>\n<tr data-start=\"825\" data-end=\"899\">\n<td><strong data-start=\"827\" data-end=\"839\">Dur\u00e9e de vie<\/strong><\/td>\n<td>30 000 heures<\/td>\n<\/tr>\n<tr data-start=\"900\" data-end=\"973\">\n<td><strong data-start=\"902\" data-end=\"918\">Installation<\/strong><\/td>\n<td><strong><a href=\"https:\/\/ledsteplight.com\/fr\/5w-led-in-ground-lights-ip65-waterproof-outdoor-driveway-garden-floor-lighting\/\" class=\"waam-auto-link\" title=\"Installation encastr\u00e9e\">Installation encastr\u00e9e<\/a><\/strong><\/td>\n<\/tr>\n<tr data-start=\"974\" data-end=\"1048\">\n<td><strong data-start=\"976\" data-end=\"988\">Mat\u00e9riau<\/strong><\/td>\n<td>alliage d'aluminium<\/td>\n<\/tr>\n<tr data-start=\"1049\" data-end=\"1123\">\n<td><strong data-start=\"1051\" data-end=\"1065\">Dimensions<\/strong><\/td>\n<td>(Optionnel)<\/td>\n<\/tr>\n<tr data-start=\"1124\" data-end=\"1198\">\n<td><strong data-start=\"1126\" data-end=\"1138\">Garantie<\/strong><\/td>\n<td>3 ans<\/td>\n<\/tr>\n<tr data-start=\"1199\" data-end=\"1273\">\n<td><strong data-start=\"1201\" data-end=\"1211\">Poids<\/strong><\/td>\n<td>(Optionnel)<\/td>\n<\/tr>\n<tr data-start=\"1274\" data-end=\"1347\">\n<td><strong data-start=\"1276\" data-end=\"1291\">Environnement<\/strong><\/td>\n<td>Ext\u00e9rieur \/ Environnement humide<\/td>\n<\/tr>\n<\/tbody>\n<\/table>\n<p>&nbsp;<\/p>","protected":false},"excerpt":{"rendered":"<p>Am\u00e9liorez votre s\u00e9curit\u00e9 ext\u00e9rieure avec la lampe encastr\u00e9e LED \u00e9tanche MG-GYD038-T3. Dot\u00e9e d'une LED CREE de 3W et d'une protection IP65, cette lampe encastr\u00e9e de type 86 est id\u00e9ale pour les jardins, les escaliers et les patios. Construction en alliage d'aluminium durable avec une large plage de tension AC85-265V. Achetez un \u00e9clairage de chemin ext\u00e9rieur fiable avec une garantie de 3 ans.<\/p>","protected":false},"featured_media":37163,"comment_status":"open","ping_status":"closed","template":"","meta":[],"product_brand":[],"product_cat":[116,100,426,427,428,439,87,429,440,430,441,431,442,443,432,433,444,445,446,101,434,435,436,437],"product_tag":[117,82,103,76,90,77,78,104],"class_list":{"0":"post-37966","1":"product","2":"type-product","3":"status-publish","4":"has-post-thumbnail","6":"product_cat-038-series","7":"product_cat-aluminum-ground-light","8":"product_cat-ceiling-recessed","9":"product_cat-ceiling-surface","10":"product_cat-ceiling-suspended","11":"product_cat-commercial","12":"product_cat-cree","13":"product_cat-drivers","14":"product_cat-education","15":"product_cat-freestanding-light","16":"product_cat-hospitality","17":"product_cat-industrial","18":"product_cat-infrastructure","19":"product_cat-landscape","20":"product_cat-landscaping","21":"product_cat-linear","22":"product_cat-office","23":"product_cat-residential","24":"product_cat-retail","25":"product_cat-sensor-ground-light","26":"product_cat-table-lamp","27":"product_cat-track","28":"product_cat-wall-recessed","29":"product_cat-wall-surface","30":"product_tag-038-series","31":"product_tag-3w-led","32":"product_tag-aluminum-ground-light","33":"product_tag-aluminum-housing","34":"product_tag-cree-chip","35":"product_tag-ground-light","36":"product_tag-outdoor-lighting","37":"product_tag-sensor-ground-light","39":"first","40":"instock","41":"shipping-taxable","42":"product-type-simple"},"_links":{"self":[{"href":"https:\/\/ledsteplight.com\/fr\/wp-json\/wp\/v2\/product\/37966","targetHints":{"allow":["GET"]}}],"collection":[{"href":"https:\/\/ledsteplight.com\/fr\/wp-json\/wp\/v2\/product"}],"about":[{"href":"https:\/\/ledsteplight.com\/fr\/wp-json\/wp\/v2\/types\/product"}],"replies":[{"embeddable":true,"href":"https:\/\/ledsteplight.com\/fr\/wp-json\/wp\/v2\/comments?post=37966"}],"version-history":[{"count":3,"href":"https:\/\/ledsteplight.com\/fr\/wp-json\/wp\/v2\/product\/37966\/revisions"}],"predecessor-version":[{"id":38749,"href":"https:\/\/ledsteplight.com\/fr\/wp-json\/wp\/v2\/product\/37966\/revisions\/38749"}],"wp:featuredmedia":[{"embeddable":true,"href":"https:\/\/ledsteplight.com\/fr\/wp-json\/wp\/v2\/media\/37163"}],"wp:attachment":[{"href":"https:\/\/ledsteplight.com\/fr\/wp-json\/wp\/v2\/media?parent=37966"}],"wp:term":[{"taxonomy":"product_brand","embeddable":true,"href":"https:\/\/ledsteplight.com\/fr\/wp-json\/wp\/v2\/product_brand?post=37966"},{"taxonomy":"product_cat","embeddable":true,"href":"https:\/\/ledsteplight.com\/fr\/wp-json\/wp\/v2\/product_cat?post=37966"},{"taxonomy":"product_tag","embeddable":true,"href":"https:\/\/ledsteplight.com\/fr\/wp-json\/wp\/v2\/product_tag?post=37966"}],"curies":[{"name":"wp","href":"https:\/\/api.w.org\/{rel}","templated":true}]}}