{"id":37968,"date":"2025-09-08T13:04:10","date_gmt":"2025-09-08T13:04:10","guid":{"rendered":"https:\/\/ledsteplight.com\/import-placeholder-for-37047\/"},"modified":"2025-12-19T03:29:32","modified_gmt":"2025-12-19T03:29:32","slug":"mg-sn038c-3w-cob-led-ground-light-ip65-waterproof-landscape","status":"publish","type":"product","link":"https:\/\/ledsteplight.com\/fr\/mg-sn038c-3w-cob-led-ground-light-ip65-waterproof-landscape\/","title":{"rendered":"MG-SN038C Lumi\u00e8re de sol LED COB 3W | \u00c9tanche IP65 Paysage"},"content":{"rendered":"<h3 data-start=\"121\" data-end=\"156\"><strong data-start=\"125\" data-end=\"156\">Tableau de sp\u00e9cifications du produit<\/strong><\/h3>\n<table data-start=\"158\" data-end=\"1353\">\n<thead data-start=\"158\" data-end=\"231\">\n<tr data-start=\"158\" data-end=\"231\">\n<th data-start=\"158\" data-end=\"180\"><strong data-start=\"160\" data-end=\"177\">Sp\u00e9cification<\/strong><\/th>\n<th data-start=\"180\" data-end=\"231\"><strong data-start=\"182\" data-end=\"193\">D\u00e9tails<\/strong><\/th>\n<\/tr>\n<\/thead>\n<tbody data-start=\"306\" data-end=\"1353\">\n<tr data-start=\"306\" data-end=\"380\">\n<td><strong data-start=\"308\" data-end=\"317\">Mod\u00e8le<\/strong><\/td>\n<td>MG-SN038C<\/td>\n<\/tr>\n<tr data-start=\"381\" data-end=\"455\">\n<td><strong data-start=\"383\" data-end=\"395\">Type LED<\/strong><\/td>\n<td>LED COB 3W<\/td>\n<\/tr>\n<tr data-start=\"456\" data-end=\"530\">\n<td><strong data-start=\"458\" data-end=\"469\">Tension<\/strong><\/td>\n<td>85-265V<\/td>\n<\/tr>\n<tr data-start=\"531\" data-end=\"605\">\n<td><strong data-start=\"533\" data-end=\"554\"><strong><a href=\"https:\/\/ledsteplight.com\/fr\/dm36b-pro-honeycomb-anti-glare-led-in-ground-light-ip67-24v-dc\/\" class=\"waam-auto-link\" title=\"Temp\u00e9rature de couleur\">Temp\u00e9rature de couleur<\/a><\/strong><\/strong><\/td>\n<td>3000K \/ 6000K<\/td>\n<\/tr>\n<tr data-start=\"606\" data-end=\"680\">\n<td><strong data-start=\"608\" data-end=\"621\">Indice de protection<\/strong><\/td>\n<td><strong><a href=\"https:\/\/ledsteplight.com\/fr\/cree-bridgelux-chip-ip65-led-fixture-for-garden-facade-lighting\/\" class=\"waam-auto-link\" title=\"IP65\">IP65<\/a><\/strong><\/td>\n<\/tr>\n<tr data-start=\"681\" data-end=\"755\">\n<td><strong data-start=\"683\" data-end=\"700\">Flux lumineux<\/strong><\/td>\n<td>(Optionnel)<\/td>\n<\/tr>\n<tr data-start=\"756\" data-end=\"830\">\n<td><strong data-start=\"758\" data-end=\"767\">Puissance<\/strong><\/td>\n<td>3W<\/td>\n<\/tr>\n<tr data-start=\"831\" data-end=\"905\">\n<td><strong data-start=\"833\" data-end=\"845\">Dur\u00e9e de vie<\/strong><\/td>\n<td>40 000 heures<\/td>\n<\/tr>\n<tr data-start=\"906\" data-end=\"979\">\n<td><strong data-start=\"908\" data-end=\"924\">Installation<\/strong><\/td>\n<td><strong><a href=\"https:\/\/ledsteplight.com\/fr\/5w-led-in-ground-lights-ip65-waterproof-outdoor-driveway-garden-floor-lighting\/\" class=\"waam-auto-link\" title=\"Installation encastr\u00e9e\">Installation encastr\u00e9e<\/a><\/strong><\/td>\n<\/tr>\n<tr data-start=\"980\" data-end=\"1054\">\n<td><strong data-start=\"982\" data-end=\"994\">Mat\u00e9riau<\/strong><\/td>\n<td>alliage d'aluminium<\/td>\n<\/tr>\n<tr data-start=\"1055\" data-end=\"1129\">\n<td><strong data-start=\"1057\" data-end=\"1071\">Dimensions<\/strong><\/td>\n<td>(Optionnel)<\/td>\n<\/tr>\n<tr data-start=\"1130\" data-end=\"1204\">\n<td><strong data-start=\"1132\" data-end=\"1144\">Garantie<\/strong><\/td>\n<td>3 ans<\/td>\n<\/tr>\n<tr data-start=\"1205\" data-end=\"1279\">\n<td><strong data-start=\"1207\" data-end=\"1217\">Poids<\/strong><\/td>\n<td>(Optionnel)<\/td>\n<\/tr>\n<tr data-start=\"1280\" data-end=\"1353\">\n<td><strong data-start=\"1282\" data-end=\"1297\">Environnement<\/strong><\/td>\n<td>Ext\u00e9rieur \/ Environnement humide<\/td>\n<\/tr>\n<\/tbody>\n<\/table>\n<h3 data-start=\"127\" data-end=\"162\"><\/h3>\n<p><b data-path-to-node=\"14\" data-index-in-node=\"4\">MG-SN038C<\/b> est un produit haute performance <b data-path-to-node=\"14\" data-index-in-node=\"36\">3W COB <strong><a href=\"https:\/\/ledsteplight.com\/fr\/wholesale-1w-3w-surface-mount-led-ground-light-ip65-304-stainless-steel\/\" class=\"waam-auto-link\" title=\"Projecteur au sol \u00e0 LED\">Projecteur au sol \u00e0 LED<\/a><\/strong><\/b> con\u00e7ue pour des projets paysagers ext\u00e9rieurs haut de gamme. Utilisant la technologie avanc\u00e9e <b data-path-to-node=\"14\" data-index-in-node=\"130\">Chip-on-Board (COB)<\/b>, elle offre un faisceau concentr\u00e9 et uniforme qui am\u00e9liore la profondeur visuelle des jardins, des chemins et des \u00e9l\u00e9ments architecturaux. Fabriqu\u00e9e \u00e0 partir d'un mat\u00e9riau durable <b data-path-to-node=\"14\" data-index-in-node=\"311\">alliage d'aluminium<\/b> avec un <b data-path-to-node=\"14\" data-index-in-node=\"334\">classement \u00e9tanche IP65<\/b>, cette lampe est con\u00e7ue pour r\u00e9sister aux conditions m\u00e9t\u00e9orologiques difficiles et aux environnements humides. Avec une large plage de tension d'entr\u00e9e de <b data-path-to-node=\"14\" data-index-in-node=\"459\">85-265V<\/b> et un <b data-path-to-node=\"14\" data-index-in-node=\"473\">Avec une longue<\/b>, elle propose une solution d'\u00e9clairage \u00e9conome en \u00e9nergie et n\u00e9cessitant peu d'entretien, soutenue par une <b data-path-to-node=\"14\" data-index-in-node=\"571\">garantie de 3 ans<\/b> pour une tranquillit\u00e9 d'esprit totale.<\/p>","protected":false},"excerpt":{"rendered":"<p>Lumi\u00e8re de sol LED COB MG-SN038C 3W de haute qualit\u00e9. \u00c9tanch\u00e9it\u00e9 IP65, corps en alliage d'aluminium, 85-265V. Parfaite pour les all\u00e9es ext\u00e9rieures et le paysage. Garantie de 3 ans<\/p>","protected":false},"featured_media":37166,"comment_status":"open","ping_status":"closed","template":"","meta":[],"product_brand":[],"product_cat":[116,100,426,427,428,71,439,429,440,430,441,431,442,443,432,433,444,445,446,434,435,436,437],"product_tag":[117,82,103,76,75,77,83],"class_list":{"0":"post-37968","1":"product","2":"type-product","3":"status-publish","4":"has-post-thumbnail","6":"product_cat-038-series","7":"product_cat-aluminum-ground-light","8":"product_cat-ceiling-recessed","9":"product_cat-ceiling-surface","10":"product_cat-ceiling-suspended","11":"product_cat-cob","12":"product_cat-commercial","13":"product_cat-drivers","14":"product_cat-education","15":"product_cat-freestanding-light","16":"product_cat-hospitality","17":"product_cat-industrial","18":"product_cat-infrastructure","19":"product_cat-landscape","20":"product_cat-landscaping","21":"product_cat-linear","22":"product_cat-office","23":"product_cat-residential","24":"product_cat-retail","25":"product_cat-table-lamp","26":"product_cat-track","27":"product_cat-wall-recessed","28":"product_cat-wall-surface","29":"product_tag-038-series","30":"product_tag-3w-led","31":"product_tag-aluminum-ground-light","32":"product_tag-aluminum-housing","33":"product_tag-cob-light","34":"product_tag-ground-light","35":"product_tag-waterproof-fixture","37":"first","38":"instock","39":"shipping-taxable","40":"product-type-simple"},"_links":{"self":[{"href":"https:\/\/ledsteplight.com\/fr\/wp-json\/wp\/v2\/product\/37968","targetHints":{"allow":["GET"]}}],"collection":[{"href":"https:\/\/ledsteplight.com\/fr\/wp-json\/wp\/v2\/product"}],"about":[{"href":"https:\/\/ledsteplight.com\/fr\/wp-json\/wp\/v2\/types\/product"}],"replies":[{"embeddable":true,"href":"https:\/\/ledsteplight.com\/fr\/wp-json\/wp\/v2\/comments?post=37968"}],"version-history":[{"count":3,"href":"https:\/\/ledsteplight.com\/fr\/wp-json\/wp\/v2\/product\/37968\/revisions"}],"predecessor-version":[{"id":38701,"href":"https:\/\/ledsteplight.com\/fr\/wp-json\/wp\/v2\/product\/37968\/revisions\/38701"}],"wp:featuredmedia":[{"embeddable":true,"href":"https:\/\/ledsteplight.com\/fr\/wp-json\/wp\/v2\/media\/37166"}],"wp:attachment":[{"href":"https:\/\/ledsteplight.com\/fr\/wp-json\/wp\/v2\/media?parent=37968"}],"wp:term":[{"taxonomy":"product_brand","embeddable":true,"href":"https:\/\/ledsteplight.com\/fr\/wp-json\/wp\/v2\/product_brand?post=37968"},{"taxonomy":"product_cat","embeddable":true,"href":"https:\/\/ledsteplight.com\/fr\/wp-json\/wp\/v2\/product_cat?post=37968"},{"taxonomy":"product_tag","embeddable":true,"href":"https:\/\/ledsteplight.com\/fr\/wp-json\/wp\/v2\/product_tag?post=37968"}],"curies":[{"name":"wp","href":"https:\/\/api.w.org\/{rel}","templated":true}]}}