{"id":37969,"date":"2025-09-08T13:04:10","date_gmt":"2025-09-08T13:04:10","guid":{"rendered":"https:\/\/ledsteplight.com\/import-placeholder-for-37060\/"},"modified":"2025-12-20T04:29:33","modified_gmt":"2025-12-20T04:29:33","slug":"3w-cob-led-ground-light-ip65-outdoor-waterproof-in-ground-lamp","status":"publish","type":"product","link":"https:\/\/ledsteplight.com\/fr\/3w-cob-led-ground-light-ip65-outdoor-waterproof-in-ground-lamp\/","title":{"rendered":"Lumi\u00e8re de sol LED COB 3W IP65 \u2013 Lampe d'ext\u00e9rieur \u00e9tanche encastr\u00e9e"},"content":{"rendered":"<h3 data-start=\"123\" data-end=\"158\"><strong data-start=\"127\" data-end=\"158\">Tableau de sp\u00e9cifications du produit<\/strong><\/h3>\n<table data-start=\"160\" data-end=\"1325\">\n<thead data-start=\"160\" data-end=\"232\">\n<tr data-start=\"160\" data-end=\"232\">\n<th data-start=\"160\" data-end=\"182\"><strong data-start=\"162\" data-end=\"179\">Sp\u00e9cification<\/strong><\/th>\n<th data-start=\"182\" data-end=\"232\"><strong data-start=\"184\" data-end=\"195\">D\u00e9tails<\/strong><\/th>\n<\/tr>\n<\/thead>\n<tbody data-start=\"306\" data-end=\"1325\">\n<tr data-start=\"306\" data-end=\"378\">\n<td><strong data-start=\"308\" data-end=\"317\">Mod\u00e8le<\/strong><\/td>\n<td>MG-SN0357066<\/td>\n<\/tr>\n<tr data-start=\"379\" data-end=\"451\">\n<td><strong data-start=\"381\" data-end=\"393\">Type LED<\/strong><\/td>\n<td>LED COB 3W<\/td>\n<\/tr>\n<tr data-start=\"452\" data-end=\"524\">\n<td><strong data-start=\"454\" data-end=\"465\">Tension<\/strong><\/td>\n<td>85-265V<\/td>\n<\/tr>\n<tr data-start=\"525\" data-end=\"597\">\n<td><strong data-start=\"527\" data-end=\"548\"><strong><a href=\"https:\/\/ledsteplight.com\/fr\/dm36b-pro-honeycomb-anti-glare-led-in-ground-light-ip67-24v-dc\/\" class=\"waam-auto-link\" title=\"Temp\u00e9rature de couleur\">Temp\u00e9rature de couleur<\/a><\/strong><\/strong><\/td>\n<td>3000K\/6000K<\/td>\n<\/tr>\n<tr data-start=\"598\" data-end=\"670\">\n<td><strong data-start=\"600\" data-end=\"613\">Indice de protection<\/strong><\/td>\n<td>IP65<\/td>\n<\/tr>\n<tr data-start=\"671\" data-end=\"743\">\n<td><strong data-start=\"673\" data-end=\"690\">Flux lumineux<\/strong><\/td>\n<td>(Optionnel)<\/td>\n<\/tr>\n<tr data-start=\"744\" data-end=\"816\">\n<td><strong data-start=\"746\" data-end=\"755\">Puissance<\/strong><\/td>\n<td>3W<\/td>\n<\/tr>\n<tr data-start=\"817\" data-end=\"889\">\n<td><strong data-start=\"819\" data-end=\"831\">Dur\u00e9e de vie<\/strong><\/td>\n<td>40 000 heures<\/td>\n<\/tr>\n<tr data-start=\"890\" data-end=\"961\">\n<td><strong data-start=\"892\" data-end=\"908\">Installation<\/strong><\/td>\n<td><strong><a href=\"https:\/\/ledsteplight.com\/fr\/5w-led-in-ground-lights-ip65-waterproof-outdoor-driveway-garden-floor-lighting\/\" class=\"waam-auto-link\" title=\"Installation encastr\u00e9e\">Installation encastr\u00e9e<\/a><\/strong><\/td>\n<\/tr>\n<tr data-start=\"962\" data-end=\"1034\">\n<td><strong data-start=\"964\" data-end=\"976\">Mat\u00e9riau<\/strong><\/td>\n<td>alliage d'aluminium<\/td>\n<\/tr>\n<tr data-start=\"1035\" data-end=\"1107\">\n<td><strong data-start=\"1037\" data-end=\"1051\">Dimensions<\/strong><\/td>\n<td>(Optionnel)<\/td>\n<\/tr>\n<tr data-start=\"1108\" data-end=\"1180\">\n<td><strong data-start=\"1110\" data-end=\"1122\">Garantie<\/strong><\/td>\n<td>3 ans<\/td>\n<\/tr>\n<tr data-start=\"1181\" data-end=\"1253\">\n<td><strong data-start=\"1183\" data-end=\"1193\">Poids<\/strong><\/td>\n<td>(Optionnel)<\/td>\n<\/tr>\n<tr data-start=\"1254\" data-end=\"1325\">\n<td><strong data-start=\"1256\" data-end=\"1271\">Environnement<\/strong><\/td>\n<td>Ext\u00e9rieur \/ Environnement humide<\/td>\n<\/tr>\n<\/tbody>\n<\/table>\n<p>&nbsp;<\/p>\n<ul>\n<li>\n<p data-path-to-node=\"18,0,0\"><b data-path-to-node=\"18,0,0\" data-index-in-node=\"0\">Focus sur le mot-cl\u00e9 :<\/b> Utilis\u00e9 \u00ab COB LED 3W \u00bb, \u00ab<strong><a href=\"https:\/\/ledsteplight.com\/fr\/cree-bridgelux-chip-ip65-led-fixture-for-garden-facade-lighting\/\" class=\"waam-auto-link\" title=\"Lumi\u00e8re au sol\">Lumi\u00e8re au sol<\/a><\/strong>\u00bb, \u00ab \u00c9tanche \u00bb, et \u00ab IP65 \u00bb pour correspondre aux requ\u00eates de recherche courantes.<\/p>\n<\/li>\n<li>\n<p data-path-to-node=\"18,1,0\"><b data-path-to-node=\"18,1,0\" data-index-in-node=\"0\">Structure :<\/b> Mettre les informations les plus importantes (puissance et type de mod\u00e8le) au d\u00e9but du titre.<\/p>\n<\/li>\n<li>\n<p data-path-to-node=\"18,2,0\"><b data-path-to-node=\"18,2,0\" data-index-in-node=\"0\">Intention B2B :<\/b> Ajout\u00e9 des termes comme \u00ab Grossiste \u00bb et \u00ab Vente Directe \u00bb pour attirer les acheteurs professionnels plut\u00f4t que seulement les clients de d\u00e9tail.<\/p>\n<\/li>\n<\/ul>","protected":false},"excerpt":{"rendered":"<p>Lumi\u00e8re de sol \u00e0 LED COB 3W de haute qualit\u00e9 en gros. Conception en alliage d'aluminium \u00e9tanche IP65. Id\u00e9al pour les chemins ext\u00e9rieurs et l'am\u00e9nagement paysager du jardin. Achetez en B2B d\u00e8s aujourd'hui.<\/p>","protected":false},"featured_media":37167,"comment_status":"open","ping_status":"closed","template":"","meta":[],"product_brand":[],"product_cat":[100,426,427,428,71,439,429,440,430,441,431,442,443,432,433,444,445,446,434,435,436,437],"product_tag":[82,103,76,75,77,83],"class_list":{"0":"post-37969","1":"product","2":"type-product","3":"status-publish","4":"has-post-thumbnail","6":"product_cat-aluminum-ground-light","7":"product_cat-ceiling-recessed","8":"product_cat-ceiling-surface","9":"product_cat-ceiling-suspended","10":"product_cat-cob","11":"product_cat-commercial","12":"product_cat-drivers","13":"product_cat-education","14":"product_cat-freestanding-light","15":"product_cat-hospitality","16":"product_cat-industrial","17":"product_cat-infrastructure","18":"product_cat-landscape","19":"product_cat-landscaping","20":"product_cat-linear","21":"product_cat-office","22":"product_cat-residential","23":"product_cat-retail","24":"product_cat-table-lamp","25":"product_cat-track","26":"product_cat-wall-recessed","27":"product_cat-wall-surface","28":"product_tag-3w-led","29":"product_tag-aluminum-ground-light","30":"product_tag-aluminum-housing","31":"product_tag-cob-light","32":"product_tag-ground-light","33":"product_tag-waterproof-fixture","35":"first","36":"instock","37":"shipping-taxable","38":"product-type-simple"},"_links":{"self":[{"href":"https:\/\/ledsteplight.com\/fr\/wp-json\/wp\/v2\/product\/37969","targetHints":{"allow":["GET"]}}],"collection":[{"href":"https:\/\/ledsteplight.com\/fr\/wp-json\/wp\/v2\/product"}],"about":[{"href":"https:\/\/ledsteplight.com\/fr\/wp-json\/wp\/v2\/types\/product"}],"replies":[{"embeddable":true,"href":"https:\/\/ledsteplight.com\/fr\/wp-json\/wp\/v2\/comments?post=37969"}],"version-history":[{"count":3,"href":"https:\/\/ledsteplight.com\/fr\/wp-json\/wp\/v2\/product\/37969\/revisions"}],"predecessor-version":[{"id":38703,"href":"https:\/\/ledsteplight.com\/fr\/wp-json\/wp\/v2\/product\/37969\/revisions\/38703"}],"wp:featuredmedia":[{"embeddable":true,"href":"https:\/\/ledsteplight.com\/fr\/wp-json\/wp\/v2\/media\/37167"}],"wp:attachment":[{"href":"https:\/\/ledsteplight.com\/fr\/wp-json\/wp\/v2\/media?parent=37969"}],"wp:term":[{"taxonomy":"product_brand","embeddable":true,"href":"https:\/\/ledsteplight.com\/fr\/wp-json\/wp\/v2\/product_brand?post=37969"},{"taxonomy":"product_cat","embeddable":true,"href":"https:\/\/ledsteplight.com\/fr\/wp-json\/wp\/v2\/product_cat?post=37969"},{"taxonomy":"product_tag","embeddable":true,"href":"https:\/\/ledsteplight.com\/fr\/wp-json\/wp\/v2\/product_tag?post=37969"}],"curies":[{"name":"wp","href":"https:\/\/api.w.org\/{rel}","templated":true}]}}