{"id":37972,"date":"2025-09-08T13:04:10","date_gmt":"2025-09-08T13:04:10","guid":{"rendered":"https:\/\/ledsteplight.com\/import-placeholder-for-37063\/"},"modified":"2025-12-26T03:28:55","modified_gmt":"2025-12-26T03:28:55","slug":"mg-gyd026-3w-cree-led-ground-light-ip65-motion-sensor-lamp","status":"publish","type":"product","link":"https:\/\/ledsteplight.com\/fr\/mg-gyd026-3w-cree-led-ground-light-ip65-motion-sensor-lamp\/","title":{"rendered":"Lumi\u00e8re de sol LED CREE 3W MG-GYD026 | Lampe \u00e0 d\u00e9tecteur de mouvement IP65"},"content":{"rendered":"<table data-start=\"116\" data-end=\"1181\">\n<thead data-start=\"116\" data-end=\"186\">\n<tr data-start=\"116\" data-end=\"186\">\n<th data-start=\"116\" data-end=\"143\"><strong data-start=\"118\" data-end=\"131\">Param\u00e8tre<\/strong><\/th>\n<th data-start=\"143\" data-end=\"186\"><strong data-start=\"145\" data-end=\"156\">D\u00e9tails<\/strong><\/th>\n<\/tr>\n<\/thead>\n<tbody data-start=\"258\" data-end=\"1181\">\n<tr data-start=\"258\" data-end=\"329\">\n<td><strong data-start=\"260\" data-end=\"269\">Mod\u00e8le<\/strong><\/td>\n<td>MG-GYD026<\/td>\n<\/tr>\n<tr data-start=\"330\" data-end=\"400\">\n<td><strong data-start=\"332\" data-end=\"343\">Puissance<\/strong><\/td>\n<td>3W<\/td>\n<\/tr>\n<tr data-start=\"401\" data-end=\"471\">\n<td><strong data-start=\"403\" data-end=\"415\">Type LED<\/strong><\/td>\n<td><strong><a href=\"https:\/\/ledsteplight.com\/fr\/cree-bridgelux-chip-ip65-led-fixture-for-garden-facade-lighting\/\" class=\"waam-auto-link\" title=\"LED CREE\">LED CREE<\/a><\/strong><\/td>\n<\/tr>\n<tr data-start=\"472\" data-end=\"542\">\n<td><strong data-start=\"474\" data-end=\"495\">Temp\u00e9rature de couleur<\/strong><\/td>\n<td>3000K\/6000K<\/td>\n<\/tr>\n<tr data-start=\"543\" data-end=\"613\">\n<td><strong data-start=\"545\" data-end=\"566\">Indice de protection<\/strong><\/td>\n<td>IP65<\/td>\n<\/tr>\n<tr data-start=\"614\" data-end=\"684\">\n<td><strong data-start=\"616\" data-end=\"628\">Dur\u00e9e de vie<\/strong><\/td>\n<td>30 000 heures<\/td>\n<\/tr>\n<tr data-start=\"685\" data-end=\"755\">\n<td><strong data-start=\"687\" data-end=\"699\">Mat\u00e9riau<\/strong><\/td>\n<td>Alliage d'aluminium<\/td>\n<\/tr>\n<tr data-start=\"756\" data-end=\"826\">\n<td><strong data-start=\"758\" data-end=\"770\">Garantie<\/strong><\/td>\n<td>3 ans<\/td>\n<\/tr>\n<tr data-start=\"827\" data-end=\"897\">\n<td><strong data-start=\"829\" data-end=\"843\">Angle du faisceau<\/strong><\/td>\n<td>120\u00b0<\/td>\n<\/tr>\n<tr data-start=\"898\" data-end=\"968\">\n<td><strong data-start=\"900\" data-end=\"911\">Tension<\/strong><\/td>\n<td>AC85-265V<\/td>\n<\/tr>\n<tr data-start=\"969\" data-end=\"1039\">\n<td><strong data-start=\"971\" data-end=\"987\">Installation<\/strong><\/td>\n<td>Montage encastr\u00e9 ou en surface<\/td>\n<\/tr>\n<tr data-start=\"1040\" data-end=\"1110\">\n<td><strong data-start=\"1042\" data-end=\"1062\">Distance de d\u00e9tection<\/strong><\/td>\n<td>3-5 m\u00e8tres<\/td>\n<\/tr>\n<tr data-start=\"1111\" data-end=\"1181\">\n<td><strong data-start=\"1113\" data-end=\"1131\">Certifications<\/strong><\/td>\n<td>CE, RoHS<\/td>\n<\/tr>\n<\/tbody>\n<\/table>\n<p><b data-path-to-node=\"14\" data-index-in-node=\"4\">MG-GYD026<\/b> est une solution premium <b data-path-to-node=\"14\" data-index-in-node=\"27\"><strong><a href=\"https:\/\/ledsteplight.com\/fr\/mg-gyd025-3w-led-ground-light-ip65-motion-sensor-garden-lamp\/\" class=\"waam-auto-link\" title=\"Projecteur LED au sol de 3W\">Projecteur LED au sol de 3W<\/a><\/strong><\/b> qui combine une automatisation intelligente avec une durabilit\u00e9 robuste en ext\u00e9rieur. Aliment\u00e9 par une authentique <b data-path-to-node=\"14\" data-index-in-node=\"134\">LED CREE<\/b> puce, il offre un \u00e9clairage \u00e0 haute intensit\u00e9, \u00e9conome en \u00e9nergie, avec une large <b data-path-to-node=\"14\" data-index-in-node=\"219\">angle de faisceau de 120\u00b0<\/b>, parfait pour une couverture \u00e9tendue. La <b data-path-to-node=\"14\" data-index-in-node=\"299\"><strong><a href=\"https:\/\/ledsteplight.com\/fr\/pir-sensor-step-light-top-advantages-for-safety\/\" class=\"waam-auto-link\" title=\"capteur de mouvement\">capteur de mouvement<\/a><\/strong><\/b> int\u00e9gr\u00e9e \u00e0 haute sensibilit\u00e9 <b data-path-to-node=\"14\" data-index-in-node=\"337\">d\u00e9tecte le mouvement dans<\/b>, en fournissant une solution d\u2019\u00e9clairage intelligent \u00e0 la demande qui am\u00e9liore la s\u00e9curit\u00e9 du site tout en r\u00e9duisant <strong><a href=\"https:\/\/ledsteplight.com\/fr\/dm36b-pro-honeycomb-anti-glare-led-in-ground-light-ip67-24v-dc\/\" class=\"waam-auto-link\" title=\"la consommation d&#039;\u00e9nergie\">la consommation d'\u00e9nergie<\/a><\/strong>.<\/p>","protected":false},"excerpt":{"rendered":"<p data-start=\"4870\" data-end=\"5233\">MG-GYD026 Lumi\u00e8re au sol LED CREE 3W. \u00c9tanche IP65, d\u00e9tecteur de mouvement (3-5m), et alliage d'aluminium durable. Supporte 85-265V. Id\u00e9al pour la s\u00e9curit\u00e9 ext\u00e9rieure et l'am\u00e9nagement paysager.<\/p>","protected":false},"featured_media":37178,"comment_status":"open","ping_status":"closed","template":"","meta":[],"product_brand":[],"product_cat":[100,426,427,428,439,429,440,430,441,431,442,443,432,433,444,112,445,446,101,434,435,436,437],"product_tag":[82,103,76,77,113,78,104,83],"class_list":{"0":"post-37972","1":"product","2":"type-product","3":"status-publish","4":"has-post-thumbnail","6":"product_cat-aluminum-ground-light","7":"product_cat-ceiling-recessed","8":"product_cat-ceiling-surface","9":"product_cat-ceiling-suspended","10":"product_cat-commercial","11":"product_cat-drivers","12":"product_cat-education","13":"product_cat-freestanding-light","14":"product_cat-hospitality","15":"product_cat-industrial","16":"product_cat-infrastructure","17":"product_cat-landscape","18":"product_cat-landscaping","19":"product_cat-linear","20":"product_cat-office","21":"product_cat-outdoor-ground-light","22":"product_cat-residential","23":"product_cat-retail","24":"product_cat-sensor-ground-light","25":"product_cat-table-lamp","26":"product_cat-track","27":"product_cat-wall-recessed","28":"product_cat-wall-surface","29":"product_tag-3w-led","30":"product_tag-aluminum-ground-light","31":"product_tag-aluminum-housing","32":"product_tag-ground-light","33":"product_tag-outdoor-ground-light","34":"product_tag-outdoor-lighting","35":"product_tag-sensor-ground-light","36":"product_tag-waterproof-fixture","38":"first","39":"instock","40":"shipping-taxable","41":"product-type-simple"},"_links":{"self":[{"href":"https:\/\/ledsteplight.com\/fr\/wp-json\/wp\/v2\/product\/37972","targetHints":{"allow":["GET"]}}],"collection":[{"href":"https:\/\/ledsteplight.com\/fr\/wp-json\/wp\/v2\/product"}],"about":[{"href":"https:\/\/ledsteplight.com\/fr\/wp-json\/wp\/v2\/types\/product"}],"replies":[{"embeddable":true,"href":"https:\/\/ledsteplight.com\/fr\/wp-json\/wp\/v2\/comments?post=37972"}],"version-history":[{"count":3,"href":"https:\/\/ledsteplight.com\/fr\/wp-json\/wp\/v2\/product\/37972\/revisions"}],"predecessor-version":[{"id":38710,"href":"https:\/\/ledsteplight.com\/fr\/wp-json\/wp\/v2\/product\/37972\/revisions\/38710"}],"wp:featuredmedia":[{"embeddable":true,"href":"https:\/\/ledsteplight.com\/fr\/wp-json\/wp\/v2\/media\/37178"}],"wp:attachment":[{"href":"https:\/\/ledsteplight.com\/fr\/wp-json\/wp\/v2\/media?parent=37972"}],"wp:term":[{"taxonomy":"product_brand","embeddable":true,"href":"https:\/\/ledsteplight.com\/fr\/wp-json\/wp\/v2\/product_brand?post=37972"},{"taxonomy":"product_cat","embeddable":true,"href":"https:\/\/ledsteplight.com\/fr\/wp-json\/wp\/v2\/product_cat?post=37972"},{"taxonomy":"product_tag","embeddable":true,"href":"https:\/\/ledsteplight.com\/fr\/wp-json\/wp\/v2\/product_tag?post=37972"}],"curies":[{"name":"wp","href":"https:\/\/api.w.org\/{rel}","templated":true}]}}