{"id":37976,"date":"2025-09-08T13:04:10","date_gmt":"2025-09-08T13:04:10","guid":{"rendered":"https:\/\/ledsteplight.com\/import-placeholder-for-37090\/"},"modified":"2025-12-16T05:29:22","modified_gmt":"2025-12-16T05:29:22","slug":"mg-sn015-48-3w-cct-adjustable-led-ground-light-3-in-1-color-temp-warm-cool-daylight-ip65","status":"publish","type":"product","link":"https:\/\/ledsteplight.com\/fr\/mg-sn015-48-3w-cct-adjustable-led-ground-light-3-in-1-color-temp-warm-cool-daylight-ip65\/","title":{"rendered":"MG-SN015-48 Projecteur LED au sol r\u00e9glable 3W CCT | Temp\u00e9rature de couleur 3-en-1 (Chaude\/Froide\/Jour) IP65"},"content":{"rendered":"<table data-start=\"230\" data-end=\"1294\">\n<thead data-start=\"230\" data-end=\"300\">\n<tr data-start=\"230\" data-end=\"300\">\n<th data-start=\"230\" data-end=\"257\"><strong data-start=\"232\" data-end=\"245\">Param\u00e8tre<\/strong><\/th>\n<th data-start=\"257\" data-end=\"300\"><strong data-start=\"259\" data-end=\"270\">D\u00e9tails<\/strong><\/th>\n<\/tr>\n<\/thead>\n<tbody data-start=\"372\" data-end=\"1294\">\n<tr data-start=\"372\" data-end=\"442\">\n<td><strong data-start=\"374\" data-end=\"383\">Mod\u00e8le<\/strong><\/td>\n<td>MG-SN015-48<\/td>\n<\/tr>\n<tr data-start=\"443\" data-end=\"513\">\n<td><strong data-start=\"445\" data-end=\"456\">Puissance<\/strong><\/td>\n<td>3W<\/td>\n<\/tr>\n<tr data-start=\"514\" data-end=\"584\">\n<td><strong data-start=\"516\" data-end=\"537\"><strong><a href=\"https:\/\/ledsteplight.com\/fr\/dm36b-pro-honeycomb-anti-glare-led-in-ground-light-ip67-24v-dc\/\" class=\"waam-auto-link\" title=\"Temp\u00e9rature de couleur\">Temp\u00e9rature de couleur<\/a><\/strong><\/strong><\/td>\n<td>R\u00e9glable<\/td>\n<\/tr>\n<tr data-start=\"585\" data-end=\"655\">\n<td><strong data-start=\"587\" data-end=\"608\">Indice de protection<\/strong><\/td>\n<td><strong><a href=\"https:\/\/ledsteplight.com\/fr\/cree-bridgelux-chip-ip65-led-fixture-for-garden-facade-lighting\/\" class=\"waam-auto-link\" title=\"IP65\">IP65<\/a><\/strong><\/td>\n<\/tr>\n<tr data-start=\"656\" data-end=\"726\">\n<td><strong data-start=\"658\" data-end=\"670\">Dur\u00e9e de vie<\/strong><\/td>\n<td>40 000 heures<\/td>\n<\/tr>\n<tr data-start=\"727\" data-end=\"797\">\n<td><strong data-start=\"729\" data-end=\"741\">Mat\u00e9riau<\/strong><\/td>\n<td>Aluminium<\/td>\n<\/tr>\n<tr data-start=\"798\" data-end=\"868\">\n<td><strong data-start=\"800\" data-end=\"812\">Garantie<\/strong><\/td>\n<td>3 ans<\/td>\n<\/tr>\n<tr data-start=\"869\" data-end=\"939\">\n<td><strong data-start=\"871\" data-end=\"885\">Angle du faisceau<\/strong><\/td>\n<td>120\u00b0<\/td>\n<\/tr>\n<tr data-start=\"940\" data-end=\"1010\">\n<td><strong data-start=\"942\" data-end=\"953\">Tension<\/strong><\/td>\n<td>AC85-265V<\/td>\n<\/tr>\n<tr data-start=\"1011\" data-end=\"1081\">\n<td><strong data-start=\"1013\" data-end=\"1025\">Type LED<\/strong><\/td>\n<td>LED COB<\/td>\n<\/tr>\n<tr data-start=\"1082\" data-end=\"1152\">\n<td><strong data-start=\"1084\" data-end=\"1104\">Fonction de gradation<\/strong><\/td>\n<td>No<\/td>\n<\/tr>\n<tr data-start=\"1153\" data-end=\"1223\">\n<td><strong data-start=\"1155\" data-end=\"1173\">Certifications<\/strong><\/td>\n<td>CE, RoHS<\/td>\n<\/tr>\n<tr data-start=\"1224\" data-end=\"1294\">\n<td><strong data-start=\"1226\" data-end=\"1242\">Installation<\/strong><\/td>\n<td>Montage encastr\u00e9 ou en surface<\/td>\n<\/tr>\n<\/tbody>\n<\/table>\n<p>Simplifiez vos projets d'\u00e9clairage avec le <b>MG-SN015-48 3W CCT r\u00e9glable <strong><a href=\"https:\/\/ledsteplight.com\/fr\/heavy-duty-5w-led-driveway-light-waterproof-ip65-garden\/\" class=\"waam-auto-link\" title=\"Projecteur au sol \u00e0 LED\">Projecteur au sol \u00e0 LED<\/a><\/strong><\/b>. Contrairement aux luminaires traditionnels avec des couleurs fixes, cette lampe d'ext\u00e9rieur intelligente vous permet de choisir la temp\u00e9rature de couleur parfaite pour correspondre \u00e0 votre style architectural. Combin\u00e9e avec un <b>angle de faisceau large de 120\u00b0<\/b>, c'est la solution ultime pour \u00e9clairer les murs, illuminer de larges all\u00e9es et mettre en valeur les textures du jardin.<\/p>","protected":false},"excerpt":{"rendered":"<p data-start=\"4885\" data-end=\"5181\">Une lumi\u00e8re, plusieurs couleurs. Le MG-SN015-48 est une lampe de sol LED r\u00e9glable en CCT de 3W (3000K\/4000K\/6000K). Dot\u00e9e d\u2019un large angle de faisceau de 120\u00b0 pour un \u00e9clairage en projecteur, d\u2019un indice de protection IP65 contre l\u2019eau et la poussi\u00e8re, et d\u2019une alimentation AC85-265V. Id\u00e9al pour r\u00e9duire le nombre de r\u00e9f\u00e9rences en stock. Garantie de 3 ans<\/p>","protected":false},"featured_media":37187,"comment_status":"open","ping_status":"closed","template":"","meta":[],"product_brand":[],"product_cat":[105,100,426,427,428,439,429,440,430,441,431,442,443,432,433,444,445,446,434,435,436,437],"product_tag":[107,82,103,76,77,83],"class_list":{"0":"post-37976","1":"product","2":"type-product","3":"status-publish","4":"has-post-thumbnail","6":"product_cat-015-series","7":"product_cat-aluminum-ground-light","8":"product_cat-ceiling-recessed","9":"product_cat-ceiling-surface","10":"product_cat-ceiling-suspended","11":"product_cat-commercial","12":"product_cat-drivers","13":"product_cat-education","14":"product_cat-freestanding-light","15":"product_cat-hospitality","16":"product_cat-industrial","17":"product_cat-infrastructure","18":"product_cat-landscape","19":"product_cat-landscaping","20":"product_cat-linear","21":"product_cat-office","22":"product_cat-residential","23":"product_cat-retail","24":"product_cat-table-lamp","25":"product_cat-track","26":"product_cat-wall-recessed","27":"product_cat-wall-surface","28":"product_tag-015-series","29":"product_tag-3w-led","30":"product_tag-aluminum-ground-light","31":"product_tag-aluminum-housing","32":"product_tag-ground-light","33":"product_tag-waterproof-fixture","35":"first","36":"instock","37":"shipping-taxable","38":"product-type-simple"},"_links":{"self":[{"href":"https:\/\/ledsteplight.com\/fr\/wp-json\/wp\/v2\/product\/37976","targetHints":{"allow":["GET"]}}],"collection":[{"href":"https:\/\/ledsteplight.com\/fr\/wp-json\/wp\/v2\/product"}],"about":[{"href":"https:\/\/ledsteplight.com\/fr\/wp-json\/wp\/v2\/types\/product"}],"replies":[{"embeddable":true,"href":"https:\/\/ledsteplight.com\/fr\/wp-json\/wp\/v2\/comments?post=37976"}],"version-history":[{"count":4,"href":"https:\/\/ledsteplight.com\/fr\/wp-json\/wp\/v2\/product\/37976\/revisions"}],"predecessor-version":[{"id":38683,"href":"https:\/\/ledsteplight.com\/fr\/wp-json\/wp\/v2\/product\/37976\/revisions\/38683"}],"wp:featuredmedia":[{"embeddable":true,"href":"https:\/\/ledsteplight.com\/fr\/wp-json\/wp\/v2\/media\/37187"}],"wp:attachment":[{"href":"https:\/\/ledsteplight.com\/fr\/wp-json\/wp\/v2\/media?parent=37976"}],"wp:term":[{"taxonomy":"product_brand","embeddable":true,"href":"https:\/\/ledsteplight.com\/fr\/wp-json\/wp\/v2\/product_brand?post=37976"},{"taxonomy":"product_cat","embeddable":true,"href":"https:\/\/ledsteplight.com\/fr\/wp-json\/wp\/v2\/product_cat?post=37976"},{"taxonomy":"product_tag","embeddable":true,"href":"https:\/\/ledsteplight.com\/fr\/wp-json\/wp\/v2\/product_tag?post=37976"}],"curies":[{"name":"wp","href":"https:\/\/api.w.org\/{rel}","templated":true}]}}