{"id":37979,"date":"2025-09-08T13:04:10","date_gmt":"2025-09-08T13:04:10","guid":{"rendered":"https:\/\/ledsteplight.com\/import-placeholder-for-37093\/"},"modified":"2025-12-16T05:30:21","modified_gmt":"2025-12-16T05:30:21","slug":"mg-bd035-40-5w-led-landscape-spotlight-ip65-outdoor-inground-uplight-for-trees-columns","status":"publish","type":"product","link":"https:\/\/ledsteplight.com\/fr\/mg-bd035-40-5w-led-landscape-spotlight-ip65-outdoor-inground-uplight-for-trees-columns\/","title":{"rendered":"Projecteur de paysage LED 5W MG-BD035-40 | \u00c9clairage encastr\u00e9 ext\u00e9rieur IP65 pour arbres et colonnes"},"content":{"rendered":"<h3 data-start=\"123\" data-end=\"158\"><strong data-start=\"127\" data-end=\"158\">Tableau de sp\u00e9cifications du produit<\/strong><\/h3>\n<table data-start=\"160\" data-end=\"1353\">\n<thead data-start=\"160\" data-end=\"233\">\n<tr data-start=\"160\" data-end=\"233\">\n<th data-start=\"160\" data-end=\"182\"><strong data-start=\"162\" data-end=\"179\">Sp\u00e9cification<\/strong><\/th>\n<th data-start=\"182\" data-end=\"233\"><strong data-start=\"184\" data-end=\"195\">D\u00e9tails<\/strong><\/th>\n<\/tr>\n<\/thead>\n<tbody data-start=\"308\" data-end=\"1353\">\n<tr data-start=\"308\" data-end=\"382\">\n<td><strong data-start=\"310\" data-end=\"319\">Mod\u00e8le<\/strong><\/td>\n<td>MG-BD035-40<\/td>\n<\/tr>\n<tr data-start=\"383\" data-end=\"457\">\n<td><strong data-start=\"385\" data-end=\"397\">Type LED<\/strong><\/td>\n<td>LED COB 5W<\/td>\n<\/tr>\n<tr data-start=\"458\" data-end=\"532\">\n<td><strong data-start=\"460\" data-end=\"471\">Tension<\/strong><\/td>\n<td>85-265V<\/td>\n<\/tr>\n<tr data-start=\"533\" data-end=\"607\">\n<td><strong data-start=\"535\" data-end=\"556\"><strong><a href=\"https:\/\/ledsteplight.com\/fr\/dm36b-pro-honeycomb-anti-glare-led-in-ground-light-ip67-24v-dc\/\" class=\"waam-auto-link\" title=\"Temp\u00e9rature de couleur\">Temp\u00e9rature de couleur<\/a><\/strong><\/strong><\/td>\n<td>3000K \/ 6000K<\/td>\n<\/tr>\n<tr data-start=\"608\" data-end=\"682\">\n<td><strong data-start=\"610\" data-end=\"623\">Indice de protection<\/strong><\/td>\n<td><strong><a href=\"https:\/\/ledsteplight.com\/fr\/cree-bridgelux-chip-ip65-led-fixture-for-garden-facade-lighting\/\" class=\"waam-auto-link\" title=\"IP65\">IP65<\/a><\/strong><\/td>\n<\/tr>\n<tr data-start=\"683\" data-end=\"757\">\n<td><strong data-start=\"685\" data-end=\"702\">Flux lumineux<\/strong><\/td>\n<td>(Optionnel)<\/td>\n<\/tr>\n<tr data-start=\"758\" data-end=\"832\">\n<td><strong data-start=\"760\" data-end=\"769\">Puissance<\/strong><\/td>\n<td>5W<\/td>\n<\/tr>\n<tr data-start=\"833\" data-end=\"907\">\n<td><strong data-start=\"835\" data-end=\"847\">Dur\u00e9e de vie<\/strong><\/td>\n<td>40 000 heures<\/td>\n<\/tr>\n<tr data-start=\"908\" data-end=\"980\">\n<td><strong data-start=\"910\" data-end=\"926\">Installation<\/strong><\/td>\n<td>Montage en surface ou <strong><a href=\"https:\/\/ledsteplight.com\/fr\/5w-led-in-ground-lights-ip65-waterproof-outdoor-driveway-garden-floor-lighting\/\" class=\"waam-auto-link\" title=\"installation encastr\u00e9e\">installation encastr\u00e9e<\/a><\/strong><\/td>\n<\/tr>\n<tr data-start=\"981\" data-end=\"1054\">\n<td><strong data-start=\"983\" data-end=\"995\">Mat\u00e9riau<\/strong><\/td>\n<td>L\u2019aluminium moul\u00e9 sous pression<\/td>\n<\/tr>\n<tr data-start=\"1055\" data-end=\"1129\">\n<td><strong data-start=\"1057\" data-end=\"1071\">Dimensions<\/strong><\/td>\n<td>(Optionnel)<\/td>\n<\/tr>\n<tr data-start=\"1130\" data-end=\"1204\">\n<td><strong data-start=\"1132\" data-end=\"1144\">Garantie<\/strong><\/td>\n<td>3 ans<\/td>\n<\/tr>\n<tr data-start=\"1205\" data-end=\"1279\">\n<td><strong data-start=\"1207\" data-end=\"1217\">Poids<\/strong><\/td>\n<td>(Optionnel)<\/td>\n<\/tr>\n<tr data-start=\"1280\" data-end=\"1353\">\n<td><strong data-start=\"1282\" data-end=\"1297\">Environnement<\/strong><\/td>\n<td>Ext\u00e9rieur \/ Environnement humide<\/td>\n<\/tr>\n<\/tbody>\n<\/table>\n<p>&nbsp;<\/p>\n<p>Cr\u00e9ez des points focaux \u00e9poustouflants avec le MG-BD035-40 5W <strong><a href=\"https:\/\/ledsteplight.com\/fr\/heavy-duty-5w-led-driveway-light-waterproof-ip65-garden\/\" class=\"waam-auto-link\" title=\"Projecteur au sol \u00e0 LED\">Projecteur au sol \u00e0 LED<\/a><\/strong>. Con\u00e7u en aluminium moul\u00e9 sous pression avec une classification IP65 pour r\u00e9sister aux conditions ext\u00e9rieures difficiles. Id\u00e9al pour l\u2019\u00e9clairage architectural et la mise en valeur des jardins. Tension mondiale 85-265V. Garantie de 3 ans.<\/p>","protected":false},"excerpt":{"rendered":"<p>Cr\u00e9ez des points focaux \u00e9poustouflants avec la lampe de sol LED MG-BD035-40 5W. Con\u00e7ue en aluminium moul\u00e9 sous pression et certifi\u00e9e IP65 pour r\u00e9sister aux conditions ext\u00e9rieures difficiles. Id\u00e9ale pour l\u2019\u00e9clairage architectural en projection et la mise en valeur des jardins. Tension mondiale de 85-265V. Garantie de 3 ans.<\/p>","protected":false},"featured_media":37197,"comment_status":"open","ping_status":"closed","template":"","meta":[],"product_brand":[],"product_cat":[69,100,426,427,428,439,429,440,430,441,431,442,443,432,433,444,445,446,106,434,435,128,436,437],"product_tag":[74,103,76,77,108,129,83],"class_list":{"0":"post-37979","1":"product","2":"type-product","3":"status-publish","4":"has-post-thumbnail","6":"product_cat-5w","7":"product_cat-aluminum-ground-light","8":"product_cat-ceiling-recessed","9":"product_cat-ceiling-surface","10":"product_cat-ceiling-suspended","11":"product_cat-commercial","12":"product_cat-drivers","13":"product_cat-education","14":"product_cat-freestanding-light","15":"product_cat-hospitality","16":"product_cat-industrial","17":"product_cat-infrastructure","18":"product_cat-landscape","19":"product_cat-landscaping","20":"product_cat-linear","21":"product_cat-office","22":"product_cat-residential","23":"product_cat-retail","24":"product_cat-round-ground-light","25":"product_cat-table-lamp","26":"product_cat-track","27":"product_cat-wall-light-series","28":"product_cat-wall-recessed","29":"product_cat-wall-surface","30":"product_tag-5w-led","31":"product_tag-aluminum-ground-light","32":"product_tag-aluminum-housing","33":"product_tag-ground-light","34":"product_tag-round-ground-light","35":"product_tag-wall-light-series","36":"product_tag-waterproof-fixture","38":"first","39":"instock","40":"featured","41":"downloadable","42":"shipping-taxable","43":"product-type-simple"},"_links":{"self":[{"href":"https:\/\/ledsteplight.com\/fr\/wp-json\/wp\/v2\/product\/37979","targetHints":{"allow":["GET"]}}],"collection":[{"href":"https:\/\/ledsteplight.com\/fr\/wp-json\/wp\/v2\/product"}],"about":[{"href":"https:\/\/ledsteplight.com\/fr\/wp-json\/wp\/v2\/types\/product"}],"replies":[{"embeddable":true,"href":"https:\/\/ledsteplight.com\/fr\/wp-json\/wp\/v2\/comments?post=37979"}],"version-history":[{"count":3,"href":"https:\/\/ledsteplight.com\/fr\/wp-json\/wp\/v2\/product\/37979\/revisions"}],"predecessor-version":[{"id":38684,"href":"https:\/\/ledsteplight.com\/fr\/wp-json\/wp\/v2\/product\/37979\/revisions\/38684"}],"wp:featuredmedia":[{"embeddable":true,"href":"https:\/\/ledsteplight.com\/fr\/wp-json\/wp\/v2\/media\/37197"}],"wp:attachment":[{"href":"https:\/\/ledsteplight.com\/fr\/wp-json\/wp\/v2\/media?parent=37979"}],"wp:term":[{"taxonomy":"product_brand","embeddable":true,"href":"https:\/\/ledsteplight.com\/fr\/wp-json\/wp\/v2\/product_brand?post=37979"},{"taxonomy":"product_cat","embeddable":true,"href":"https:\/\/ledsteplight.com\/fr\/wp-json\/wp\/v2\/product_cat?post=37979"},{"taxonomy":"product_tag","embeddable":true,"href":"https:\/\/ledsteplight.com\/fr\/wp-json\/wp\/v2\/product_tag?post=37979"}],"curies":[{"name":"wp","href":"https:\/\/api.w.org\/{rel}","templated":true}]}}